{"id":14092,"date":"2024-07-22T15:08:58","date_gmt":"2024-07-22T15:08:58","guid":{"rendered":"https:\/\/cafesantahelena.alivanstudio.com\/?post_type=product&#038;p=14092"},"modified":"2025-01-20T18:38:23","modified_gmt":"2025-01-20T18:38:23","slug":"capsule-di-caffe-lungo","status":"publish","type":"product","link":"https:\/\/cafesantahelena.com\/it\/products\/capsule-di-caffe-lungo\/","title":{"rendered":"Capsule di Caff\u00e8 Lungo Classico"},"content":{"rendered":"<h2>Capsule di Caff\u00e8 in Legno Sostenibile<\/h2>\n<p><span style=\"font-size: 12pt;\"><b>Caff\u00e8 Lungo Capsule compatibile con macchine Nespresso\u00ae-system.<\/b><\/span><\/p>\n<p><span style=\"font-size: 12pt;\">100% di Materiali Naturale, \u00a0Compostabile a casa e Biodegradabile<\/span><\/p>\n<p><span style=\"font-size: 12pt;\">Caff\u00e8 Speciale<\/span><\/p>\n<p><span style=\"font-size: 12pt;\">100% Arabica<\/span><\/p>\n<p><span style=\"font-size: 12pt;\">Torrefazione <span style=\"font-size: 12pt;\">Lenta Artigianale a mano in una tostatrice a legna \ud83e\udeb5 sulle montagne Engadinese della Swizzera\u00a0<\/span><\/span><\/p>\n<p><span style=\"font-size: 12pt;\"><strong>Variet\u00e0 Botanica : <\/strong>Arabica (Catuai Vermelho)<\/span><\/p>\n<p><span style=\"font-size: 12pt;\"><strong>Provenienza : <\/strong>Brasile\u00a0<\/span><\/p>\n<p><span style=\"font-size: 12pt;\"><strong>Raccolta: <\/strong>A Mano<\/span><\/p>\n<p><span style=\"font-size: 12pt;\"><strong>Essiccatura : <\/strong>Al Sole<\/span><\/p>\n<p><span style=\"font-size: 12pt;\">Viene macinato a mano, rispettando le antiche tradizioni.<br \/>\nNon passa attraverso alcun processo chimico, meccanico o di miscelazione. Di conseguenza nessun danno per la vostra salute.<\/span><\/p>\n<ul>\n<li><span style=\"font-size: 12pt;\">Caff\u00e8 pregiato, con una qualit\u00e0 davvero superiore.<\/span><\/li>\n<li><span style=\"font-size: 12pt;\">Porta un aroma caratteristico con un basso livello di acidit\u00e0 residua.<\/span><\/li>\n<li><span style=\"font-size: 12pt;\">Dolcezza accentuata con note di caramello, cioccolato, miele, sentori di noci e frutta.<br \/>\n<\/span><\/li>\n<\/ul>\n<h3 style=\"text-align: center;\"><span style=\"font-size: 12pt;\"><strong>Cosa significa Caff\u00e8 Lungo?<\/strong><\/span><\/h3>\n<p>Lungo \u00e8 una bevanda a base di caff\u00e8 che si ottiene usando una macchina da caff\u00e8 espresso per fare un caff\u00e8 all&#8217;italiana. \u00c8 nero corto con pi\u00f9 acqua, risultante in un caff\u00e8 pi\u00f9 grande, un lungo.<\/p>\n<p style=\"text-align: center;\"><span style=\"font-size: 12pt;\"><strong>Il caff\u00e8 lungo \u00e8 meno forte di un espresso.<\/strong><\/span><\/p>\n<p><b style=\"font-size: 12pt;\">Ingredienti: <\/b><span style=\"font-size: 12pt;\">Caff\u00e8 in capsule,\u00a0100% Bio Arabica e Fairtrade. <\/span><span style=\"font-size: 12pt;\">Macinato specialmente per Lungo. <\/span><span style=\"font-size: 12pt;\">Scatola con 10 capsule = 60g<\/span><\/p>\n<p><strong style=\"font-size: 12pt;\">Certificazione del Caff\u00e8 Santa Helena:<\/strong><\/p>\n<p><img decoding=\"async\" class=\"alignnone size-full wp-image-14086\" src=\"https:\/\/cafesantahelena.com\/wp-content\/uploads\/2024\/07\/DA7819F7-177F-4E28-A0D0-2B99487CAE75-300x52-1.jpeg\" alt=\"\" width=\"300\" height=\"52\" srcset=\"https:\/\/cafesantahelena.com\/wp-content\/uploads\/2024\/07\/DA7819F7-177F-4E28-A0D0-2B99487CAE75-300x52-1.jpeg 300w, https:\/\/cafesantahelena.com\/wp-content\/uploads\/2024\/07\/DA7819F7-177F-4E28-A0D0-2B99487CAE75-300x52-1-64x11.jpeg 64w\" sizes=\"(max-width: 300px) 100vw, 300px\" \/><\/p>\n<p>&nbsp;<\/p>\n<p>&nbsp;<\/p>\n<p style=\"text-align: center;\"><span style=\"color: #800000;\"><em><strong style=\"font-size: 18pt;\">Ami le capsule di caff\u00e8? Scegli il meglio! Caf\u00e9 Santa Helena<\/strong><\/em><\/span><\/p>\n<p>&nbsp;<\/p>\n<p style=\"text-align: center;\"><span style=\"font-size: 24pt; color: #ff0000;\"><em><strong><span style=\"color: #800000;\"><a style=\"color: #800000;\" href=\"?add-to-cart=14092\">Acquista Ora!<\/a><\/span><\/strong><\/em><\/span><\/p>\n<p>&nbsp;<\/p>\n<p style=\"text-align: center;\"><a href=\"https:\/\/cafesantahelena.com\/wp-content\/uploads\/2021\/06\/F16BA1DC-4552-44E6-9CAF-7827F4298B30-300x300.png\"><img decoding=\"async\" class=\"alignnone wp-image-14055\" src=\"https:\/\/cafesantahelena.com\/wp-content\/uploads\/2024\/07\/F16BA1DC-4552-44E6-9CAF-7827F4298B30-300x300-1.png\" alt=\"\" width=\"170\" height=\"170\" srcset=\"https:\/\/cafesantahelena.com\/wp-content\/uploads\/2024\/07\/F16BA1DC-4552-44E6-9CAF-7827F4298B30-300x300-1.png 300w, https:\/\/cafesantahelena.com\/wp-content\/uploads\/2024\/07\/F16BA1DC-4552-44E6-9CAF-7827F4298B30-300x300-1-100x100.png 100w, https:\/\/cafesantahelena.com\/wp-content\/uploads\/2024\/07\/F16BA1DC-4552-44E6-9CAF-7827F4298B30-300x300-1-64x64.png 64w, https:\/\/cafesantahelena.com\/wp-content\/uploads\/2024\/07\/F16BA1DC-4552-44E6-9CAF-7827F4298B30-300x300-1-150x150.png 150w\" sizes=\"(max-width: 170px) 100vw, 170px\" \/><\/a><\/p>\n<p>&nbsp;<\/p>\n<p>&nbsp;<\/p>\n","protected":false},"excerpt":{"rendered":"<p><span style=\"font-size: 12pt;\">IVA incl.<\/span><\/p>\n<p><span style=\"font-size: 12pt;\">Costi di spedizione alla Cassa <\/span><\/p>\n<p><span style=\"font-size: 12pt;\">Capsule di Caff\u00e8 Speciale Lungo<\/span><\/p>\n<p><span style=\"font-size: 12pt;\">\u00a0100% Bio Arabica, Origine Singola<\/span><\/p>\n<p><span style=\"font-size: 12pt;\">Caff\u00e8 eccezionale tostato artigianalmente a legna che d\u00e0 un sapore speciale.<\/span><\/p>\n<p class=\"p1\"><span class=\"s1\" style=\"font-size: 12pt;\">Intensit\u00e0: tostatura scura<\/span><\/p>\n<p>4 di 5<\/p>\n<p><img decoding=\"async\" class=\"alignnone wp-image-14168\" src=\"https:\/\/cafesantahelena.com\/wp-content\/uploads\/2024\/07\/B3DDE4ED-DC26-45F4-9E02-44607276617E-300x33-1.png\" alt=\"\" width=\"227\" height=\"25\" srcset=\"https:\/\/cafesantahelena.com\/wp-content\/uploads\/2024\/07\/B3DDE4ED-DC26-45F4-9E02-44607276617E-300x33-1.png 300w, https:\/\/cafesantahelena.com\/wp-content\/uploads\/2024\/07\/B3DDE4ED-DC26-45F4-9E02-44607276617E-300x33-1-64x7.png 64w\" sizes=\"(max-width: 227px) 100vw, 227px\" \/><\/p>\n<p class=\"p1\"><span class=\"s1\" style=\"font-size: 12pt;\">Ideale per:<\/span><\/p>\n<p class=\"p1\"><span style=\"font-size: 12pt;\"><span class=\"s1\">I bevitori di caff\u00e8 che amano un gusto equilibrato, il nostro caff\u00e8 Lungo \u00e8 perfetto. Ha una dolcezza accentuata con note di caramello, cioccolato, miele e sentori di frutta. \u00c8 gustoso con una bella crema e corposo.<\/span><\/span><\/p>\n<p><span style=\"font-size: 12pt;\">Scatola con 10 capsule = 60g compatibile con macchine \u00a0<\/span><b><span style=\"font-size: 12pt;\">Nespresso\u00ae-system<\/span><\/b><\/p>\n","protected":false},"featured_media":17034,"comment_status":"closed","ping_status":"closed","template":"","meta":[],"product_brand":[],"product_cat":[189],"product_tag":[314,210],"class_list":{"0":"post-14092","1":"product","2":"type-product","3":"status-publish","4":"has-post-thumbnail","6":"product_cat-eco-capsule","7":"product_tag-caffe-lungo-it","8":"product_tag-capsule-it","10":"first","11":"outofstock","12":"shipping-taxable","13":"purchasable","14":"product-type-simple"},"yoast_head":"<!-- This site is optimized with the Yoast SEO plugin v26.4 - https:\/\/yoast.com\/wordpress\/plugins\/seo\/ -->\n<title>Capsule di Caff\u00e8 Lungo Classico Italiano-Caf\u00e9 Santa Helena<\/title>\n<meta name=\"description\" content=\"Capsule di Caff\u00e8 Lungo Classico Italiano. 100%Bio Arabica, Caff\u00e8 Speciale dal Brasile. Capsule compostabile a casa. Compatibile con machine Nespresso.\" \/>\n<meta name=\"robots\" content=\"index, follow, max-snippet:-1, max-image-preview:large, max-video-preview:-1\" \/>\n<link rel=\"canonical\" href=\"https:\/\/cafesantahelena.com\/it\/products\/capsule-di-caffe-lungo\/\" \/>\n<meta property=\"og:locale\" content=\"it_IT\" \/>\n<meta property=\"og:type\" content=\"article\" \/>\n<meta property=\"og:title\" content=\"Capsule di Caff\u00e8 Lungo Classico Italiano-Caf\u00e9 Santa Helena\" \/>\n<meta property=\"og:description\" content=\"Capsule di Caff\u00e8 Lungo Classico Italiano. 100%Bio Arabica, Caff\u00e8 Speciale dal Brasile. Capsule compostabile a casa. Compatibile con machine Nespresso.\" \/>\n<meta property=\"og:url\" content=\"https:\/\/cafesantahelena.com\/it\/products\/capsule-di-caffe-lungo\/\" \/>\n<meta property=\"og:site_name\" content=\"Caf\u00e9 Santa Helena\" \/>\n<meta property=\"article:modified_time\" content=\"2025-01-20T18:38:23+00:00\" \/>\n<meta property=\"og:image\" content=\"https:\/\/cafesantahelena.com\/wp-content\/uploads\/2024\/07\/Coffee-capsules-lungo-classico.webp\" \/>\n\t<meta property=\"og:image:width\" content=\"350\" \/>\n\t<meta property=\"og:image:height\" content=\"450\" \/>\n\t<meta property=\"og:image:type\" content=\"image\/webp\" \/>\n<meta name=\"twitter:card\" content=\"summary_large_image\" \/>\n<meta name=\"twitter:label1\" content=\"Tempo di lettura stimato\" \/>\n\t<meta name=\"twitter:data1\" content=\"2 minuti\" \/>\n<script type=\"application\/ld+json\" class=\"yoast-schema-graph\">{\"@context\":\"https:\/\/schema.org\",\"@graph\":[{\"@type\":\"WebPage\",\"@id\":\"https:\/\/cafesantahelena.com\/it\/products\/capsule-di-caffe-lungo\/\",\"url\":\"https:\/\/cafesantahelena.com\/it\/products\/capsule-di-caffe-lungo\/\",\"name\":\"Capsule di Caff\u00e8 Lungo Classico Italiano-Caf\u00e9 Santa Helena\",\"isPartOf\":{\"@id\":\"https:\/\/cafesantahelena.com\/#website\"},\"primaryImageOfPage\":{\"@id\":\"https:\/\/cafesantahelena.com\/it\/products\/capsule-di-caffe-lungo\/#primaryimage\"},\"image\":{\"@id\":\"https:\/\/cafesantahelena.com\/it\/products\/capsule-di-caffe-lungo\/#primaryimage\"},\"thumbnailUrl\":\"https:\/\/cafesantahelena.com\/wp-content\/uploads\/2024\/07\/Coffee-capsules-lungo-classico.webp\",\"datePublished\":\"2024-07-22T15:08:58+00:00\",\"dateModified\":\"2025-01-20T18:38:23+00:00\",\"description\":\"Capsule di Caff\u00e8 Lungo Classico Italiano. 100%Bio Arabica, Caff\u00e8 Speciale dal Brasile. Capsule compostabile a casa. Compatibile con machine Nespresso.\",\"breadcrumb\":{\"@id\":\"https:\/\/cafesantahelena.com\/it\/products\/capsule-di-caffe-lungo\/#breadcrumb\"},\"inLanguage\":\"it-IT\",\"potentialAction\":[{\"@type\":\"ReadAction\",\"target\":[\"https:\/\/cafesantahelena.com\/it\/products\/capsule-di-caffe-lungo\/\"]}]},{\"@type\":\"ImageObject\",\"inLanguage\":\"it-IT\",\"@id\":\"https:\/\/cafesantahelena.com\/it\/products\/capsule-di-caffe-lungo\/#primaryimage\",\"url\":\"https:\/\/cafesantahelena.com\/wp-content\/uploads\/2024\/07\/Coffee-capsules-lungo-classico.webp\",\"contentUrl\":\"https:\/\/cafesantahelena.com\/wp-content\/uploads\/2024\/07\/Coffee-capsules-lungo-classico.webp\",\"width\":350,\"height\":450,\"caption\":\"lungo coffee capsules\"},{\"@type\":\"BreadcrumbList\",\"@id\":\"https:\/\/cafesantahelena.com\/it\/products\/capsule-di-caffe-lungo\/#breadcrumb\",\"itemListElement\":[{\"@type\":\"ListItem\",\"position\":1,\"name\":\"In\u00edcio\",\"item\":\"https:\/\/cafesantahelena.com\/it\/\"},{\"@type\":\"ListItem\",\"position\":2,\"name\":\"Produtos\",\"item\":\"https:\/\/cafesantahelena.com\/loja\/\"},{\"@type\":\"ListItem\",\"position\":3,\"name\":\"Capsule di Caff\u00e8 Lungo Classico\"}]},{\"@type\":\"WebSite\",\"@id\":\"https:\/\/cafesantahelena.com\/#website\",\"url\":\"https:\/\/cafesantahelena.com\/\",\"name\":\"Caf\u00e9 Santa Helena\",\"description\":\"\",\"potentialAction\":[{\"@type\":\"SearchAction\",\"target\":{\"@type\":\"EntryPoint\",\"urlTemplate\":\"https:\/\/cafesantahelena.com\/?s={search_term_string}\"},\"query-input\":{\"@type\":\"PropertyValueSpecification\",\"valueRequired\":true,\"valueName\":\"search_term_string\"}}],\"inLanguage\":\"it-IT\"}]}<\/script>\n<!-- \/ Yoast SEO plugin. -->","yoast_head_json":{"title":"Capsule di Caff\u00e8 Lungo Classico Italiano-Caf\u00e9 Santa Helena","description":"Capsule di Caff\u00e8 Lungo Classico Italiano. 100%Bio Arabica, Caff\u00e8 Speciale dal Brasile. Capsule compostabile a casa. Compatibile con machine Nespresso.","robots":{"index":"index","follow":"follow","max-snippet":"max-snippet:-1","max-image-preview":"max-image-preview:large","max-video-preview":"max-video-preview:-1"},"canonical":"https:\/\/cafesantahelena.com\/it\/products\/capsule-di-caffe-lungo\/","og_locale":"it_IT","og_type":"article","og_title":"Capsule di Caff\u00e8 Lungo Classico Italiano-Caf\u00e9 Santa Helena","og_description":"Capsule di Caff\u00e8 Lungo Classico Italiano. 100%Bio Arabica, Caff\u00e8 Speciale dal Brasile. Capsule compostabile a casa. Compatibile con machine Nespresso.","og_url":"https:\/\/cafesantahelena.com\/it\/products\/capsule-di-caffe-lungo\/","og_site_name":"Caf\u00e9 Santa Helena","article_modified_time":"2025-01-20T18:38:23+00:00","og_image":[{"width":350,"height":450,"url":"https:\/\/cafesantahelena.com\/wp-content\/uploads\/2024\/07\/Coffee-capsules-lungo-classico.webp","type":"image\/webp"}],"twitter_card":"summary_large_image","twitter_misc":{"Tempo di lettura stimato":"2 minuti"},"schema":{"@context":"https:\/\/schema.org","@graph":[{"@type":"WebPage","@id":"https:\/\/cafesantahelena.com\/it\/products\/capsule-di-caffe-lungo\/","url":"https:\/\/cafesantahelena.com\/it\/products\/capsule-di-caffe-lungo\/","name":"Capsule di Caff\u00e8 Lungo Classico Italiano-Caf\u00e9 Santa Helena","isPartOf":{"@id":"https:\/\/cafesantahelena.com\/#website"},"primaryImageOfPage":{"@id":"https:\/\/cafesantahelena.com\/it\/products\/capsule-di-caffe-lungo\/#primaryimage"},"image":{"@id":"https:\/\/cafesantahelena.com\/it\/products\/capsule-di-caffe-lungo\/#primaryimage"},"thumbnailUrl":"https:\/\/cafesantahelena.com\/wp-content\/uploads\/2024\/07\/Coffee-capsules-lungo-classico.webp","datePublished":"2024-07-22T15:08:58+00:00","dateModified":"2025-01-20T18:38:23+00:00","description":"Capsule di Caff\u00e8 Lungo Classico Italiano. 100%Bio Arabica, Caff\u00e8 Speciale dal Brasile. Capsule compostabile a casa. Compatibile con machine Nespresso.","breadcrumb":{"@id":"https:\/\/cafesantahelena.com\/it\/products\/capsule-di-caffe-lungo\/#breadcrumb"},"inLanguage":"it-IT","potentialAction":[{"@type":"ReadAction","target":["https:\/\/cafesantahelena.com\/it\/products\/capsule-di-caffe-lungo\/"]}]},{"@type":"ImageObject","inLanguage":"it-IT","@id":"https:\/\/cafesantahelena.com\/it\/products\/capsule-di-caffe-lungo\/#primaryimage","url":"https:\/\/cafesantahelena.com\/wp-content\/uploads\/2024\/07\/Coffee-capsules-lungo-classico.webp","contentUrl":"https:\/\/cafesantahelena.com\/wp-content\/uploads\/2024\/07\/Coffee-capsules-lungo-classico.webp","width":350,"height":450,"caption":"lungo coffee capsules"},{"@type":"BreadcrumbList","@id":"https:\/\/cafesantahelena.com\/it\/products\/capsule-di-caffe-lungo\/#breadcrumb","itemListElement":[{"@type":"ListItem","position":1,"name":"In\u00edcio","item":"https:\/\/cafesantahelena.com\/it\/"},{"@type":"ListItem","position":2,"name":"Produtos","item":"https:\/\/cafesantahelena.com\/loja\/"},{"@type":"ListItem","position":3,"name":"Capsule di Caff\u00e8 Lungo Classico"}]},{"@type":"WebSite","@id":"https:\/\/cafesantahelena.com\/#website","url":"https:\/\/cafesantahelena.com\/","name":"Caf\u00e9 Santa Helena","description":"","potentialAction":[{"@type":"SearchAction","target":{"@type":"EntryPoint","urlTemplate":"https:\/\/cafesantahelena.com\/?s={search_term_string}"},"query-input":{"@type":"PropertyValueSpecification","valueRequired":true,"valueName":"search_term_string"}}],"inLanguage":"it-IT"}]}},"_links":{"self":[{"href":"https:\/\/cafesantahelena.com\/it\/wp-json\/wp\/v2\/product\/14092","targetHints":{"allow":["GET"]}}],"collection":[{"href":"https:\/\/cafesantahelena.com\/it\/wp-json\/wp\/v2\/product"}],"about":[{"href":"https:\/\/cafesantahelena.com\/it\/wp-json\/wp\/v2\/types\/product"}],"replies":[{"embeddable":true,"href":"https:\/\/cafesantahelena.com\/it\/wp-json\/wp\/v2\/comments?post=14092"}],"wp:featuredmedia":[{"embeddable":true,"href":"https:\/\/cafesantahelena.com\/it\/wp-json\/wp\/v2\/media\/17034"}],"wp:attachment":[{"href":"https:\/\/cafesantahelena.com\/it\/wp-json\/wp\/v2\/media?parent=14092"}],"wp:term":[{"taxonomy":"product_brand","embeddable":true,"href":"https:\/\/cafesantahelena.com\/it\/wp-json\/wp\/v2\/product_brand?post=14092"},{"taxonomy":"product_cat","embeddable":true,"href":"https:\/\/cafesantahelena.com\/it\/wp-json\/wp\/v2\/product_cat?post=14092"},{"taxonomy":"product_tag","embeddable":true,"href":"https:\/\/cafesantahelena.com\/it\/wp-json\/wp\/v2\/product_tag?post=14092"}],"curies":[{"name":"wp","href":"https:\/\/api.w.org\/{rel}","templated":true}]}}