{"id":14105,"date":"2024-07-22T15:08:58","date_gmt":"2024-07-22T15:08:58","guid":{"rendered":"https:\/\/cafesantahelena.alivanstudio.com\/?post_type=product&#038;p=14105"},"modified":"2025-01-19T23:32:33","modified_gmt":"2025-01-19T23:32:33","slug":"capsule-di-caffe","status":"publish","type":"product","link":"https:\/\/cafesantahelena.com\/it\/products\/capsule-di-caffe\/","title":{"rendered":"Capsule di Caff\u00e8 Speciale"},"content":{"rendered":"<h2 style=\"text-align: left;\">Capsule di Caff\u00e8 fatte con trucioli di Legno Sostenibile<\/h2>\n<p><span style=\"font-size: 12pt;\"><b>Capsule di Caff\u00e8 \u00a0&#8211; compatibile con macchine Nespresso\u00ae-system.<\/b><\/span><\/p>\n<p><span style=\"font-size: 12pt;\">100% Naturale, Compostabile a casa e Biodegradabile<\/span><\/p>\n<p><span style=\"font-size: 12pt;\"><b>Caff\u00e8 Speciale<\/b><\/span><\/p>\n<p><span style=\"font-size: 12pt;\"><b>100% Arabica Origine Singola<\/b><\/span><\/p>\n<p class=\"p1\"><span style=\"font-size: 12pt;\"><strong>Variet\u00e0 Botanica: <\/strong>Arabica (Catuai Vermelho)<\/span><\/p>\n<p><span style=\"font-size: 12pt;\"><strong>Provenienza : <\/strong>Brasile<strong> \ud83c\udde7\ud83c\uddf7\u00a0<\/strong><\/span><\/p>\n<p><span style=\"font-size: 12pt;\"><strong>Raccolta : <\/strong>A Mano<\/span><\/p>\n<p><span style=\"font-size: 12pt;\"><strong>Essiccatura: <\/strong>Al Sole<\/span><\/p>\n<p><span style=\"font-size: 12pt;\"><strong>Torrefazione: Tostatura artigianale lenta a legna sulle montagne svizzere.<\/strong><\/span><\/p>\n<p>Viene macinato a mano, rispettando le antiche tradizioni.<br \/>\nNon passa attraverso alcun processo <strong>chimico, meccanico o di miscelazione<\/strong>. Di conseguenza nessun danno alla salute.<\/p>\n<ul>\n<li>Caff\u00e8 pregiato, con una vera qualit\u00e0 superiore.<\/li>\n<li>Porta un aroma caratteristico con un basso livello di acidit\u00e0 residua.<\/li>\n<li>Dolcezza accentuata con note di caramello, cioccolato, miele, sentori di noci e frutta.<\/li>\n<\/ul>\n<p style=\"text-align: center;\"><span style=\"font-size: 14pt;\"><strong>Qual \u00e8 il significato di caff\u00e8 espresso?<\/strong><\/span><\/p>\n<p style=\"text-align: center;\"><span style=\"font-size: 14pt;\">L&#8217;espresso \u00e8 uno stile italiano di caff\u00e8 che viene preparato forzando l&#8217;acqua calda (circa 90\u00b0C) sotto pressione attraverso chicchi di caff\u00e8 finemente macinati e tostati.<\/span><\/p>\n<p>Quando si aggiunge <strong>latte a vapore all&#8217;espresso<\/strong> si ottiene un <strong>cappuccino<\/strong>.<\/p>\n<p><strong><span style=\"font-size: 14pt;\">Ingredienti: <\/span><\/strong><span style=\"font-size: 14pt;\">Caff\u00e8 Speciale, <\/span><span style=\"font-size: 12pt;\">100% Bio Arabica. <\/span><span style=\"font-size: 12pt;\">Scatola con 10 Capsule di caff\u00e8 = 60g<\/span><\/p>\n<p><b style=\"font-size: 12pt;\">Certificazione del Caff\u00e8 Santa Helena:<\/b><\/p>\n<p style=\"text-align: left;\"><strong><img decoding=\"async\" class=\"alignnone size-full wp-image-14095\" src=\"https:\/\/cafesantahelena.com\/wp-content\/uploads\/2024\/07\/DA7819F7-177F-4E28-A0D0-2B99487CAE75-300x52-2.jpeg\" alt=\"\" width=\"300\" height=\"52\" \/><\/strong><\/p>\n<p>&nbsp;<\/p>\n<p style=\"text-align: center;\"><span style=\"color: #800000;\"><span style=\"font-size: 18pt;\"><strong><em>Scegliere il migliore!<\/em><\/strong><\/span><em>\u00a0<strong><span style=\"font-size: 18pt;\">Caf\u00e9 Santa Helena<\/span><\/strong><\/em><\/span><\/p>\n<p>&nbsp;<\/p>\n<p style=\"text-align: center;\"><span style=\"color: #800000;\"><em><span style=\"font-size: 24pt;\"><strong><a style=\"color: #800000;\" href=\"?add-to-cart=14105\">Aggiungi al Carrello<\/a>!<\/strong><\/span><\/em><\/span><\/p>\n<p>&nbsp;<\/p>\n<p style=\"text-align: center;\"><a href=\"https:\/\/cafesantahelena.com\/wp-content\/uploads\/2021\/06\/F16BA1DC-4552-44E6-9CAF-7827F4298B30-300x300.png\"><img decoding=\"async\" class=\"alignnone wp-image-14055\" src=\"https:\/\/cafesantahelena.com\/wp-content\/uploads\/2024\/07\/F16BA1DC-4552-44E6-9CAF-7827F4298B30-300x300-1.png\" alt=\"\" width=\"170\" height=\"170\" srcset=\"https:\/\/cafesantahelena.com\/wp-content\/uploads\/2024\/07\/F16BA1DC-4552-44E6-9CAF-7827F4298B30-300x300-1.png 300w, https:\/\/cafesantahelena.com\/wp-content\/uploads\/2024\/07\/F16BA1DC-4552-44E6-9CAF-7827F4298B30-300x300-1-100x100.png 100w, https:\/\/cafesantahelena.com\/wp-content\/uploads\/2024\/07\/F16BA1DC-4552-44E6-9CAF-7827F4298B30-300x300-1-64x64.png 64w, https:\/\/cafesantahelena.com\/wp-content\/uploads\/2024\/07\/F16BA1DC-4552-44E6-9CAF-7827F4298B30-300x300-1-150x150.png 150w\" sizes=\"(max-width: 170px) 100vw, 170px\" \/><\/a><\/p>\n<p>&nbsp;<\/p>\n<p>&nbsp;<\/p>\n","protected":false},"excerpt":{"rendered":"<p>IVA incl.<\/p>\n<p>Costi di spedizione alla Cassa<\/p>\n<p>Capsule di caff\u00e8 per espresso eccezionali, tostate artigianalmente a legna \ud83e\udeb5 che conferisce un sapore speciale<\/p>\n<p>100% Bio Arabica, Caff\u00e8 Speciale. Origine Singola.<\/p>\n<p>Porta un aroma caratteristico con un basso livello di acidit\u00e0 residua. Dolcezza accentuata con note di caramello, cioccolato, miele, sentori di noci e frutta. Corpo pieno e crema gustosa.<\/p>\n<p><b>Ideale per chi ama un espresso forte.<\/b><\/p>\n<p><b>Intensit\u00e0: Tostatura Scura<\/b><\/p>\n<p><b>4 di 5<\/b><\/p>\n<p><img decoding=\"async\" class=\"alignnone wp-image-14168\" src=\"https:\/\/cafesantahelena.com\/wp-content\/uploads\/2024\/07\/B3DDE4ED-DC26-45F4-9E02-44607276617E-300x33-1.png\" alt=\"\" width=\"218\" height=\"24\" srcset=\"https:\/\/cafesantahelena.com\/wp-content\/uploads\/2024\/07\/B3DDE4ED-DC26-45F4-9E02-44607276617E-300x33-1.png 300w, https:\/\/cafesantahelena.com\/wp-content\/uploads\/2024\/07\/B3DDE4ED-DC26-45F4-9E02-44607276617E-300x33-1-64x7.png 64w\" sizes=\"(max-width: 218px) 100vw, 218px\" \/><\/p>\n<p>Capsule 100% di materiale naturale, Compostabile e biodegradabile<\/p>\n<p>Scatola con 10 capsule = 60g compatibile con macchine\u00a0<b>Nespresso\u00ae-system.<\/b><\/p>\n<p>&nbsp;<\/p>\n","protected":false},"featured_media":17044,"comment_status":"open","ping_status":"closed","template":"","meta":[],"product_brand":[],"product_cat":[189],"product_tag":[237,210,293],"class_list":{"0":"post-14105","1":"product","2":"type-product","3":"status-publish","4":"has-post-thumbnail","6":"product_cat-eco-capsule","7":"product_tag-best-seller-it","8":"product_tag-capsule-it","9":"product_tag-espresso-coffee-it","11":"first","12":"outofstock","13":"featured","14":"shipping-taxable","15":"purchasable","16":"product-type-simple"},"yoast_head":"<!-- This site is optimized with the Yoast SEO plugin v26.4 - https:\/\/yoast.com\/wordpress\/plugins\/seo\/ -->\n<title>Capsule di Caff\u00e8 Espresso-Caf\u00e9 Santa Helena<\/title>\n<meta name=\"description\" content=\"Capsule di Caff\u00e8 100% Bio Arabica, Caf\u00e9 Speciale di Origine Singola dal Brasile. Capsule in legno compostabile e biodegradabile. Compatibile Nespresso.\" \/>\n<meta name=\"robots\" content=\"index, follow, max-snippet:-1, max-image-preview:large, max-video-preview:-1\" \/>\n<link rel=\"canonical\" href=\"https:\/\/cafesantahelena.com\/it\/products\/capsule-di-caffe\/\" \/>\n<meta property=\"og:locale\" content=\"it_IT\" \/>\n<meta property=\"og:type\" content=\"article\" \/>\n<meta property=\"og:title\" content=\"Capsule di Caff\u00e8 Espresso-Caf\u00e9 Santa Helena\" \/>\n<meta property=\"og:description\" content=\"Capsule di Caff\u00e8 100% Bio Arabica, Caf\u00e9 Speciale di Origine Singola dal Brasile. Capsule in legno compostabile e biodegradabile. Compatibile Nespresso.\" \/>\n<meta property=\"og:url\" content=\"https:\/\/cafesantahelena.com\/it\/products\/capsule-di-caffe\/\" \/>\n<meta property=\"og:site_name\" content=\"Caf\u00e9 Santa Helena\" \/>\n<meta property=\"article:modified_time\" content=\"2025-01-19T23:32:33+00:00\" \/>\n<meta property=\"og:image\" content=\"https:\/\/cafesantahelena.com\/wp-content\/uploads\/2024\/07\/Espresso-coffee-capsules.webp\" \/>\n\t<meta property=\"og:image:width\" content=\"350\" \/>\n\t<meta property=\"og:image:height\" content=\"450\" \/>\n\t<meta property=\"og:image:type\" content=\"image\/webp\" \/>\n<meta name=\"twitter:card\" content=\"summary_large_image\" \/>\n<meta name=\"twitter:label1\" content=\"Tempo di lettura stimato\" \/>\n\t<meta name=\"twitter:data1\" content=\"2 minuti\" \/>\n<script type=\"application\/ld+json\" class=\"yoast-schema-graph\">{\"@context\":\"https:\/\/schema.org\",\"@graph\":[{\"@type\":\"WebPage\",\"@id\":\"https:\/\/cafesantahelena.com\/it\/products\/capsule-di-caffe\/\",\"url\":\"https:\/\/cafesantahelena.com\/it\/products\/capsule-di-caffe\/\",\"name\":\"Capsule di Caff\u00e8 Espresso-Caf\u00e9 Santa Helena\",\"isPartOf\":{\"@id\":\"https:\/\/cafesantahelena.com\/#website\"},\"primaryImageOfPage\":{\"@id\":\"https:\/\/cafesantahelena.com\/it\/products\/capsule-di-caffe\/#primaryimage\"},\"image\":{\"@id\":\"https:\/\/cafesantahelena.com\/it\/products\/capsule-di-caffe\/#primaryimage\"},\"thumbnailUrl\":\"https:\/\/cafesantahelena.com\/wp-content\/uploads\/2024\/07\/Espresso-coffee-capsules.webp\",\"datePublished\":\"2024-07-22T15:08:58+00:00\",\"dateModified\":\"2025-01-19T23:32:33+00:00\",\"description\":\"Capsule di Caff\u00e8 100% Bio Arabica, Caf\u00e9 Speciale di Origine Singola dal Brasile. Capsule in legno compostabile e biodegradabile. Compatibile Nespresso.\",\"breadcrumb\":{\"@id\":\"https:\/\/cafesantahelena.com\/it\/products\/capsule-di-caffe\/#breadcrumb\"},\"inLanguage\":\"it-IT\",\"potentialAction\":[{\"@type\":\"ReadAction\",\"target\":[\"https:\/\/cafesantahelena.com\/it\/products\/capsule-di-caffe\/\"]}]},{\"@type\":\"ImageObject\",\"inLanguage\":\"it-IT\",\"@id\":\"https:\/\/cafesantahelena.com\/it\/products\/capsule-di-caffe\/#primaryimage\",\"url\":\"https:\/\/cafesantahelena.com\/wp-content\/uploads\/2024\/07\/Espresso-coffee-capsules.webp\",\"contentUrl\":\"https:\/\/cafesantahelena.com\/wp-content\/uploads\/2024\/07\/Espresso-coffee-capsules.webp\",\"width\":350,\"height\":450,\"caption\":\"espresso coffee capsules\"},{\"@type\":\"BreadcrumbList\",\"@id\":\"https:\/\/cafesantahelena.com\/it\/products\/capsule-di-caffe\/#breadcrumb\",\"itemListElement\":[{\"@type\":\"ListItem\",\"position\":1,\"name\":\"In\u00edcio\",\"item\":\"https:\/\/cafesantahelena.com\/it\/\"},{\"@type\":\"ListItem\",\"position\":2,\"name\":\"Produtos\",\"item\":\"https:\/\/cafesantahelena.com\/loja\/\"},{\"@type\":\"ListItem\",\"position\":3,\"name\":\"Capsule di Caff\u00e8 Speciale\"}]},{\"@type\":\"WebSite\",\"@id\":\"https:\/\/cafesantahelena.com\/#website\",\"url\":\"https:\/\/cafesantahelena.com\/\",\"name\":\"Caf\u00e9 Santa Helena\",\"description\":\"\",\"potentialAction\":[{\"@type\":\"SearchAction\",\"target\":{\"@type\":\"EntryPoint\",\"urlTemplate\":\"https:\/\/cafesantahelena.com\/?s={search_term_string}\"},\"query-input\":{\"@type\":\"PropertyValueSpecification\",\"valueRequired\":true,\"valueName\":\"search_term_string\"}}],\"inLanguage\":\"it-IT\"}]}<\/script>\n<!-- \/ Yoast SEO plugin. -->","yoast_head_json":{"title":"Capsule di Caff\u00e8 Espresso-Caf\u00e9 Santa Helena","description":"Capsule di Caff\u00e8 100% Bio Arabica, Caf\u00e9 Speciale di Origine Singola dal Brasile. Capsule in legno compostabile e biodegradabile. Compatibile Nespresso.","robots":{"index":"index","follow":"follow","max-snippet":"max-snippet:-1","max-image-preview":"max-image-preview:large","max-video-preview":"max-video-preview:-1"},"canonical":"https:\/\/cafesantahelena.com\/it\/products\/capsule-di-caffe\/","og_locale":"it_IT","og_type":"article","og_title":"Capsule di Caff\u00e8 Espresso-Caf\u00e9 Santa Helena","og_description":"Capsule di Caff\u00e8 100% Bio Arabica, Caf\u00e9 Speciale di Origine Singola dal Brasile. Capsule in legno compostabile e biodegradabile. Compatibile Nespresso.","og_url":"https:\/\/cafesantahelena.com\/it\/products\/capsule-di-caffe\/","og_site_name":"Caf\u00e9 Santa Helena","article_modified_time":"2025-01-19T23:32:33+00:00","og_image":[{"width":350,"height":450,"url":"https:\/\/cafesantahelena.com\/wp-content\/uploads\/2024\/07\/Espresso-coffee-capsules.webp","type":"image\/webp"}],"twitter_card":"summary_large_image","twitter_misc":{"Tempo di lettura stimato":"2 minuti"},"schema":{"@context":"https:\/\/schema.org","@graph":[{"@type":"WebPage","@id":"https:\/\/cafesantahelena.com\/it\/products\/capsule-di-caffe\/","url":"https:\/\/cafesantahelena.com\/it\/products\/capsule-di-caffe\/","name":"Capsule di Caff\u00e8 Espresso-Caf\u00e9 Santa Helena","isPartOf":{"@id":"https:\/\/cafesantahelena.com\/#website"},"primaryImageOfPage":{"@id":"https:\/\/cafesantahelena.com\/it\/products\/capsule-di-caffe\/#primaryimage"},"image":{"@id":"https:\/\/cafesantahelena.com\/it\/products\/capsule-di-caffe\/#primaryimage"},"thumbnailUrl":"https:\/\/cafesantahelena.com\/wp-content\/uploads\/2024\/07\/Espresso-coffee-capsules.webp","datePublished":"2024-07-22T15:08:58+00:00","dateModified":"2025-01-19T23:32:33+00:00","description":"Capsule di Caff\u00e8 100% Bio Arabica, Caf\u00e9 Speciale di Origine Singola dal Brasile. Capsule in legno compostabile e biodegradabile. Compatibile Nespresso.","breadcrumb":{"@id":"https:\/\/cafesantahelena.com\/it\/products\/capsule-di-caffe\/#breadcrumb"},"inLanguage":"it-IT","potentialAction":[{"@type":"ReadAction","target":["https:\/\/cafesantahelena.com\/it\/products\/capsule-di-caffe\/"]}]},{"@type":"ImageObject","inLanguage":"it-IT","@id":"https:\/\/cafesantahelena.com\/it\/products\/capsule-di-caffe\/#primaryimage","url":"https:\/\/cafesantahelena.com\/wp-content\/uploads\/2024\/07\/Espresso-coffee-capsules.webp","contentUrl":"https:\/\/cafesantahelena.com\/wp-content\/uploads\/2024\/07\/Espresso-coffee-capsules.webp","width":350,"height":450,"caption":"espresso coffee capsules"},{"@type":"BreadcrumbList","@id":"https:\/\/cafesantahelena.com\/it\/products\/capsule-di-caffe\/#breadcrumb","itemListElement":[{"@type":"ListItem","position":1,"name":"In\u00edcio","item":"https:\/\/cafesantahelena.com\/it\/"},{"@type":"ListItem","position":2,"name":"Produtos","item":"https:\/\/cafesantahelena.com\/loja\/"},{"@type":"ListItem","position":3,"name":"Capsule di Caff\u00e8 Speciale"}]},{"@type":"WebSite","@id":"https:\/\/cafesantahelena.com\/#website","url":"https:\/\/cafesantahelena.com\/","name":"Caf\u00e9 Santa Helena","description":"","potentialAction":[{"@type":"SearchAction","target":{"@type":"EntryPoint","urlTemplate":"https:\/\/cafesantahelena.com\/?s={search_term_string}"},"query-input":{"@type":"PropertyValueSpecification","valueRequired":true,"valueName":"search_term_string"}}],"inLanguage":"it-IT"}]}},"_links":{"self":[{"href":"https:\/\/cafesantahelena.com\/it\/wp-json\/wp\/v2\/product\/14105","targetHints":{"allow":["GET"]}}],"collection":[{"href":"https:\/\/cafesantahelena.com\/it\/wp-json\/wp\/v2\/product"}],"about":[{"href":"https:\/\/cafesantahelena.com\/it\/wp-json\/wp\/v2\/types\/product"}],"replies":[{"embeddable":true,"href":"https:\/\/cafesantahelena.com\/it\/wp-json\/wp\/v2\/comments?post=14105"}],"wp:featuredmedia":[{"embeddable":true,"href":"https:\/\/cafesantahelena.com\/it\/wp-json\/wp\/v2\/media\/17044"}],"wp:attachment":[{"href":"https:\/\/cafesantahelena.com\/it\/wp-json\/wp\/v2\/media?parent=14105"}],"wp:term":[{"taxonomy":"product_brand","embeddable":true,"href":"https:\/\/cafesantahelena.com\/it\/wp-json\/wp\/v2\/product_brand?post=14105"},{"taxonomy":"product_cat","embeddable":true,"href":"https:\/\/cafesantahelena.com\/it\/wp-json\/wp\/v2\/product_cat?post=14105"},{"taxonomy":"product_tag","embeddable":true,"href":"https:\/\/cafesantahelena.com\/it\/wp-json\/wp\/v2\/product_tag?post=14105"}],"curies":[{"name":"wp","href":"https:\/\/api.w.org\/{rel}","templated":true}]}}