{"id":14135,"date":"2024-07-22T15:08:57","date_gmt":"2024-07-22T15:08:57","guid":{"rendered":"https:\/\/cafesantahelena.alivanstudio.com\/?post_type=product&#038;p=14135"},"modified":"2025-02-08T21:29:40","modified_gmt":"2025-02-08T21:29:40","slug":"caffe-in-chicchi","status":"publish","type":"product","link":"https:\/\/cafesantahelena.com\/it\/products\/caffe-in-chicchi\/","title":{"rendered":"Caff\u00e8 in Chicchi per Espresso"},"content":{"rendered":"<p>Caff\u00e8 Speciale<br \/>100% Bio Arabica Origine Singola<\/p>\n<p>Tostatura lenta artigianale<\/p>\n<p>Il nostro caff\u00e8 proviene dal Brasile in chicchi verdi (crudo) di Arabica e va direttamente sulle montagne svizzere dell&#8217;Engadina.<br \/>L\u00ec viene tostato in una tostatrice a legna rispettando le antiche tradizioni.<br \/>Non passa attraverso nessun processo chimico, meccanico o di miscelazione.<\/p>\n<p><span style=\"color: #000000;\"><strong>Produzione:<\/strong><\/span><\/p>\n<p class=\"p1\"><span style=\"font-size: 12pt; color: #000000;\"><span class=\"s1\">Variet\u00e0 Botanica: <\/span><span class=\"s1\">Ar\u00e1bica (Catuai Vermelho)<\/span><\/span><\/p>\n<p class=\"p1\"><span style=\"font-size: 12pt; color: #000000;\"><span class=\"s1\">Provenienza<\/span><span class=\"s1\">: <\/span><span class=\"s1\">Brasile (Sul de Minas)<\/span><\/span><\/p>\n<p class=\"p1\"><span style=\"font-size: 12pt; color: #000000;\"><span class=\"s1\">Raccolta: Manuale<\/span><\/span><\/p>\n<p class=\"p1\"><span style=\"font-size: 12pt; color: #000000;\"><span class=\"s1\">Essicatura: al Sole<\/span><\/span><\/p>\n<p class=\"p1\"><span style=\"font-size: 12pt; color: #000000;\"><span class=\"s1\">Torrefazione Lenta Artigianale a legna<\/span><\/span><span style=\"font-size: 12pt; color: #000000;\">: <\/span> <\/p>\n<p class=\"p1\"><span style=\"font-size: 12pt; color: #000000;\">Intensit\u00e0: scura<\/span><\/p>\n<p>Per chi ama un sapore pi\u00f9 forte e accentuato, la Tostatura Scura \u00e8 la scelta giusta, perch\u00e9 ne esalta il gusto.<\/p>\n<p>\u00c8 ideale per fare un classico espresso italiano.<\/p>\n<p style=\"text-align: center;\"><span style=\"color: #000000;\"><strong>Soprattutto, il caff\u00e8 \u00e8 divertente!<\/strong><\/span><\/p>\n<p>\u00c8 un piacere che risveglia tutti i sensi: bello da vedere, piacevole da annusare e sicuramente delizioso da gustare.<\/p>\n<p>Se ami il caff\u00e8, prova questo caff\u00e8 speciale.<\/p>\n<h3 style=\"text-align: center;\"><span style=\"color: #800000;\"><a style=\"color: #800000;\" href=\"?add-to-cart=361\"><span style=\"font-size: 24pt;\"><em><strong>Aggiungi al carrello<\/strong><\/em><\/span><\/a><\/span><\/h3>\n<p><img decoding=\"async\" class=\" wp-image-15375 aligncenter\" src=\"https:\/\/cafesantahelena.com\/wp-content\/uploads\/2024\/11\/logo-1.png\" alt=\"\" width=\"170\" height=\"170\" srcset=\"https:\/\/cafesantahelena.com\/wp-content\/uploads\/2024\/11\/logo-1.png 300w, https:\/\/cafesantahelena.com\/wp-content\/uploads\/2024\/11\/logo-1-100x100.png 100w, https:\/\/cafesantahelena.com\/wp-content\/uploads\/2024\/11\/logo-1-64x64.png 64w, https:\/\/cafesantahelena.com\/wp-content\/uploads\/2024\/11\/logo-1-150x150.png 150w\" sizes=\"(max-width: 170px) 100vw, 170px\" \/><\/p>\n<p>&nbsp;<\/p>\n","protected":false},"excerpt":{"rendered":"<p style=\"text-align: left;\">IVA inclusa.<\/p>\n<p>Costi di spedizione alla cassa<\/p>\n<p>Caff\u00e8 in Chicchi<\/p>\n<p>Caff\u00e8 speciale<\/p>\n<p>100% Bio Arabica, Origine Singola<\/p>\n<p>Tostatura artigianale lenta<\/p>\n<p><strong>Intensit\u00e0 scura<\/strong><\/p>\n<p><b>4 de 5<\/b><\/p>\n<p><img decoding=\"async\" class=\"alignnone wp-image-14166\" src=\"https:\/\/cafesantahelena.com\/wp-content\/uploads\/2024\/07\/B3DDE4ED-DC26-45F4-9E02-44607276617E-300x33-1.png\" alt=\"\" width=\"209\" height=\"23\" srcset=\"https:\/\/cafesantahelena.com\/wp-content\/uploads\/2024\/07\/B3DDE4ED-DC26-45F4-9E02-44607276617E-300x33-1.png 300w, https:\/\/cafesantahelena.com\/wp-content\/uploads\/2024\/07\/B3DDE4ED-DC26-45F4-9E02-44607276617E-300x33-1-64x7.png 64w\" sizes=\"(max-width: 209px) 100vw, 209px\" \/><\/p>\n<p><span style=\"font-size: 12pt;\">For those<\/span> <span style=\"font-size: 12pt;\">who like a stronger and more accentuated flavour with a tasty crema.<\/span><br \/>\n<span style=\"font-size: 12pt;\">Caff\u00e8 pregiato, con una qualit\u00e0 davvero superiore.<\/span><br \/>\n<span style=\"font-size: 12pt;\">Basso livello di acidit\u00e0 residua e una dolcezza accentuata con note di caramello, cioccolato, miele e frutta.<br \/>\u00c8 forte con una gustosa crema.<\/span><br \/>\n<strong><br \/>\nConfezione da 250 g<\/strong><\/p>\n","protected":false},"featured_media":17009,"comment_status":"open","ping_status":"closed","template":"","meta":[],"product_brand":[],"product_cat":[188,193],"product_tag":[316,387,331],"class_list":{"0":"post-14135","1":"product","2":"type-product","3":"status-publish","4":"has-post-thumbnail","6":"product_cat-caffe","7":"product_cat-caffe-in-chicchi","8":"product_tag-caffe-bio-it","9":"product_tag-caffe-in-chicchi-it","10":"product_tag-espresso-it","12":"first","13":"instock","14":"featured","15":"shipping-taxable","16":"purchasable","17":"product-type-simple"},"yoast_head":"<!-- This site is optimized with the Yoast SEO plugin v26.4 - https:\/\/yoast.com\/wordpress\/plugins\/seo\/ -->\n<title>Caff\u00e8 in chicchi per Espresso- Caf\u00e9 Santa Helena<\/title>\n<meta name=\"description\" content=\"Caff\u00e8 in chicchi per espresso 100% Bio Arabica, Origine Singola dal Brasile Torrefazzione Artigianale a legna. Intensit\u00e0 forte per un classico espresso italiano\" \/>\n<meta name=\"robots\" content=\"index, follow, max-snippet:-1, max-image-preview:large, max-video-preview:-1\" \/>\n<link rel=\"canonical\" href=\"https:\/\/cafesantahelena.com\/it\/products\/caffe-in-chicchi\/\" \/>\n<meta property=\"og:locale\" content=\"it_IT\" \/>\n<meta property=\"og:type\" content=\"article\" \/>\n<meta property=\"og:title\" content=\"Caff\u00e8 in chicchi per Espresso- Caf\u00e9 Santa Helena\" \/>\n<meta property=\"og:description\" content=\"Caff\u00e8 in chicchi per espresso 100% Bio Arabica, Origine Singola dal Brasile Torrefazzione Artigianale a legna. Intensit\u00e0 forte per un classico espresso italiano\" \/>\n<meta property=\"og:url\" content=\"https:\/\/cafesantahelena.com\/it\/products\/caffe-in-chicchi\/\" \/>\n<meta property=\"og:site_name\" content=\"Caf\u00e9 Santa Helena\" \/>\n<meta property=\"article:modified_time\" content=\"2025-02-08T21:29:40+00:00\" \/>\n<meta property=\"og:image\" content=\"https:\/\/cafesantahelena.com\/wp-content\/uploads\/2024\/07\/Whole-beans-specialty-coffee-.webp\" \/>\n\t<meta property=\"og:image:width\" content=\"350\" \/>\n\t<meta property=\"og:image:height\" content=\"450\" \/>\n\t<meta property=\"og:image:type\" content=\"image\/webp\" \/>\n<meta name=\"twitter:card\" content=\"summary_large_image\" \/>\n<meta name=\"twitter:label1\" content=\"Tempo di lettura stimato\" \/>\n\t<meta name=\"twitter:data1\" content=\"2 minuti\" \/>\n<script type=\"application\/ld+json\" class=\"yoast-schema-graph\">{\"@context\":\"https:\/\/schema.org\",\"@graph\":[{\"@type\":\"WebPage\",\"@id\":\"https:\/\/cafesantahelena.com\/it\/products\/caffe-in-chicchi\/\",\"url\":\"https:\/\/cafesantahelena.com\/it\/products\/caffe-in-chicchi\/\",\"name\":\"Caff\u00e8 in chicchi per Espresso- Caf\u00e9 Santa Helena\",\"isPartOf\":{\"@id\":\"https:\/\/cafesantahelena.com\/#website\"},\"primaryImageOfPage\":{\"@id\":\"https:\/\/cafesantahelena.com\/it\/products\/caffe-in-chicchi\/#primaryimage\"},\"image\":{\"@id\":\"https:\/\/cafesantahelena.com\/it\/products\/caffe-in-chicchi\/#primaryimage\"},\"thumbnailUrl\":\"https:\/\/cafesantahelena.com\/wp-content\/uploads\/2024\/07\/Whole-beans-specialty-coffee-.webp\",\"datePublished\":\"2024-07-22T15:08:57+00:00\",\"dateModified\":\"2025-02-08T21:29:40+00:00\",\"description\":\"Caff\u00e8 in chicchi per espresso 100% Bio Arabica, Origine Singola dal Brasile Torrefazzione Artigianale a legna. Intensit\u00e0 forte per un classico espresso italiano\",\"breadcrumb\":{\"@id\":\"https:\/\/cafesantahelena.com\/it\/products\/caffe-in-chicchi\/#breadcrumb\"},\"inLanguage\":\"it-IT\",\"potentialAction\":[{\"@type\":\"ReadAction\",\"target\":[\"https:\/\/cafesantahelena.com\/it\/products\/caffe-in-chicchi\/\"]}]},{\"@type\":\"ImageObject\",\"inLanguage\":\"it-IT\",\"@id\":\"https:\/\/cafesantahelena.com\/it\/products\/caffe-in-chicchi\/#primaryimage\",\"url\":\"https:\/\/cafesantahelena.com\/wp-content\/uploads\/2024\/07\/Whole-beans-specialty-coffee-.webp\",\"contentUrl\":\"https:\/\/cafesantahelena.com\/wp-content\/uploads\/2024\/07\/Whole-beans-specialty-coffee-.webp\",\"width\":350,\"height\":450,\"caption\":\"caff\u00e8 in chicchi\"},{\"@type\":\"BreadcrumbList\",\"@id\":\"https:\/\/cafesantahelena.com\/it\/products\/caffe-in-chicchi\/#breadcrumb\",\"itemListElement\":[{\"@type\":\"ListItem\",\"position\":1,\"name\":\"In\u00edcio\",\"item\":\"https:\/\/cafesantahelena.com\/it\/\"},{\"@type\":\"ListItem\",\"position\":2,\"name\":\"Produtos\",\"item\":\"https:\/\/cafesantahelena.com\/loja\/\"},{\"@type\":\"ListItem\",\"position\":3,\"name\":\"Caff\u00e8 in Chicchi per Espresso\"}]},{\"@type\":\"WebSite\",\"@id\":\"https:\/\/cafesantahelena.com\/#website\",\"url\":\"https:\/\/cafesantahelena.com\/\",\"name\":\"Caf\u00e9 Santa Helena\",\"description\":\"\",\"potentialAction\":[{\"@type\":\"SearchAction\",\"target\":{\"@type\":\"EntryPoint\",\"urlTemplate\":\"https:\/\/cafesantahelena.com\/?s={search_term_string}\"},\"query-input\":{\"@type\":\"PropertyValueSpecification\",\"valueRequired\":true,\"valueName\":\"search_term_string\"}}],\"inLanguage\":\"it-IT\"}]}<\/script>\n<!-- \/ Yoast SEO plugin. -->","yoast_head_json":{"title":"Caff\u00e8 in chicchi per Espresso- Caf\u00e9 Santa Helena","description":"Caff\u00e8 in chicchi per espresso 100% Bio Arabica, Origine Singola dal Brasile Torrefazzione Artigianale a legna. Intensit\u00e0 forte per un classico espresso italiano","robots":{"index":"index","follow":"follow","max-snippet":"max-snippet:-1","max-image-preview":"max-image-preview:large","max-video-preview":"max-video-preview:-1"},"canonical":"https:\/\/cafesantahelena.com\/it\/products\/caffe-in-chicchi\/","og_locale":"it_IT","og_type":"article","og_title":"Caff\u00e8 in chicchi per Espresso- Caf\u00e9 Santa Helena","og_description":"Caff\u00e8 in chicchi per espresso 100% Bio Arabica, Origine Singola dal Brasile Torrefazzione Artigianale a legna. Intensit\u00e0 forte per un classico espresso italiano","og_url":"https:\/\/cafesantahelena.com\/it\/products\/caffe-in-chicchi\/","og_site_name":"Caf\u00e9 Santa Helena","article_modified_time":"2025-02-08T21:29:40+00:00","og_image":[{"width":350,"height":450,"url":"https:\/\/cafesantahelena.com\/wp-content\/uploads\/2024\/07\/Whole-beans-specialty-coffee-.webp","type":"image\/webp"}],"twitter_card":"summary_large_image","twitter_misc":{"Tempo di lettura stimato":"2 minuti"},"schema":{"@context":"https:\/\/schema.org","@graph":[{"@type":"WebPage","@id":"https:\/\/cafesantahelena.com\/it\/products\/caffe-in-chicchi\/","url":"https:\/\/cafesantahelena.com\/it\/products\/caffe-in-chicchi\/","name":"Caff\u00e8 in chicchi per Espresso- Caf\u00e9 Santa Helena","isPartOf":{"@id":"https:\/\/cafesantahelena.com\/#website"},"primaryImageOfPage":{"@id":"https:\/\/cafesantahelena.com\/it\/products\/caffe-in-chicchi\/#primaryimage"},"image":{"@id":"https:\/\/cafesantahelena.com\/it\/products\/caffe-in-chicchi\/#primaryimage"},"thumbnailUrl":"https:\/\/cafesantahelena.com\/wp-content\/uploads\/2024\/07\/Whole-beans-specialty-coffee-.webp","datePublished":"2024-07-22T15:08:57+00:00","dateModified":"2025-02-08T21:29:40+00:00","description":"Caff\u00e8 in chicchi per espresso 100% Bio Arabica, Origine Singola dal Brasile Torrefazzione Artigianale a legna. Intensit\u00e0 forte per un classico espresso italiano","breadcrumb":{"@id":"https:\/\/cafesantahelena.com\/it\/products\/caffe-in-chicchi\/#breadcrumb"},"inLanguage":"it-IT","potentialAction":[{"@type":"ReadAction","target":["https:\/\/cafesantahelena.com\/it\/products\/caffe-in-chicchi\/"]}]},{"@type":"ImageObject","inLanguage":"it-IT","@id":"https:\/\/cafesantahelena.com\/it\/products\/caffe-in-chicchi\/#primaryimage","url":"https:\/\/cafesantahelena.com\/wp-content\/uploads\/2024\/07\/Whole-beans-specialty-coffee-.webp","contentUrl":"https:\/\/cafesantahelena.com\/wp-content\/uploads\/2024\/07\/Whole-beans-specialty-coffee-.webp","width":350,"height":450,"caption":"caff\u00e8 in chicchi"},{"@type":"BreadcrumbList","@id":"https:\/\/cafesantahelena.com\/it\/products\/caffe-in-chicchi\/#breadcrumb","itemListElement":[{"@type":"ListItem","position":1,"name":"In\u00edcio","item":"https:\/\/cafesantahelena.com\/it\/"},{"@type":"ListItem","position":2,"name":"Produtos","item":"https:\/\/cafesantahelena.com\/loja\/"},{"@type":"ListItem","position":3,"name":"Caff\u00e8 in Chicchi per Espresso"}]},{"@type":"WebSite","@id":"https:\/\/cafesantahelena.com\/#website","url":"https:\/\/cafesantahelena.com\/","name":"Caf\u00e9 Santa Helena","description":"","potentialAction":[{"@type":"SearchAction","target":{"@type":"EntryPoint","urlTemplate":"https:\/\/cafesantahelena.com\/?s={search_term_string}"},"query-input":{"@type":"PropertyValueSpecification","valueRequired":true,"valueName":"search_term_string"}}],"inLanguage":"it-IT"}]}},"_links":{"self":[{"href":"https:\/\/cafesantahelena.com\/it\/wp-json\/wp\/v2\/product\/14135","targetHints":{"allow":["GET"]}}],"collection":[{"href":"https:\/\/cafesantahelena.com\/it\/wp-json\/wp\/v2\/product"}],"about":[{"href":"https:\/\/cafesantahelena.com\/it\/wp-json\/wp\/v2\/types\/product"}],"replies":[{"embeddable":true,"href":"https:\/\/cafesantahelena.com\/it\/wp-json\/wp\/v2\/comments?post=14135"}],"wp:featuredmedia":[{"embeddable":true,"href":"https:\/\/cafesantahelena.com\/it\/wp-json\/wp\/v2\/media\/17009"}],"wp:attachment":[{"href":"https:\/\/cafesantahelena.com\/it\/wp-json\/wp\/v2\/media?parent=14135"}],"wp:term":[{"taxonomy":"product_brand","embeddable":true,"href":"https:\/\/cafesantahelena.com\/it\/wp-json\/wp\/v2\/product_brand?post=14135"},{"taxonomy":"product_cat","embeddable":true,"href":"https:\/\/cafesantahelena.com\/it\/wp-json\/wp\/v2\/product_cat?post=14135"},{"taxonomy":"product_tag","embeddable":true,"href":"https:\/\/cafesantahelena.com\/it\/wp-json\/wp\/v2\/product_tag?post=14135"}],"curies":[{"name":"wp","href":"https:\/\/api.w.org\/{rel}","templated":true}]}}