{"id":14154,"date":"2024-07-22T15:08:58","date_gmt":"2024-07-22T15:08:58","guid":{"rendered":"https:\/\/cafesantahelena.alivanstudio.com\/?post_type=product&#038;p=14154"},"modified":"2025-07-24T19:49:51","modified_gmt":"2025-07-24T19:49:51","slug":"gocciolatore-in-vetro","status":"publish","type":"product","link":"https:\/\/cafesantahelena.com\/it\/products\/gocciolatore-in-vetro\/","title":{"rendered":"Gocciolatore in Vetro Tornado Duo"},"content":{"rendered":"<h2 style=\"text-align: center;\">Gocciolatore in vetro per Caff\u00e8<\/h2>\n<p style=\"text-align: center;\"><img decoding=\"async\" class=\"alignnone size-medium wp-image-17074\" src=\"https:\/\/cafesantahelena.com\/wp-content\/uploads\/2024\/07\/Dripper-brewista-300x157.webp\" alt=\"dripper brewista\" width=\"300\" height=\"157\" srcset=\"https:\/\/cafesantahelena.com\/wp-content\/uploads\/2024\/07\/Dripper-brewista-300x157.webp 300w, https:\/\/cafesantahelena.com\/wp-content\/uploads\/2024\/07\/Dripper-brewista-350x183.webp 350w, https:\/\/cafesantahelena.com\/wp-content\/uploads\/2024\/07\/Dripper-brewista-64x33.webp 64w, https:\/\/cafesantahelena.com\/wp-content\/uploads\/2024\/07\/Dripper-brewista.webp 692w\" sizes=\"(max-width: 300px) 100vw, 300px\" \/><\/p>\n<p>&nbsp;<\/p>\n<p><strong>Gocciolatore in Vetro Brewista Tornado Duo:<\/strong><\/p>\n<p>Il design e il team esecutivo di Brewista sono tutti <strong>certificati Q-grade<\/strong>. Vale a dire, Q-grade \u00e8 l&#8217;unico punteggio e certificazione del caff\u00e8 che si basa sulla qualit\u00e0. Sviluppato dalla <strong>Specialty Coffee Association of America (SCAA)<\/strong>, \u00e8 un corso intensivo che insegna come classificare le tostature di caff\u00e8 attraverso molti fattori. \u00c8 anche diventato il linguaggio standardizzato per comunicare la qualit\u00e0 del caff\u00e8 nel settore per 15 anni.<\/p>\n<p>Dal design che mette il pensiero serio nella scienza della preparazione del caff\u00e8, alle eleganti finiture. I consumatori sono entusiasti di usare a casa, i prodotti Brewista creando esperienze di caff\u00e8 come nessun altro<\/p>\n<p>&nbsp;<\/p>\n<p style=\"text-align: center;\"><span style=\"color: #800000; font-size: 18pt;\"><em><strong>Non pensate troppo! Prova a preparare un caff\u00e8 con arte usando questo magnifico Gocciolatore a casa tua.<\/strong><\/em><\/span><\/p>\n<p>&nbsp;<\/p>\n<p style=\"text-align: center;\"><a href=\"?add-to-cart=14154\"><span style=\"font-size: 24pt; color: #800000;\"><em><strong>Acquista Ora!<\/strong><\/em><\/span><\/a><\/p>\n<p>&nbsp;<\/p>\n<p><img decoding=\"async\" class=\" wp-image-14055 aligncenter\" src=\"https:\/\/cafesantahelena.com\/wp-content\/uploads\/2024\/07\/F16BA1DC-4552-44E6-9CAF-7827F4298B30-300x300-1.png\" alt=\"\" width=\"174\" height=\"174\" srcset=\"https:\/\/cafesantahelena.com\/wp-content\/uploads\/2024\/07\/F16BA1DC-4552-44E6-9CAF-7827F4298B30-300x300-1.png 300w, https:\/\/cafesantahelena.com\/wp-content\/uploads\/2024\/07\/F16BA1DC-4552-44E6-9CAF-7827F4298B30-300x300-1-100x100.png 100w, https:\/\/cafesantahelena.com\/wp-content\/uploads\/2024\/07\/F16BA1DC-4552-44E6-9CAF-7827F4298B30-300x300-1-64x64.png 64w, https:\/\/cafesantahelena.com\/wp-content\/uploads\/2024\/07\/F16BA1DC-4552-44E6-9CAF-7827F4298B30-300x300-1-150x150.png 150w\" sizes=\"(max-width: 174px) 100vw, 174px\" \/><\/p>\n<p>&nbsp;<\/p>\n<p>&nbsp;<\/p>\n","protected":false},"excerpt":{"rendered":"<p>IVA incl.<\/p>\n<p>Costi di Spedizione alla Cassa<\/p>\n<p>Il nuovo Brewista Tornado Duo Dripper \u00e8 il primo gocciolatore in vetro a doppia parete sigillato al mondo. L&#8217;unico gocciolatore a coste rallenta il tempo di estrazione per dare al tuo caff\u00e8 o t\u00e8 un gusto pi\u00f9 robusto e soddisfacente. Con un design elegante, il tornado \u00e8 un essenziale per la cassetta degli attrezzi di ogni amante del caff\u00e8.<\/p>\n<p>Gocciolatore unico a 18 costole Tornado per un&#8217;estrazione ottimale<\/p>\n<ul>\n<li>Vetro isolato a doppia parete<\/li>\n<li>Design sigillato e facile da pulire<\/li>\n<li>Serve 1-2 tazze<\/li>\n<li>Utilizza un filtro di carta &#8211; <b>non incluso<\/b><\/li>\n<\/ul>\n","protected":false},"featured_media":17054,"comment_status":"open","ping_status":"closed","template":"","meta":[],"product_brand":[],"product_cat":[186],"product_tag":[305],"class_list":{"0":"post-14154","1":"product","2":"type-product","3":"status-publish","4":"has-post-thumbnail","6":"product_cat-accessori","7":"product_tag-gocciolatore-it","9":"first","10":"instock","11":"featured","12":"shipping-taxable","13":"purchasable","14":"product-type-simple"},"yoast_head":"<!-- This site is optimized with the Yoast SEO plugin v26.4 - https:\/\/yoast.com\/wordpress\/plugins\/seo\/ -->\n<title>Gocciolatore in Vetro Tornado Duo - Caf\u00e9 Santa Helena<\/title>\n<meta name=\"description\" content=\"Gocciolatore in Vetro Tornado Duo Brewista. Vetro isolato a doppia parete. Design sigillato e facile da pulire. Serve 1-2 tazze. Per gli amanti di caff\u00e8!\" \/>\n<meta name=\"robots\" content=\"index, follow, max-snippet:-1, max-image-preview:large, max-video-preview:-1\" \/>\n<link rel=\"canonical\" href=\"https:\/\/cafesantahelena.com\/it\/products\/gocciolatore-in-vetro\/\" \/>\n<meta property=\"og:locale\" content=\"it_IT\" \/>\n<meta property=\"og:type\" content=\"article\" \/>\n<meta property=\"og:title\" content=\"Gocciolatore in Vetro Tornado Duo - Caf\u00e9 Santa Helena\" \/>\n<meta property=\"og:description\" content=\"Gocciolatore in Vetro Tornado Duo Brewista. Vetro isolato a doppia parete. Design sigillato e facile da pulire. Serve 1-2 tazze. Per gli amanti di caff\u00e8!\" \/>\n<meta property=\"og:url\" content=\"https:\/\/cafesantahelena.com\/it\/products\/gocciolatore-in-vetro\/\" \/>\n<meta property=\"og:site_name\" content=\"Caf\u00e9 Santa Helena\" \/>\n<meta property=\"article:modified_time\" content=\"2025-07-24T19:49:51+00:00\" \/>\n<meta property=\"og:image\" content=\"https:\/\/cafesantahelena.com\/wp-content\/uploads\/2024\/07\/Wall-glass-dripper.webp\" \/>\n\t<meta property=\"og:image:width\" content=\"350\" \/>\n\t<meta property=\"og:image:height\" content=\"450\" \/>\n\t<meta property=\"og:image:type\" content=\"image\/webp\" \/>\n<meta name=\"twitter:card\" content=\"summary_large_image\" \/>\n<meta name=\"twitter:label1\" content=\"Tempo di lettura stimato\" \/>\n\t<meta name=\"twitter:data1\" content=\"2 minuti\" \/>\n<script type=\"application\/ld+json\" class=\"yoast-schema-graph\">{\"@context\":\"https:\/\/schema.org\",\"@graph\":[{\"@type\":\"WebPage\",\"@id\":\"https:\/\/cafesantahelena.com\/it\/products\/gocciolatore-in-vetro\/\",\"url\":\"https:\/\/cafesantahelena.com\/it\/products\/gocciolatore-in-vetro\/\",\"name\":\"Gocciolatore in Vetro Tornado Duo - Caf\u00e9 Santa Helena\",\"isPartOf\":{\"@id\":\"https:\/\/cafesantahelena.com\/#website\"},\"primaryImageOfPage\":{\"@id\":\"https:\/\/cafesantahelena.com\/it\/products\/gocciolatore-in-vetro\/#primaryimage\"},\"image\":{\"@id\":\"https:\/\/cafesantahelena.com\/it\/products\/gocciolatore-in-vetro\/#primaryimage\"},\"thumbnailUrl\":\"https:\/\/cafesantahelena.com\/wp-content\/uploads\/2024\/07\/Wall-glass-dripper.webp\",\"datePublished\":\"2024-07-22T15:08:58+00:00\",\"dateModified\":\"2025-07-24T19:49:51+00:00\",\"description\":\"Gocciolatore in Vetro Tornado Duo Brewista. Vetro isolato a doppia parete. Design sigillato e facile da pulire. Serve 1-2 tazze. Per gli amanti di caff\u00e8!\",\"breadcrumb\":{\"@id\":\"https:\/\/cafesantahelena.com\/it\/products\/gocciolatore-in-vetro\/#breadcrumb\"},\"inLanguage\":\"it-IT\",\"potentialAction\":[{\"@type\":\"ReadAction\",\"target\":[\"https:\/\/cafesantahelena.com\/it\/products\/gocciolatore-in-vetro\/\"]}]},{\"@type\":\"ImageObject\",\"inLanguage\":\"it-IT\",\"@id\":\"https:\/\/cafesantahelena.com\/it\/products\/gocciolatore-in-vetro\/#primaryimage\",\"url\":\"https:\/\/cafesantahelena.com\/wp-content\/uploads\/2024\/07\/Wall-glass-dripper.webp\",\"contentUrl\":\"https:\/\/cafesantahelena.com\/wp-content\/uploads\/2024\/07\/Wall-glass-dripper.webp\",\"width\":350,\"height\":450,\"caption\":\"\u00e9gouttoir en verre\"},{\"@type\":\"BreadcrumbList\",\"@id\":\"https:\/\/cafesantahelena.com\/it\/products\/gocciolatore-in-vetro\/#breadcrumb\",\"itemListElement\":[{\"@type\":\"ListItem\",\"position\":1,\"name\":\"In\u00edcio\",\"item\":\"https:\/\/cafesantahelena.com\/it\/\"},{\"@type\":\"ListItem\",\"position\":2,\"name\":\"Produtos\",\"item\":\"https:\/\/cafesantahelena.com\/loja\/\"},{\"@type\":\"ListItem\",\"position\":3,\"name\":\"Gocciolatore in Vetro Tornado Duo\"}]},{\"@type\":\"WebSite\",\"@id\":\"https:\/\/cafesantahelena.com\/#website\",\"url\":\"https:\/\/cafesantahelena.com\/\",\"name\":\"Caf\u00e9 Santa Helena\",\"description\":\"\",\"potentialAction\":[{\"@type\":\"SearchAction\",\"target\":{\"@type\":\"EntryPoint\",\"urlTemplate\":\"https:\/\/cafesantahelena.com\/?s={search_term_string}\"},\"query-input\":{\"@type\":\"PropertyValueSpecification\",\"valueRequired\":true,\"valueName\":\"search_term_string\"}}],\"inLanguage\":\"it-IT\"}]}<\/script>\n<!-- \/ Yoast SEO plugin. -->","yoast_head_json":{"title":"Gocciolatore in Vetro Tornado Duo - Caf\u00e9 Santa Helena","description":"Gocciolatore in Vetro Tornado Duo Brewista. Vetro isolato a doppia parete. Design sigillato e facile da pulire. Serve 1-2 tazze. Per gli amanti di caff\u00e8!","robots":{"index":"index","follow":"follow","max-snippet":"max-snippet:-1","max-image-preview":"max-image-preview:large","max-video-preview":"max-video-preview:-1"},"canonical":"https:\/\/cafesantahelena.com\/it\/products\/gocciolatore-in-vetro\/","og_locale":"it_IT","og_type":"article","og_title":"Gocciolatore in Vetro Tornado Duo - Caf\u00e9 Santa Helena","og_description":"Gocciolatore in Vetro Tornado Duo Brewista. Vetro isolato a doppia parete. Design sigillato e facile da pulire. Serve 1-2 tazze. Per gli amanti di caff\u00e8!","og_url":"https:\/\/cafesantahelena.com\/it\/products\/gocciolatore-in-vetro\/","og_site_name":"Caf\u00e9 Santa Helena","article_modified_time":"2025-07-24T19:49:51+00:00","og_image":[{"width":350,"height":450,"url":"https:\/\/cafesantahelena.com\/wp-content\/uploads\/2024\/07\/Wall-glass-dripper.webp","type":"image\/webp"}],"twitter_card":"summary_large_image","twitter_misc":{"Tempo di lettura stimato":"2 minuti"},"schema":{"@context":"https:\/\/schema.org","@graph":[{"@type":"WebPage","@id":"https:\/\/cafesantahelena.com\/it\/products\/gocciolatore-in-vetro\/","url":"https:\/\/cafesantahelena.com\/it\/products\/gocciolatore-in-vetro\/","name":"Gocciolatore in Vetro Tornado Duo - Caf\u00e9 Santa Helena","isPartOf":{"@id":"https:\/\/cafesantahelena.com\/#website"},"primaryImageOfPage":{"@id":"https:\/\/cafesantahelena.com\/it\/products\/gocciolatore-in-vetro\/#primaryimage"},"image":{"@id":"https:\/\/cafesantahelena.com\/it\/products\/gocciolatore-in-vetro\/#primaryimage"},"thumbnailUrl":"https:\/\/cafesantahelena.com\/wp-content\/uploads\/2024\/07\/Wall-glass-dripper.webp","datePublished":"2024-07-22T15:08:58+00:00","dateModified":"2025-07-24T19:49:51+00:00","description":"Gocciolatore in Vetro Tornado Duo Brewista. Vetro isolato a doppia parete. Design sigillato e facile da pulire. Serve 1-2 tazze. Per gli amanti di caff\u00e8!","breadcrumb":{"@id":"https:\/\/cafesantahelena.com\/it\/products\/gocciolatore-in-vetro\/#breadcrumb"},"inLanguage":"it-IT","potentialAction":[{"@type":"ReadAction","target":["https:\/\/cafesantahelena.com\/it\/products\/gocciolatore-in-vetro\/"]}]},{"@type":"ImageObject","inLanguage":"it-IT","@id":"https:\/\/cafesantahelena.com\/it\/products\/gocciolatore-in-vetro\/#primaryimage","url":"https:\/\/cafesantahelena.com\/wp-content\/uploads\/2024\/07\/Wall-glass-dripper.webp","contentUrl":"https:\/\/cafesantahelena.com\/wp-content\/uploads\/2024\/07\/Wall-glass-dripper.webp","width":350,"height":450,"caption":"\u00e9gouttoir en verre"},{"@type":"BreadcrumbList","@id":"https:\/\/cafesantahelena.com\/it\/products\/gocciolatore-in-vetro\/#breadcrumb","itemListElement":[{"@type":"ListItem","position":1,"name":"In\u00edcio","item":"https:\/\/cafesantahelena.com\/it\/"},{"@type":"ListItem","position":2,"name":"Produtos","item":"https:\/\/cafesantahelena.com\/loja\/"},{"@type":"ListItem","position":3,"name":"Gocciolatore in Vetro Tornado Duo"}]},{"@type":"WebSite","@id":"https:\/\/cafesantahelena.com\/#website","url":"https:\/\/cafesantahelena.com\/","name":"Caf\u00e9 Santa Helena","description":"","potentialAction":[{"@type":"SearchAction","target":{"@type":"EntryPoint","urlTemplate":"https:\/\/cafesantahelena.com\/?s={search_term_string}"},"query-input":{"@type":"PropertyValueSpecification","valueRequired":true,"valueName":"search_term_string"}}],"inLanguage":"it-IT"}]}},"_links":{"self":[{"href":"https:\/\/cafesantahelena.com\/it\/wp-json\/wp\/v2\/product\/14154","targetHints":{"allow":["GET"]}}],"collection":[{"href":"https:\/\/cafesantahelena.com\/it\/wp-json\/wp\/v2\/product"}],"about":[{"href":"https:\/\/cafesantahelena.com\/it\/wp-json\/wp\/v2\/types\/product"}],"replies":[{"embeddable":true,"href":"https:\/\/cafesantahelena.com\/it\/wp-json\/wp\/v2\/comments?post=14154"}],"wp:featuredmedia":[{"embeddable":true,"href":"https:\/\/cafesantahelena.com\/it\/wp-json\/wp\/v2\/media\/17054"}],"wp:attachment":[{"href":"https:\/\/cafesantahelena.com\/it\/wp-json\/wp\/v2\/media?parent=14154"}],"wp:term":[{"taxonomy":"product_brand","embeddable":true,"href":"https:\/\/cafesantahelena.com\/it\/wp-json\/wp\/v2\/product_brand?post=14154"},{"taxonomy":"product_cat","embeddable":true,"href":"https:\/\/cafesantahelena.com\/it\/wp-json\/wp\/v2\/product_cat?post=14154"},{"taxonomy":"product_tag","embeddable":true,"href":"https:\/\/cafesantahelena.com\/it\/wp-json\/wp\/v2\/product_tag?post=14154"}],"curies":[{"name":"wp","href":"https:\/\/api.w.org\/{rel}","templated":true}]}}