{"id":14173,"date":"2024-07-22T15:08:57","date_gmt":"2024-07-22T15:08:57","guid":{"rendered":"https:\/\/cafesantahelena.alivanstudio.com\/?post_type=product&#038;p=14173"},"modified":"2025-01-20T18:42:04","modified_gmt":"2025-01-20T18:42:04","slug":"caffe-bulletproof","status":"publish","type":"product","link":"https:\/\/cafesantahelena.com\/it\/products\/caffe-bulletproof\/","title":{"rendered":"Kit Bulletproof"},"content":{"rendered":"<p>&nbsp;<\/p>\n<h2 style=\"text-align: left;\"><strong><span style=\"font-size: 14pt;\">Caff\u00e8 Bulletproof<span style=\"font-size: 12pt;\"><br \/>\n<\/span><\/span><\/strong><\/h2>\n<p><strong><span style=\"font-size: 12pt;\">Cos\u2019\u00e8 Caff\u00e8 con ghee?<\/span><\/strong><\/p>\n<p><strong><span style=\"font-size: 12pt;\">Caff\u00e8 e ghee \u00e8 anche chiamato Bulletproof e Keto Coffee. \u00c8 <\/span><\/strong><span style=\"font-size: 12pt;\">una bevanda energizzante fatta con grassi di qualit\u00e0. Per prepararlo, si mescolano insieme caff\u00e8 appena fatto, olio MCT o burro Ghee biologico.<\/span><\/p>\n<p>La ricetta del <strong>Bulletproof Caff\u00e8<\/strong> \u00e8 stata creata da <strong>Dave Asprey,<\/strong> un imprenditore tecnologico, dopo un viaggio che ha fatto in Tibet e dove ha assaggiato il t\u00e8 con il burro fatto con il latte di yak, un bovino selvatico della regione. \u00c8 stato creato per <strong>mantenerti sazio, per ridurre la fame, promuovere la chiarezza mentale,<\/strong> aumentare la concentrazione sui tuoi compiti, aumentare la combustione dei grassi e la resistenza del corpo.<\/p>\n<p><strong>Il ghee aiuta a ridurre l&#8217;acidit\u00e0, l&#8217;infiammazione e il contenuto di calcio per neutralizzarne gli effetti<\/strong>. Contiene anche il buon tipo di grasso, <strong>l&#8217;acido butirrico e gli Omega 3,<\/strong> che fanno bene alla salute dell&#8217;intestino e al metabolismo. Rispetto al burro, il ghee tende ad avere un sapore pi\u00f9 noccioloso e leggermente pi\u00f9 dolce. Il <strong>ghee \u00e8 un burro chiarificato<\/strong>, ottenuto facendo bollire il burro (preferibilmente burro biologico) fino a quando l&#8217;acqua e i solidi del latte non evaporano &#8211; e ha un aspetto, un sapore e un profilo nutrizionale diversi rispetto al panetto di burro nel tuo frigorifero.<\/p>\n<p>Il ghee \u00e8 anche diventato un&#8217;opzione popolare tra gli intolleranti ai latticini, perch\u00e9 \u00e8 privo dei solidi del latte e delle proteine del burro.<\/p>\n<p>Questo\u00a0<strong>Bulletproof Coffee<\/strong> ti aiuta a sentirti soddisfatto, attento e concentrato, grazie alla combinazione di caff\u00e8 e grassi di qualit\u00e0. Questo significa livelli di energia costanti.<\/p>\n<h3 style=\"text-align: left;\"><strong><span style=\"font-size: 14pt;\">E come funziona il caff\u00e8?<\/span><\/strong><\/h3>\n<p>Il caff\u00e8 non ha solo un buon sapore. Fornisce anche antiossidanti. <strong>La caffeina<\/strong> ti mantiene vigile, e pu\u00f2 anche aumentare il tuo metabolismo e aiutarti a bruciare i grassi per l&#8217;energia. La qualit\u00e0 del caff\u00e8 che bevi \u00e8 importante: Un cattivo caff\u00e8 pu\u00f2 farti sentire male, mentre i chicchi giusti possono darti un vantaggio eccellente. Ecco perch\u00e9 scegli di prendere il tuo bulletproof con il nostro caff\u00e8 biologico, 100% Arabica dalla fattoria Santa Helena, in Brasile \ud83c\udde7\ud83c\uddf7.<\/p>\n<p>Puoi fare il bulletproof con il caff\u00e8 in chicchi in una macchina da caff\u00e8 espresso, o il caff\u00e8 macinato per moka, filtro o simili. Inoltre puoi fare la tua bevanda usando capsule di caff\u00e8.<\/p>\n<p><strong>Davvero, sentendo questo in prima persona, sembra strano mescolare il burro ghee con il caff\u00e8, vero?<\/strong><\/p>\n<p>Ma sappiate che questa miscela ha il potere di farvi sentire sazi pi\u00f9 a lungo, oltre ad aumentare la vostra concentrazione, aumentare il vostro focus e avere un sapore diverso.<\/p>\n<p><strong>La cosa pi\u00f9 bella \u00e8 che puoi fare la miscela da solo a casa! L&#8217;effetto \u00e8 fino al 50% superiore al caff\u00e8 che beviamo ogni giorno.<\/strong><\/p>\n<p>Per fare questo, avrete bisogno di 200 ml di caff\u00e8 preparato o pressato, e 1 cucchiaio di burro ghee.<\/p>\n<p><strong>Il\u00a0<span style=\"font-size: 12pt;\">modo di preparare \u00e8 molto semplice: <\/span><\/strong><\/p>\n<p><strong><span style=\"font-size: 12pt;\">Aggiungere tutti gli ingredienti e battere, ripetutamente, per 40 secondi. Dopo di che, basta consumare questa delizia!<\/span><\/strong><\/p>\n<p style=\"text-align: center;\"><strong><span style=\"font-size: 18pt;\"><br \/>\nVolete provare il Bulletproof?<\/span><\/strong><\/p>\n<p style=\"text-align: center;\"><span style=\"font-size: 14pt;\"><b>Quindi, Ordina Ora il kit con il delizioso Caff\u00e8 Santa Helena!<\/b><\/span><\/p>\n<p>&nbsp;<\/p>\n<p style=\"text-align: center;\"><a href=\"?add-to-cart=14173\"><span style=\"font-size: 24pt; color: #ff0000;\"><em><strong><span style=\"color: #800000;\">Aggiungi al Carrello!<\/span><\/strong><\/em><\/span><\/a><\/p>\n<p>&nbsp;<\/p>\n<p><img decoding=\"async\" class=\" wp-image-14055 aligncenter\" src=\"https:\/\/cafesantahelena.com\/wp-content\/uploads\/2024\/07\/F16BA1DC-4552-44E6-9CAF-7827F4298B30-300x300-1.png\" alt=\"\" width=\"170\" height=\"170\" srcset=\"https:\/\/cafesantahelena.com\/wp-content\/uploads\/2024\/07\/F16BA1DC-4552-44E6-9CAF-7827F4298B30-300x300-1.png 300w, https:\/\/cafesantahelena.com\/wp-content\/uploads\/2024\/07\/F16BA1DC-4552-44E6-9CAF-7827F4298B30-300x300-1-100x100.png 100w, https:\/\/cafesantahelena.com\/wp-content\/uploads\/2024\/07\/F16BA1DC-4552-44E6-9CAF-7827F4298B30-300x300-1-64x64.png 64w, https:\/\/cafesantahelena.com\/wp-content\/uploads\/2024\/07\/F16BA1DC-4552-44E6-9CAF-7827F4298B30-300x300-1-150x150.png 150w\" sizes=\"(max-width: 170px) 100vw, 170px\" \/><\/p>\n<p>&nbsp;<\/p>\n<p>&nbsp;<\/p>\n","protected":false},"excerpt":{"rendered":"<p>IVA incl.<\/p>\n<p>Costi di spedizione alla Cassa<\/p>\n<p>Kit Bulletproof<\/p>\n<p>ingredienti:<\/p>\n<p>Caf\u00e9 Santa Helena Espresso in chicchi<\/p>\n<p>Confezione 250g<\/p>\n<p>Burro Ghee \u00a0Chr\u00fcterh\u00e4x 180g<\/p>\n<p>Biologico fatto secondo la tradizione Ayurvedica!<\/p>\n<p>Cr\u00fcterh\u00e4x il\u00a0ghee biologico viene prodotto mescolando continuamente e controllando attentamente la temperatura. \u00c8 necessaria molta destrezza affinch\u00e9 il ghee mantenga il suo colore giallo dorato e non bruci.<\/p>\n<p>&nbsp;<\/p>\n","protected":false},"featured_media":17134,"comment_status":"closed","ping_status":"closed","template":"","meta":[],"product_brand":[],"product_cat":[187,196],"product_tag":[206,214,334],"class_list":{"0":"post-14173","1":"product","2":"type-product","3":"status-publish","4":"has-post-thumbnail","6":"product_cat-altri","7":"product_cat-kits","8":"product_tag-bulletproof-it","9":"product_tag-caffe-it","10":"product_tag-ghee-it","12":"first","13":"instock","14":"featured","15":"shipping-taxable","16":"purchasable","17":"product-type-simple"},"yoast_head":"<!-- This site is optimized with the Yoast SEO plugin v26.4 - https:\/\/yoast.com\/wordpress\/plugins\/seo\/ -->\n<title>Caff\u00e8 Bulletproof - Caf\u00e9 Santa Helena<\/title>\n<meta name=\"description\" content=\"Caff\u00e8 Bulletproof. Caff\u00e8 e ghee \u00e8 anche chiamato Keto Coffee. \u00c8 una bevanda energizzante fatta con grassi di qualit\u00e0 e caff\u00e8 biologico.\" \/>\n<meta name=\"robots\" content=\"index, follow, max-snippet:-1, max-image-preview:large, max-video-preview:-1\" \/>\n<link rel=\"canonical\" href=\"https:\/\/cafesantahelena.com\/it\/products\/caffe-bulletproof\/\" \/>\n<meta property=\"og:locale\" content=\"it_IT\" \/>\n<meta property=\"og:type\" content=\"article\" \/>\n<meta property=\"og:title\" content=\"Caff\u00e8 Bulletproof - Caf\u00e9 Santa Helena\" \/>\n<meta property=\"og:description\" content=\"Caff\u00e8 Bulletproof. Caff\u00e8 e ghee \u00e8 anche chiamato Keto Coffee. \u00c8 una bevanda energizzante fatta con grassi di qualit\u00e0 e caff\u00e8 biologico.\" \/>\n<meta property=\"og:url\" content=\"https:\/\/cafesantahelena.com\/it\/products\/caffe-bulletproof\/\" \/>\n<meta property=\"og:site_name\" content=\"Caf\u00e9 Santa Helena\" \/>\n<meta property=\"article:modified_time\" content=\"2025-01-20T18:42:04+00:00\" \/>\n<meta property=\"og:image\" content=\"https:\/\/cafesantahelena.com\/wp-content\/uploads\/2024\/07\/Bulletproof.webp\" \/>\n\t<meta property=\"og:image:width\" content=\"350\" \/>\n\t<meta property=\"og:image:height\" content=\"450\" \/>\n\t<meta property=\"og:image:type\" content=\"image\/webp\" \/>\n<meta name=\"twitter:card\" content=\"summary_large_image\" \/>\n<meta name=\"twitter:label1\" content=\"Tempo di lettura stimato\" \/>\n\t<meta name=\"twitter:data1\" content=\"3 minuti\" \/>\n<script type=\"application\/ld+json\" class=\"yoast-schema-graph\">{\"@context\":\"https:\/\/schema.org\",\"@graph\":[{\"@type\":\"WebPage\",\"@id\":\"https:\/\/cafesantahelena.com\/it\/products\/caffe-bulletproof\/\",\"url\":\"https:\/\/cafesantahelena.com\/it\/products\/caffe-bulletproof\/\",\"name\":\"Caff\u00e8 Bulletproof - Caf\u00e9 Santa Helena\",\"isPartOf\":{\"@id\":\"https:\/\/cafesantahelena.com\/#website\"},\"primaryImageOfPage\":{\"@id\":\"https:\/\/cafesantahelena.com\/it\/products\/caffe-bulletproof\/#primaryimage\"},\"image\":{\"@id\":\"https:\/\/cafesantahelena.com\/it\/products\/caffe-bulletproof\/#primaryimage\"},\"thumbnailUrl\":\"https:\/\/cafesantahelena.com\/wp-content\/uploads\/2024\/07\/Bulletproof.webp\",\"datePublished\":\"2024-07-22T15:08:57+00:00\",\"dateModified\":\"2025-01-20T18:42:04+00:00\",\"description\":\"Caff\u00e8 Bulletproof. Caff\u00e8 e ghee \u00e8 anche chiamato Keto Coffee. \u00c8 una bevanda energizzante fatta con grassi di qualit\u00e0 e caff\u00e8 biologico.\",\"breadcrumb\":{\"@id\":\"https:\/\/cafesantahelena.com\/it\/products\/caffe-bulletproof\/#breadcrumb\"},\"inLanguage\":\"it-IT\",\"potentialAction\":[{\"@type\":\"ReadAction\",\"target\":[\"https:\/\/cafesantahelena.com\/it\/products\/caffe-bulletproof\/\"]}]},{\"@type\":\"ImageObject\",\"inLanguage\":\"it-IT\",\"@id\":\"https:\/\/cafesantahelena.com\/it\/products\/caffe-bulletproof\/#primaryimage\",\"url\":\"https:\/\/cafesantahelena.com\/wp-content\/uploads\/2024\/07\/Bulletproof.webp\",\"contentUrl\":\"https:\/\/cafesantahelena.com\/wp-content\/uploads\/2024\/07\/Bulletproof.webp\",\"width\":350,\"height\":450,\"caption\":\"bulletproof\"},{\"@type\":\"BreadcrumbList\",\"@id\":\"https:\/\/cafesantahelena.com\/it\/products\/caffe-bulletproof\/#breadcrumb\",\"itemListElement\":[{\"@type\":\"ListItem\",\"position\":1,\"name\":\"In\u00edcio\",\"item\":\"https:\/\/cafesantahelena.com\/it\/\"},{\"@type\":\"ListItem\",\"position\":2,\"name\":\"Produtos\",\"item\":\"https:\/\/cafesantahelena.com\/loja\/\"},{\"@type\":\"ListItem\",\"position\":3,\"name\":\"Kit Bulletproof\"}]},{\"@type\":\"WebSite\",\"@id\":\"https:\/\/cafesantahelena.com\/#website\",\"url\":\"https:\/\/cafesantahelena.com\/\",\"name\":\"Caf\u00e9 Santa Helena\",\"description\":\"\",\"potentialAction\":[{\"@type\":\"SearchAction\",\"target\":{\"@type\":\"EntryPoint\",\"urlTemplate\":\"https:\/\/cafesantahelena.com\/?s={search_term_string}\"},\"query-input\":{\"@type\":\"PropertyValueSpecification\",\"valueRequired\":true,\"valueName\":\"search_term_string\"}}],\"inLanguage\":\"it-IT\"}]}<\/script>\n<!-- \/ Yoast SEO plugin. -->","yoast_head_json":{"title":"Caff\u00e8 Bulletproof - Caf\u00e9 Santa Helena","description":"Caff\u00e8 Bulletproof. Caff\u00e8 e ghee \u00e8 anche chiamato Keto Coffee. \u00c8 una bevanda energizzante fatta con grassi di qualit\u00e0 e caff\u00e8 biologico.","robots":{"index":"index","follow":"follow","max-snippet":"max-snippet:-1","max-image-preview":"max-image-preview:large","max-video-preview":"max-video-preview:-1"},"canonical":"https:\/\/cafesantahelena.com\/it\/products\/caffe-bulletproof\/","og_locale":"it_IT","og_type":"article","og_title":"Caff\u00e8 Bulletproof - Caf\u00e9 Santa Helena","og_description":"Caff\u00e8 Bulletproof. Caff\u00e8 e ghee \u00e8 anche chiamato Keto Coffee. \u00c8 una bevanda energizzante fatta con grassi di qualit\u00e0 e caff\u00e8 biologico.","og_url":"https:\/\/cafesantahelena.com\/it\/products\/caffe-bulletproof\/","og_site_name":"Caf\u00e9 Santa Helena","article_modified_time":"2025-01-20T18:42:04+00:00","og_image":[{"width":350,"height":450,"url":"https:\/\/cafesantahelena.com\/wp-content\/uploads\/2024\/07\/Bulletproof.webp","type":"image\/webp"}],"twitter_card":"summary_large_image","twitter_misc":{"Tempo di lettura stimato":"3 minuti"},"schema":{"@context":"https:\/\/schema.org","@graph":[{"@type":"WebPage","@id":"https:\/\/cafesantahelena.com\/it\/products\/caffe-bulletproof\/","url":"https:\/\/cafesantahelena.com\/it\/products\/caffe-bulletproof\/","name":"Caff\u00e8 Bulletproof - Caf\u00e9 Santa Helena","isPartOf":{"@id":"https:\/\/cafesantahelena.com\/#website"},"primaryImageOfPage":{"@id":"https:\/\/cafesantahelena.com\/it\/products\/caffe-bulletproof\/#primaryimage"},"image":{"@id":"https:\/\/cafesantahelena.com\/it\/products\/caffe-bulletproof\/#primaryimage"},"thumbnailUrl":"https:\/\/cafesantahelena.com\/wp-content\/uploads\/2024\/07\/Bulletproof.webp","datePublished":"2024-07-22T15:08:57+00:00","dateModified":"2025-01-20T18:42:04+00:00","description":"Caff\u00e8 Bulletproof. Caff\u00e8 e ghee \u00e8 anche chiamato Keto Coffee. \u00c8 una bevanda energizzante fatta con grassi di qualit\u00e0 e caff\u00e8 biologico.","breadcrumb":{"@id":"https:\/\/cafesantahelena.com\/it\/products\/caffe-bulletproof\/#breadcrumb"},"inLanguage":"it-IT","potentialAction":[{"@type":"ReadAction","target":["https:\/\/cafesantahelena.com\/it\/products\/caffe-bulletproof\/"]}]},{"@type":"ImageObject","inLanguage":"it-IT","@id":"https:\/\/cafesantahelena.com\/it\/products\/caffe-bulletproof\/#primaryimage","url":"https:\/\/cafesantahelena.com\/wp-content\/uploads\/2024\/07\/Bulletproof.webp","contentUrl":"https:\/\/cafesantahelena.com\/wp-content\/uploads\/2024\/07\/Bulletproof.webp","width":350,"height":450,"caption":"bulletproof"},{"@type":"BreadcrumbList","@id":"https:\/\/cafesantahelena.com\/it\/products\/caffe-bulletproof\/#breadcrumb","itemListElement":[{"@type":"ListItem","position":1,"name":"In\u00edcio","item":"https:\/\/cafesantahelena.com\/it\/"},{"@type":"ListItem","position":2,"name":"Produtos","item":"https:\/\/cafesantahelena.com\/loja\/"},{"@type":"ListItem","position":3,"name":"Kit Bulletproof"}]},{"@type":"WebSite","@id":"https:\/\/cafesantahelena.com\/#website","url":"https:\/\/cafesantahelena.com\/","name":"Caf\u00e9 Santa Helena","description":"","potentialAction":[{"@type":"SearchAction","target":{"@type":"EntryPoint","urlTemplate":"https:\/\/cafesantahelena.com\/?s={search_term_string}"},"query-input":{"@type":"PropertyValueSpecification","valueRequired":true,"valueName":"search_term_string"}}],"inLanguage":"it-IT"}]}},"_links":{"self":[{"href":"https:\/\/cafesantahelena.com\/it\/wp-json\/wp\/v2\/product\/14173","targetHints":{"allow":["GET"]}}],"collection":[{"href":"https:\/\/cafesantahelena.com\/it\/wp-json\/wp\/v2\/product"}],"about":[{"href":"https:\/\/cafesantahelena.com\/it\/wp-json\/wp\/v2\/types\/product"}],"replies":[{"embeddable":true,"href":"https:\/\/cafesantahelena.com\/it\/wp-json\/wp\/v2\/comments?post=14173"}],"wp:featuredmedia":[{"embeddable":true,"href":"https:\/\/cafesantahelena.com\/it\/wp-json\/wp\/v2\/media\/17134"}],"wp:attachment":[{"href":"https:\/\/cafesantahelena.com\/it\/wp-json\/wp\/v2\/media?parent=14173"}],"wp:term":[{"taxonomy":"product_brand","embeddable":true,"href":"https:\/\/cafesantahelena.com\/it\/wp-json\/wp\/v2\/product_brand?post=14173"},{"taxonomy":"product_cat","embeddable":true,"href":"https:\/\/cafesantahelena.com\/it\/wp-json\/wp\/v2\/product_cat?post=14173"},{"taxonomy":"product_tag","embeddable":true,"href":"https:\/\/cafesantahelena.com\/it\/wp-json\/wp\/v2\/product_tag?post=14173"}],"curies":[{"name":"wp","href":"https:\/\/api.w.org\/{rel}","templated":true}]}}