{"id":14191,"date":"2024-06-22T15:08:57","date_gmt":"2024-06-22T15:08:57","guid":{"rendered":"https:\/\/cafesantahelena.alivanstudio.com\/?post_type=product&#038;p=14191"},"modified":"2025-01-24T16:58:01","modified_gmt":"2025-01-24T16:58:01","slug":"te-al-caffe-verde","status":"publish","type":"product","link":"https:\/\/cafesantahelena.com\/it\/products\/te-al-caffe-verde\/","title":{"rendered":"T\u00e8 al Caff\u00e8 Verde"},"content":{"rendered":"<h2 style=\"text-align: left;\"><span style=\"color: #000000;\">Cos&#8217;\u00e8 il caff\u00e8 verde?<\/span><\/h2>\n<p style=\"text-align: left;\"><img decoding=\"async\" class=\" wp-image-14182 alignleft\" src=\"https:\/\/cafesantahelena.com\/wp-content\/uploads\/2024\/06\/99FE1F14-0E97-47CC-8F91-CA9C4E84A91C-267x300-1.jpeg\" alt=\"Caff\u00e8 Verde\" width=\"176\" height=\"198\" srcset=\"https:\/\/cafesantahelena.com\/wp-content\/uploads\/2024\/06\/99FE1F14-0E97-47CC-8F91-CA9C4E84A91C-267x300-1.jpeg 267w, https:\/\/cafesantahelena.com\/wp-content\/uploads\/2024\/06\/99FE1F14-0E97-47CC-8F91-CA9C4E84A91C-267x300-1-64x72.jpeg 64w\" sizes=\"(max-width: 176px) 100vw, 176px\" \/><\/p>\n<p>&nbsp;<\/p>\n<p>&nbsp;<\/p>\n<p>&nbsp;<\/p>\n<p>&nbsp;<\/p>\n<p>&nbsp;<\/p>\n<p>&nbsp;<\/p>\n<p style=\"text-align: left;\"><span style=\"font-size: 12pt; color: #000000;\">I chicchi di caff\u00e8 verde non vengono sottoposti al processo di tostatura. Per questo motivo, ha una quantit\u00e0 di antiossidanti da 3 a 5 volte superiore rispetto alla versione tradizionale del caff\u00e8, essendo pi\u00f9 &#8220;puro&#8221; e molto benefico per la nostra salute.<br \/>\nContiene soprattutto acido clorogenico (una sostanza fitochimica) che aumenta il metabolismo. <\/span><\/p>\n<p><span style=\"font-size: 12pt; color: #000000;\">Aiuta a ridurre il grasso corporeo e ha una quantit\u00e0 di caffeina doppia rispetto al caff\u00e8 tostato tradizionale.<\/span><\/p>\n<h3 style=\"text-align: left;\"><span style=\"color: #000000;\"><strong><span style=\"font-size: 14pt;\">I benefici del caff\u00e8 verde<\/span><\/strong><\/span><\/h3>\n<p><span style=\"font-size: 12pt; color: #000000;\">I benefici attribuiti al caff\u00e8 crudo sono dovuti alle sostanze che contiene: <strong>acido clorogenico e caffeina<\/strong>. In questo modo \u00e8 possibile evidenziarne i principali vantaggi: <\/span><\/p>\n<p><span style=\"font-size: 12pt; color: #000000;\"><strong>Prevenzione dell&#8217;ipertensione<\/strong>: I chicchi di caff\u00e8 crudi hanno un&#8217;alta concentrazione di acidi fenolici, soprattutto polifenoli, come l&#8217;acido clorogenico, che ha effetti ipotensivi.<br \/>\n<strong style=\"font-size: 12pt;\"><br \/>\nPerdita di peso:<\/strong><span style=\"font-size: 12pt;\"> Gli studi indicano che il caff\u00e8 aiuta a perdere peso, agendo sulla mobilitazione e sulla combustione dei grassi, oltre a diminuire l&#8217;immagazzinamento dei grassi nelle cellule.<\/span><br \/>\n<\/span><\/p>\n<p><span style=\"font-size: 12pt; color: #000000;\"><strong>Alleato dell&#8217;attivit\u00e0 fisica:<\/strong> Poich\u00e9 contiene buone dosi di caffeina, i chicchi di caff\u00e8 crudo possono essere un buon alleato per chi pratica attivit\u00e0 fisica, con un ottimo effetto termogenico.<\/span><\/p>\n<p><span style=\"font-size: 12pt; color: #000000;\"><strong>Stabilizzazione degli zuccheri nel sangue:<\/strong> Recenti ricerche dimostrano inoltre che questo tipo di caff\u00e8 contribuisce a stabilizzare i livelli di zucchero nel sangue, dimostrando una riduzione del 32% dei livelli di zucchero nel sangue dopo un pasto con un consumo giornaliero di 400 mg di estratto di caff\u00e8 verde.<\/span><\/p>\n<p><span style=\"font-size: 12pt; color: #000000;\"><strong>Prevenzione delle malattie:<\/strong> Gli acidi clorogenici, presenti nel caff\u00e8, hanno propriet\u00e0 antinfiammatorie, antitumorali, antimutagene e antiossidanti. In questo modo, il prodotto pu\u00f2 agire per prevenire diversi tipi di malattie. <\/span><\/p>\n<p>&nbsp;<\/p>\n<p style=\"text-align: left;\"><span style=\"font-size: 14pt; color: #000000;\"><strong>Come consumare il caff\u00e8 crudo come t\u00e8?<\/strong><\/span><\/p>\n<p>&nbsp;<\/p>\n<p style=\"text-align: center;\"><img decoding=\"async\" class=\" wp-image-14177 alignleft\" src=\"https:\/\/cafesantahelena.com\/wp-content\/uploads\/2024\/06\/01050EF5-8528-491D-979D-8D7AD3DC7CE7-210x300-1.jpeg\" alt=\"T\u00e8 al Caff\u00e8 Verde\" width=\"124\" height=\"177\" srcset=\"https:\/\/cafesantahelena.com\/wp-content\/uploads\/2024\/06\/01050EF5-8528-491D-979D-8D7AD3DC7CE7-210x300-1.jpeg 210w, https:\/\/cafesantahelena.com\/wp-content\/uploads\/2024\/06\/01050EF5-8528-491D-979D-8D7AD3DC7CE7-210x300-1-64x91.jpeg 64w\" sizes=\"(max-width: 124px) 100vw, 124px\" \/><\/p>\n<p>&nbsp;<\/p>\n<p>&nbsp;<\/p>\n<p>&nbsp;<\/p>\n<p>&nbsp;<\/p>\n<p>&nbsp;<\/p>\n<p><span style=\"color: #000000;\"><strong><span style=\"font-size: 14pt;\">Caff\u00e8 crudo macinato<\/span><\/strong><\/span><\/p>\n<ul>\n<li><span style=\"color: #000000;\">Porta a ebollizione 300 ml di acqua.<\/span><\/li>\n<li><span style=\"color: #000000;\">Aggiungi 15 g di caff\u00e8 verde macinato in una pressa francese o simile.<\/span><\/li>\n<li><span style=\"color: #000000;\">Versa l&#8217;acqua bollente e lascia riposare per 5 minuti.<\/span><\/li>\n<li><span style=\"color: #000000;\">Mettilo in una tazza e gustalo!<\/span><\/li>\n<\/ul>\n<p><span style=\"font-size: 12pt; color: #000000;\">Per variare i vostri piaceri, potete aggiungere qualche foglia di menta o un po&#8217; di zenzero durante l&#8217;infusione. <\/span><\/p>\n<p><span style=\"font-size: 12pt; color: #000000;\">Se vi piace un po&#8217; di dolcezza, potete aggiungere un cucchiaio di miele. Buon appetito! <\/span><\/p>\n<p><span style=\"font-size: 12pt; color: #000000;\">Vi \u00e8 piaciuta questa ricetta? Allora, non esitate. Provate questo potente t\u00e8!   <\/span><\/p>\n<p style=\"text-align: center;\"><a href=\"?add-to-cart=14191\"><span style=\"color: #800000;\"><em><span style=\"font-size: 24pt;\"><strong> Aggiungi al carrello!<\/strong><\/span><\/em><\/span><\/a><\/p>\n<p style=\"text-align: center;\"><img decoding=\"async\" class=\"alignnone wp-image-15375\" src=\"https:\/\/cafesantahelena.com\/wp-content\/uploads\/2024\/11\/logo-1.png\" alt=\"\" width=\"170\" height=\"170\" srcset=\"https:\/\/cafesantahelena.com\/wp-content\/uploads\/2024\/11\/logo-1.png 300w, https:\/\/cafesantahelena.com\/wp-content\/uploads\/2024\/11\/logo-1-100x100.png 100w, https:\/\/cafesantahelena.com\/wp-content\/uploads\/2024\/11\/logo-1-64x64.png 64w, https:\/\/cafesantahelena.com\/wp-content\/uploads\/2024\/11\/logo-1-150x150.png 150w\" sizes=\"(max-width: 170px) 100vw, 170px\" \/><\/p>\n<p>&nbsp;<\/p>\n","protected":false},"excerpt":{"rendered":"<p><span style=\"font-size: 12pt;\">IVA inclusa. <\/span><\/p>\n<p><span style=\"font-size: 12pt;\">costi di spedizione alla cassa<\/span><\/p>\n<p><span style=\"font-size: 12pt;\">Caff\u00e8 verde macinato per infusi<\/span><\/p>\n<p><span style=\"font-size: 12pt;\">Caff\u00e8 Speciale-<\/span><span style=\"font-size: 12pt;\">100% Arabica <\/span> <\/p>\n<p><span style=\"font-size: 12pt;\">Biologico e Fairtrade da Fazenda Santa Helena in Brasile.<\/span><\/p>\n<p><span style=\"font-size: 12pt;\">T\u00e8 al Caff\u00e8 Verde \u00e8 un potente antiossidante con alti livelli di caffeina e acido clorogenico. \u00c8 ideale prima dell&#8217;allenamento <\/span>. <span style=\"font-size: 12pt;\">Perdita di peso!<\/span><\/p>\n<p><span style=\"font-size: 12pt;\">Confezione da 250 g<\/span><\/p>\n","protected":false},"featured_media":17124,"comment_status":"closed","ping_status":"closed","template":"","meta":[],"product_brand":[],"product_cat":[191],"product_tag":[311,342],"class_list":{"0":"post-14191","1":"product","2":"type-product","3":"status-publish","4":"has-post-thumbnail","6":"product_cat-te","7":"product_tag-caffe-verde-it","8":"product_tag-te-it","10":"first","11":"outofstock","12":"featured","13":"shipping-taxable","14":"purchasable","15":"product-type-simple"},"yoast_head":"<!-- This site is optimized with the Yoast SEO plugin v26.4 - https:\/\/yoast.com\/wordpress\/plugins\/seo\/ -->\n<title>T\u00e8 al Caff\u00e8 Verde<\/title>\n<meta name=\"description\" content=\"T\u00e8 al Caff\u00e8 Verde. I chicchi di caff\u00e8 verde non passano attraverso il processo di tostatura, rimangono crudi. Specialmente macinato per infuzione. 250g.\" \/>\n<meta name=\"robots\" content=\"index, follow, max-snippet:-1, max-image-preview:large, max-video-preview:-1\" \/>\n<link rel=\"canonical\" href=\"https:\/\/cafesantahelena.com\/it\/products\/te-al-caffe-verde\/\" \/>\n<meta property=\"og:locale\" content=\"it_IT\" \/>\n<meta property=\"og:type\" content=\"article\" \/>\n<meta property=\"og:title\" content=\"T\u00e8 al Caff\u00e8 Verde\" \/>\n<meta property=\"og:description\" content=\"T\u00e8 al Caff\u00e8 Verde. I chicchi di caff\u00e8 verde non passano attraverso il processo di tostatura, rimangono crudi. Specialmente macinato per infuzione. 250g.\" \/>\n<meta property=\"og:url\" content=\"https:\/\/cafesantahelena.com\/it\/products\/te-al-caffe-verde\/\" \/>\n<meta property=\"og:site_name\" content=\"Caf\u00e9 Santa Helena\" \/>\n<meta property=\"article:modified_time\" content=\"2025-01-24T16:58:01+00:00\" \/>\n<meta property=\"og:image\" content=\"https:\/\/cafesantahelena.com\/wp-content\/uploads\/2024\/07\/Green-coffee-tea.webp\" \/>\n\t<meta property=\"og:image:width\" content=\"350\" \/>\n\t<meta property=\"og:image:height\" content=\"450\" \/>\n\t<meta property=\"og:image:type\" content=\"image\/webp\" \/>\n<meta name=\"twitter:card\" content=\"summary_large_image\" \/>\n<meta name=\"twitter:label1\" content=\"Tempo di lettura stimato\" \/>\n\t<meta name=\"twitter:data1\" content=\"3 minuti\" \/>\n<script type=\"application\/ld+json\" class=\"yoast-schema-graph\">{\"@context\":\"https:\/\/schema.org\",\"@graph\":[{\"@type\":\"WebPage\",\"@id\":\"https:\/\/cafesantahelena.com\/it\/products\/te-al-caffe-verde\/\",\"url\":\"https:\/\/cafesantahelena.com\/it\/products\/te-al-caffe-verde\/\",\"name\":\"T\u00e8 al Caff\u00e8 Verde\",\"isPartOf\":{\"@id\":\"https:\/\/cafesantahelena.com\/#website\"},\"primaryImageOfPage\":{\"@id\":\"https:\/\/cafesantahelena.com\/it\/products\/te-al-caffe-verde\/#primaryimage\"},\"image\":{\"@id\":\"https:\/\/cafesantahelena.com\/it\/products\/te-al-caffe-verde\/#primaryimage\"},\"thumbnailUrl\":\"https:\/\/cafesantahelena.com\/wp-content\/uploads\/2024\/07\/Green-coffee-tea.webp\",\"datePublished\":\"2024-06-22T15:08:57+00:00\",\"dateModified\":\"2025-01-24T16:58:01+00:00\",\"description\":\"T\u00e8 al Caff\u00e8 Verde. I chicchi di caff\u00e8 verde non passano attraverso il processo di tostatura, rimangono crudi. Specialmente macinato per infuzione. 250g.\",\"breadcrumb\":{\"@id\":\"https:\/\/cafesantahelena.com\/it\/products\/te-al-caffe-verde\/#breadcrumb\"},\"inLanguage\":\"it-IT\",\"potentialAction\":[{\"@type\":\"ReadAction\",\"target\":[\"https:\/\/cafesantahelena.com\/it\/products\/te-al-caffe-verde\/\"]}]},{\"@type\":\"ImageObject\",\"inLanguage\":\"it-IT\",\"@id\":\"https:\/\/cafesantahelena.com\/it\/products\/te-al-caffe-verde\/#primaryimage\",\"url\":\"https:\/\/cafesantahelena.com\/wp-content\/uploads\/2024\/07\/Green-coffee-tea.webp\",\"contentUrl\":\"https:\/\/cafesantahelena.com\/wp-content\/uploads\/2024\/07\/Green-coffee-tea.webp\",\"width\":350,\"height\":450,\"caption\":\"T\u00e8 al Caff\u00e8 Verde\"},{\"@type\":\"BreadcrumbList\",\"@id\":\"https:\/\/cafesantahelena.com\/it\/products\/te-al-caffe-verde\/#breadcrumb\",\"itemListElement\":[{\"@type\":\"ListItem\",\"position\":1,\"name\":\"In\u00edcio\",\"item\":\"https:\/\/cafesantahelena.com\/it\/\"},{\"@type\":\"ListItem\",\"position\":2,\"name\":\"Produtos\",\"item\":\"https:\/\/cafesantahelena.com\/loja\/\"},{\"@type\":\"ListItem\",\"position\":3,\"name\":\"T\u00e8 al Caff\u00e8 Verde\"}]},{\"@type\":\"WebSite\",\"@id\":\"https:\/\/cafesantahelena.com\/#website\",\"url\":\"https:\/\/cafesantahelena.com\/\",\"name\":\"Caf\u00e9 Santa Helena\",\"description\":\"\",\"potentialAction\":[{\"@type\":\"SearchAction\",\"target\":{\"@type\":\"EntryPoint\",\"urlTemplate\":\"https:\/\/cafesantahelena.com\/?s={search_term_string}\"},\"query-input\":{\"@type\":\"PropertyValueSpecification\",\"valueRequired\":true,\"valueName\":\"search_term_string\"}}],\"inLanguage\":\"it-IT\"}]}<\/script>\n<!-- \/ Yoast SEO plugin. -->","yoast_head_json":{"title":"T\u00e8 al Caff\u00e8 Verde","description":"T\u00e8 al Caff\u00e8 Verde. I chicchi di caff\u00e8 verde non passano attraverso il processo di tostatura, rimangono crudi. Specialmente macinato per infuzione. 250g.","robots":{"index":"index","follow":"follow","max-snippet":"max-snippet:-1","max-image-preview":"max-image-preview:large","max-video-preview":"max-video-preview:-1"},"canonical":"https:\/\/cafesantahelena.com\/it\/products\/te-al-caffe-verde\/","og_locale":"it_IT","og_type":"article","og_title":"T\u00e8 al Caff\u00e8 Verde","og_description":"T\u00e8 al Caff\u00e8 Verde. I chicchi di caff\u00e8 verde non passano attraverso il processo di tostatura, rimangono crudi. Specialmente macinato per infuzione. 250g.","og_url":"https:\/\/cafesantahelena.com\/it\/products\/te-al-caffe-verde\/","og_site_name":"Caf\u00e9 Santa Helena","article_modified_time":"2025-01-24T16:58:01+00:00","og_image":[{"width":350,"height":450,"url":"https:\/\/cafesantahelena.com\/wp-content\/uploads\/2024\/07\/Green-coffee-tea.webp","type":"image\/webp"}],"twitter_card":"summary_large_image","twitter_misc":{"Tempo di lettura stimato":"3 minuti"},"schema":{"@context":"https:\/\/schema.org","@graph":[{"@type":"WebPage","@id":"https:\/\/cafesantahelena.com\/it\/products\/te-al-caffe-verde\/","url":"https:\/\/cafesantahelena.com\/it\/products\/te-al-caffe-verde\/","name":"T\u00e8 al Caff\u00e8 Verde","isPartOf":{"@id":"https:\/\/cafesantahelena.com\/#website"},"primaryImageOfPage":{"@id":"https:\/\/cafesantahelena.com\/it\/products\/te-al-caffe-verde\/#primaryimage"},"image":{"@id":"https:\/\/cafesantahelena.com\/it\/products\/te-al-caffe-verde\/#primaryimage"},"thumbnailUrl":"https:\/\/cafesantahelena.com\/wp-content\/uploads\/2024\/07\/Green-coffee-tea.webp","datePublished":"2024-06-22T15:08:57+00:00","dateModified":"2025-01-24T16:58:01+00:00","description":"T\u00e8 al Caff\u00e8 Verde. I chicchi di caff\u00e8 verde non passano attraverso il processo di tostatura, rimangono crudi. Specialmente macinato per infuzione. 250g.","breadcrumb":{"@id":"https:\/\/cafesantahelena.com\/it\/products\/te-al-caffe-verde\/#breadcrumb"},"inLanguage":"it-IT","potentialAction":[{"@type":"ReadAction","target":["https:\/\/cafesantahelena.com\/it\/products\/te-al-caffe-verde\/"]}]},{"@type":"ImageObject","inLanguage":"it-IT","@id":"https:\/\/cafesantahelena.com\/it\/products\/te-al-caffe-verde\/#primaryimage","url":"https:\/\/cafesantahelena.com\/wp-content\/uploads\/2024\/07\/Green-coffee-tea.webp","contentUrl":"https:\/\/cafesantahelena.com\/wp-content\/uploads\/2024\/07\/Green-coffee-tea.webp","width":350,"height":450,"caption":"T\u00e8 al Caff\u00e8 Verde"},{"@type":"BreadcrumbList","@id":"https:\/\/cafesantahelena.com\/it\/products\/te-al-caffe-verde\/#breadcrumb","itemListElement":[{"@type":"ListItem","position":1,"name":"In\u00edcio","item":"https:\/\/cafesantahelena.com\/it\/"},{"@type":"ListItem","position":2,"name":"Produtos","item":"https:\/\/cafesantahelena.com\/loja\/"},{"@type":"ListItem","position":3,"name":"T\u00e8 al Caff\u00e8 Verde"}]},{"@type":"WebSite","@id":"https:\/\/cafesantahelena.com\/#website","url":"https:\/\/cafesantahelena.com\/","name":"Caf\u00e9 Santa Helena","description":"","potentialAction":[{"@type":"SearchAction","target":{"@type":"EntryPoint","urlTemplate":"https:\/\/cafesantahelena.com\/?s={search_term_string}"},"query-input":{"@type":"PropertyValueSpecification","valueRequired":true,"valueName":"search_term_string"}}],"inLanguage":"it-IT"}]}},"_links":{"self":[{"href":"https:\/\/cafesantahelena.com\/it\/wp-json\/wp\/v2\/product\/14191","targetHints":{"allow":["GET"]}}],"collection":[{"href":"https:\/\/cafesantahelena.com\/it\/wp-json\/wp\/v2\/product"}],"about":[{"href":"https:\/\/cafesantahelena.com\/it\/wp-json\/wp\/v2\/types\/product"}],"replies":[{"embeddable":true,"href":"https:\/\/cafesantahelena.com\/it\/wp-json\/wp\/v2\/comments?post=14191"}],"wp:featuredmedia":[{"embeddable":true,"href":"https:\/\/cafesantahelena.com\/it\/wp-json\/wp\/v2\/media\/17124"}],"wp:attachment":[{"href":"https:\/\/cafesantahelena.com\/it\/wp-json\/wp\/v2\/media?parent=14191"}],"wp:term":[{"taxonomy":"product_brand","embeddable":true,"href":"https:\/\/cafesantahelena.com\/it\/wp-json\/wp\/v2\/product_brand?post=14191"},{"taxonomy":"product_cat","embeddable":true,"href":"https:\/\/cafesantahelena.com\/it\/wp-json\/wp\/v2\/product_cat?post=14191"},{"taxonomy":"product_tag","embeddable":true,"href":"https:\/\/cafesantahelena.com\/it\/wp-json\/wp\/v2\/product_tag?post=14191"}],"curies":[{"name":"wp","href":"https:\/\/api.w.org\/{rel}","templated":true}]}}