{"id":14231,"date":"2024-07-22T15:08:59","date_gmt":"2024-07-22T15:08:59","guid":{"rendered":"https:\/\/cafesantahelena.alivanstudio.com\/?post_type=product&#038;p=14231"},"modified":"2025-01-21T22:39:55","modified_gmt":"2025-01-21T22:39:55","slug":"tazze-di-argilla","status":"publish","type":"product","link":"https:\/\/cafesantahelena.com\/it\/products\/tazze-di-argilla\/","title":{"rendered":"Tazze di argilla Caf\u00e9 Santa Helena"},"content":{"rendered":"<p><b>Tazze in argilla<\/b><\/p>\n<p>Un modo diverso di bere il tuo caff\u00e8, cappuccino o t\u00e8. Le tazze Caf\u00e9 Santa Helena sono realizzate a mano in argilla in Portogallo \ud83c\uddf5\ud83c\uddf9 L&#8217;argilla \u00e8 un materiale bellissimo e rustico, perfetto per le bevande calde. <\/p>\n<p>&nbsp;<\/p>\n<h3 style=\"text-align: center;\"><a href=\"Aggiungi al carrello=381\"><span style=\"color: #800000; font-size: 24pt;\"><em><strong>Aggiungi al carrello!<\/strong><\/em><\/span><\/a><\/h3>\n<p>&nbsp;<\/p>\n<p><img decoding=\"async\" class=\" wp-image-15375 aligncenter\" src=\"https:\/\/cafesantahelena.com\/wp-content\/uploads\/2024\/11\/logo-1.png\" alt=\"\" width=\"170\" height=\"170\" srcset=\"https:\/\/cafesantahelena.com\/wp-content\/uploads\/2024\/11\/logo-1.png 300w, https:\/\/cafesantahelena.com\/wp-content\/uploads\/2024\/11\/logo-1-100x100.png 100w, https:\/\/cafesantahelena.com\/wp-content\/uploads\/2024\/11\/logo-1-64x64.png 64w, https:\/\/cafesantahelena.com\/wp-content\/uploads\/2024\/11\/logo-1-150x150.png 150w\" sizes=\"(max-width: 170px) 100vw, 170px\" \/><\/p>\n<p>&nbsp;<\/p>\n<p>&nbsp;<\/p>\n","protected":false},"excerpt":{"rendered":"<p>IVA inclusa<\/p>\n<p>Spese di spedizione al momento del checkout<\/p>\n<p>Bellissime tazze in argilla Caf\u00e9 Santa Helena fatte a mano<\/p>\n<p>Made in Portugal \ud83c\uddf5\ud83c\uddf9<\/p>\n<p>Formato 300ml<\/p>\n","protected":false},"featured_media":17214,"comment_status":"open","ping_status":"closed","template":"","meta":[],"product_brand":[],"product_cat":[186],"product_tag":[329,363],"class_list":{"0":"post-14231","1":"product","2":"type-product","3":"status-publish","4":"has-post-thumbnail","6":"product_cat-accessori","7":"product_tag-tazza-it","8":"product_tag-tazze-it","10":"first","11":"instock","12":"featured","13":"shipping-taxable","14":"purchasable","15":"product-type-simple"},"yoast_head":"<!-- This site is optimized with the Yoast SEO plugin v26.4 - https:\/\/yoast.com\/wordpress\/plugins\/seo\/ -->\n<title>Tazze in argilla - Caf\u00e9 Santa Helena<\/title>\n<meta name=\"description\" content=\"Le tazze in argilla Caf\u00e9 Santa Helena sono realizzate a mano in Portogallo. L&#039;argilla \u00e8 un materiale bello e rustico, perfetto per le bevande calde. Dimensioni 300ml.\" \/>\n<meta name=\"robots\" content=\"index, follow, max-snippet:-1, max-image-preview:large, max-video-preview:-1\" \/>\n<link rel=\"canonical\" href=\"https:\/\/cafesantahelena.com\/it\/products\/tazze-di-argilla\/\" \/>\n<meta property=\"og:locale\" content=\"it_IT\" \/>\n<meta property=\"og:type\" content=\"article\" \/>\n<meta property=\"og:title\" content=\"Tazze in argilla - Caf\u00e9 Santa Helena\" \/>\n<meta property=\"og:description\" content=\"Le tazze in argilla Caf\u00e9 Santa Helena sono realizzate a mano in Portogallo. L&#039;argilla \u00e8 un materiale bello e rustico, perfetto per le bevande calde. Dimensioni 300ml.\" \/>\n<meta property=\"og:url\" content=\"https:\/\/cafesantahelena.com\/it\/products\/tazze-di-argilla\/\" \/>\n<meta property=\"og:site_name\" content=\"Caf\u00e9 Santa Helena\" \/>\n<meta property=\"article:modified_time\" content=\"2025-01-21T22:39:55+00:00\" \/>\n<meta property=\"og:image\" content=\"https:\/\/cafesantahelena.com\/wp-content\/uploads\/2024\/07\/Cley-Mug.webp\" \/>\n\t<meta property=\"og:image:width\" content=\"350\" \/>\n\t<meta property=\"og:image:height\" content=\"450\" \/>\n\t<meta property=\"og:image:type\" content=\"image\/webp\" \/>\n<meta name=\"twitter:card\" content=\"summary_large_image\" \/>\n<meta name=\"twitter:label1\" content=\"Tempo di lettura stimato\" \/>\n\t<meta name=\"twitter:data1\" content=\"1 minuto\" \/>\n<script type=\"application\/ld+json\" class=\"yoast-schema-graph\">{\"@context\":\"https:\/\/schema.org\",\"@graph\":[{\"@type\":\"WebPage\",\"@id\":\"https:\/\/cafesantahelena.com\/it\/products\/tazze-di-argilla\/\",\"url\":\"https:\/\/cafesantahelena.com\/it\/products\/tazze-di-argilla\/\",\"name\":\"Tazze in argilla - Caf\u00e9 Santa Helena\",\"isPartOf\":{\"@id\":\"https:\/\/cafesantahelena.com\/#website\"},\"primaryImageOfPage\":{\"@id\":\"https:\/\/cafesantahelena.com\/it\/products\/tazze-di-argilla\/#primaryimage\"},\"image\":{\"@id\":\"https:\/\/cafesantahelena.com\/it\/products\/tazze-di-argilla\/#primaryimage\"},\"thumbnailUrl\":\"https:\/\/cafesantahelena.com\/wp-content\/uploads\/2024\/07\/Cley-Mug.webp\",\"datePublished\":\"2024-07-22T15:08:59+00:00\",\"dateModified\":\"2025-01-21T22:39:55+00:00\",\"description\":\"Le tazze in argilla Caf\u00e9 Santa Helena sono realizzate a mano in Portogallo. L'argilla \u00e8 un materiale bello e rustico, perfetto per le bevande calde. Dimensioni 300ml.\",\"breadcrumb\":{\"@id\":\"https:\/\/cafesantahelena.com\/it\/products\/tazze-di-argilla\/#breadcrumb\"},\"inLanguage\":\"it-IT\",\"potentialAction\":[{\"@type\":\"ReadAction\",\"target\":[\"https:\/\/cafesantahelena.com\/it\/products\/tazze-di-argilla\/\"]}]},{\"@type\":\"ImageObject\",\"inLanguage\":\"it-IT\",\"@id\":\"https:\/\/cafesantahelena.com\/it\/products\/tazze-di-argilla\/#primaryimage\",\"url\":\"https:\/\/cafesantahelena.com\/wp-content\/uploads\/2024\/07\/Cley-Mug.webp\",\"contentUrl\":\"https:\/\/cafesantahelena.com\/wp-content\/uploads\/2024\/07\/Cley-Mug.webp\",\"width\":350,\"height\":450,\"caption\":\"tazze in argilla\"},{\"@type\":\"BreadcrumbList\",\"@id\":\"https:\/\/cafesantahelena.com\/it\/products\/tazze-di-argilla\/#breadcrumb\",\"itemListElement\":[{\"@type\":\"ListItem\",\"position\":1,\"name\":\"In\u00edcio\",\"item\":\"https:\/\/cafesantahelena.com\/it\/\"},{\"@type\":\"ListItem\",\"position\":2,\"name\":\"Produtos\",\"item\":\"https:\/\/cafesantahelena.com\/loja\/\"},{\"@type\":\"ListItem\",\"position\":3,\"name\":\"Tazze di argilla Caf\u00e9 Santa Helena\"}]},{\"@type\":\"WebSite\",\"@id\":\"https:\/\/cafesantahelena.com\/#website\",\"url\":\"https:\/\/cafesantahelena.com\/\",\"name\":\"Caf\u00e9 Santa Helena\",\"description\":\"\",\"potentialAction\":[{\"@type\":\"SearchAction\",\"target\":{\"@type\":\"EntryPoint\",\"urlTemplate\":\"https:\/\/cafesantahelena.com\/?s={search_term_string}\"},\"query-input\":{\"@type\":\"PropertyValueSpecification\",\"valueRequired\":true,\"valueName\":\"search_term_string\"}}],\"inLanguage\":\"it-IT\"}]}<\/script>\n<!-- \/ Yoast SEO plugin. -->","yoast_head_json":{"title":"Tazze in argilla - Caf\u00e9 Santa Helena","description":"Le tazze in argilla Caf\u00e9 Santa Helena sono realizzate a mano in Portogallo. L'argilla \u00e8 un materiale bello e rustico, perfetto per le bevande calde. Dimensioni 300ml.","robots":{"index":"index","follow":"follow","max-snippet":"max-snippet:-1","max-image-preview":"max-image-preview:large","max-video-preview":"max-video-preview:-1"},"canonical":"https:\/\/cafesantahelena.com\/it\/products\/tazze-di-argilla\/","og_locale":"it_IT","og_type":"article","og_title":"Tazze in argilla - Caf\u00e9 Santa Helena","og_description":"Le tazze in argilla Caf\u00e9 Santa Helena sono realizzate a mano in Portogallo. L'argilla \u00e8 un materiale bello e rustico, perfetto per le bevande calde. Dimensioni 300ml.","og_url":"https:\/\/cafesantahelena.com\/it\/products\/tazze-di-argilla\/","og_site_name":"Caf\u00e9 Santa Helena","article_modified_time":"2025-01-21T22:39:55+00:00","og_image":[{"width":350,"height":450,"url":"https:\/\/cafesantahelena.com\/wp-content\/uploads\/2024\/07\/Cley-Mug.webp","type":"image\/webp"}],"twitter_card":"summary_large_image","twitter_misc":{"Tempo di lettura stimato":"1 minuto"},"schema":{"@context":"https:\/\/schema.org","@graph":[{"@type":"WebPage","@id":"https:\/\/cafesantahelena.com\/it\/products\/tazze-di-argilla\/","url":"https:\/\/cafesantahelena.com\/it\/products\/tazze-di-argilla\/","name":"Tazze in argilla - Caf\u00e9 Santa Helena","isPartOf":{"@id":"https:\/\/cafesantahelena.com\/#website"},"primaryImageOfPage":{"@id":"https:\/\/cafesantahelena.com\/it\/products\/tazze-di-argilla\/#primaryimage"},"image":{"@id":"https:\/\/cafesantahelena.com\/it\/products\/tazze-di-argilla\/#primaryimage"},"thumbnailUrl":"https:\/\/cafesantahelena.com\/wp-content\/uploads\/2024\/07\/Cley-Mug.webp","datePublished":"2024-07-22T15:08:59+00:00","dateModified":"2025-01-21T22:39:55+00:00","description":"Le tazze in argilla Caf\u00e9 Santa Helena sono realizzate a mano in Portogallo. L'argilla \u00e8 un materiale bello e rustico, perfetto per le bevande calde. Dimensioni 300ml.","breadcrumb":{"@id":"https:\/\/cafesantahelena.com\/it\/products\/tazze-di-argilla\/#breadcrumb"},"inLanguage":"it-IT","potentialAction":[{"@type":"ReadAction","target":["https:\/\/cafesantahelena.com\/it\/products\/tazze-di-argilla\/"]}]},{"@type":"ImageObject","inLanguage":"it-IT","@id":"https:\/\/cafesantahelena.com\/it\/products\/tazze-di-argilla\/#primaryimage","url":"https:\/\/cafesantahelena.com\/wp-content\/uploads\/2024\/07\/Cley-Mug.webp","contentUrl":"https:\/\/cafesantahelena.com\/wp-content\/uploads\/2024\/07\/Cley-Mug.webp","width":350,"height":450,"caption":"tazze in argilla"},{"@type":"BreadcrumbList","@id":"https:\/\/cafesantahelena.com\/it\/products\/tazze-di-argilla\/#breadcrumb","itemListElement":[{"@type":"ListItem","position":1,"name":"In\u00edcio","item":"https:\/\/cafesantahelena.com\/it\/"},{"@type":"ListItem","position":2,"name":"Produtos","item":"https:\/\/cafesantahelena.com\/loja\/"},{"@type":"ListItem","position":3,"name":"Tazze di argilla Caf\u00e9 Santa Helena"}]},{"@type":"WebSite","@id":"https:\/\/cafesantahelena.com\/#website","url":"https:\/\/cafesantahelena.com\/","name":"Caf\u00e9 Santa Helena","description":"","potentialAction":[{"@type":"SearchAction","target":{"@type":"EntryPoint","urlTemplate":"https:\/\/cafesantahelena.com\/?s={search_term_string}"},"query-input":{"@type":"PropertyValueSpecification","valueRequired":true,"valueName":"search_term_string"}}],"inLanguage":"it-IT"}]}},"_links":{"self":[{"href":"https:\/\/cafesantahelena.com\/it\/wp-json\/wp\/v2\/product\/14231","targetHints":{"allow":["GET"]}}],"collection":[{"href":"https:\/\/cafesantahelena.com\/it\/wp-json\/wp\/v2\/product"}],"about":[{"href":"https:\/\/cafesantahelena.com\/it\/wp-json\/wp\/v2\/types\/product"}],"replies":[{"embeddable":true,"href":"https:\/\/cafesantahelena.com\/it\/wp-json\/wp\/v2\/comments?post=14231"}],"wp:featuredmedia":[{"embeddable":true,"href":"https:\/\/cafesantahelena.com\/it\/wp-json\/wp\/v2\/media\/17214"}],"wp:attachment":[{"href":"https:\/\/cafesantahelena.com\/it\/wp-json\/wp\/v2\/media?parent=14231"}],"wp:term":[{"taxonomy":"product_brand","embeddable":true,"href":"https:\/\/cafesantahelena.com\/it\/wp-json\/wp\/v2\/product_brand?post=14231"},{"taxonomy":"product_cat","embeddable":true,"href":"https:\/\/cafesantahelena.com\/it\/wp-json\/wp\/v2\/product_cat?post=14231"},{"taxonomy":"product_tag","embeddable":true,"href":"https:\/\/cafesantahelena.com\/it\/wp-json\/wp\/v2\/product_tag?post=14231"}],"curies":[{"name":"wp","href":"https:\/\/api.w.org\/{rel}","templated":true}]}}