{"id":14406,"date":"2024-10-01T16:47:38","date_gmt":"2024-10-01T16:47:38","guid":{"rendered":"https:\/\/cafesantahelena.alivanstudio.com\/?post_type=product&#038;p=14406"},"modified":"2025-01-03T21:09:11","modified_gmt":"2025-01-03T21:09:11","slug":"kit-caffe-in-capsule","status":"publish","type":"product","link":"https:\/\/cafesantahelena.com\/it\/products\/kit-caffe-in-capsule\/","title":{"rendered":"Borsa di Juta e Capsule di Caff\u00e8"},"content":{"rendered":"<p>Kit Caff\u00e8 in capsule<\/p>\n<p><span style=\"font-weight: 400;\">Caff\u00e8 Speciale 100% bio arabica<\/span><\/p>\n<p><span style=\"font-weight: 400;\">1 scatola espresso<\/span><\/p>\n<p><span style=\"font-weight: 400;\">1 scatola lungo<\/span><\/p>\n<p><span style=\"font-weight: 400;\">Compatibile con le macchine del sistema Nespresso<\/span><\/p>\n<p>Borsa di Juta Caf\u00e9 Santa Helena<\/p>\n<p style=\"text-align: center;\"><span style=\"font-weight: 400;\"><a href=\"?add-to-cart=14406\"><span style=\"color: #800000;\"><strong>Aggiungi al Carrello<\/strong><\/span><\/a><br \/>\n<\/span><\/p>\n<p><img decoding=\"async\" class=\" wp-image-14055 aligncenter\" src=\"https:\/\/cafesantahelena.com\/wp-content\/uploads\/2024\/07\/F16BA1DC-4552-44E6-9CAF-7827F4298B30-300x300-1.png\" alt=\"\" width=\"170\" height=\"170\" srcset=\"https:\/\/cafesantahelena.com\/wp-content\/uploads\/2024\/07\/F16BA1DC-4552-44E6-9CAF-7827F4298B30-300x300-1.png 300w, https:\/\/cafesantahelena.com\/wp-content\/uploads\/2024\/07\/F16BA1DC-4552-44E6-9CAF-7827F4298B30-300x300-1-100x100.png 100w, https:\/\/cafesantahelena.com\/wp-content\/uploads\/2024\/07\/F16BA1DC-4552-44E6-9CAF-7827F4298B30-300x300-1-64x64.png 64w, https:\/\/cafesantahelena.com\/wp-content\/uploads\/2024\/07\/F16BA1DC-4552-44E6-9CAF-7827F4298B30-300x300-1-150x150.png 150w\" sizes=\"(max-width: 170px) 100vw, 170px\" \/><\/p>\n","protected":false},"excerpt":{"rendered":"<p><span style=\"font-weight: 400;\">IVA incl.<\/span><\/p>\n<p>Spese di spedizione alla cassa<\/p>\n<p>Bellissima borsa di Juta <span style=\"font-weight: 400;\">Caf\u00e9 Santa Helena<\/span><\/p>\n<p><span style=\"font-weight: 400;\">1 scatola di Capsule Espresso<\/span><\/p>\n<p><span style=\"font-weight: 400;\">1 scatola di Capsule Lungo<\/span><\/p>\n<p><span style=\"font-weight: 400;\">Capsule Compostabile e biodegradabile<\/span><\/p>\n<p>Compatibile con machine Nespresso<\/p>\n","protected":false},"featured_media":14425,"comment_status":"open","ping_status":"closed","template":"","meta":[],"product_brand":[],"product_cat":[196],"product_tag":[210],"class_list":{"0":"post-14406","1":"product","2":"type-product","3":"status-publish","4":"has-post-thumbnail","6":"product_cat-kits","7":"product_tag-capsule-it","9":"first","10":"instock","11":"shipping-taxable","12":"purchasable","13":"product-type-simple"},"yoast_head":"<!-- This site is optimized with the Yoast SEO plugin v26.4 - https:\/\/yoast.com\/wordpress\/plugins\/seo\/ -->\n<title>Kit Caff\u00e8 in Capsule e Borsa di Juta - Caf\u00e9 Santa Helena<\/title>\n<meta name=\"description\" content=\"Kit caff\u00e8 in capsule e borsa de Juta. Um bel regalo per chi ama caff\u00e8.1 scatola di espresso, 1 scatola di lungo e una pratica borsa di juta. Acquista ora!\" \/>\n<meta name=\"robots\" content=\"index, follow, max-snippet:-1, max-image-preview:large, max-video-preview:-1\" \/>\n<link rel=\"canonical\" href=\"https:\/\/cafesantahelena.com\/it\/products\/kit-caffe-in-capsule\/\" \/>\n<meta property=\"og:locale\" content=\"it_IT\" \/>\n<meta property=\"og:type\" content=\"article\" \/>\n<meta property=\"og:title\" content=\"Kit Caff\u00e8 in Capsule e Borsa di Juta - Caf\u00e9 Santa Helena\" \/>\n<meta property=\"og:description\" content=\"Kit caff\u00e8 in capsule e borsa de Juta. Um bel regalo per chi ama caff\u00e8.1 scatola di espresso, 1 scatola di lungo e una pratica borsa di juta. Acquista ora!\" \/>\n<meta property=\"og:url\" content=\"https:\/\/cafesantahelena.com\/it\/products\/kit-caffe-in-capsule\/\" \/>\n<meta property=\"og:site_name\" content=\"Caf\u00e9 Santa Helena\" \/>\n<meta property=\"article:modified_time\" content=\"2025-01-03T21:09:11+00:00\" \/>\n<meta property=\"og:image\" content=\"https:\/\/cafesantahelena.com\/wp-content\/uploads\/2024\/10\/Kit-Capsules-and-Bagjpg-e1727812994952.jpg\" \/>\n\t<meta property=\"og:image:width\" content=\"300\" \/>\n\t<meta property=\"og:image:height\" content=\"225\" \/>\n\t<meta property=\"og:image:type\" content=\"image\/jpeg\" \/>\n<meta name=\"twitter:card\" content=\"summary_large_image\" \/>\n<meta name=\"twitter:label1\" content=\"Tempo di lettura stimato\" \/>\n\t<meta name=\"twitter:data1\" content=\"1 minuto\" \/>\n<script type=\"application\/ld+json\" class=\"yoast-schema-graph\">{\"@context\":\"https:\/\/schema.org\",\"@graph\":[{\"@type\":\"WebPage\",\"@id\":\"https:\/\/cafesantahelena.com\/it\/products\/kit-caffe-in-capsule\/\",\"url\":\"https:\/\/cafesantahelena.com\/it\/products\/kit-caffe-in-capsule\/\",\"name\":\"Kit Caff\u00e8 in Capsule e Borsa di Juta - Caf\u00e9 Santa Helena\",\"isPartOf\":{\"@id\":\"https:\/\/cafesantahelena.com\/#website\"},\"primaryImageOfPage\":{\"@id\":\"https:\/\/cafesantahelena.com\/it\/products\/kit-caffe-in-capsule\/#primaryimage\"},\"image\":{\"@id\":\"https:\/\/cafesantahelena.com\/it\/products\/kit-caffe-in-capsule\/#primaryimage\"},\"thumbnailUrl\":\"https:\/\/cafesantahelena.com\/wp-content\/uploads\/2024\/10\/Kit-Capsules-and-Bagjpg-e1727812994952.jpg\",\"datePublished\":\"2024-10-01T16:47:38+00:00\",\"dateModified\":\"2025-01-03T21:09:11+00:00\",\"description\":\"Kit caff\u00e8 in capsule e borsa de Juta. Um bel regalo per chi ama caff\u00e8.1 scatola di espresso, 1 scatola di lungo e una pratica borsa di juta. Acquista ora!\",\"breadcrumb\":{\"@id\":\"https:\/\/cafesantahelena.com\/it\/products\/kit-caffe-in-capsule\/#breadcrumb\"},\"inLanguage\":\"it-IT\",\"potentialAction\":[{\"@type\":\"ReadAction\",\"target\":[\"https:\/\/cafesantahelena.com\/it\/products\/kit-caffe-in-capsule\/\"]}]},{\"@type\":\"ImageObject\",\"inLanguage\":\"it-IT\",\"@id\":\"https:\/\/cafesantahelena.com\/it\/products\/kit-caffe-in-capsule\/#primaryimage\",\"url\":\"https:\/\/cafesantahelena.com\/wp-content\/uploads\/2024\/10\/Kit-Capsules-and-Bagjpg-e1727812994952.jpg\",\"contentUrl\":\"https:\/\/cafesantahelena.com\/wp-content\/uploads\/2024\/10\/Kit-Capsules-and-Bagjpg-e1727812994952.jpg\",\"width\":300,\"height\":225,\"caption\":\"kit caff\u00e8 in capsule\"},{\"@type\":\"BreadcrumbList\",\"@id\":\"https:\/\/cafesantahelena.com\/it\/products\/kit-caffe-in-capsule\/#breadcrumb\",\"itemListElement\":[{\"@type\":\"ListItem\",\"position\":1,\"name\":\"In\u00edcio\",\"item\":\"https:\/\/cafesantahelena.com\/it\/\"},{\"@type\":\"ListItem\",\"position\":2,\"name\":\"Produtos\",\"item\":\"https:\/\/cafesantahelena.com\/loja\/\"},{\"@type\":\"ListItem\",\"position\":3,\"name\":\"Borsa di Juta e Capsule di Caff\u00e8\"}]},{\"@type\":\"WebSite\",\"@id\":\"https:\/\/cafesantahelena.com\/#website\",\"url\":\"https:\/\/cafesantahelena.com\/\",\"name\":\"Caf\u00e9 Santa Helena\",\"description\":\"\",\"potentialAction\":[{\"@type\":\"SearchAction\",\"target\":{\"@type\":\"EntryPoint\",\"urlTemplate\":\"https:\/\/cafesantahelena.com\/?s={search_term_string}\"},\"query-input\":{\"@type\":\"PropertyValueSpecification\",\"valueRequired\":true,\"valueName\":\"search_term_string\"}}],\"inLanguage\":\"it-IT\"}]}<\/script>\n<!-- \/ Yoast SEO plugin. -->","yoast_head_json":{"title":"Kit Caff\u00e8 in Capsule e Borsa di Juta - Caf\u00e9 Santa Helena","description":"Kit caff\u00e8 in capsule e borsa de Juta. Um bel regalo per chi ama caff\u00e8.1 scatola di espresso, 1 scatola di lungo e una pratica borsa di juta. Acquista ora!","robots":{"index":"index","follow":"follow","max-snippet":"max-snippet:-1","max-image-preview":"max-image-preview:large","max-video-preview":"max-video-preview:-1"},"canonical":"https:\/\/cafesantahelena.com\/it\/products\/kit-caffe-in-capsule\/","og_locale":"it_IT","og_type":"article","og_title":"Kit Caff\u00e8 in Capsule e Borsa di Juta - Caf\u00e9 Santa Helena","og_description":"Kit caff\u00e8 in capsule e borsa de Juta. Um bel regalo per chi ama caff\u00e8.1 scatola di espresso, 1 scatola di lungo e una pratica borsa di juta. Acquista ora!","og_url":"https:\/\/cafesantahelena.com\/it\/products\/kit-caffe-in-capsule\/","og_site_name":"Caf\u00e9 Santa Helena","article_modified_time":"2025-01-03T21:09:11+00:00","og_image":[{"width":300,"height":225,"url":"https:\/\/cafesantahelena.com\/wp-content\/uploads\/2024\/10\/Kit-Capsules-and-Bagjpg-e1727812994952.jpg","type":"image\/jpeg"}],"twitter_card":"summary_large_image","twitter_misc":{"Tempo di lettura stimato":"1 minuto"},"schema":{"@context":"https:\/\/schema.org","@graph":[{"@type":"WebPage","@id":"https:\/\/cafesantahelena.com\/it\/products\/kit-caffe-in-capsule\/","url":"https:\/\/cafesantahelena.com\/it\/products\/kit-caffe-in-capsule\/","name":"Kit Caff\u00e8 in Capsule e Borsa di Juta - Caf\u00e9 Santa Helena","isPartOf":{"@id":"https:\/\/cafesantahelena.com\/#website"},"primaryImageOfPage":{"@id":"https:\/\/cafesantahelena.com\/it\/products\/kit-caffe-in-capsule\/#primaryimage"},"image":{"@id":"https:\/\/cafesantahelena.com\/it\/products\/kit-caffe-in-capsule\/#primaryimage"},"thumbnailUrl":"https:\/\/cafesantahelena.com\/wp-content\/uploads\/2024\/10\/Kit-Capsules-and-Bagjpg-e1727812994952.jpg","datePublished":"2024-10-01T16:47:38+00:00","dateModified":"2025-01-03T21:09:11+00:00","description":"Kit caff\u00e8 in capsule e borsa de Juta. Um bel regalo per chi ama caff\u00e8.1 scatola di espresso, 1 scatola di lungo e una pratica borsa di juta. Acquista ora!","breadcrumb":{"@id":"https:\/\/cafesantahelena.com\/it\/products\/kit-caffe-in-capsule\/#breadcrumb"},"inLanguage":"it-IT","potentialAction":[{"@type":"ReadAction","target":["https:\/\/cafesantahelena.com\/it\/products\/kit-caffe-in-capsule\/"]}]},{"@type":"ImageObject","inLanguage":"it-IT","@id":"https:\/\/cafesantahelena.com\/it\/products\/kit-caffe-in-capsule\/#primaryimage","url":"https:\/\/cafesantahelena.com\/wp-content\/uploads\/2024\/10\/Kit-Capsules-and-Bagjpg-e1727812994952.jpg","contentUrl":"https:\/\/cafesantahelena.com\/wp-content\/uploads\/2024\/10\/Kit-Capsules-and-Bagjpg-e1727812994952.jpg","width":300,"height":225,"caption":"kit caff\u00e8 in capsule"},{"@type":"BreadcrumbList","@id":"https:\/\/cafesantahelena.com\/it\/products\/kit-caffe-in-capsule\/#breadcrumb","itemListElement":[{"@type":"ListItem","position":1,"name":"In\u00edcio","item":"https:\/\/cafesantahelena.com\/it\/"},{"@type":"ListItem","position":2,"name":"Produtos","item":"https:\/\/cafesantahelena.com\/loja\/"},{"@type":"ListItem","position":3,"name":"Borsa di Juta e Capsule di Caff\u00e8"}]},{"@type":"WebSite","@id":"https:\/\/cafesantahelena.com\/#website","url":"https:\/\/cafesantahelena.com\/","name":"Caf\u00e9 Santa Helena","description":"","potentialAction":[{"@type":"SearchAction","target":{"@type":"EntryPoint","urlTemplate":"https:\/\/cafesantahelena.com\/?s={search_term_string}"},"query-input":{"@type":"PropertyValueSpecification","valueRequired":true,"valueName":"search_term_string"}}],"inLanguage":"it-IT"}]}},"_links":{"self":[{"href":"https:\/\/cafesantahelena.com\/it\/wp-json\/wp\/v2\/product\/14406","targetHints":{"allow":["GET"]}}],"collection":[{"href":"https:\/\/cafesantahelena.com\/it\/wp-json\/wp\/v2\/product"}],"about":[{"href":"https:\/\/cafesantahelena.com\/it\/wp-json\/wp\/v2\/types\/product"}],"replies":[{"embeddable":true,"href":"https:\/\/cafesantahelena.com\/it\/wp-json\/wp\/v2\/comments?post=14406"}],"wp:featuredmedia":[{"embeddable":true,"href":"https:\/\/cafesantahelena.com\/it\/wp-json\/wp\/v2\/media\/14425"}],"wp:attachment":[{"href":"https:\/\/cafesantahelena.com\/it\/wp-json\/wp\/v2\/media?parent=14406"}],"wp:term":[{"taxonomy":"product_brand","embeddable":true,"href":"https:\/\/cafesantahelena.com\/it\/wp-json\/wp\/v2\/product_brand?post=14406"},{"taxonomy":"product_cat","embeddable":true,"href":"https:\/\/cafesantahelena.com\/it\/wp-json\/wp\/v2\/product_cat?post=14406"},{"taxonomy":"product_tag","embeddable":true,"href":"https:\/\/cafesantahelena.com\/it\/wp-json\/wp\/v2\/product_tag?post=14406"}],"curies":[{"name":"wp","href":"https:\/\/api.w.org\/{rel}","templated":true}]}}