{"id":14724,"date":"2024-10-29T14:32:50","date_gmt":"2024-10-29T14:32:50","guid":{"rendered":"https:\/\/cafesantahelena.alivanstudio.com\/?post_type=product&#038;p=14724"},"modified":"2025-01-24T21:06:44","modified_gmt":"2025-01-24T21:06:44","slug":"kit-caffe","status":"publish","type":"product","link":"https:\/\/cafesantahelena.com\/it\/products\/kit-caffe\/","title":{"rendered":"Kit caff\u00e8 e tazza"},"content":{"rendered":"<p>Questo \u00e8 un bellissimo regalo per chi ama il caff\u00e8! Composto da: 1- Vassoio in legno Caf\u00e9 Santa Helena. Made in Switzerland 2- Asciugamano in lana di pecora fatto a mano. Made in Austria 3- 1x Tazza in argilla. Realizzata in Portogallo 4- 1 x confezione Caf\u00e9 Santa Helena in grani interi 250g. Caff\u00e8 speciale, biologico 100% arabica dal Brasile.<\/p>\n<p style=\"text-align: center;\"><a href=\"Aggiungi al carrello=14716\"><span style=\"font-size: 18pt; color: #800000;\"><em><strong>Aggiungi al carrello!<\/strong><\/em><\/span><\/a><\/p>\n<p style=\"text-align: center;\"><img decoding=\"async\" class=\"alignnone wp-image-15375\" src=\"https:\/\/cafesantahelena.com\/wp-content\/uploads\/2024\/11\/logo-1.png\" alt=\"Logo Caf\u00e9 Santa Helena\" width=\"169\" height=\"169\" srcset=\"https:\/\/cafesantahelena.com\/wp-content\/uploads\/2024\/11\/logo-1.png 300w, https:\/\/cafesantahelena.com\/wp-content\/uploads\/2024\/11\/logo-1-100x100.png 100w, https:\/\/cafesantahelena.com\/wp-content\/uploads\/2024\/11\/logo-1-64x64.png 64w, https:\/\/cafesantahelena.com\/wp-content\/uploads\/2024\/11\/logo-1-150x150.png 150w\" sizes=\"(max-width: 169px) 100vw, 169px\" \/><\/p>\n","protected":false},"excerpt":{"rendered":"<p>IVA inclusa<\/p>\n<p>Spese di spedizione alla cassa<\/p>\n<p>Regala questo bellissimo kit composto da:<\/p>\n<p>1-vassoio in legno<\/p>\n<p>1-asciugamano in lana di pecora<\/p>\n<p>1-tazza in argilla<\/p>\n<p>1-confezione di caff\u00e8 in grani interi 250g.<\/p>\n","protected":false},"featured_media":17114,"comment_status":"open","ping_status":"closed","template":"","meta":[],"product_brand":[],"product_cat":[196],"product_tag":[],"class_list":{"0":"post-14724","1":"product","2":"type-product","3":"status-publish","4":"has-post-thumbnail","6":"product_cat-kits","8":"first","9":"instock","10":"featured","11":"shipping-taxable","12":"purchasable","13":"product-type-simple"},"yoast_head":"<!-- This site is optimized with the Yoast SEO plugin v26.4 - https:\/\/yoast.com\/wordpress\/plugins\/seo\/ -->\n<title>Kit caff\u00e8 e tazza - Caf\u00e9 Santa Helena<\/title>\n<meta name=\"description\" content=\"Il Kit Caff\u00e8 e Tazza \u00e8 un bellissimo regalo per gli amanti del caff\u00e8. Vassoio in legno, tazza in argilla, una confezione di caff\u00e8 speciale in grani interi e un asciugamano in lana di pecora.\" \/>\n<meta name=\"robots\" content=\"index, follow, max-snippet:-1, max-image-preview:large, max-video-preview:-1\" \/>\n<link rel=\"canonical\" href=\"https:\/\/cafesantahelena.com\/it\/products\/kit-caffe\/\" \/>\n<meta property=\"og:locale\" content=\"it_IT\" \/>\n<meta property=\"og:type\" content=\"article\" \/>\n<meta property=\"og:title\" content=\"Kit caff\u00e8 e tazza - Caf\u00e9 Santa Helena\" \/>\n<meta property=\"og:description\" content=\"Il Kit Caff\u00e8 e Tazza \u00e8 un bellissimo regalo per gli amanti del caff\u00e8. Vassoio in legno, tazza in argilla, una confezione di caff\u00e8 speciale in grani interi e un asciugamano in lana di pecora.\" \/>\n<meta property=\"og:url\" content=\"https:\/\/cafesantahelena.com\/it\/products\/kit-caffe\/\" \/>\n<meta property=\"og:site_name\" content=\"Caf\u00e9 Santa Helena\" \/>\n<meta property=\"article:modified_time\" content=\"2025-01-24T21:06:44+00:00\" \/>\n<meta property=\"og:image\" content=\"https:\/\/cafesantahelena.com\/wp-content\/uploads\/2024\/07\/Kit-coffee-and-mug.webp\" \/>\n\t<meta property=\"og:image:width\" content=\"350\" \/>\n\t<meta property=\"og:image:height\" content=\"450\" \/>\n\t<meta property=\"og:image:type\" content=\"image\/webp\" \/>\n<meta name=\"twitter:card\" content=\"summary_large_image\" \/>\n<meta name=\"twitter:label1\" content=\"Tempo di lettura stimato\" \/>\n\t<meta name=\"twitter:data1\" content=\"1 minuto\" \/>\n<script type=\"application\/ld+json\" class=\"yoast-schema-graph\">{\"@context\":\"https:\/\/schema.org\",\"@graph\":[{\"@type\":\"WebPage\",\"@id\":\"https:\/\/cafesantahelena.com\/it\/products\/kit-caffe\/\",\"url\":\"https:\/\/cafesantahelena.com\/it\/products\/kit-caffe\/\",\"name\":\"Kit caff\u00e8 e tazza - Caf\u00e9 Santa Helena\",\"isPartOf\":{\"@id\":\"https:\/\/cafesantahelena.com\/#website\"},\"primaryImageOfPage\":{\"@id\":\"https:\/\/cafesantahelena.com\/it\/products\/kit-caffe\/#primaryimage\"},\"image\":{\"@id\":\"https:\/\/cafesantahelena.com\/it\/products\/kit-caffe\/#primaryimage\"},\"thumbnailUrl\":\"https:\/\/cafesantahelena.com\/wp-content\/uploads\/2024\/07\/Kit-coffee-and-mug.webp\",\"datePublished\":\"2024-10-29T14:32:50+00:00\",\"dateModified\":\"2025-01-24T21:06:44+00:00\",\"description\":\"Il Kit Caff\u00e8 e Tazza \u00e8 un bellissimo regalo per gli amanti del caff\u00e8. Vassoio in legno, tazza in argilla, una confezione di caff\u00e8 speciale in grani interi e un asciugamano in lana di pecora.\",\"breadcrumb\":{\"@id\":\"https:\/\/cafesantahelena.com\/it\/products\/kit-caffe\/#breadcrumb\"},\"inLanguage\":\"it-IT\",\"potentialAction\":[{\"@type\":\"ReadAction\",\"target\":[\"https:\/\/cafesantahelena.com\/it\/products\/kit-caffe\/\"]}]},{\"@type\":\"ImageObject\",\"inLanguage\":\"it-IT\",\"@id\":\"https:\/\/cafesantahelena.com\/it\/products\/kit-caffe\/#primaryimage\",\"url\":\"https:\/\/cafesantahelena.com\/wp-content\/uploads\/2024\/07\/Kit-coffee-and-mug.webp\",\"contentUrl\":\"https:\/\/cafesantahelena.com\/wp-content\/uploads\/2024\/07\/Kit-coffee-and-mug.webp\",\"width\":350,\"height\":450,\"caption\":\"Kit Caff\u00e8 e tazza\"},{\"@type\":\"BreadcrumbList\",\"@id\":\"https:\/\/cafesantahelena.com\/it\/products\/kit-caffe\/#breadcrumb\",\"itemListElement\":[{\"@type\":\"ListItem\",\"position\":1,\"name\":\"In\u00edcio\",\"item\":\"https:\/\/cafesantahelena.com\/it\/\"},{\"@type\":\"ListItem\",\"position\":2,\"name\":\"Produtos\",\"item\":\"https:\/\/cafesantahelena.com\/loja\/\"},{\"@type\":\"ListItem\",\"position\":3,\"name\":\"Kit caff\u00e8 e tazza\"}]},{\"@type\":\"WebSite\",\"@id\":\"https:\/\/cafesantahelena.com\/#website\",\"url\":\"https:\/\/cafesantahelena.com\/\",\"name\":\"Caf\u00e9 Santa Helena\",\"description\":\"\",\"potentialAction\":[{\"@type\":\"SearchAction\",\"target\":{\"@type\":\"EntryPoint\",\"urlTemplate\":\"https:\/\/cafesantahelena.com\/?s={search_term_string}\"},\"query-input\":{\"@type\":\"PropertyValueSpecification\",\"valueRequired\":true,\"valueName\":\"search_term_string\"}}],\"inLanguage\":\"it-IT\"}]}<\/script>\n<!-- \/ Yoast SEO plugin. -->","yoast_head_json":{"title":"Kit caff\u00e8 e tazza - Caf\u00e9 Santa Helena","description":"Il Kit Caff\u00e8 e Tazza \u00e8 un bellissimo regalo per gli amanti del caff\u00e8. Vassoio in legno, tazza in argilla, una confezione di caff\u00e8 speciale in grani interi e un asciugamano in lana di pecora.","robots":{"index":"index","follow":"follow","max-snippet":"max-snippet:-1","max-image-preview":"max-image-preview:large","max-video-preview":"max-video-preview:-1"},"canonical":"https:\/\/cafesantahelena.com\/it\/products\/kit-caffe\/","og_locale":"it_IT","og_type":"article","og_title":"Kit caff\u00e8 e tazza - Caf\u00e9 Santa Helena","og_description":"Il Kit Caff\u00e8 e Tazza \u00e8 un bellissimo regalo per gli amanti del caff\u00e8. Vassoio in legno, tazza in argilla, una confezione di caff\u00e8 speciale in grani interi e un asciugamano in lana di pecora.","og_url":"https:\/\/cafesantahelena.com\/it\/products\/kit-caffe\/","og_site_name":"Caf\u00e9 Santa Helena","article_modified_time":"2025-01-24T21:06:44+00:00","og_image":[{"width":350,"height":450,"url":"https:\/\/cafesantahelena.com\/wp-content\/uploads\/2024\/07\/Kit-coffee-and-mug.webp","type":"image\/webp"}],"twitter_card":"summary_large_image","twitter_misc":{"Tempo di lettura stimato":"1 minuto"},"schema":{"@context":"https:\/\/schema.org","@graph":[{"@type":"WebPage","@id":"https:\/\/cafesantahelena.com\/it\/products\/kit-caffe\/","url":"https:\/\/cafesantahelena.com\/it\/products\/kit-caffe\/","name":"Kit caff\u00e8 e tazza - Caf\u00e9 Santa Helena","isPartOf":{"@id":"https:\/\/cafesantahelena.com\/#website"},"primaryImageOfPage":{"@id":"https:\/\/cafesantahelena.com\/it\/products\/kit-caffe\/#primaryimage"},"image":{"@id":"https:\/\/cafesantahelena.com\/it\/products\/kit-caffe\/#primaryimage"},"thumbnailUrl":"https:\/\/cafesantahelena.com\/wp-content\/uploads\/2024\/07\/Kit-coffee-and-mug.webp","datePublished":"2024-10-29T14:32:50+00:00","dateModified":"2025-01-24T21:06:44+00:00","description":"Il Kit Caff\u00e8 e Tazza \u00e8 un bellissimo regalo per gli amanti del caff\u00e8. Vassoio in legno, tazza in argilla, una confezione di caff\u00e8 speciale in grani interi e un asciugamano in lana di pecora.","breadcrumb":{"@id":"https:\/\/cafesantahelena.com\/it\/products\/kit-caffe\/#breadcrumb"},"inLanguage":"it-IT","potentialAction":[{"@type":"ReadAction","target":["https:\/\/cafesantahelena.com\/it\/products\/kit-caffe\/"]}]},{"@type":"ImageObject","inLanguage":"it-IT","@id":"https:\/\/cafesantahelena.com\/it\/products\/kit-caffe\/#primaryimage","url":"https:\/\/cafesantahelena.com\/wp-content\/uploads\/2024\/07\/Kit-coffee-and-mug.webp","contentUrl":"https:\/\/cafesantahelena.com\/wp-content\/uploads\/2024\/07\/Kit-coffee-and-mug.webp","width":350,"height":450,"caption":"Kit Caff\u00e8 e tazza"},{"@type":"BreadcrumbList","@id":"https:\/\/cafesantahelena.com\/it\/products\/kit-caffe\/#breadcrumb","itemListElement":[{"@type":"ListItem","position":1,"name":"In\u00edcio","item":"https:\/\/cafesantahelena.com\/it\/"},{"@type":"ListItem","position":2,"name":"Produtos","item":"https:\/\/cafesantahelena.com\/loja\/"},{"@type":"ListItem","position":3,"name":"Kit caff\u00e8 e tazza"}]},{"@type":"WebSite","@id":"https:\/\/cafesantahelena.com\/#website","url":"https:\/\/cafesantahelena.com\/","name":"Caf\u00e9 Santa Helena","description":"","potentialAction":[{"@type":"SearchAction","target":{"@type":"EntryPoint","urlTemplate":"https:\/\/cafesantahelena.com\/?s={search_term_string}"},"query-input":{"@type":"PropertyValueSpecification","valueRequired":true,"valueName":"search_term_string"}}],"inLanguage":"it-IT"}]}},"_links":{"self":[{"href":"https:\/\/cafesantahelena.com\/it\/wp-json\/wp\/v2\/product\/14724","targetHints":{"allow":["GET"]}}],"collection":[{"href":"https:\/\/cafesantahelena.com\/it\/wp-json\/wp\/v2\/product"}],"about":[{"href":"https:\/\/cafesantahelena.com\/it\/wp-json\/wp\/v2\/types\/product"}],"replies":[{"embeddable":true,"href":"https:\/\/cafesantahelena.com\/it\/wp-json\/wp\/v2\/comments?post=14724"}],"wp:featuredmedia":[{"embeddable":true,"href":"https:\/\/cafesantahelena.com\/it\/wp-json\/wp\/v2\/media\/17114"}],"wp:attachment":[{"href":"https:\/\/cafesantahelena.com\/it\/wp-json\/wp\/v2\/media?parent=14724"}],"wp:term":[{"taxonomy":"product_brand","embeddable":true,"href":"https:\/\/cafesantahelena.com\/it\/wp-json\/wp\/v2\/product_brand?post=14724"},{"taxonomy":"product_cat","embeddable":true,"href":"https:\/\/cafesantahelena.com\/it\/wp-json\/wp\/v2\/product_cat?post=14724"},{"taxonomy":"product_tag","embeddable":true,"href":"https:\/\/cafesantahelena.com\/it\/wp-json\/wp\/v2\/product_tag?post=14724"}],"curies":[{"name":"wp","href":"https:\/\/api.w.org\/{rel}","templated":true}]}}