{"id":16761,"date":"2025-01-04T13:58:58","date_gmt":"2025-01-04T13:58:58","guid":{"rendered":"https:\/\/cafesantahelena.com\/products\/wasserkoche\/"},"modified":"2025-01-20T18:33:29","modified_gmt":"2025-01-20T18:33:29","slug":"bollitore-elettrico","status":"publish","type":"product","link":"https:\/\/cafesantahelena.com\/it\/products\/bollitore-elettrico\/","title":{"rendered":"Brewista Artisan Bolliitore Elettrico"},"content":{"rendered":"<h2>Bollitore elettrico a collo d&#8217;oca Brewista Artisan<\/h2>\n<p>Bollitore elettrico<\/p>\n<p>Iniziate il vostro rito del caff\u00e8 mattutino con il bollitore Artisan. Il design intelligente e interno di Brewista consente di controllare la temperatura al grado esatto per ottenere un caff\u00e8 in grani perfetto. L&#8217;Artisan \u00e8 di altissima qualit\u00e0 e precisione ed \u00e8 apprezzato dai baristi esperti di tutto il mondo e dagli amanti di un&#8217;esperienza di caff\u00e8 sofisticata.<\/p>\n<ul>\n<li>Impugnatura ergonomica e confortevole<\/li>\n<li>Beccuccio a collo d&#8217;oca per un versamento pi\u00f9 facile e controllato<\/li>\n<li>Controllo elettronico della temperatura con display LCD<\/li>\n<li>Funzione di bollitura rapida e mantenimento in caldo<\/li>\n<li>Capacit\u00e0 di 1,0 litri<\/li>\n<\/ul>\n<p>&nbsp;<\/p>\n<p><b>FAHRENHEIT O CELSIUS<\/b><\/p>\n<p><img decoding=\"async\" class=\"alignnone size-full wp-image-14196\" src=\"https:\/\/cafesantahelena.com\/wp-content\/uploads\/2024\/07\/6C3D558C-EDC3-40F7-946E-0946C8ECE5E5.webp\" alt=\"electrical kettle\" width=\"120\" height=\"100\" srcset=\"https:\/\/cafesantahelena.com\/wp-content\/uploads\/2024\/07\/6C3D558C-EDC3-40F7-946E-0946C8ECE5E5.webp 120w, https:\/\/cafesantahelena.com\/wp-content\/uploads\/2024\/07\/6C3D558C-EDC3-40F7-946E-0946C8ECE5E5-64x53.webp 64w\" sizes=\"(max-width: 120px) 100vw, 120px\" \/><\/p>\n<p class=\"p1\">Impostare il display LCD sulla scala di temperatura preferita per assicurarsi che l&#8217;acqua sia pronta per l&#8217;infusione.<\/p>\n<p class=\"p1\"><b>TEMI PROFONDI<\/b><\/p>\n<p><img decoding=\"async\" class=\"alignnone size-full wp-image-14201\" src=\"https:\/\/cafesantahelena.com\/wp-content\/uploads\/2024\/07\/85A0EB47-F876-4E71-8E84-1EC1FA0F4FFF.webp\" alt=\"electrical kettle\" width=\"120\" height=\"100\" srcset=\"https:\/\/cafesantahelena.com\/wp-content\/uploads\/2024\/07\/85A0EB47-F876-4E71-8E84-1EC1FA0F4FFF.webp 120w, https:\/\/cafesantahelena.com\/wp-content\/uploads\/2024\/07\/85A0EB47-F876-4E71-8E84-1EC1FA0F4FFF-64x53.webp 64w\" sizes=\"(max-width: 120px) 100vw, 120px\" \/><\/p>\n<p>Questo bollitore \u00e8 adatto a tutti i tipi di bevande calde e delizia i bevitori di t\u00e8 con una tazza di t\u00e8 alla menta meravigliosamente profumata.<\/p>\n<p><img decoding=\"async\" class=\"alignnone size-full wp-image-14206\" src=\"https:\/\/cafesantahelena.com\/wp-content\/uploads\/2024\/07\/B0955A87-81FF-4444-AC9A-D2CD29147557.webp\" alt=\"electrical kettle\" width=\"120\" height=\"100\" srcset=\"https:\/\/cafesantahelena.com\/wp-content\/uploads\/2024\/07\/B0955A87-81FF-4444-AC9A-D2CD29147557.webp 120w, https:\/\/cafesantahelena.com\/wp-content\/uploads\/2024\/07\/B0955A87-81FF-4444-AC9A-D2CD29147557-64x53.webp 64w\" sizes=\"(max-width: 120px) 100vw, 120px\" \/><\/p>\n<p class=\"p1\"><b>CONTROLLO PRECISO DEL VERSAMENTO<\/b><\/p>\n<p class=\"p1\">Prendete il controllo del vostro rituale del caff\u00e8 controllando il tempo di erogazione con la nostra elegante e intelligente impugnatura a collo d&#8217;oca.<\/p>\n<p><img loading=\"lazy\" decoding=\"async\" class=\"alignnone size-full wp-image-14211\" src=\"https:\/\/cafesantahelena.com\/wp-content\/uploads\/2024\/07\/FFBABDBA-1B0E-4611-B025-BC5605B331D0.webp\" alt=\"electrical kettle\" width=\"120\" height=\"100\" srcset=\"https:\/\/cafesantahelena.com\/wp-content\/uploads\/2024\/07\/FFBABDBA-1B0E-4611-B025-BC5605B331D0.webp 120w, https:\/\/cafesantahelena.com\/wp-content\/uploads\/2024\/07\/FFBABDBA-1B0E-4611-B025-BC5605B331D0-64x53.webp 64w\" sizes=\"(max-width: 120px) 100vw, 120px\" \/><\/p>\n<p class=\"p1\"><b>CONTROLLO PRECISO DELLA TEMPERATURA<\/b><\/p>\n<p class=\"p1\">Il riscaldamento preciso consente di sviluppare l&#8217;intero profilo aromatico della tostatura preferita e di trasformare il piacere del caff\u00e8 in una vera e propria esperienza.<\/p>\n<p><img loading=\"lazy\" decoding=\"async\" class=\"alignnone size-full wp-image-14216\" src=\"https:\/\/cafesantahelena.com\/wp-content\/uploads\/2024\/07\/icon-flash-boil_140x.png\" alt=\"electrical kettle\" width=\"120\" height=\"100\" srcset=\"https:\/\/cafesantahelena.com\/wp-content\/uploads\/2024\/07\/icon-flash-boil_140x.png 120w, https:\/\/cafesantahelena.com\/wp-content\/uploads\/2024\/07\/icon-flash-boil_140x-64x53.png 64w\" sizes=\"(max-width: 120px) 100vw, 120px\" \/><\/p>\n<p>Con una velocit\u00e0 di ebollizione che soddisfa anche gli amanti del Deep L, l&#8217;elevata capacit\u00e0 di ebollizione di Brewista significa meno tempo di attesa e pi\u00f9 tempo per gustare una perfetta tazza di caff\u00e8.<\/p>\n<p class=\"p1\"><b>IMPOSTAZIONE FLASHBOIL<\/b><\/p>\n<p class=\"p1\"><img loading=\"lazy\" decoding=\"async\" class=\"alignnone size-full wp-image-14221\" src=\"https:\/\/cafesantahelena.com\/wp-content\/uploads\/2024\/07\/icon-warm_140x.png\" alt=\"electrical kettle\" width=\"120\" height=\"100\" srcset=\"https:\/\/cafesantahelena.com\/wp-content\/uploads\/2024\/07\/icon-warm_140x.png 120w, https:\/\/cafesantahelena.com\/wp-content\/uploads\/2024\/07\/icon-warm_140x-64x53.png 64w\" sizes=\"(max-width: 120px) 100vw, 120px\" \/><\/p>\n<p class=\"p1\"><b>FUNZIONE DI MANTENIMENTO IN CALDO<\/b><\/p>\n<p>Provate la sensazione della prima tazza senza dover riavviare l&#8217;acqua. Mantenete l&#8217;acqua desiderata.<\/p>\n<p class=\"p1\" style=\"text-align: left;\"><b>Wenn Sie aus Ihrem Kaffee ein schickes Ritual machen wollen, sollten Sie nicht z\u00f6gern.<\/b><\/p>\n<p style=\"text-align: center;\"><a href=\"?add-to-cart=16752\"><strong><span style=\"color: #800000;\">In den Warenkorb<\/span><\/strong><\/a><\/p>\n<p style=\"text-align: center;\"><img loading=\"lazy\" decoding=\"async\" class=\"alignnone wp-image-15375\" src=\"https:\/\/cafesantahelena.com\/wp-content\/uploads\/2024\/11\/logo-1.png\" alt=\"Logo Caf\u00e9 Santa Helena\" width=\"171\" height=\"171\" srcset=\"https:\/\/cafesantahelena.com\/wp-content\/uploads\/2024\/11\/logo-1.png 300w, https:\/\/cafesantahelena.com\/wp-content\/uploads\/2024\/11\/logo-1-100x100.png 100w, https:\/\/cafesantahelena.com\/wp-content\/uploads\/2024\/11\/logo-1-64x64.png 64w, https:\/\/cafesantahelena.com\/wp-content\/uploads\/2024\/11\/logo-1-150x150.png 150w\" sizes=\"(max-width: 171px) 100vw, 171px\" \/><\/p>\n<p class=\"p1\" style=\"text-align: center;\">\n","protected":false},"excerpt":{"rendered":"<p>IVA inclusa<br \/>\nSpese di spedizione alla cassa<\/p>\n<p>La gamma di bollitori Artisan di Brewista offre stile e controllo digitale alla preparazione di caff\u00e8 e t\u00e8.<\/p>\n<p>Il bollitore Artisan \u00e8 stato progettato con un collo d&#8217;oca preciso e uno speciale beccuccio angolato per un controllo preciso del versamento e un manico ergonomico e facile da impugnare per un maggiore comfort.<\/p>\n<p>Capacit\u00e0 1 litro &#8211; 220 V<\/p>\n<p>Acciaio inox e legno<\/p>\n","protected":false},"featured_media":17064,"comment_status":"open","ping_status":"closed","template":"","meta":[],"product_brand":[],"product_cat":[186],"product_tag":[261],"class_list":{"0":"post-16761","1":"product","2":"type-product","3":"status-publish","4":"has-post-thumbnail","6":"product_cat-accessori","7":"product_tag-electrical-kettle-it","9":"first","10":"outofstock","11":"featured","12":"shipping-taxable","13":"purchasable","14":"product-type-simple"},"yoast_head":"<!-- This site is optimized with the Yoast SEO plugin v26.4 - https:\/\/yoast.com\/wordpress\/plugins\/seo\/ -->\n<title>Bollitore elettrico Brewista - Caf\u00e9 Santa Helena<\/title>\n<meta name=\"description\" content=\"Bollitore elettrico d&#039;acqua Brewista. Iniziate il vostro rituale del caff\u00e8 mattutino con il bollitore Artisan. Capacit\u00e0 di 1,0 litri. Acquista ora!\" \/>\n<meta name=\"robots\" content=\"index, follow, max-snippet:-1, max-image-preview:large, max-video-preview:-1\" \/>\n<link rel=\"canonical\" href=\"https:\/\/cafesantahelena.com\/it\/products\/bollitore-elettrico\/\" \/>\n<meta property=\"og:locale\" content=\"it_IT\" \/>\n<meta property=\"og:type\" content=\"article\" \/>\n<meta property=\"og:title\" content=\"Bollitore elettrico Brewista - Caf\u00e9 Santa Helena\" \/>\n<meta property=\"og:description\" content=\"Bollitore elettrico d&#039;acqua Brewista. Iniziate il vostro rituale del caff\u00e8 mattutino con il bollitore Artisan. Capacit\u00e0 di 1,0 litri. Acquista ora!\" \/>\n<meta property=\"og:url\" content=\"https:\/\/cafesantahelena.com\/it\/products\/bollitore-elettrico\/\" \/>\n<meta property=\"og:site_name\" content=\"Caf\u00e9 Santa Helena\" \/>\n<meta property=\"article:modified_time\" content=\"2025-01-20T18:33:29+00:00\" \/>\n<meta property=\"og:image\" content=\"https:\/\/cafesantahelena.com\/wp-content\/uploads\/2024\/07\/Brewista-electrical-kettle-.webp\" \/>\n\t<meta property=\"og:image:width\" content=\"350\" \/>\n\t<meta property=\"og:image:height\" content=\"450\" \/>\n\t<meta property=\"og:image:type\" content=\"image\/webp\" \/>\n<meta name=\"twitter:card\" content=\"summary_large_image\" \/>\n<meta name=\"twitter:label1\" content=\"Tempo di lettura stimato\" \/>\n\t<meta name=\"twitter:data1\" content=\"3 minuti\" \/>\n<script type=\"application\/ld+json\" class=\"yoast-schema-graph\">{\"@context\":\"https:\/\/schema.org\",\"@graph\":[{\"@type\":\"WebPage\",\"@id\":\"https:\/\/cafesantahelena.com\/it\/products\/bollitore-elettrico\/\",\"url\":\"https:\/\/cafesantahelena.com\/it\/products\/bollitore-elettrico\/\",\"name\":\"Bollitore elettrico Brewista - Caf\u00e9 Santa Helena\",\"isPartOf\":{\"@id\":\"https:\/\/cafesantahelena.com\/#website\"},\"primaryImageOfPage\":{\"@id\":\"https:\/\/cafesantahelena.com\/it\/products\/bollitore-elettrico\/#primaryimage\"},\"image\":{\"@id\":\"https:\/\/cafesantahelena.com\/it\/products\/bollitore-elettrico\/#primaryimage\"},\"thumbnailUrl\":\"https:\/\/cafesantahelena.com\/wp-content\/uploads\/2024\/07\/Brewista-electrical-kettle-.webp\",\"datePublished\":\"2025-01-04T13:58:58+00:00\",\"dateModified\":\"2025-01-20T18:33:29+00:00\",\"description\":\"Bollitore elettrico d'acqua Brewista. Iniziate il vostro rituale del caff\u00e8 mattutino con il bollitore Artisan. Capacit\u00e0 di 1,0 litri. Acquista ora!\",\"breadcrumb\":{\"@id\":\"https:\/\/cafesantahelena.com\/it\/products\/bollitore-elettrico\/#breadcrumb\"},\"inLanguage\":\"it-IT\",\"potentialAction\":[{\"@type\":\"ReadAction\",\"target\":[\"https:\/\/cafesantahelena.com\/it\/products\/bollitore-elettrico\/\"]}]},{\"@type\":\"ImageObject\",\"inLanguage\":\"it-IT\",\"@id\":\"https:\/\/cafesantahelena.com\/it\/products\/bollitore-elettrico\/#primaryimage\",\"url\":\"https:\/\/cafesantahelena.com\/wp-content\/uploads\/2024\/07\/Brewista-electrical-kettle-.webp\",\"contentUrl\":\"https:\/\/cafesantahelena.com\/wp-content\/uploads\/2024\/07\/Brewista-electrical-kettle-.webp\",\"width\":350,\"height\":450,\"caption\":\"electrical kettle\"},{\"@type\":\"BreadcrumbList\",\"@id\":\"https:\/\/cafesantahelena.com\/it\/products\/bollitore-elettrico\/#breadcrumb\",\"itemListElement\":[{\"@type\":\"ListItem\",\"position\":1,\"name\":\"In\u00edcio\",\"item\":\"https:\/\/cafesantahelena.com\/it\/\"},{\"@type\":\"ListItem\",\"position\":2,\"name\":\"Produtos\",\"item\":\"https:\/\/cafesantahelena.com\/loja\/\"},{\"@type\":\"ListItem\",\"position\":3,\"name\":\"Brewista Artisan Bolliitore Elettrico\"}]},{\"@type\":\"WebSite\",\"@id\":\"https:\/\/cafesantahelena.com\/#website\",\"url\":\"https:\/\/cafesantahelena.com\/\",\"name\":\"Caf\u00e9 Santa Helena\",\"description\":\"\",\"potentialAction\":[{\"@type\":\"SearchAction\",\"target\":{\"@type\":\"EntryPoint\",\"urlTemplate\":\"https:\/\/cafesantahelena.com\/?s={search_term_string}\"},\"query-input\":{\"@type\":\"PropertyValueSpecification\",\"valueRequired\":true,\"valueName\":\"search_term_string\"}}],\"inLanguage\":\"it-IT\"}]}<\/script>\n<!-- \/ Yoast SEO plugin. -->","yoast_head_json":{"title":"Bollitore elettrico Brewista - Caf\u00e9 Santa Helena","description":"Bollitore elettrico d'acqua Brewista. Iniziate il vostro rituale del caff\u00e8 mattutino con il bollitore Artisan. Capacit\u00e0 di 1,0 litri. Acquista ora!","robots":{"index":"index","follow":"follow","max-snippet":"max-snippet:-1","max-image-preview":"max-image-preview:large","max-video-preview":"max-video-preview:-1"},"canonical":"https:\/\/cafesantahelena.com\/it\/products\/bollitore-elettrico\/","og_locale":"it_IT","og_type":"article","og_title":"Bollitore elettrico Brewista - Caf\u00e9 Santa Helena","og_description":"Bollitore elettrico d'acqua Brewista. Iniziate il vostro rituale del caff\u00e8 mattutino con il bollitore Artisan. Capacit\u00e0 di 1,0 litri. Acquista ora!","og_url":"https:\/\/cafesantahelena.com\/it\/products\/bollitore-elettrico\/","og_site_name":"Caf\u00e9 Santa Helena","article_modified_time":"2025-01-20T18:33:29+00:00","og_image":[{"width":350,"height":450,"url":"https:\/\/cafesantahelena.com\/wp-content\/uploads\/2024\/07\/Brewista-electrical-kettle-.webp","type":"image\/webp"}],"twitter_card":"summary_large_image","twitter_misc":{"Tempo di lettura stimato":"3 minuti"},"schema":{"@context":"https:\/\/schema.org","@graph":[{"@type":"WebPage","@id":"https:\/\/cafesantahelena.com\/it\/products\/bollitore-elettrico\/","url":"https:\/\/cafesantahelena.com\/it\/products\/bollitore-elettrico\/","name":"Bollitore elettrico Brewista - Caf\u00e9 Santa Helena","isPartOf":{"@id":"https:\/\/cafesantahelena.com\/#website"},"primaryImageOfPage":{"@id":"https:\/\/cafesantahelena.com\/it\/products\/bollitore-elettrico\/#primaryimage"},"image":{"@id":"https:\/\/cafesantahelena.com\/it\/products\/bollitore-elettrico\/#primaryimage"},"thumbnailUrl":"https:\/\/cafesantahelena.com\/wp-content\/uploads\/2024\/07\/Brewista-electrical-kettle-.webp","datePublished":"2025-01-04T13:58:58+00:00","dateModified":"2025-01-20T18:33:29+00:00","description":"Bollitore elettrico d'acqua Brewista. Iniziate il vostro rituale del caff\u00e8 mattutino con il bollitore Artisan. Capacit\u00e0 di 1,0 litri. Acquista ora!","breadcrumb":{"@id":"https:\/\/cafesantahelena.com\/it\/products\/bollitore-elettrico\/#breadcrumb"},"inLanguage":"it-IT","potentialAction":[{"@type":"ReadAction","target":["https:\/\/cafesantahelena.com\/it\/products\/bollitore-elettrico\/"]}]},{"@type":"ImageObject","inLanguage":"it-IT","@id":"https:\/\/cafesantahelena.com\/it\/products\/bollitore-elettrico\/#primaryimage","url":"https:\/\/cafesantahelena.com\/wp-content\/uploads\/2024\/07\/Brewista-electrical-kettle-.webp","contentUrl":"https:\/\/cafesantahelena.com\/wp-content\/uploads\/2024\/07\/Brewista-electrical-kettle-.webp","width":350,"height":450,"caption":"electrical kettle"},{"@type":"BreadcrumbList","@id":"https:\/\/cafesantahelena.com\/it\/products\/bollitore-elettrico\/#breadcrumb","itemListElement":[{"@type":"ListItem","position":1,"name":"In\u00edcio","item":"https:\/\/cafesantahelena.com\/it\/"},{"@type":"ListItem","position":2,"name":"Produtos","item":"https:\/\/cafesantahelena.com\/loja\/"},{"@type":"ListItem","position":3,"name":"Brewista Artisan Bolliitore Elettrico"}]},{"@type":"WebSite","@id":"https:\/\/cafesantahelena.com\/#website","url":"https:\/\/cafesantahelena.com\/","name":"Caf\u00e9 Santa Helena","description":"","potentialAction":[{"@type":"SearchAction","target":{"@type":"EntryPoint","urlTemplate":"https:\/\/cafesantahelena.com\/?s={search_term_string}"},"query-input":{"@type":"PropertyValueSpecification","valueRequired":true,"valueName":"search_term_string"}}],"inLanguage":"it-IT"}]}},"_links":{"self":[{"href":"https:\/\/cafesantahelena.com\/it\/wp-json\/wp\/v2\/product\/16761","targetHints":{"allow":["GET"]}}],"collection":[{"href":"https:\/\/cafesantahelena.com\/it\/wp-json\/wp\/v2\/product"}],"about":[{"href":"https:\/\/cafesantahelena.com\/it\/wp-json\/wp\/v2\/types\/product"}],"replies":[{"embeddable":true,"href":"https:\/\/cafesantahelena.com\/it\/wp-json\/wp\/v2\/comments?post=16761"}],"wp:featuredmedia":[{"embeddable":true,"href":"https:\/\/cafesantahelena.com\/it\/wp-json\/wp\/v2\/media\/17064"}],"wp:attachment":[{"href":"https:\/\/cafesantahelena.com\/it\/wp-json\/wp\/v2\/media?parent=16761"}],"wp:term":[{"taxonomy":"product_brand","embeddable":true,"href":"https:\/\/cafesantahelena.com\/it\/wp-json\/wp\/v2\/product_brand?post=16761"},{"taxonomy":"product_cat","embeddable":true,"href":"https:\/\/cafesantahelena.com\/it\/wp-json\/wp\/v2\/product_cat?post=16761"},{"taxonomy":"product_tag","embeddable":true,"href":"https:\/\/cafesantahelena.com\/it\/wp-json\/wp\/v2\/product_tag?post=16761"}],"curies":[{"name":"wp","href":"https:\/\/api.w.org\/{rel}","templated":true}]}}