{"id":16800,"date":"2025-01-05T14:49:41","date_gmt":"2025-01-05T14:49:41","guid":{"rendered":"https:\/\/cafesantahelena.com\/products\/capsules-espresso-coffee\/"},"modified":"2025-01-20T18:29:17","modified_gmt":"2025-01-20T18:29:17","slug":"capsule-caffe-bio-espresso","status":"publish","type":"product","link":"https:\/\/cafesantahelena.com\/it\/products\/capsule-caffe-bio-espresso\/","title":{"rendered":"Capsule Caff\u00e8 Bio Espresso"},"content":{"rendered":"<h2 style=\"text-align: left;\"><span style=\"color: #000000;\">Capsule di Caff\u00e8 Sostenibili in trucioli di legno<\/span><\/h2>\n<p>Capsule Caff\u00e8 bio espresso<\/p>\n<p>Compatibile con il sistema Nespresso<\/p>\n<p>Compostabile\u00a0 e biodegradabile<\/p>\n<p>Caff\u00e8 Speciale biologico, 100% Arabica<\/p>\n<p><strong>Variet\u00e0 botanica:<\/strong> Arabica (Catuai Vermelho)<\/p>\n<p><strong>Provenienza<\/strong>: Brasile<\/p>\n<p><strong>Raccolta<\/strong>: A mano<\/p>\n<p><strong>Essiccazione:<\/strong> Al sole<\/p>\n<p><strong>Tostatura<\/strong>: Tostatura artigianale lenta in una tostatrice a legna sulle montagne svizzere dell&#8217;Engadina.<\/p>\n<p><strong>Intensit\u00e0<\/strong>: Tostatura scura per un classico espresso italiano<\/p>\n<h3 style=\"text-align: left;\"><span style=\"font-size: 14pt; color: #000000;\"><strong>Qual \u00e8 il significato di \u201ccaff\u00e8 espresso\u201d?<\/strong><\/span><\/h3>\n<p>L&#8217;espresso \u00e8 un tipo di caff\u00e8 italiano che viene preparato forzando l&#8217;acqua calda (circa 90 c) sotto pressione attraverso chicchi di caff\u00e8 tostati e finemente macinati.<\/p>\n<p>Se all&#8217;espresso si aggiunge il latte caldo, si ottiene il cappuccino.<\/p>\n<p><strong>Ingredienti:\u00a0<\/strong>Capsule di caff\u00e8 espresso bio, 100% Arabica dal Brasile.<\/p>\n<p>Scatola rotonda di carta kraft. 10 capsule<\/p>\n<p>&nbsp;<\/p>\n<h3 style=\"text-align: center;\"><span style=\"font-size: 18pt;\"><strong><span style=\"color: #ff0000;\"><span style=\"color: #800000;\"><em>Scegliete il meglio!<\/em><\/span><\/span><\/strong><\/span><span style=\"color: #800000;\"><em>\u00a0<strong><span style=\"font-size: 18pt;\">Caf\u00e9 Santa Helena<\/span><\/strong><\/em><\/span><\/h3>\n<h3 style=\"text-align: center;\"><span style=\"color: #800000;\"><em><a style=\"color: #800000;\" href=\"?add-to-cart=16800\"><span style=\"font-size: 24pt;\"><strong>Aggiungi al Carrello!<\/strong><\/span><\/a><\/em><\/span><\/h3>\n<p style=\"text-align: center;\"><img decoding=\"async\" class=\"alignnone wp-image-15375\" src=\"https:\/\/cafesantahelena.com\/wp-content\/uploads\/2024\/11\/logo-1.png\" alt=\"Logo Caf\u00e9 Santa Helena\" width=\"172\" height=\"172\" srcset=\"https:\/\/cafesantahelena.com\/wp-content\/uploads\/2024\/11\/logo-1.png 300w, https:\/\/cafesantahelena.com\/wp-content\/uploads\/2024\/11\/logo-1-100x100.png 100w, https:\/\/cafesantahelena.com\/wp-content\/uploads\/2024\/11\/logo-1-64x64.png 64w, https:\/\/cafesantahelena.com\/wp-content\/uploads\/2024\/11\/logo-1-150x150.png 150w\" sizes=\"(max-width: 172px) 100vw, 172px\" \/><\/p>\n<p>&nbsp;<\/p>\n","protected":false},"excerpt":{"rendered":"<p>IVA incl.<\/p>\n<p>Spese di spedizione alla cassa<\/p>\n<p>Capsule di caff\u00e8 eccezionali, tostato artigianalmente in una tostatrice a legna che conferisce un sapore speciale.<\/p>\n<p>100% Bio Arabica, caff\u00e8 Speciale, Origine Singola.<\/p>\n<p>Dolcezza accentuata e basso livello di acidit\u00e0 residua. Note sensoriali di caramello, cioccolato fondente, sentori di noci e frutta. Corpo pieno e crema gustosa.<\/p>\n<p>Ideale per chi ama un espresso forte.<\/p>\n<p>Intensit\u00e0: Tostatura scura<\/p>\n<p>Capsule compostabili e biodegradabili.<\/p>\n<p>Scatola rotonda in carta Kraft = 10 capsule compatibili con il sistema Nespresso\u00ae.<\/p>\n","protected":false},"featured_media":17024,"comment_status":"open","ping_status":"closed","template":"","meta":[],"product_brand":[],"product_cat":[189],"product_tag":[210,293],"class_list":{"0":"post-16800","1":"product","2":"type-product","3":"status-publish","4":"has-post-thumbnail","6":"product_cat-eco-capsule","7":"product_tag-capsule-it","8":"product_tag-espresso-coffee-it","10":"first","11":"outofstock","12":"featured","13":"shipping-taxable","14":"purchasable","15":"product-type-simple"},"yoast_head":"<!-- This site is optimized with the Yoast SEO plugin v26.4 - https:\/\/yoast.com\/wordpress\/plugins\/seo\/ -->\n<title>Capsule Caff\u00e8 Bio Espresso - Caf\u00e9 Santa Helena<\/title>\n<meta name=\"description\" content=\"Capsule caff\u00e8 bio espresso. Materiale naturale di trucioli di legno. Compostabile e Biodegradabile. Caff\u00e8 Speciale, 100% Bio Arabica. Scatola con 10 capsule\" \/>\n<meta name=\"robots\" content=\"index, follow, max-snippet:-1, max-image-preview:large, max-video-preview:-1\" \/>\n<link rel=\"canonical\" href=\"https:\/\/cafesantahelena.com\/it\/products\/capsule-caffe-bio-espresso\/\" \/>\n<meta property=\"og:locale\" content=\"it_IT\" \/>\n<meta property=\"og:type\" content=\"article\" \/>\n<meta property=\"og:title\" content=\"Capsule Caff\u00e8 Bio Espresso - Caf\u00e9 Santa Helena\" \/>\n<meta property=\"og:description\" content=\"Capsule caff\u00e8 bio espresso. Materiale naturale di trucioli di legno. Compostabile e Biodegradabile. Caff\u00e8 Speciale, 100% Bio Arabica. Scatola con 10 capsule\" \/>\n<meta property=\"og:url\" content=\"https:\/\/cafesantahelena.com\/it\/products\/capsule-caffe-bio-espresso\/\" \/>\n<meta property=\"og:site_name\" content=\"Caf\u00e9 Santa Helena\" \/>\n<meta property=\"article:modified_time\" content=\"2025-01-20T18:29:17+00:00\" \/>\n<meta property=\"og:image\" content=\"https:\/\/cafesantahelena.com\/wp-content\/uploads\/2024\/07\/Capsules-espresso-organic-coffee.webp\" \/>\n\t<meta property=\"og:image:width\" content=\"350\" \/>\n\t<meta property=\"og:image:height\" content=\"450\" \/>\n\t<meta property=\"og:image:type\" content=\"image\/webp\" \/>\n<meta name=\"twitter:card\" content=\"summary_large_image\" \/>\n<meta name=\"twitter:label1\" content=\"Tempo di lettura stimato\" \/>\n\t<meta name=\"twitter:data1\" content=\"1 minuto\" \/>\n<script type=\"application\/ld+json\" class=\"yoast-schema-graph\">{\"@context\":\"https:\/\/schema.org\",\"@graph\":[{\"@type\":\"WebPage\",\"@id\":\"https:\/\/cafesantahelena.com\/it\/products\/capsule-caffe-bio-espresso\/\",\"url\":\"https:\/\/cafesantahelena.com\/it\/products\/capsule-caffe-bio-espresso\/\",\"name\":\"Capsule Caff\u00e8 Bio Espresso - Caf\u00e9 Santa Helena\",\"isPartOf\":{\"@id\":\"https:\/\/cafesantahelena.com\/#website\"},\"primaryImageOfPage\":{\"@id\":\"https:\/\/cafesantahelena.com\/it\/products\/capsule-caffe-bio-espresso\/#primaryimage\"},\"image\":{\"@id\":\"https:\/\/cafesantahelena.com\/it\/products\/capsule-caffe-bio-espresso\/#primaryimage\"},\"thumbnailUrl\":\"https:\/\/cafesantahelena.com\/wp-content\/uploads\/2024\/07\/Capsules-espresso-organic-coffee.webp\",\"datePublished\":\"2025-01-05T14:49:41+00:00\",\"dateModified\":\"2025-01-20T18:29:17+00:00\",\"description\":\"Capsule caff\u00e8 bio espresso. Materiale naturale di trucioli di legno. Compostabile e Biodegradabile. Caff\u00e8 Speciale, 100% Bio Arabica. Scatola con 10 capsule\",\"breadcrumb\":{\"@id\":\"https:\/\/cafesantahelena.com\/it\/products\/capsule-caffe-bio-espresso\/#breadcrumb\"},\"inLanguage\":\"it-IT\",\"potentialAction\":[{\"@type\":\"ReadAction\",\"target\":[\"https:\/\/cafesantahelena.com\/it\/products\/capsule-caffe-bio-espresso\/\"]}]},{\"@type\":\"ImageObject\",\"inLanguage\":\"it-IT\",\"@id\":\"https:\/\/cafesantahelena.com\/it\/products\/capsule-caffe-bio-espresso\/#primaryimage\",\"url\":\"https:\/\/cafesantahelena.com\/wp-content\/uploads\/2024\/07\/Capsules-espresso-organic-coffee.webp\",\"contentUrl\":\"https:\/\/cafesantahelena.com\/wp-content\/uploads\/2024\/07\/Capsules-espresso-organic-coffee.webp\",\"width\":350,\"height\":450,\"caption\":\"capsules espresso organic coffee\"},{\"@type\":\"BreadcrumbList\",\"@id\":\"https:\/\/cafesantahelena.com\/it\/products\/capsule-caffe-bio-espresso\/#breadcrumb\",\"itemListElement\":[{\"@type\":\"ListItem\",\"position\":1,\"name\":\"In\u00edcio\",\"item\":\"https:\/\/cafesantahelena.com\/it\/\"},{\"@type\":\"ListItem\",\"position\":2,\"name\":\"Produtos\",\"item\":\"https:\/\/cafesantahelena.com\/loja\/\"},{\"@type\":\"ListItem\",\"position\":3,\"name\":\"Capsule Caff\u00e8 Bio Espresso\"}]},{\"@type\":\"WebSite\",\"@id\":\"https:\/\/cafesantahelena.com\/#website\",\"url\":\"https:\/\/cafesantahelena.com\/\",\"name\":\"Caf\u00e9 Santa Helena\",\"description\":\"\",\"potentialAction\":[{\"@type\":\"SearchAction\",\"target\":{\"@type\":\"EntryPoint\",\"urlTemplate\":\"https:\/\/cafesantahelena.com\/?s={search_term_string}\"},\"query-input\":{\"@type\":\"PropertyValueSpecification\",\"valueRequired\":true,\"valueName\":\"search_term_string\"}}],\"inLanguage\":\"it-IT\"}]}<\/script>\n<!-- \/ Yoast SEO plugin. -->","yoast_head_json":{"title":"Capsule Caff\u00e8 Bio Espresso - Caf\u00e9 Santa Helena","description":"Capsule caff\u00e8 bio espresso. Materiale naturale di trucioli di legno. Compostabile e Biodegradabile. Caff\u00e8 Speciale, 100% Bio Arabica. Scatola con 10 capsule","robots":{"index":"index","follow":"follow","max-snippet":"max-snippet:-1","max-image-preview":"max-image-preview:large","max-video-preview":"max-video-preview:-1"},"canonical":"https:\/\/cafesantahelena.com\/it\/products\/capsule-caffe-bio-espresso\/","og_locale":"it_IT","og_type":"article","og_title":"Capsule Caff\u00e8 Bio Espresso - Caf\u00e9 Santa Helena","og_description":"Capsule caff\u00e8 bio espresso. Materiale naturale di trucioli di legno. Compostabile e Biodegradabile. Caff\u00e8 Speciale, 100% Bio Arabica. Scatola con 10 capsule","og_url":"https:\/\/cafesantahelena.com\/it\/products\/capsule-caffe-bio-espresso\/","og_site_name":"Caf\u00e9 Santa Helena","article_modified_time":"2025-01-20T18:29:17+00:00","og_image":[{"width":350,"height":450,"url":"https:\/\/cafesantahelena.com\/wp-content\/uploads\/2024\/07\/Capsules-espresso-organic-coffee.webp","type":"image\/webp"}],"twitter_card":"summary_large_image","twitter_misc":{"Tempo di lettura stimato":"1 minuto"},"schema":{"@context":"https:\/\/schema.org","@graph":[{"@type":"WebPage","@id":"https:\/\/cafesantahelena.com\/it\/products\/capsule-caffe-bio-espresso\/","url":"https:\/\/cafesantahelena.com\/it\/products\/capsule-caffe-bio-espresso\/","name":"Capsule Caff\u00e8 Bio Espresso - Caf\u00e9 Santa Helena","isPartOf":{"@id":"https:\/\/cafesantahelena.com\/#website"},"primaryImageOfPage":{"@id":"https:\/\/cafesantahelena.com\/it\/products\/capsule-caffe-bio-espresso\/#primaryimage"},"image":{"@id":"https:\/\/cafesantahelena.com\/it\/products\/capsule-caffe-bio-espresso\/#primaryimage"},"thumbnailUrl":"https:\/\/cafesantahelena.com\/wp-content\/uploads\/2024\/07\/Capsules-espresso-organic-coffee.webp","datePublished":"2025-01-05T14:49:41+00:00","dateModified":"2025-01-20T18:29:17+00:00","description":"Capsule caff\u00e8 bio espresso. Materiale naturale di trucioli di legno. Compostabile e Biodegradabile. Caff\u00e8 Speciale, 100% Bio Arabica. Scatola con 10 capsule","breadcrumb":{"@id":"https:\/\/cafesantahelena.com\/it\/products\/capsule-caffe-bio-espresso\/#breadcrumb"},"inLanguage":"it-IT","potentialAction":[{"@type":"ReadAction","target":["https:\/\/cafesantahelena.com\/it\/products\/capsule-caffe-bio-espresso\/"]}]},{"@type":"ImageObject","inLanguage":"it-IT","@id":"https:\/\/cafesantahelena.com\/it\/products\/capsule-caffe-bio-espresso\/#primaryimage","url":"https:\/\/cafesantahelena.com\/wp-content\/uploads\/2024\/07\/Capsules-espresso-organic-coffee.webp","contentUrl":"https:\/\/cafesantahelena.com\/wp-content\/uploads\/2024\/07\/Capsules-espresso-organic-coffee.webp","width":350,"height":450,"caption":"capsules espresso organic coffee"},{"@type":"BreadcrumbList","@id":"https:\/\/cafesantahelena.com\/it\/products\/capsule-caffe-bio-espresso\/#breadcrumb","itemListElement":[{"@type":"ListItem","position":1,"name":"In\u00edcio","item":"https:\/\/cafesantahelena.com\/it\/"},{"@type":"ListItem","position":2,"name":"Produtos","item":"https:\/\/cafesantahelena.com\/loja\/"},{"@type":"ListItem","position":3,"name":"Capsule Caff\u00e8 Bio Espresso"}]},{"@type":"WebSite","@id":"https:\/\/cafesantahelena.com\/#website","url":"https:\/\/cafesantahelena.com\/","name":"Caf\u00e9 Santa Helena","description":"","potentialAction":[{"@type":"SearchAction","target":{"@type":"EntryPoint","urlTemplate":"https:\/\/cafesantahelena.com\/?s={search_term_string}"},"query-input":{"@type":"PropertyValueSpecification","valueRequired":true,"valueName":"search_term_string"}}],"inLanguage":"it-IT"}]}},"_links":{"self":[{"href":"https:\/\/cafesantahelena.com\/it\/wp-json\/wp\/v2\/product\/16800","targetHints":{"allow":["GET"]}}],"collection":[{"href":"https:\/\/cafesantahelena.com\/it\/wp-json\/wp\/v2\/product"}],"about":[{"href":"https:\/\/cafesantahelena.com\/it\/wp-json\/wp\/v2\/types\/product"}],"replies":[{"embeddable":true,"href":"https:\/\/cafesantahelena.com\/it\/wp-json\/wp\/v2\/comments?post=16800"}],"wp:featuredmedia":[{"embeddable":true,"href":"https:\/\/cafesantahelena.com\/it\/wp-json\/wp\/v2\/media\/17024"}],"wp:attachment":[{"href":"https:\/\/cafesantahelena.com\/it\/wp-json\/wp\/v2\/media?parent=16800"}],"wp:term":[{"taxonomy":"product_brand","embeddable":true,"href":"https:\/\/cafesantahelena.com\/it\/wp-json\/wp\/v2\/product_brand?post=16800"},{"taxonomy":"product_cat","embeddable":true,"href":"https:\/\/cafesantahelena.com\/it\/wp-json\/wp\/v2\/product_cat?post=16800"},{"taxonomy":"product_tag","embeddable":true,"href":"https:\/\/cafesantahelena.com\/it\/wp-json\/wp\/v2\/product_tag?post=16800"}],"curies":[{"name":"wp","href":"https:\/\/api.w.org\/{rel}","templated":true}]}}