{"id":17337,"date":"2024-12-31T20:35:22","date_gmt":"2024-12-31T20:35:22","guid":{"rendered":"https:\/\/cafesantahelena.com\/products\/capsule-di-caffe-cafe-feminino\/"},"modified":"2024-12-31T20:35:22","modified_gmt":"2024-12-31T20:35:22","slug":"capsule-di-caffe-cafe-feminino","status":"publish","type":"product","link":"https:\/\/cafesantahelena.com\/it\/products\/capsule-di-caffe-cafe-feminino\/","title":{"rendered":"Capsule di caff\u00e8 Caf\u00e9 Feminino"},"content":{"rendered":"<p>Capsule di caff\u00e8 Caf\u00e9 Feminino<\/p>\n<p>Il caff\u00e8 \u00e8 prodotto solo da donne &#8211; Sud di Minas Gerais<br \/>\n100% Arabica, Caff\u00e8 speciale, 86 punti SCA, Micro-lotti. Tostatura lenta artigianale a legna \ud83e\udeb5 in una tostatrice a legna. Grado di tostatura: Medio<\/p>\n<p style=\"text-align: left;\">Ideale per l&#8217;espresso. Alta dolcezza e bassa acidit\u00e0. Produce una splendida crema. Retrogusto morbido. <strong>Note sensoriali<\/strong>: Fruttato e floreale.\n<\/p>\n<p style=\"text-align: left;\"><strong><br \/>\nCapsule<\/strong><\/p>\n<ul>\n<li style=\"text-align: left;\">Capsule innovative realizzate con materiali naturali in Svizzera<\/li>\n<li style=\"text-align: left;\">Materiale biobased rinnovabile<\/li>\n<li style=\"text-align: left;\">Non OGM<\/li>\n<li style=\"text-align: left;\">No PLA<\/li>\n<li style=\"text-align: left;\">No Alluminio<\/li>\n<li style=\"text-align: left;\">Nessun materiale fossile in plastica<\/li>\n<li>Giardino domestico compostabile<\/li>\n<\/ul>\n<p>Compatibile con le macchine dei sistemi Nespresso<\/p>\n<p><strong>Infusione del caff\u00e8 con acqua &#8211; filtro attraverso micropieghe &#8211; risultato ottimale in tazza.<\/strong><\/p>\n<p><strong>Ingredienti<\/strong>:<br \/>\nCaff\u00e8 in capsule. 100% Arabica biologico.<br \/>\nTostatura media.<br \/>\nConfezione da 10 capsule. <\/p>\n<p style=\"text-align: center;\"><a href=\"Aggiungi al carrello=16659\"><span style=\"color: #800000;\"><strong>Aggiungi al carrello<\/strong><\/span><\/a><\/p>\n<p style=\"text-align: center;\"><img decoding=\"async\" class=\"alignnone wp-image-15375\" src=\"https:\/\/cafesantahelena.com\/wp-content\/uploads\/2024\/11\/logo-1.png\" alt=\"Logo Caf\u00e9 Santa Helena\" width=\"170\" height=\"170\" srcset=\"https:\/\/cafesantahelena.com\/wp-content\/uploads\/2024\/11\/logo-1.png 300w, https:\/\/cafesantahelena.com\/wp-content\/uploads\/2024\/11\/logo-1-100x100.png 100w, https:\/\/cafesantahelena.com\/wp-content\/uploads\/2024\/11\/logo-1-64x64.png 64w, https:\/\/cafesantahelena.com\/wp-content\/uploads\/2024\/11\/logo-1-150x150.png 150w\" sizes=\"(max-width: 170px) 100vw, 170px\" \/><\/p>\n<p class=\"p1\">\n","protected":false},"excerpt":{"rendered":"<p>IVA inclusa.<\/p>\n<p>Pi\u00f9 le spese di spedizione alla cassa Caff\u00e8 Eco-Capsule Capsule compostabili e biodegradabili realizzate in Svizzera con materiale naturale Caff\u00e8 biologico, speciale, 100% arabica- Caff\u00e8 microlotto con un basso livello di acidit\u00e0 residua e una dolcezza pronunciata. <strong>Note sensoriali<\/strong>: fruttate e floreali<br \/>\nGrado di tostatura: Medio Ideale per chi ama l&#8217;espresso con una crema deliziosa. Retrogusto morbido. Compatibile con le macchine Nespresso System.<br \/>\nConfezione da 10 capsule<\/p>\n","protected":false},"featured_media":16655,"comment_status":"open","ping_status":"closed","template":"","meta":[],"product_brand":[],"product_cat":[189],"product_tag":[325,293],"class_list":{"0":"post-17337","1":"product","2":"type-product","3":"status-publish","4":"has-post-thumbnail","6":"product_cat-eco-capsule","7":"product_tag-capsule-di-caffe-it","8":"product_tag-espresso-coffee-it","10":"first","11":"outofstock","12":"featured","13":"shipping-taxable","14":"purchasable","15":"product-type-simple"},"yoast_head":"<!-- This site is optimized with the Yoast SEO plugin v26.4 - https:\/\/yoast.com\/wordpress\/plugins\/seo\/ -->\n<title>Capsule di caff\u00e8 Caf\u00e9 Feminino - Caf\u00e9 Santa Helena<\/title>\n<meta name=\"description\" content=\"Capsule di caff\u00e8 Caf\u00e9 Feminino. Coltivato solo da donne nel sud di Minas Gerais. 100% Arabica biologico, caff\u00e8 speciale Microlot. Confezione da 10 capsule.\" \/>\n<meta name=\"robots\" content=\"index, follow, max-snippet:-1, max-image-preview:large, max-video-preview:-1\" \/>\n<link rel=\"canonical\" href=\"https:\/\/cafesantahelena.com\/it\/products\/capsule-di-caffe-cafe-feminino\/\" \/>\n<meta property=\"og:locale\" content=\"it_IT\" \/>\n<meta property=\"og:type\" content=\"article\" \/>\n<meta property=\"og:title\" content=\"Capsule di caff\u00e8 Caf\u00e9 Feminino - Caf\u00e9 Santa Helena\" \/>\n<meta property=\"og:description\" content=\"Capsule di caff\u00e8 Caf\u00e9 Feminino. Coltivato solo da donne nel sud di Minas Gerais. 100% Arabica biologico, caff\u00e8 speciale Microlot. Confezione da 10 capsule.\" \/>\n<meta property=\"og:url\" content=\"https:\/\/cafesantahelena.com\/it\/products\/capsule-di-caffe-cafe-feminino\/\" \/>\n<meta property=\"og:site_name\" content=\"Caf\u00e9 Santa Helena\" \/>\n<meta property=\"og:image\" content=\"https:\/\/cafesantahelena.com\/wp-content\/uploads\/2024\/12\/custom-3.png\" \/>\n\t<meta property=\"og:image:width\" content=\"350\" \/>\n\t<meta property=\"og:image:height\" content=\"450\" \/>\n\t<meta property=\"og:image:type\" content=\"image\/png\" \/>\n<meta name=\"twitter:card\" content=\"summary_large_image\" \/>\n<meta name=\"twitter:label1\" content=\"Tempo di lettura stimato\" \/>\n\t<meta name=\"twitter:data1\" content=\"1 minuto\" \/>\n<script type=\"application\/ld+json\" class=\"yoast-schema-graph\">{\"@context\":\"https:\/\/schema.org\",\"@graph\":[{\"@type\":\"WebPage\",\"@id\":\"https:\/\/cafesantahelena.com\/it\/products\/capsule-di-caffe-cafe-feminino\/\",\"url\":\"https:\/\/cafesantahelena.com\/it\/products\/capsule-di-caffe-cafe-feminino\/\",\"name\":\"Capsule di caff\u00e8 Caf\u00e9 Feminino - Caf\u00e9 Santa Helena\",\"isPartOf\":{\"@id\":\"https:\/\/cafesantahelena.com\/#website\"},\"primaryImageOfPage\":{\"@id\":\"https:\/\/cafesantahelena.com\/it\/products\/capsule-di-caffe-cafe-feminino\/#primaryimage\"},\"image\":{\"@id\":\"https:\/\/cafesantahelena.com\/it\/products\/capsule-di-caffe-cafe-feminino\/#primaryimage\"},\"thumbnailUrl\":\"https:\/\/cafesantahelena.com\/wp-content\/uploads\/2024\/12\/custom-3.png\",\"datePublished\":\"2024-12-31T20:35:22+00:00\",\"description\":\"Capsule di caff\u00e8 Caf\u00e9 Feminino. Coltivato solo da donne nel sud di Minas Gerais. 100% Arabica biologico, caff\u00e8 speciale Microlot. Confezione da 10 capsule.\",\"breadcrumb\":{\"@id\":\"https:\/\/cafesantahelena.com\/it\/products\/capsule-di-caffe-cafe-feminino\/#breadcrumb\"},\"inLanguage\":\"it-IT\",\"potentialAction\":[{\"@type\":\"ReadAction\",\"target\":[\"https:\/\/cafesantahelena.com\/it\/products\/capsule-di-caffe-cafe-feminino\/\"]}]},{\"@type\":\"ImageObject\",\"inLanguage\":\"it-IT\",\"@id\":\"https:\/\/cafesantahelena.com\/it\/products\/capsule-di-caffe-cafe-feminino\/#primaryimage\",\"url\":\"https:\/\/cafesantahelena.com\/wp-content\/uploads\/2024\/12\/custom-3.png\",\"contentUrl\":\"https:\/\/cafesantahelena.com\/wp-content\/uploads\/2024\/12\/custom-3.png\",\"width\":350,\"height\":450},{\"@type\":\"BreadcrumbList\",\"@id\":\"https:\/\/cafesantahelena.com\/it\/products\/capsule-di-caffe-cafe-feminino\/#breadcrumb\",\"itemListElement\":[{\"@type\":\"ListItem\",\"position\":1,\"name\":\"In\u00edcio\",\"item\":\"https:\/\/cafesantahelena.com\/it\/\"},{\"@type\":\"ListItem\",\"position\":2,\"name\":\"Produtos\",\"item\":\"https:\/\/cafesantahelena.com\/loja\/\"},{\"@type\":\"ListItem\",\"position\":3,\"name\":\"Capsule di caff\u00e8 Caf\u00e9 Feminino\"}]},{\"@type\":\"WebSite\",\"@id\":\"https:\/\/cafesantahelena.com\/#website\",\"url\":\"https:\/\/cafesantahelena.com\/\",\"name\":\"Caf\u00e9 Santa Helena\",\"description\":\"\",\"potentialAction\":[{\"@type\":\"SearchAction\",\"target\":{\"@type\":\"EntryPoint\",\"urlTemplate\":\"https:\/\/cafesantahelena.com\/?s={search_term_string}\"},\"query-input\":{\"@type\":\"PropertyValueSpecification\",\"valueRequired\":true,\"valueName\":\"search_term_string\"}}],\"inLanguage\":\"it-IT\"}]}<\/script>\n<!-- \/ Yoast SEO plugin. -->","yoast_head_json":{"title":"Capsule di caff\u00e8 Caf\u00e9 Feminino - Caf\u00e9 Santa Helena","description":"Capsule di caff\u00e8 Caf\u00e9 Feminino. Coltivato solo da donne nel sud di Minas Gerais. 100% Arabica biologico, caff\u00e8 speciale Microlot. Confezione da 10 capsule.","robots":{"index":"index","follow":"follow","max-snippet":"max-snippet:-1","max-image-preview":"max-image-preview:large","max-video-preview":"max-video-preview:-1"},"canonical":"https:\/\/cafesantahelena.com\/it\/products\/capsule-di-caffe-cafe-feminino\/","og_locale":"it_IT","og_type":"article","og_title":"Capsule di caff\u00e8 Caf\u00e9 Feminino - Caf\u00e9 Santa Helena","og_description":"Capsule di caff\u00e8 Caf\u00e9 Feminino. Coltivato solo da donne nel sud di Minas Gerais. 100% Arabica biologico, caff\u00e8 speciale Microlot. Confezione da 10 capsule.","og_url":"https:\/\/cafesantahelena.com\/it\/products\/capsule-di-caffe-cafe-feminino\/","og_site_name":"Caf\u00e9 Santa Helena","og_image":[{"width":350,"height":450,"url":"https:\/\/cafesantahelena.com\/wp-content\/uploads\/2024\/12\/custom-3.png","type":"image\/png"}],"twitter_card":"summary_large_image","twitter_misc":{"Tempo di lettura stimato":"1 minuto"},"schema":{"@context":"https:\/\/schema.org","@graph":[{"@type":"WebPage","@id":"https:\/\/cafesantahelena.com\/it\/products\/capsule-di-caffe-cafe-feminino\/","url":"https:\/\/cafesantahelena.com\/it\/products\/capsule-di-caffe-cafe-feminino\/","name":"Capsule di caff\u00e8 Caf\u00e9 Feminino - Caf\u00e9 Santa Helena","isPartOf":{"@id":"https:\/\/cafesantahelena.com\/#website"},"primaryImageOfPage":{"@id":"https:\/\/cafesantahelena.com\/it\/products\/capsule-di-caffe-cafe-feminino\/#primaryimage"},"image":{"@id":"https:\/\/cafesantahelena.com\/it\/products\/capsule-di-caffe-cafe-feminino\/#primaryimage"},"thumbnailUrl":"https:\/\/cafesantahelena.com\/wp-content\/uploads\/2024\/12\/custom-3.png","datePublished":"2024-12-31T20:35:22+00:00","description":"Capsule di caff\u00e8 Caf\u00e9 Feminino. Coltivato solo da donne nel sud di Minas Gerais. 100% Arabica biologico, caff\u00e8 speciale Microlot. Confezione da 10 capsule.","breadcrumb":{"@id":"https:\/\/cafesantahelena.com\/it\/products\/capsule-di-caffe-cafe-feminino\/#breadcrumb"},"inLanguage":"it-IT","potentialAction":[{"@type":"ReadAction","target":["https:\/\/cafesantahelena.com\/it\/products\/capsule-di-caffe-cafe-feminino\/"]}]},{"@type":"ImageObject","inLanguage":"it-IT","@id":"https:\/\/cafesantahelena.com\/it\/products\/capsule-di-caffe-cafe-feminino\/#primaryimage","url":"https:\/\/cafesantahelena.com\/wp-content\/uploads\/2024\/12\/custom-3.png","contentUrl":"https:\/\/cafesantahelena.com\/wp-content\/uploads\/2024\/12\/custom-3.png","width":350,"height":450},{"@type":"BreadcrumbList","@id":"https:\/\/cafesantahelena.com\/it\/products\/capsule-di-caffe-cafe-feminino\/#breadcrumb","itemListElement":[{"@type":"ListItem","position":1,"name":"In\u00edcio","item":"https:\/\/cafesantahelena.com\/it\/"},{"@type":"ListItem","position":2,"name":"Produtos","item":"https:\/\/cafesantahelena.com\/loja\/"},{"@type":"ListItem","position":3,"name":"Capsule di caff\u00e8 Caf\u00e9 Feminino"}]},{"@type":"WebSite","@id":"https:\/\/cafesantahelena.com\/#website","url":"https:\/\/cafesantahelena.com\/","name":"Caf\u00e9 Santa Helena","description":"","potentialAction":[{"@type":"SearchAction","target":{"@type":"EntryPoint","urlTemplate":"https:\/\/cafesantahelena.com\/?s={search_term_string}"},"query-input":{"@type":"PropertyValueSpecification","valueRequired":true,"valueName":"search_term_string"}}],"inLanguage":"it-IT"}]}},"_links":{"self":[{"href":"https:\/\/cafesantahelena.com\/it\/wp-json\/wp\/v2\/product\/17337","targetHints":{"allow":["GET"]}}],"collection":[{"href":"https:\/\/cafesantahelena.com\/it\/wp-json\/wp\/v2\/product"}],"about":[{"href":"https:\/\/cafesantahelena.com\/it\/wp-json\/wp\/v2\/types\/product"}],"replies":[{"embeddable":true,"href":"https:\/\/cafesantahelena.com\/it\/wp-json\/wp\/v2\/comments?post=17337"}],"wp:featuredmedia":[{"embeddable":true,"href":"https:\/\/cafesantahelena.com\/it\/wp-json\/wp\/v2\/media\/16655"}],"wp:attachment":[{"href":"https:\/\/cafesantahelena.com\/it\/wp-json\/wp\/v2\/media?parent=17337"}],"wp:term":[{"taxonomy":"product_brand","embeddable":true,"href":"https:\/\/cafesantahelena.com\/it\/wp-json\/wp\/v2\/product_brand?post=17337"},{"taxonomy":"product_cat","embeddable":true,"href":"https:\/\/cafesantahelena.com\/it\/wp-json\/wp\/v2\/product_cat?post=17337"},{"taxonomy":"product_tag","embeddable":true,"href":"https:\/\/cafesantahelena.com\/it\/wp-json\/wp\/v2\/product_tag?post=17337"}],"curies":[{"name":"wp","href":"https:\/\/api.w.org\/{rel}","templated":true}]}}