{"id":20013,"date":"2025-07-24T21:40:49","date_gmt":"2025-07-24T21:40:49","guid":{"rendered":"https:\/\/cafesantahelena.com\/?post_type=product&#038;p=20013"},"modified":"2026-02-24T20:26:07","modified_gmt":"2026-02-24T20:26:07","slug":"golf-balls","status":"publish","type":"product","link":"https:\/\/cafesantahelena.com\/it\/products\/golf-balls\/","title":{"rendered":"Caf\u00e9 Santa Helena Golf Balls"},"content":{"rendered":"<p style=\"text-align: right;\">Golf balls Caf\u00e9 Santa Helena are made exclusively for coffee and golf lovers.\ud83c\udfcc\ufe0f\u200d\u2642\ufe0f\u2615\ufe0f<\/p>\n<p>Warbird Distance + is a distance ball that creates maximum speed from an extra-large, high energy core and a 2 piece construction.<\/p>\n<p>This durable design promotes high launch and long carry from Hex Aerodynamics, with impressive feel and control.<\/p>\n<p>Benefits:<\/p>\n<p>Long Distance &#8211; built to unlock more potential distance at any swing speed.<\/p>\n<p>Durable Distance &#8211; is a reliable, durable distance ball from the optimized cover sistem.<\/p>\n<p>Elegant and beautiful design with Caf\u00e9 Santa Helena golden logo.<\/p>\n<p>If you are a golfer and coffee lover or want to give someone a gift, don\u2019t hesitate, and buy these beautiful balls!<\/p>\n<p>&nbsp;<\/p>\n<p style=\"text-align: center;\"><em><a href=\"?add-to-cart=20013\"><span style=\"color: #800000;\"><strong>BUY NOW!<\/strong><\/span><\/a><\/em><\/p>\n<p style=\"text-align: center;\"><img fetchpriority=\"high\" decoding=\"async\" class=\"alignnone size-full wp-image-15375\" src=\"https:\/\/cafesantahelena.com\/wp-content\/uploads\/2024\/11\/logo-1.png\" alt=\"Logo Caf\u00e9 Santa Helena\" width=\"300\" height=\"300\" srcset=\"https:\/\/cafesantahelena.com\/wp-content\/uploads\/2024\/11\/logo-1.png 300w, https:\/\/cafesantahelena.com\/wp-content\/uploads\/2024\/11\/logo-1-100x100.png 100w, https:\/\/cafesantahelena.com\/wp-content\/uploads\/2024\/11\/logo-1-64x64.png 64w, https:\/\/cafesantahelena.com\/wp-content\/uploads\/2024\/11\/logo-1-150x150.png 150w\" sizes=\"(max-width: 300px) 100vw, 300px\" \/><\/p>\n<p>&nbsp;<\/p>\n","protected":false},"excerpt":{"rendered":"<p>IVA incl. + Shipping Costs at checkout<\/p>\n<p>Exclusively golf balls made by Callaway.<\/p>\n<p>Color white with the Caf\u00e9 Santa Helena golden logo.<\/p>\n<p>Warbird Distance + that creates maximum speed from an extra-large, high energy core and a 2 piece construction.<\/p>\n","protected":false},"featured_media":20024,"comment_status":"open","ping_status":"closed","template":"","meta":[],"product_brand":[],"product_cat":[187],"product_tag":[400],"class_list":{"0":"post-20013","1":"product","2":"type-product","3":"status-publish","4":"has-post-thumbnail","6":"product_cat-altri","7":"product_tag-golf-balls","9":"first","10":"outofstock","11":"featured","12":"shipping-taxable","13":"purchasable","14":"product-type-variable","15":"has-default-attributes"},"yoast_head":"<!-- This site is optimized with the Yoast SEO plugin v26.4 - https:\/\/yoast.com\/wordpress\/plugins\/seo\/ -->\n<title>Golf Balls - Caf\u00e9 Santa Helena<\/title>\n<meta name=\"description\" content=\"Golf Balls Caf\u00e9 Santa Helena. Made by Callaway exclusively with the Caf\u00e9 Santa Helena\u2019s golden logo. If you are a golfer and coffee lover buy now!\" \/>\n<meta name=\"robots\" content=\"index, follow, max-snippet:-1, max-image-preview:large, max-video-preview:-1\" \/>\n<link rel=\"canonical\" href=\"https:\/\/cafesantahelena.com\/products\/golf-balls\/\" \/>\n<meta property=\"og:locale\" content=\"it_IT\" \/>\n<meta property=\"og:type\" content=\"article\" \/>\n<meta property=\"og:title\" content=\"Golf Balls - Caf\u00e9 Santa Helena\" \/>\n<meta property=\"og:description\" content=\"Golf Balls Caf\u00e9 Santa Helena. Made by Callaway exclusively with the Caf\u00e9 Santa Helena\u2019s golden logo. If you are a golfer and coffee lover buy now!\" \/>\n<meta property=\"og:url\" content=\"https:\/\/cafesantahelena.com\/products\/golf-balls\/\" \/>\n<meta property=\"og:site_name\" content=\"Caf\u00e9 Santa Helena\" \/>\n<meta property=\"article:modified_time\" content=\"2026-02-24T20:26:07+00:00\" \/>\n<meta property=\"og:image\" content=\"https:\/\/cafesantahelena.com\/wp-content\/uploads\/2025\/07\/IMG_6948.png\" \/>\n\t<meta property=\"og:image:width\" content=\"350\" \/>\n\t<meta property=\"og:image:height\" content=\"450\" \/>\n\t<meta property=\"og:image:type\" content=\"image\/png\" \/>\n<meta name=\"twitter:card\" content=\"summary_large_image\" \/>\n<meta name=\"twitter:label1\" content=\"Tempo di lettura stimato\" \/>\n\t<meta name=\"twitter:data1\" content=\"1 minuto\" \/>\n<script type=\"application\/ld+json\" class=\"yoast-schema-graph\">{\"@context\":\"https:\/\/schema.org\",\"@graph\":[{\"@type\":\"WebPage\",\"@id\":\"https:\/\/cafesantahelena.com\/products\/golf-balls\/\",\"url\":\"https:\/\/cafesantahelena.com\/products\/golf-balls\/\",\"name\":\"Golf Balls - Caf\u00e9 Santa Helena\",\"isPartOf\":{\"@id\":\"https:\/\/cafesantahelena.com\/#website\"},\"primaryImageOfPage\":{\"@id\":\"https:\/\/cafesantahelena.com\/products\/golf-balls\/#primaryimage\"},\"image\":{\"@id\":\"https:\/\/cafesantahelena.com\/products\/golf-balls\/#primaryimage\"},\"thumbnailUrl\":\"https:\/\/cafesantahelena.com\/wp-content\/uploads\/2025\/07\/IMG_6948.png\",\"datePublished\":\"2025-07-24T21:40:49+00:00\",\"dateModified\":\"2026-02-24T20:26:07+00:00\",\"description\":\"Golf Balls Caf\u00e9 Santa Helena. Made by Callaway exclusively with the Caf\u00e9 Santa Helena\u2019s golden logo. If you are a golfer and coffee lover buy now!\",\"breadcrumb\":{\"@id\":\"https:\/\/cafesantahelena.com\/products\/golf-balls\/#breadcrumb\"},\"inLanguage\":\"it-IT\",\"potentialAction\":[{\"@type\":\"ReadAction\",\"target\":[\"https:\/\/cafesantahelena.com\/products\/golf-balls\/\"]}]},{\"@type\":\"ImageObject\",\"inLanguage\":\"it-IT\",\"@id\":\"https:\/\/cafesantahelena.com\/products\/golf-balls\/#primaryimage\",\"url\":\"https:\/\/cafesantahelena.com\/wp-content\/uploads\/2025\/07\/IMG_6948.png\",\"contentUrl\":\"https:\/\/cafesantahelena.com\/wp-content\/uploads\/2025\/07\/IMG_6948.png\",\"width\":350,\"height\":450,\"caption\":\"Golf balls\"},{\"@type\":\"BreadcrumbList\",\"@id\":\"https:\/\/cafesantahelena.com\/products\/golf-balls\/#breadcrumb\",\"itemListElement\":[{\"@type\":\"ListItem\",\"position\":1,\"name\":\"In\u00edcio\",\"item\":\"https:\/\/cafesantahelena.com\/it\/\"},{\"@type\":\"ListItem\",\"position\":2,\"name\":\"Produtos\",\"item\":\"https:\/\/cafesantahelena.com\/loja\/\"},{\"@type\":\"ListItem\",\"position\":3,\"name\":\"Caf\u00e9 Santa Helena Golf Balls\"}]},{\"@type\":\"WebSite\",\"@id\":\"https:\/\/cafesantahelena.com\/#website\",\"url\":\"https:\/\/cafesantahelena.com\/\",\"name\":\"Caf\u00e9 Santa Helena\",\"description\":\"\",\"potentialAction\":[{\"@type\":\"SearchAction\",\"target\":{\"@type\":\"EntryPoint\",\"urlTemplate\":\"https:\/\/cafesantahelena.com\/?s={search_term_string}\"},\"query-input\":{\"@type\":\"PropertyValueSpecification\",\"valueRequired\":true,\"valueName\":\"search_term_string\"}}],\"inLanguage\":\"it-IT\"}]}<\/script>\n<!-- \/ Yoast SEO plugin. -->","yoast_head_json":{"title":"Golf Balls - Caf\u00e9 Santa Helena","description":"Golf Balls Caf\u00e9 Santa Helena. Made by Callaway exclusively with the Caf\u00e9 Santa Helena\u2019s golden logo. If you are a golfer and coffee lover buy now!","robots":{"index":"index","follow":"follow","max-snippet":"max-snippet:-1","max-image-preview":"max-image-preview:large","max-video-preview":"max-video-preview:-1"},"canonical":"https:\/\/cafesantahelena.com\/products\/golf-balls\/","og_locale":"it_IT","og_type":"article","og_title":"Golf Balls - Caf\u00e9 Santa Helena","og_description":"Golf Balls Caf\u00e9 Santa Helena. Made by Callaway exclusively with the Caf\u00e9 Santa Helena\u2019s golden logo. If you are a golfer and coffee lover buy now!","og_url":"https:\/\/cafesantahelena.com\/products\/golf-balls\/","og_site_name":"Caf\u00e9 Santa Helena","article_modified_time":"2026-02-24T20:26:07+00:00","og_image":[{"width":350,"height":450,"url":"https:\/\/cafesantahelena.com\/wp-content\/uploads\/2025\/07\/IMG_6948.png","type":"image\/png"}],"twitter_card":"summary_large_image","twitter_misc":{"Tempo di lettura stimato":"1 minuto"},"schema":{"@context":"https:\/\/schema.org","@graph":[{"@type":"WebPage","@id":"https:\/\/cafesantahelena.com\/products\/golf-balls\/","url":"https:\/\/cafesantahelena.com\/products\/golf-balls\/","name":"Golf Balls - Caf\u00e9 Santa Helena","isPartOf":{"@id":"https:\/\/cafesantahelena.com\/#website"},"primaryImageOfPage":{"@id":"https:\/\/cafesantahelena.com\/products\/golf-balls\/#primaryimage"},"image":{"@id":"https:\/\/cafesantahelena.com\/products\/golf-balls\/#primaryimage"},"thumbnailUrl":"https:\/\/cafesantahelena.com\/wp-content\/uploads\/2025\/07\/IMG_6948.png","datePublished":"2025-07-24T21:40:49+00:00","dateModified":"2026-02-24T20:26:07+00:00","description":"Golf Balls Caf\u00e9 Santa Helena. Made by Callaway exclusively with the Caf\u00e9 Santa Helena\u2019s golden logo. If you are a golfer and coffee lover buy now!","breadcrumb":{"@id":"https:\/\/cafesantahelena.com\/products\/golf-balls\/#breadcrumb"},"inLanguage":"it-IT","potentialAction":[{"@type":"ReadAction","target":["https:\/\/cafesantahelena.com\/products\/golf-balls\/"]}]},{"@type":"ImageObject","inLanguage":"it-IT","@id":"https:\/\/cafesantahelena.com\/products\/golf-balls\/#primaryimage","url":"https:\/\/cafesantahelena.com\/wp-content\/uploads\/2025\/07\/IMG_6948.png","contentUrl":"https:\/\/cafesantahelena.com\/wp-content\/uploads\/2025\/07\/IMG_6948.png","width":350,"height":450,"caption":"Golf balls"},{"@type":"BreadcrumbList","@id":"https:\/\/cafesantahelena.com\/products\/golf-balls\/#breadcrumb","itemListElement":[{"@type":"ListItem","position":1,"name":"In\u00edcio","item":"https:\/\/cafesantahelena.com\/it\/"},{"@type":"ListItem","position":2,"name":"Produtos","item":"https:\/\/cafesantahelena.com\/loja\/"},{"@type":"ListItem","position":3,"name":"Caf\u00e9 Santa Helena Golf Balls"}]},{"@type":"WebSite","@id":"https:\/\/cafesantahelena.com\/#website","url":"https:\/\/cafesantahelena.com\/","name":"Caf\u00e9 Santa Helena","description":"","potentialAction":[{"@type":"SearchAction","target":{"@type":"EntryPoint","urlTemplate":"https:\/\/cafesantahelena.com\/?s={search_term_string}"},"query-input":{"@type":"PropertyValueSpecification","valueRequired":true,"valueName":"search_term_string"}}],"inLanguage":"it-IT"}]}},"_links":{"self":[{"href":"https:\/\/cafesantahelena.com\/it\/wp-json\/wp\/v2\/product\/20013","targetHints":{"allow":["GET"]}}],"collection":[{"href":"https:\/\/cafesantahelena.com\/it\/wp-json\/wp\/v2\/product"}],"about":[{"href":"https:\/\/cafesantahelena.com\/it\/wp-json\/wp\/v2\/types\/product"}],"replies":[{"embeddable":true,"href":"https:\/\/cafesantahelena.com\/it\/wp-json\/wp\/v2\/comments?post=20013"}],"wp:featuredmedia":[{"embeddable":true,"href":"https:\/\/cafesantahelena.com\/it\/wp-json\/wp\/v2\/media\/20024"}],"wp:attachment":[{"href":"https:\/\/cafesantahelena.com\/it\/wp-json\/wp\/v2\/media?parent=20013"}],"wp:term":[{"taxonomy":"product_brand","embeddable":true,"href":"https:\/\/cafesantahelena.com\/it\/wp-json\/wp\/v2\/product_brand?post=20013"},{"taxonomy":"product_cat","embeddable":true,"href":"https:\/\/cafesantahelena.com\/it\/wp-json\/wp\/v2\/product_cat?post=20013"},{"taxonomy":"product_tag","embeddable":true,"href":"https:\/\/cafesantahelena.com\/it\/wp-json\/wp\/v2\/product_tag?post=20013"}],"curies":[{"name":"wp","href":"https:\/\/api.w.org\/{rel}","templated":true}]}}