{"id":13488,"date":"2024-07-12T17:16:14","date_gmt":"2024-07-12T17:16:14","guid":{"rendered":"https:\/\/cafesantahelena.alivanstudio.com\/cart\/"},"modified":"2025-03-16T10:00:00","modified_gmt":"2025-03-16T10:00:00","slug":"carrinho","status":"publish","type":"page","link":"https:\/\/cafesantahelena.com\/pt-pt\/carrinho\/","title":{"rendered":"Carrinho"},"content":{"rendered":"\t\t<div data-elementor-type=\"wp-page\" data-elementor-id=\"13488\" class=\"elementor elementor-13488 elementor-9\" data-elementor-post-type=\"page\">\n\t\t\t\t<div class=\"elementor-element elementor-element-9e414ee e-flex e-con-boxed e-con e-parent\" data-id=\"9e414ee\" data-element_type=\"container\" data-settings=\"{&quot;background_background&quot;:&quot;classic&quot;}\">\n\t\t\t\t\t<div class=\"e-con-inner\">\n\t\t\t\t\t<\/div>\n\t\t\t\t<\/div>\n\t\t\t\t<\/div>\n\t\t","protected":false},"excerpt":{"rendered":"<p>O seu carrinho est\u00e1 vazio. Voltar para a loja<\/p>\n","protected":false},"author":1,"featured_media":0,"parent":0,"menu_order":0,"comment_status":"closed","ping_status":"closed","template":"elementor_header_footer","meta":{"footnotes":""},"class_list":["post-13488","page","type-page","status-publish","hentry"],"yoast_head":"<!-- This site is optimized with the Yoast SEO plugin v26.4 - https:\/\/yoast.com\/wordpress\/plugins\/seo\/ -->\n<title>Carrinho de Compras - Caf\u00e9 Santa Helena<\/title>\n<meta name=\"description\" content=\"Carrinho de compras do Caf\u00e9 Santa Helena \u00e9 onde voc\u00ea coloca os produtos que voc\u00ea selecionou para poder finalizar a compra.\" \/>\n<meta name=\"robots\" content=\"index, follow, max-snippet:-1, max-image-preview:large, max-video-preview:-1\" \/>\n<link rel=\"canonical\" href=\"https:\/\/cafesantahelena.com\/pt-pt\/carrinho\/\" \/>\n<meta property=\"og:locale\" content=\"pt_PT\" \/>\n<meta property=\"og:type\" content=\"article\" \/>\n<meta property=\"og:title\" content=\"Carrinho de Compras - Caf\u00e9 Santa Helena\" \/>\n<meta property=\"og:description\" content=\"Carrinho de compras do Caf\u00e9 Santa Helena \u00e9 onde voc\u00ea coloca os produtos que voc\u00ea selecionou para poder finalizar a compra.\" \/>\n<meta property=\"og:url\" content=\"https:\/\/cafesantahelena.com\/pt-pt\/carrinho\/\" \/>\n<meta property=\"og:site_name\" content=\"Caf\u00e9 Santa Helena\" \/>\n<meta property=\"article:modified_time\" content=\"2025-03-16T10:00:00+00:00\" \/>\n<meta name=\"twitter:card\" content=\"summary_large_image\" \/>\n<meta name=\"twitter:label1\" content=\"Tempo estimado de leitura\" \/>\n\t<meta name=\"twitter:data1\" content=\"1 minuto\" \/>\n<script type=\"application\/ld+json\" class=\"yoast-schema-graph\">{\"@context\":\"https:\/\/schema.org\",\"@graph\":[{\"@type\":\"WebPage\",\"@id\":\"https:\/\/cafesantahelena.com\/pt-pt\/carrinho\/\",\"url\":\"https:\/\/cafesantahelena.com\/pt-pt\/carrinho\/\",\"name\":\"Carrinho de Compras - Caf\u00e9 Santa Helena\",\"isPartOf\":{\"@id\":\"https:\/\/cafesantahelena.com\/#website\"},\"datePublished\":\"2024-07-12T17:16:14+00:00\",\"dateModified\":\"2025-03-16T10:00:00+00:00\",\"description\":\"Carrinho de compras do Caf\u00e9 Santa Helena \u00e9 onde voc\u00ea coloca os produtos que voc\u00ea selecionou para poder finalizar a compra.\",\"breadcrumb\":{\"@id\":\"https:\/\/cafesantahelena.com\/pt-pt\/carrinho\/#breadcrumb\"},\"inLanguage\":\"pt-PT\",\"potentialAction\":[{\"@type\":\"ReadAction\",\"target\":[\"https:\/\/cafesantahelena.com\/pt-pt\/carrinho\/\"]}]},{\"@type\":\"BreadcrumbList\",\"@id\":\"https:\/\/cafesantahelena.com\/pt-pt\/carrinho\/#breadcrumb\",\"itemListElement\":[{\"@type\":\"ListItem\",\"position\":1,\"name\":\"In\u00edcio\",\"item\":\"https:\/\/cafesantahelena.com\/pt-pt\/\"},{\"@type\":\"ListItem\",\"position\":2,\"name\":\"Carrinho\"}]},{\"@type\":\"WebSite\",\"@id\":\"https:\/\/cafesantahelena.com\/#website\",\"url\":\"https:\/\/cafesantahelena.com\/\",\"name\":\"Caf\u00e9 Santa Helena\",\"description\":\"\",\"potentialAction\":[{\"@type\":\"SearchAction\",\"target\":{\"@type\":\"EntryPoint\",\"urlTemplate\":\"https:\/\/cafesantahelena.com\/?s={search_term_string}\"},\"query-input\":{\"@type\":\"PropertyValueSpecification\",\"valueRequired\":true,\"valueName\":\"search_term_string\"}}],\"inLanguage\":\"pt-PT\"}]}<\/script>\n<!-- \/ Yoast SEO plugin. -->","yoast_head_json":{"title":"Carrinho de Compras - Caf\u00e9 Santa Helena","description":"Carrinho de compras do Caf\u00e9 Santa Helena \u00e9 onde voc\u00ea coloca os produtos que voc\u00ea selecionou para poder finalizar a compra.","robots":{"index":"index","follow":"follow","max-snippet":"max-snippet:-1","max-image-preview":"max-image-preview:large","max-video-preview":"max-video-preview:-1"},"canonical":"https:\/\/cafesantahelena.com\/pt-pt\/carrinho\/","og_locale":"pt_PT","og_type":"article","og_title":"Carrinho de Compras - Caf\u00e9 Santa Helena","og_description":"Carrinho de compras do Caf\u00e9 Santa Helena \u00e9 onde voc\u00ea coloca os produtos que voc\u00ea selecionou para poder finalizar a compra.","og_url":"https:\/\/cafesantahelena.com\/pt-pt\/carrinho\/","og_site_name":"Caf\u00e9 Santa Helena","article_modified_time":"2025-03-16T10:00:00+00:00","twitter_card":"summary_large_image","twitter_misc":{"Tempo estimado de leitura":"1 minuto"},"schema":{"@context":"https:\/\/schema.org","@graph":[{"@type":"WebPage","@id":"https:\/\/cafesantahelena.com\/pt-pt\/carrinho\/","url":"https:\/\/cafesantahelena.com\/pt-pt\/carrinho\/","name":"Carrinho de Compras - Caf\u00e9 Santa Helena","isPartOf":{"@id":"https:\/\/cafesantahelena.com\/#website"},"datePublished":"2024-07-12T17:16:14+00:00","dateModified":"2025-03-16T10:00:00+00:00","description":"Carrinho de compras do Caf\u00e9 Santa Helena \u00e9 onde voc\u00ea coloca os produtos que voc\u00ea selecionou para poder finalizar a compra.","breadcrumb":{"@id":"https:\/\/cafesantahelena.com\/pt-pt\/carrinho\/#breadcrumb"},"inLanguage":"pt-PT","potentialAction":[{"@type":"ReadAction","target":["https:\/\/cafesantahelena.com\/pt-pt\/carrinho\/"]}]},{"@type":"BreadcrumbList","@id":"https:\/\/cafesantahelena.com\/pt-pt\/carrinho\/#breadcrumb","itemListElement":[{"@type":"ListItem","position":1,"name":"In\u00edcio","item":"https:\/\/cafesantahelena.com\/pt-pt\/"},{"@type":"ListItem","position":2,"name":"Carrinho"}]},{"@type":"WebSite","@id":"https:\/\/cafesantahelena.com\/#website","url":"https:\/\/cafesantahelena.com\/","name":"Caf\u00e9 Santa Helena","description":"","potentialAction":[{"@type":"SearchAction","target":{"@type":"EntryPoint","urlTemplate":"https:\/\/cafesantahelena.com\/?s={search_term_string}"},"query-input":{"@type":"PropertyValueSpecification","valueRequired":true,"valueName":"search_term_string"}}],"inLanguage":"pt-PT"}]}},"_links":{"self":[{"href":"https:\/\/cafesantahelena.com\/pt-pt\/wp-json\/wp\/v2\/pages\/13488","targetHints":{"allow":["GET"]}}],"collection":[{"href":"https:\/\/cafesantahelena.com\/pt-pt\/wp-json\/wp\/v2\/pages"}],"about":[{"href":"https:\/\/cafesantahelena.com\/pt-pt\/wp-json\/wp\/v2\/types\/page"}],"author":[{"embeddable":true,"href":"https:\/\/cafesantahelena.com\/pt-pt\/wp-json\/wp\/v2\/users\/1"}],"replies":[{"embeddable":true,"href":"https:\/\/cafesantahelena.com\/pt-pt\/wp-json\/wp\/v2\/comments?post=13488"}],"version-history":[{"count":4,"href":"https:\/\/cafesantahelena.com\/pt-pt\/wp-json\/wp\/v2\/pages\/13488\/revisions"}],"predecessor-version":[{"id":19857,"href":"https:\/\/cafesantahelena.com\/pt-pt\/wp-json\/wp\/v2\/pages\/13488\/revisions\/19857"}],"wp:attachment":[{"href":"https:\/\/cafesantahelena.com\/pt-pt\/wp-json\/wp\/v2\/media?parent=13488"}],"curies":[{"name":"wp","href":"https:\/\/api.w.org\/{rel}","templated":true}]}}