{"id":13559,"date":"2024-08-14T19:32:26","date_gmt":"2024-08-14T19:32:26","guid":{"rendered":"https:\/\/cafesantahelena.alivanstudio.com\/blogue\/"},"modified":"2025-02-26T17:01:04","modified_gmt":"2025-02-26T17:01:04","slug":"blogue","status":"publish","type":"page","link":"https:\/\/cafesantahelena.com\/pt-pt\/blogue\/","title":{"rendered":"Blogue"},"content":{"rendered":"\t\t<div data-elementor-type=\"wp-page\" data-elementor-id=\"13559\" class=\"elementor elementor-13559 elementor-11533\" data-elementor-post-type=\"page\">\n\t\t\t\t<div class=\"elementor-element elementor-element-b0cc706 e-con-full e-flex e-con e-parent\" data-id=\"b0cc706\" data-element_type=\"container\">\n\t\t\t\t<div class=\"elementor-element elementor-element-2fb0600 elementor-widget elementor-widget-image\" data-id=\"2fb0600\" data-element_type=\"widget\" data-widget_type=\"image.default\">\n\t\t\t\t<div class=\"elementor-widget-container\">\n\t\t\t\t\t\t\t\t\t\t\t\t\t\t\t<img fetchpriority=\"high\" decoding=\"async\" width=\"1050\" height=\"350\" src=\"https:\/\/cafesantahelena.com\/wp-content\/uploads\/2025\/01\/IMG_5174.webp\" class=\"attachment-full size-full wp-image-17501\" alt=\"blog\" srcset=\"https:\/\/cafesantahelena.com\/wp-content\/uploads\/2025\/01\/IMG_5174.webp 1050w, https:\/\/cafesantahelena.com\/wp-content\/uploads\/2025\/01\/IMG_5174-300x100.webp 300w, https:\/\/cafesantahelena.com\/wp-content\/uploads\/2025\/01\/IMG_5174-1024x341.webp 1024w, https:\/\/cafesantahelena.com\/wp-content\/uploads\/2025\/01\/IMG_5174-768x256.webp 768w, https:\/\/cafesantahelena.com\/wp-content\/uploads\/2025\/01\/IMG_5174-350x117.webp 350w, https:\/\/cafesantahelena.com\/wp-content\/uploads\/2025\/01\/IMG_5174-64x21.webp 64w\" sizes=\"(max-width: 1050px) 100vw, 1050px\" \/>\t\t\t\t\t\t\t\t\t\t\t\t\t\t\t<\/div>\n\t\t\t\t<\/div>\n\t\t\t\t<\/div>\n\t\t<div class=\"elementor-element elementor-element-0d0df48 e-flex e-con-boxed e-con e-parent\" data-id=\"0d0df48\" data-element_type=\"container\">\n\t\t\t\t\t<div class=\"e-con-inner\">\n\t\t<div class=\"elementor-element elementor-element-72be672 e-con-full e-flex elementor-invisible e-con e-child\" data-id=\"72be672\" data-element_type=\"container\" data-settings=\"{&quot;animation&quot;:&quot;fadeInUp&quot;}\">\n\t\t\t\t<div class=\"elementor-element elementor-element-7246af2 elementor-grid-tablet-3 elementor-posts--align-left elementor-grid-3 elementor-grid-mobile-1 elementor-posts--thumbnail-top elementor-posts__hover-gradient elementor-widget elementor-widget-posts\" data-id=\"7246af2\" data-element_type=\"widget\" data-settings=\"{&quot;pagination_type&quot;:&quot;prev_next&quot;,&quot;cards_columns_tablet&quot;:&quot;3&quot;,&quot;cards_columns&quot;:&quot;3&quot;,&quot;cards_columns_mobile&quot;:&quot;1&quot;,&quot;cards_row_gap&quot;:{&quot;unit&quot;:&quot;px&quot;,&quot;size&quot;:35,&quot;sizes&quot;:[]},&quot;cards_row_gap_tablet&quot;:{&quot;unit&quot;:&quot;px&quot;,&quot;size&quot;:&quot;&quot;,&quot;sizes&quot;:[]},&quot;cards_row_gap_mobile&quot;:{&quot;unit&quot;:&quot;px&quot;,&quot;size&quot;:&quot;&quot;,&quot;sizes&quot;:[]}}\" data-widget_type=\"posts.cards\">\n\t\t\t\t<div class=\"elementor-widget-container\">\n\t\t\t\t\t\t\t<div class=\"elementor-posts-container elementor-posts elementor-posts--skin-cards elementor-grid\" role=\"list\">\n\t\t\t\t<article class=\"elementor-post elementor-grid-item post-13800 post type-post status-publish format-standard has-post-thumbnail hentry category-sem-categoria\" role=\"listitem\">\n\t\t\t<div class=\"elementor-post__card\">\n\t\t\t\t<a class=\"elementor-post__thumbnail__link\" href=\"https:\/\/cafesantahelena.com\/pt-pt\/maquina-espresso\/\" tabindex=\"-1\" ><div class=\"elementor-post__thumbnail\"><img decoding=\"async\" width=\"400\" height=\"250\" src=\"https:\/\/cafesantahelena.com\/wp-content\/uploads\/2023\/06\/F64295B7-5358-4964-8CF1-4FEAD82C077F-400x250-1.jpeg\" class=\"attachment-full size-full wp-image-13178\" alt=\"\" srcset=\"https:\/\/cafesantahelena.com\/wp-content\/uploads\/2023\/06\/F64295B7-5358-4964-8CF1-4FEAD82C077F-400x250-1.jpeg 400w, https:\/\/cafesantahelena.com\/wp-content\/uploads\/2023\/06\/F64295B7-5358-4964-8CF1-4FEAD82C077F-400x250-1-350x219.jpeg 350w, https:\/\/cafesantahelena.com\/wp-content\/uploads\/2023\/06\/F64295B7-5358-4964-8CF1-4FEAD82C077F-400x250-1-64x40.jpeg 64w, https:\/\/cafesantahelena.com\/wp-content\/uploads\/2023\/06\/F64295B7-5358-4964-8CF1-4FEAD82C077F-400x250-1-300x188.jpeg 300w\" sizes=\"(max-width: 400px) 100vw, 400px\" \/><\/div><\/a>\n\t\t\t\t<div class=\"elementor-post__text\">\n\t\t\t\t<h3 class=\"elementor-post__title\">\n\t\t\t<a href=\"https:\/\/cafesantahelena.com\/pt-pt\/maquina-espresso\/\" >\n\t\t\t\tQuem inventou a primeira m\u00e1quina de caf\u00e9 espresso?\t\t\t<\/a>\n\t\t<\/h3>\n\t\t\t\t<div class=\"elementor-post__excerpt\">\n\t\t\t<p>A primeira M\u00e1quina de Caf\u00e9 Espresso Em 1884, Angelo Moriondo, de Torino, It\u00e1lia, foi o inventor italiano que patenteou a<\/p>\n\t\t<\/div>\n\t\t\n\t\t<a class=\"elementor-post__read-more\" href=\"https:\/\/cafesantahelena.com\/pt-pt\/maquina-espresso\/\" aria-label=\"Read more about Quem inventou a primeira m\u00e1quina de caf\u00e9 espresso?\" tabindex=\"-1\" >\n\t\t\tAprende mais \u00bb\t\t<\/a>\n\n\t\t\t\t<\/div>\n\t\t\t\t\t<\/div>\n\t\t<\/article>\n\t\t\t\t<article class=\"elementor-post elementor-grid-item post-17606 post type-post status-publish format-standard has-post-thumbnail hentry category-sem-categoria\" role=\"listitem\">\n\t\t\t<div class=\"elementor-post__card\">\n\t\t\t\t<a class=\"elementor-post__thumbnail__link\" href=\"https:\/\/cafesantahelena.com\/pt-pt\/o-mito-do-cafe-forte\/\" tabindex=\"-1\" ><div class=\"elementor-post__thumbnail\"><img decoding=\"async\" width=\"1080\" height=\"650\" src=\"https:\/\/cafesantahelena.com\/wp-content\/uploads\/2023\/04\/IMG_5945.webp\" class=\"attachment-full size-full wp-image-18899\" alt=\"strong coffee\" srcset=\"https:\/\/cafesantahelena.com\/wp-content\/uploads\/2023\/04\/IMG_5945.webp 1080w, https:\/\/cafesantahelena.com\/wp-content\/uploads\/2023\/04\/IMG_5945-300x181.webp 300w, https:\/\/cafesantahelena.com\/wp-content\/uploads\/2023\/04\/IMG_5945-1024x616.webp 1024w, https:\/\/cafesantahelena.com\/wp-content\/uploads\/2023\/04\/IMG_5945-768x462.webp 768w, https:\/\/cafesantahelena.com\/wp-content\/uploads\/2023\/04\/IMG_5945-350x211.webp 350w, https:\/\/cafesantahelena.com\/wp-content\/uploads\/2023\/04\/IMG_5945-64x39.webp 64w\" sizes=\"(max-width: 1080px) 100vw, 1080px\" \/><\/div><\/a>\n\t\t\t\t<div class=\"elementor-post__text\">\n\t\t\t\t<h3 class=\"elementor-post__title\">\n\t\t\t<a href=\"https:\/\/cafesantahelena.com\/pt-pt\/o-mito-do-cafe-forte\/\" >\n\t\t\t\tO mito do caf\u00e9 forte\t\t\t<\/a>\n\t\t<\/h3>\n\t\t\t\t<div class=\"elementor-post__excerpt\">\n\t\t\t<p>Desconstruir o mito do caf\u00e9 forte Porque \u00e9 que se acredita que o caf\u00e9 deve ter uma torrefa\u00e7\u00e3o muito forte<\/p>\n\t\t<\/div>\n\t\t\n\t\t<a class=\"elementor-post__read-more\" href=\"https:\/\/cafesantahelena.com\/pt-pt\/o-mito-do-cafe-forte\/\" aria-label=\"Read more about O mito do caf\u00e9 forte\" tabindex=\"-1\" >\n\t\t\tAprende mais \u00bb\t\t<\/a>\n\n\t\t\t\t<\/div>\n\t\t\t\t\t<\/div>\n\t\t<\/article>\n\t\t\t\t<article class=\"elementor-post elementor-grid-item post-17619 post type-post status-publish format-standard has-post-thumbnail hentry category-sem-categoria tag-coffee-2-pt-pt tag-flat-white-pt-pt\" role=\"listitem\">\n\t\t\t<div class=\"elementor-post__card\">\n\t\t\t\t<a class=\"elementor-post__thumbnail__link\" href=\"https:\/\/cafesantahelena.com\/pt-pt\/cafe-flat-white\/\" tabindex=\"-1\" ><div class=\"elementor-post__thumbnail\"><img loading=\"lazy\" decoding=\"async\" width=\"400\" height=\"250\" src=\"https:\/\/cafesantahelena.com\/wp-content\/uploads\/2023\/04\/E2E33B25-2E88-4047-961A-E5C4BE720DF8-400x250-1.png\" class=\"attachment-full size-full wp-image-13186\" alt=\"\" srcset=\"https:\/\/cafesantahelena.com\/wp-content\/uploads\/2023\/04\/E2E33B25-2E88-4047-961A-E5C4BE720DF8-400x250-1.png 400w, https:\/\/cafesantahelena.com\/wp-content\/uploads\/2023\/04\/E2E33B25-2E88-4047-961A-E5C4BE720DF8-400x250-1-350x219.png 350w, https:\/\/cafesantahelena.com\/wp-content\/uploads\/2023\/04\/E2E33B25-2E88-4047-961A-E5C4BE720DF8-400x250-1-64x40.png 64w, https:\/\/cafesantahelena.com\/wp-content\/uploads\/2023\/04\/E2E33B25-2E88-4047-961A-E5C4BE720DF8-400x250-1-300x188.png 300w\" sizes=\"(max-width: 400px) 100vw, 400px\" \/><\/div><\/a>\n\t\t\t\t<div class=\"elementor-post__text\">\n\t\t\t\t<h3 class=\"elementor-post__title\">\n\t\t\t<a href=\"https:\/\/cafesantahelena.com\/pt-pt\/cafe-flat-white\/\" >\n\t\t\t\tCaf\u00e9 Flat White\t\t\t<\/a>\n\t\t<\/h3>\n\t\t\t\t<div class=\"elementor-post__excerpt\">\n\t\t\t<p>O que \u00e9 o caf\u00e9 Flat White? O caf\u00e9 Flat White \u00e9 uma bebida \u00e0 base de caf\u00e9 espresso com<\/p>\n\t\t<\/div>\n\t\t\n\t\t<a class=\"elementor-post__read-more\" href=\"https:\/\/cafesantahelena.com\/pt-pt\/cafe-flat-white\/\" aria-label=\"Read more about Caf\u00e9 Flat White\" tabindex=\"-1\" >\n\t\t\tAprende mais \u00bb\t\t<\/a>\n\n\t\t\t\t<\/div>\n\t\t\t\t\t<\/div>\n\t\t<\/article>\n\t\t\t\t<article class=\"elementor-post elementor-grid-item post-13889 post type-post status-publish format-standard has-post-thumbnail hentry category-sem-categoria\" role=\"listitem\">\n\t\t\t<div class=\"elementor-post__card\">\n\t\t\t\t<a class=\"elementor-post__thumbnail__link\" href=\"https:\/\/cafesantahelena.com\/pt-pt\/do-you-know-exactly-what-is-caffeine\/\" tabindex=\"-1\" ><div class=\"elementor-post__thumbnail\"><img loading=\"lazy\" decoding=\"async\" width=\"400\" height=\"250\" src=\"https:\/\/cafesantahelena.com\/wp-content\/uploads\/2021\/06\/7879AD0E-D045-4EF3-9DB2-4208F43F173C-400x250-1.jpeg\" class=\"attachment-full size-full wp-image-13170\" alt=\"\" srcset=\"https:\/\/cafesantahelena.com\/wp-content\/uploads\/2021\/06\/7879AD0E-D045-4EF3-9DB2-4208F43F173C-400x250-1.jpeg 400w, https:\/\/cafesantahelena.com\/wp-content\/uploads\/2021\/06\/7879AD0E-D045-4EF3-9DB2-4208F43F173C-400x250-1-350x219.jpeg 350w, https:\/\/cafesantahelena.com\/wp-content\/uploads\/2021\/06\/7879AD0E-D045-4EF3-9DB2-4208F43F173C-400x250-1-64x40.jpeg 64w, https:\/\/cafesantahelena.com\/wp-content\/uploads\/2021\/06\/7879AD0E-D045-4EF3-9DB2-4208F43F173C-400x250-1-300x188.jpeg 300w\" sizes=\"(max-width: 400px) 100vw, 400px\" \/><\/div><\/a>\n\t\t\t\t<div class=\"elementor-post__text\">\n\t\t\t\t<h3 class=\"elementor-post__title\">\n\t\t\t<a href=\"https:\/\/cafesantahelena.com\/pt-pt\/do-you-know-exactly-what-is-caffeine\/\" >\n\t\t\t\tVoc\u00ea sabe o que \u00e9 a Cafe\u00edna?\t\t\t<\/a>\n\t\t<\/h3>\n\t\t\t\t<div class=\"elementor-post__excerpt\">\n\t\t\t<p>Para al\u00e9m de apreciar os deliciosos aromas e sabores do caf\u00e9, sabe para que serve a cafe\u00edna? A hist\u00f3ria do<\/p>\n\t\t<\/div>\n\t\t\n\t\t<a class=\"elementor-post__read-more\" href=\"https:\/\/cafesantahelena.com\/pt-pt\/do-you-know-exactly-what-is-caffeine\/\" aria-label=\"Read more about Voc\u00ea sabe o que \u00e9 a Cafe\u00edna?\" tabindex=\"-1\" >\n\t\t\tAprende mais \u00bb\t\t<\/a>\n\n\t\t\t\t<\/div>\n\t\t\t\t\t<\/div>\n\t\t<\/article>\n\t\t\t\t<\/div>\n\t\t\n\t\t\t\t\t\t<\/div>\n\t\t\t\t<\/div>\n\t\t\t\t<\/div>\n\t\t\t\t\t<\/div>\n\t\t\t\t<\/div>\n\t\t<div class=\"elementor-element elementor-element-d7c10c2 e-con-full e-flex e-con e-parent\" data-id=\"d7c10c2\" data-element_type=\"container\">\n\t\t\t\t<div class=\"elementor-element elementor-element-98e4e09 elementor-widget elementor-widget-template\" data-id=\"98e4e09\" data-element_type=\"widget\" data-widget_type=\"template.default\">\n\t\t\t\t<div class=\"elementor-widget-container\">\n\t\t\t\t\t\t\t<div class=\"elementor-template\">\n\t\t\t\t\t<div data-elementor-type=\"container\" data-elementor-id=\"14437\" class=\"elementor elementor-14437 elementor-130\" data-elementor-post-type=\"elementor_library\">\n\t\t\t\t<div class=\"elementor-element elementor-element-277ccdff e-flex e-con-boxed e-con e-parent\" data-id=\"277ccdff\" data-element_type=\"container\" data-settings=\"{&quot;background_background&quot;:&quot;classic&quot;}\">\n\t\t\t\t\t<div class=\"e-con-inner\">\n\t\t\t\t<div class=\"elementor-element elementor-element-2b83604f elementor-widget__width-initial elementor-widget-tablet__width-initial elementor-widget-mobile__width-initial elementor-widget elementor-widget-image-box\" data-id=\"2b83604f\" data-element_type=\"widget\" data-widget_type=\"image-box.default\">\n\t\t\t\t<div class=\"elementor-widget-container\">\n\t\t\t\t\t<div class=\"elementor-image-box-wrapper\"><div class=\"elementor-image-box-content\"><h3 class=\"elementor-image-box-title\">Conven\u00e7a se do Nosso Caf\u00e9<\/h3><p class=\"elementor-image-box-description\"> Caf\u00e9  Santa Helena Org\u00e2nico, Caf\u00e9s Especiais, Microlotes- Sul de Minas Gerais-Brasil<\/p><\/div><\/div>\t\t\t\t<\/div>\n\t\t\t\t<\/div>\n\t\t\t\t<div class=\"elementor-element elementor-element-173352b3 elementor-widget__width-initial elementor-widget-tablet__width-initial elementor-widget-mobile__width-initial elementor-widget elementor-widget-image-box\" data-id=\"173352b3\" data-element_type=\"widget\" data-widget_type=\"image-box.default\">\n\t\t\t\t<div class=\"elementor-widget-container\">\n\t\t\t\t\t<div class=\"elementor-image-box-wrapper\"><div class=\"elementor-image-box-content\"><h3 class=\"elementor-image-box-title\">Experimente nosso Caf\u00e9 em C\u00e1psulas<\/h3><p class=\"elementor-image-box-description\">Compat\u00edvel com M\u00e1quinas Sistema-Nespresso\u00ae<br>Material Natural, Compost\u00e1vel e Biodegrad\u00e1vel<\/p><\/div><\/div>\t\t\t\t<\/div>\n\t\t\t\t<\/div>\n\t\t\t\t<div class=\"elementor-element elementor-element-2f16196b elementor-mobile-align-center elementor-widget__width-inherit elementor-align-center elementor-widget elementor-widget-button\" data-id=\"2f16196b\" data-element_type=\"widget\" data-widget_type=\"button.default\">\n\t\t\t\t<div class=\"elementor-widget-container\">\n\t\t\t\t\t\t\t\t\t<div class=\"elementor-button-wrapper\">\n\t\t\t\t\t<a class=\"elementor-button elementor-button-link elementor-size-sm elementor-animation-float\" href=\"https:\/\/cafesantahelena.com\/shop\">\n\t\t\t\t\t\t<span class=\"elementor-button-content-wrapper\">\n\t\t\t\t\t\t\t\t\t<span class=\"elementor-button-text\">Compre agora<\/span>\n\t\t\t\t\t<\/span>\n\t\t\t\t\t<\/a>\n\t\t\t\t<\/div>\n\t\t\t\t\t\t\t\t<\/div>\n\t\t\t\t<\/div>\n\t\t\t\t\t<\/div>\n\t\t\t\t<\/div>\n\t\t\t\t<\/div>\n\t\t\t\t<\/div>\n\t\t\t\t\t\t<\/div>\n\t\t\t\t<\/div>\n\t\t\t\t<\/div>\n\t\t\t\t<\/div>\n\t\t","protected":false},"excerpt":{"rendered":"","protected":false},"author":1,"featured_media":0,"parent":0,"menu_order":0,"comment_status":"closed","ping_status":"closed","template":"elementor_header_footer","meta":{"footnotes":""},"class_list":["post-13559","page","type-page","status-publish","hentry"],"yoast_head":"<!-- This site is optimized with the Yoast SEO plugin v26.4 - https:\/\/yoast.com\/wordpress\/plugins\/seo\/ -->\n<title>Blogue - Caf\u00e9 Santa Helena<\/title>\n<meta name=\"robots\" content=\"index, follow, max-snippet:-1, max-image-preview:large, max-video-preview:-1\" \/>\n<link rel=\"canonical\" href=\"https:\/\/cafesantahelena.com\/blog\/\" \/>\n<meta property=\"og:locale\" content=\"pt_PT\" \/>\n<meta property=\"og:type\" content=\"article\" \/>\n<meta property=\"og:title\" content=\"Blogue - Caf\u00e9 Santa Helena\" \/>\n<meta property=\"og:url\" content=\"https:\/\/cafesantahelena.com\/blog\/\" \/>\n<meta property=\"og:site_name\" content=\"Caf\u00e9 Santa Helena\" \/>\n<meta property=\"article:modified_time\" content=\"2025-02-26T17:01:04+00:00\" \/>\n<meta property=\"og:image\" content=\"https:\/\/cafesantahelena.com\/wp-content\/uploads\/2025\/01\/IMG_5174.webp\" \/>\n\t<meta property=\"og:image:width\" content=\"1050\" \/>\n\t<meta property=\"og:image:height\" content=\"350\" \/>\n\t<meta property=\"og:image:type\" content=\"image\/webp\" \/>\n<meta name=\"twitter:card\" content=\"summary_large_image\" \/>\n<meta name=\"twitter:label1\" content=\"Tempo estimado de leitura\" \/>\n\t<meta name=\"twitter:data1\" content=\"3 minutos\" \/>\n<script type=\"application\/ld+json\" class=\"yoast-schema-graph\">{\"@context\":\"https:\/\/schema.org\",\"@graph\":[{\"@type\":\"WebPage\",\"@id\":\"https:\/\/cafesantahelena.com\/blog\/\",\"url\":\"https:\/\/cafesantahelena.com\/blog\/\",\"name\":\"Blogue - Caf\u00e9 Santa Helena\",\"isPartOf\":{\"@id\":\"https:\/\/cafesantahelena.com\/#website\"},\"primaryImageOfPage\":{\"@id\":\"https:\/\/cafesantahelena.com\/blog\/#primaryimage\"},\"image\":{\"@id\":\"https:\/\/cafesantahelena.com\/blog\/#primaryimage\"},\"thumbnailUrl\":\"https:\/\/cafesantahelena.com\/wp-content\/uploads\/2025\/01\/IMG_5174.webp\",\"datePublished\":\"2024-08-14T19:32:26+00:00\",\"dateModified\":\"2025-02-26T17:01:04+00:00\",\"breadcrumb\":{\"@id\":\"https:\/\/cafesantahelena.com\/blog\/#breadcrumb\"},\"inLanguage\":\"pt-PT\",\"potentialAction\":[{\"@type\":\"ReadAction\",\"target\":[\"https:\/\/cafesantahelena.com\/blog\/\"]}]},{\"@type\":\"ImageObject\",\"inLanguage\":\"pt-PT\",\"@id\":\"https:\/\/cafesantahelena.com\/blog\/#primaryimage\",\"url\":\"https:\/\/cafesantahelena.com\/wp-content\/uploads\/2025\/01\/IMG_5174.webp\",\"contentUrl\":\"https:\/\/cafesantahelena.com\/wp-content\/uploads\/2025\/01\/IMG_5174.webp\"},{\"@type\":\"BreadcrumbList\",\"@id\":\"https:\/\/cafesantahelena.com\/blog\/#breadcrumb\",\"itemListElement\":[{\"@type\":\"ListItem\",\"position\":1,\"name\":\"In\u00edcio\",\"item\":\"https:\/\/cafesantahelena.com\/pt-pt\/\"},{\"@type\":\"ListItem\",\"position\":2,\"name\":\"Blogue\"}]},{\"@type\":\"WebSite\",\"@id\":\"https:\/\/cafesantahelena.com\/#website\",\"url\":\"https:\/\/cafesantahelena.com\/\",\"name\":\"Caf\u00e9 Santa Helena\",\"description\":\"\",\"potentialAction\":[{\"@type\":\"SearchAction\",\"target\":{\"@type\":\"EntryPoint\",\"urlTemplate\":\"https:\/\/cafesantahelena.com\/?s={search_term_string}\"},\"query-input\":{\"@type\":\"PropertyValueSpecification\",\"valueRequired\":true,\"valueName\":\"search_term_string\"}}],\"inLanguage\":\"pt-PT\"}]}<\/script>\n<!-- \/ Yoast SEO plugin. -->","yoast_head_json":{"title":"Blogue - Caf\u00e9 Santa Helena","robots":{"index":"index","follow":"follow","max-snippet":"max-snippet:-1","max-image-preview":"max-image-preview:large","max-video-preview":"max-video-preview:-1"},"canonical":"https:\/\/cafesantahelena.com\/blog\/","og_locale":"pt_PT","og_type":"article","og_title":"Blogue - Caf\u00e9 Santa Helena","og_url":"https:\/\/cafesantahelena.com\/blog\/","og_site_name":"Caf\u00e9 Santa Helena","article_modified_time":"2025-02-26T17:01:04+00:00","og_image":[{"width":1050,"height":350,"url":"https:\/\/cafesantahelena.com\/wp-content\/uploads\/2025\/01\/IMG_5174.webp","type":"image\/webp"}],"twitter_card":"summary_large_image","twitter_misc":{"Tempo estimado de leitura":"3 minutos"},"schema":{"@context":"https:\/\/schema.org","@graph":[{"@type":"WebPage","@id":"https:\/\/cafesantahelena.com\/blog\/","url":"https:\/\/cafesantahelena.com\/blog\/","name":"Blogue - Caf\u00e9 Santa Helena","isPartOf":{"@id":"https:\/\/cafesantahelena.com\/#website"},"primaryImageOfPage":{"@id":"https:\/\/cafesantahelena.com\/blog\/#primaryimage"},"image":{"@id":"https:\/\/cafesantahelena.com\/blog\/#primaryimage"},"thumbnailUrl":"https:\/\/cafesantahelena.com\/wp-content\/uploads\/2025\/01\/IMG_5174.webp","datePublished":"2024-08-14T19:32:26+00:00","dateModified":"2025-02-26T17:01:04+00:00","breadcrumb":{"@id":"https:\/\/cafesantahelena.com\/blog\/#breadcrumb"},"inLanguage":"pt-PT","potentialAction":[{"@type":"ReadAction","target":["https:\/\/cafesantahelena.com\/blog\/"]}]},{"@type":"ImageObject","inLanguage":"pt-PT","@id":"https:\/\/cafesantahelena.com\/blog\/#primaryimage","url":"https:\/\/cafesantahelena.com\/wp-content\/uploads\/2025\/01\/IMG_5174.webp","contentUrl":"https:\/\/cafesantahelena.com\/wp-content\/uploads\/2025\/01\/IMG_5174.webp"},{"@type":"BreadcrumbList","@id":"https:\/\/cafesantahelena.com\/blog\/#breadcrumb","itemListElement":[{"@type":"ListItem","position":1,"name":"In\u00edcio","item":"https:\/\/cafesantahelena.com\/pt-pt\/"},{"@type":"ListItem","position":2,"name":"Blogue"}]},{"@type":"WebSite","@id":"https:\/\/cafesantahelena.com\/#website","url":"https:\/\/cafesantahelena.com\/","name":"Caf\u00e9 Santa Helena","description":"","potentialAction":[{"@type":"SearchAction","target":{"@type":"EntryPoint","urlTemplate":"https:\/\/cafesantahelena.com\/?s={search_term_string}"},"query-input":{"@type":"PropertyValueSpecification","valueRequired":true,"valueName":"search_term_string"}}],"inLanguage":"pt-PT"}]}},"_links":{"self":[{"href":"https:\/\/cafesantahelena.com\/pt-pt\/wp-json\/wp\/v2\/pages\/13559","targetHints":{"allow":["GET"]}}],"collection":[{"href":"https:\/\/cafesantahelena.com\/pt-pt\/wp-json\/wp\/v2\/pages"}],"about":[{"href":"https:\/\/cafesantahelena.com\/pt-pt\/wp-json\/wp\/v2\/types\/page"}],"author":[{"embeddable":true,"href":"https:\/\/cafesantahelena.com\/pt-pt\/wp-json\/wp\/v2\/users\/1"}],"replies":[{"embeddable":true,"href":"https:\/\/cafesantahelena.com\/pt-pt\/wp-json\/wp\/v2\/comments?post=13559"}],"version-history":[{"count":3,"href":"https:\/\/cafesantahelena.com\/pt-pt\/wp-json\/wp\/v2\/pages\/13559\/revisions"}],"predecessor-version":[{"id":19284,"href":"https:\/\/cafesantahelena.com\/pt-pt\/wp-json\/wp\/v2\/pages\/13559\/revisions\/19284"}],"wp:attachment":[{"href":"https:\/\/cafesantahelena.com\/pt-pt\/wp-json\/wp\/v2\/media?parent=13559"}],"curies":[{"name":"wp","href":"https:\/\/api.w.org\/{rel}","templated":true}]}}