{"id":13612,"date":"2024-08-17T14:22:15","date_gmt":"2024-08-17T14:22:15","guid":{"rendered":"https:\/\/cafesantahelena.alivanstudio.com\/cafe\/"},"modified":"2025-02-23T17:32:07","modified_gmt":"2025-02-23T17:32:07","slug":"o-cafe","status":"publish","type":"page","link":"https:\/\/cafesantahelena.com\/pt-pt\/o-cafe\/","title":{"rendered":"O Caf\u00e9"},"content":{"rendered":"\t\t<div data-elementor-type=\"wp-post\" data-elementor-id=\"13612\" class=\"elementor elementor-13612 elementor-11825\" data-elementor-post-type=\"page\">\n\t\t\t\t<div class=\"elementor-element elementor-element-b624800 e-flex e-con-boxed e-con e-parent\" data-id=\"b624800\" data-element_type=\"container\">\n\t\t\t\t\t<div class=\"e-con-inner\">\n\t\t\t\t\t<\/div>\n\t\t\t\t<\/div>\n\t\t<div class=\"elementor-element elementor-element-ef34acb e-flex e-con-boxed e-con e-parent\" data-id=\"ef34acb\" data-element_type=\"container\">\n\t\t\t\t\t<div class=\"e-con-inner\">\n\t\t\t\t<div class=\"elementor-element elementor-element-4a4f95f elementor-widget elementor-widget-image\" data-id=\"4a4f95f\" data-element_type=\"widget\" data-widget_type=\"image.default\">\n\t\t\t\t<div class=\"elementor-widget-container\">\n\t\t\t\t\t\t\t\t\t\t\t\t\t\t\t<img fetchpriority=\"high\" decoding=\"async\" width=\"1070\" height=\"345\" src=\"https:\/\/cafesantahelena.com\/wp-content\/uploads\/2024\/09\/banner-e1725384177993.png\" class=\"attachment-full size-full wp-image-13254\" alt=\"\" srcset=\"https:\/\/cafesantahelena.com\/wp-content\/uploads\/2024\/09\/banner-e1725384177993.png 1070w, https:\/\/cafesantahelena.com\/wp-content\/uploads\/2024\/09\/banner-e1725384177993-350x113.png 350w, https:\/\/cafesantahelena.com\/wp-content\/uploads\/2024\/09\/banner-e1725384177993-64x21.png 64w, https:\/\/cafesantahelena.com\/wp-content\/uploads\/2024\/09\/banner-e1725384177993-300x97.png 300w, https:\/\/cafesantahelena.com\/wp-content\/uploads\/2024\/09\/banner-e1725384177993-1024x330.png 1024w, https:\/\/cafesantahelena.com\/wp-content\/uploads\/2024\/09\/banner-e1725384177993-768x248.png 768w\" sizes=\"(max-width: 1070px) 100vw, 1070px\" \/>\t\t\t\t\t\t\t\t\t\t\t\t\t\t\t<\/div>\n\t\t\t\t<\/div>\n\t\t\t\t\t<\/div>\n\t\t\t\t<\/div>\n\t\t<div class=\"elementor-element elementor-element-e9b4d8d container e-flex e-con-boxed e-con e-parent\" data-id=\"e9b4d8d\" data-element_type=\"container\">\n\t\t\t\t\t<div class=\"e-con-inner\">\n\t\t<div class=\"elementor-element elementor-element-326b18b e-con-full e-flex e-con e-child\" data-id=\"326b18b\" data-element_type=\"container\" data-settings=\"{&quot;background_background&quot;:&quot;classic&quot;}\">\n\t\t\t\t<div class=\"elementor-element elementor-element-3285f61 elementor-widget elementor-widget-image-box\" data-id=\"3285f61\" data-element_type=\"widget\" data-widget_type=\"image-box.default\">\n\t\t\t\t<div class=\"elementor-widget-container\">\n\t\t\t\t\t<div class=\"elementor-image-box-wrapper\"><div class=\"elementor-image-box-content\"><h2 class=\"elementor-image-box-title\">O que \u00e9 um Terroir?<\/h2><p class=\"elementor-image-box-description\"><b>\u201cTerroir destaca as caracter\u00edsticas da variedade dada. Como cada terroir \u00e9 diferente, isso significa que ele destaca essas caracter\u00edsticas de maneiras diferentes. Por exemplo, altitude, solo e clima s\u00e3o essenciais para que o caf\u00e9 expresse seu potencial. Isso influenciar\u00e1 decisivamente o desenvolvimento dos gr\u00e3os. Como resultado, at\u00e9 mesmo a mesma planta pode se expressar de uma maneira totalmente diferente dependendo da regi\u00e3o da cultura\u201d. Em outras palavras, terroir \u00e9 o que torna um caf\u00e9 brasileiro diferente de um colombiano, et\u00edope etc  <\/b><br><br>\n<b>\u201cTerroir\u201d <\/b>vem da palavra francesa \u201cterre\u201d. <b>Terroir<\/b> \u00e9 entendido pelo conjunto de caracter\u00edsticas que governam cada cultura. S\u00e3o latitude,<b> altitude, tipo de solo, clima, precipita\u00e7\u00e3o, vento e luz solar expostos a cada arbusto. <\/b>Assim, o terroir funciona como o <b>\u201cmaestro de uma orquestra\u201d<\/b>. Ele influencia diretamente <b>o sabor e as \u201cnotas\u201d<\/b> sensoriais das planta\u00e7\u00f5es de caf\u00e9. Ou seja, o<b> desenvolvimento do fruto, o sabor, o aroma, a cor do gr\u00e3o e at\u00e9 mesmo a personalidade de cada tipo de torra.<\/b>    <br><br> No mercado, o conceito de terroir j\u00e1 \u00e9 bem conhecido, pois sua influ\u00eancia determina a qualidade dos gr\u00e3os. Portanto, com o desenvolvimento da cultura dos amantes do caf\u00e9, os consumidores tamb\u00e9m buscam saber mais sobre o caf\u00e9 especial em suas x\u00edcaras. Nesse sentido, entender um terroir \u00e9 desenvolver a capacidade de saber o que esperar de cada gole.  <\/p><\/div><\/div>\t\t\t\t<\/div>\n\t\t\t\t<\/div>\n\t\t\t\t<div class=\"elementor-element elementor-element-376fc93 elementor-widget elementor-widget-image-box\" data-id=\"376fc93\" data-element_type=\"widget\" data-widget_type=\"image-box.default\">\n\t\t\t\t<div class=\"elementor-widget-container\">\n\t\t\t\t\t<div class=\"elementor-image-box-wrapper\"><div class=\"elementor-image-box-content\"><h2 class=\"elementor-image-box-title\">Qu\u00e3o importante \u00e9 a altitude?<\/h2><p class=\"elementor-image-box-description\"> Quanto mais alto voc\u00ea vai, mais doces e de melhor qualidade ser\u00e3o os frutos. A eleva\u00e7\u00e3o afeta diretamente o processo de matura\u00e7\u00e3o do fruto. Os frutos com desenvolvimento mais lento t\u00eam caracter\u00edsticas como maior concentra\u00e7\u00e3o de a\u00e7\u00facares. Como resultado, dando ao caf\u00e9 uma do\u00e7ura muito apreciada nos caf\u00e9s especiais. O Brasil \u00e9 conhecido por seus m\u00e9todos de processamento natural que destacam a do\u00e7ura e o corpo.     <br><br> O Caf\u00e9 Santa Helena \u00e9 cultivado a 1200 metros de altitude, o que lhe confere um sabor especial!<\/p><\/div><\/div>\t\t\t\t<\/div>\n\t\t\t\t<\/div>\n\t\t<div class=\"elementor-element elementor-element-08e3118 e-con-full e-flex e-con e-child\" data-id=\"08e3118\" data-element_type=\"container\">\n\t\t<div class=\"elementor-element elementor-element-8cb0f7c e-con-full e-flex e-con e-child\" data-id=\"8cb0f7c\" data-element_type=\"container\">\n\t\t\t\t<div class=\"elementor-element elementor-element-8e965ec elementor-widget elementor-widget-image\" data-id=\"8e965ec\" data-element_type=\"widget\" data-widget_type=\"image.default\">\n\t\t\t\t<div class=\"elementor-widget-container\">\n\t\t\t\t\t\t\t\t\t\t\t\t\t\t\t<img decoding=\"async\" width=\"460\" height=\"435\" src=\"https:\/\/cafesantahelena.com\/wp-content\/uploads\/2024\/11\/about-2.jpg\" class=\"attachment-full size-full wp-image-15369\" alt=\"terroir\" srcset=\"https:\/\/cafesantahelena.com\/wp-content\/uploads\/2024\/11\/about-2.jpg 460w, https:\/\/cafesantahelena.com\/wp-content\/uploads\/2024\/11\/about-2-350x331.jpg 350w, https:\/\/cafesantahelena.com\/wp-content\/uploads\/2024\/11\/about-2-64x61.jpg 64w, https:\/\/cafesantahelena.com\/wp-content\/uploads\/2024\/11\/about-2-300x284.jpg 300w\" sizes=\"(max-width: 460px) 100vw, 460px\" \/>\t\t\t\t\t\t\t\t\t\t\t\t\t\t\t<\/div>\n\t\t\t\t<\/div>\n\t\t\t\t<\/div>\n\t\t<div class=\"elementor-element elementor-element-441b0cf e-con-full e-flex e-con e-child\" data-id=\"441b0cf\" data-element_type=\"container\">\n\t\t\t\t<div class=\"elementor-element elementor-element-22c0180 animated-slow elementor-invisible elementor-widget elementor-widget-image-box\" data-id=\"22c0180\" data-element_type=\"widget\" data-settings=\"{&quot;_animation&quot;:&quot;fadeInRight&quot;}\" data-widget_type=\"image-box.default\">\n\t\t\t\t<div class=\"elementor-widget-container\">\n\t\t\t\t\t<div class=\"elementor-image-box-wrapper\"><div class=\"elementor-image-box-content\"><h2 class=\"elementor-image-box-title\">Por que o Terroir Brasileiro \u00e9 t\u00e3o famoso?<\/h2><p class=\"elementor-image-box-description\"><b>O Brasil \u00e9 o maior produtor mundial de caf\u00e9. Grande parte do caf\u00e9 \u00e9 cultivado em regi\u00f5es baixas e secas, o que destaca sua do\u00e7ura.  <\/b><br><br> Gra\u00e7as \u00e0 extens\u00e3o territorial do Brasil, que responde por 30% da produ\u00e7\u00e3o mundial de caf\u00e9, os terroirs variam por regi\u00e3o. \u201cComo regra geral, os caf\u00e9s brasileiros t\u00eam uma do\u00e7ura muito proeminente e s\u00e3o famosos por isso, sendo cada regi\u00e3o e planta\u00e7\u00e3o tendo sua pr\u00f3pria caracter\u00edstica.  <br><br> As planta\u00e7\u00f5es de caf\u00e9 no Brasil s\u00e3o privilegiadas, devido \u00e0 localiza\u00e7\u00e3o do pa\u00eds no centro da zona equatorial. Isso significa o mesmo clima, precipita\u00e7\u00e3o e temperatura durante todas as esta\u00e7\u00f5es do ano \u2013 incluindo o calor, que \u00e9 favor\u00e1vel \u00e0 produ\u00e7\u00e3o. Cerca de 80% do cultivo total de caf\u00e9 no pa\u00eds utiliza variedades de gr\u00e3os como Mundo Novo e Catua\u00ed. Cada variedade \u00e9 dividida em linhagens ou variedades, muitas vezes distingu\u00edveis pela cor do fruto, como as variedades Catua\u00ed Vermelho e Catua\u00ed Amarelo   <\/p><\/div><\/div>\t\t\t\t<\/div>\n\t\t\t\t<\/div>\n\t\t\t\t<\/div>\n\t\t\t\t<\/div>\n\t\t<div class=\"elementor-element elementor-element-9a0ea5e e-con-full e-flex e-con e-child\" data-id=\"9a0ea5e\" data-element_type=\"container\">\n\t\t<div class=\"elementor-element elementor-element-7b0fe04 e-con-full e-flex e-con e-child\" data-id=\"7b0fe04\" data-element_type=\"container\">\n\t\t\t\t<div class=\"elementor-element elementor-element-b66bca4 animated-slow elementor-invisible elementor-widget elementor-widget-image-box\" data-id=\"b66bca4\" data-element_type=\"widget\" data-settings=\"{&quot;_animation&quot;:&quot;fadeInLeft&quot;}\" data-widget_type=\"image-box.default\">\n\t\t\t\t<div class=\"elementor-widget-container\">\n\t\t\t\t\t<div class=\"elementor-image-box-wrapper\"><div class=\"elementor-image-box-content\"><h2 class=\"elementor-image-box-title\">De onde vem nosso caf\u00e9?<\/h2><p class=\"elementor-image-box-description\"><b>A principal regi\u00e3o produtora de caf\u00e9 no estado de Minas Gerais fica no sul. <\/b><br><br>\n<b>A Fazenda Santa Helena est\u00e1 localizada no sul do estado de Minas Gerais. Ela produz gr\u00e3os de caf\u00e9 Ar\u00e1bica Org\u00e2nico e Fairtrade a uma altitude de 1200 metros. A variedade das planta\u00e7\u00f5es de caf\u00e9 \u00e9 Catua\u00ed Vermelho.   <\/b><br><br> O sistema de produ\u00e7\u00e3o de caf\u00e9 org\u00e2nico \u00e9 o mesmo que o sistema tradicional utilizado no final do s\u00e9culo XIX. Como resultado, as plantas crescem apenas com fertilizantes org\u00e2nicos naturais, como esterco de galinha ou composto e polpa de caf\u00e9.<br><br> A colheita \u00e9 feita manualmente e os frutos de caf\u00e9 s\u00e3o secos ao sol nas grandes varandas da fazenda. <b>(Processo Natural)<\/b> A qualidade, a consist\u00eancia e a transpar\u00eancia s\u00e3o tudo sobre o terroir e as pr\u00e1ticas de gest\u00e3o que buscam a excel\u00eancia em todas as etapas da produ\u00e7\u00e3o. <br><br> Cada caf\u00e9 tem uma personalidade, e sua torra reflete isso. Esteja ciente de que torrar caf\u00e9 escuro em alta temperatura \u00e9 um processo comumente usado para esconder defeitos nos gr\u00e3os e acentuar ainda mais o amargor e a dureza da bebida.  <br><br>\n<\/p><\/div><\/div>\t\t\t\t<\/div>\n\t\t\t\t<\/div>\n\t\t\t\t<\/div>\n\t\t<div class=\"elementor-element elementor-element-fdcda9d e-con-full e-flex e-con e-child\" data-id=\"fdcda9d\" data-element_type=\"container\">\n\t\t\t\t<div class=\"elementor-element elementor-element-91615c2 elementor-widget elementor-widget-spacer\" data-id=\"91615c2\" data-element_type=\"widget\" data-widget_type=\"spacer.default\">\n\t\t\t\t<div class=\"elementor-widget-container\">\n\t\t\t\t\t\t\t<div class=\"elementor-spacer\">\n\t\t\t<div class=\"elementor-spacer-inner\"><\/div>\n\t\t<\/div>\n\t\t\t\t\t\t<\/div>\n\t\t\t\t<\/div>\n\t\t\t\t<\/div>\n\t\t\t\t<\/div>\n\t\t<div class=\"elementor-element elementor-element-672fe0e e-con-full e-flex e-con e-child\" data-id=\"672fe0e\" data-element_type=\"container\">\n\t\t<div class=\"elementor-element elementor-element-219b52e e-con-full e-flex e-con e-child\" data-id=\"219b52e\" data-element_type=\"container\">\n\t\t\t\t<div class=\"elementor-element elementor-element-d57f832 animated-slow elementor-widget__width-initial elementor-invisible elementor-widget elementor-widget-image-box\" data-id=\"d57f832\" data-element_type=\"widget\" data-settings=\"{&quot;_animation&quot;:&quot;fadeInUp&quot;}\" data-widget_type=\"image-box.default\">\n\t\t\t\t<div class=\"elementor-widget-container\">\n\t\t\t\t\t<div class=\"elementor-image-box-wrapper\"><div class=\"elementor-image-box-content\"><p class=\"elementor-image-box-description\"><b>\"Bom caf\u00e9 tem uma sensa\u00e7\u00e3o de do\u00e7ura natural e n\u00e3o requer a adi\u00e7\u00e3o de a\u00e7\u00facares\".<br><br><br> <br> <br><\/b><\/p><\/div><\/div>\t\t\t\t<\/div>\n\t\t\t\t<\/div>\n\t\t\t\t<div class=\"elementor-element elementor-element-319f3f2 animated-slow elementor-widget__width-initial elementor-position-top elementor-invisible elementor-widget elementor-widget-image-box\" data-id=\"319f3f2\" data-element_type=\"widget\" data-settings=\"{&quot;_animation&quot;:&quot;fadeInUp&quot;}\" data-widget_type=\"image-box.default\">\n\t\t\t\t<div class=\"elementor-widget-container\">\n\t\t\t\t\t<div class=\"elementor-image-box-wrapper\"><figure class=\"elementor-image-box-img\"><img decoding=\"async\" width=\"300\" height=\"300\" src=\"https:\/\/cafesantahelena.com\/wp-content\/uploads\/2024\/08\/logo.png\" class=\"attachment-full size-full wp-image-1190\" alt=\"logo caf\u00e9 santa helena\" srcset=\"https:\/\/cafesantahelena.com\/wp-content\/uploads\/2024\/08\/logo.png 300w, https:\/\/cafesantahelena.com\/wp-content\/uploads\/2024\/08\/logo-100x100.png 100w, https:\/\/cafesantahelena.com\/wp-content\/uploads\/2024\/08\/logo-64x64.png 64w, https:\/\/cafesantahelena.com\/wp-content\/uploads\/2024\/08\/logo-150x150.png 150w\" sizes=\"(max-width: 300px) 100vw, 300px\" \/><\/figure><\/div>\t\t\t\t<\/div>\n\t\t\t\t<\/div>\n\t\t\t\t<\/div>\n\t\t\t\t<\/div>\n\t\t\t\t<\/div>\n\t\t\t\t\t<\/div>\n\t\t\t\t<\/div>\n\t\t<div class=\"elementor-element elementor-element-7a8501a e-con-full e-flex e-con e-parent\" data-id=\"7a8501a\" data-element_type=\"container\">\n\t\t\t\t<div class=\"elementor-element elementor-element-8161e10 elementor-widget elementor-widget-template\" data-id=\"8161e10\" data-element_type=\"widget\" data-widget_type=\"template.default\">\n\t\t\t\t<div class=\"elementor-widget-container\">\n\t\t\t\t\t\t\t<div class=\"elementor-template\">\n\t\t\t\t\t<div data-elementor-type=\"container\" data-elementor-id=\"14437\" class=\"elementor elementor-14437 elementor-130\" data-elementor-post-type=\"elementor_library\">\n\t\t\t\t<div class=\"elementor-element elementor-element-277ccdff e-flex e-con-boxed e-con e-parent\" data-id=\"277ccdff\" data-element_type=\"container\" data-settings=\"{&quot;background_background&quot;:&quot;classic&quot;}\">\n\t\t\t\t\t<div class=\"e-con-inner\">\n\t\t\t\t<div class=\"elementor-element elementor-element-2b83604f elementor-widget__width-initial elementor-widget-tablet__width-initial elementor-widget-mobile__width-initial elementor-widget elementor-widget-image-box\" data-id=\"2b83604f\" data-element_type=\"widget\" data-widget_type=\"image-box.default\">\n\t\t\t\t<div class=\"elementor-widget-container\">\n\t\t\t\t\t<div class=\"elementor-image-box-wrapper\"><div class=\"elementor-image-box-content\"><h3 class=\"elementor-image-box-title\">Conven\u00e7a se do Nosso Caf\u00e9<\/h3><p class=\"elementor-image-box-description\"> Caf\u00e9  Santa Helena Org\u00e2nico, Caf\u00e9s Especiais, Microlotes- Sul de Minas Gerais-Brasil<\/p><\/div><\/div>\t\t\t\t<\/div>\n\t\t\t\t<\/div>\n\t\t\t\t<div class=\"elementor-element elementor-element-173352b3 elementor-widget__width-initial elementor-widget-tablet__width-initial elementor-widget-mobile__width-initial elementor-widget elementor-widget-image-box\" data-id=\"173352b3\" data-element_type=\"widget\" data-widget_type=\"image-box.default\">\n\t\t\t\t<div class=\"elementor-widget-container\">\n\t\t\t\t\t<div class=\"elementor-image-box-wrapper\"><div class=\"elementor-image-box-content\"><h3 class=\"elementor-image-box-title\">Experimente nosso Caf\u00e9 em C\u00e1psulas<\/h3><p class=\"elementor-image-box-description\">Compat\u00edvel com M\u00e1quinas Sistema-Nespresso\u00ae<br>Material Natural, Compost\u00e1vel e Biodegrad\u00e1vel<\/p><\/div><\/div>\t\t\t\t<\/div>\n\t\t\t\t<\/div>\n\t\t\t\t<div class=\"elementor-element elementor-element-2f16196b elementor-mobile-align-center elementor-widget__width-inherit elementor-align-center elementor-widget elementor-widget-button\" data-id=\"2f16196b\" data-element_type=\"widget\" data-widget_type=\"button.default\">\n\t\t\t\t<div class=\"elementor-widget-container\">\n\t\t\t\t\t\t\t\t\t<div class=\"elementor-button-wrapper\">\n\t\t\t\t\t<a class=\"elementor-button elementor-button-link elementor-size-sm elementor-animation-float\" href=\"https:\/\/cafesantahelena.com\/shop\">\n\t\t\t\t\t\t<span class=\"elementor-button-content-wrapper\">\n\t\t\t\t\t\t\t\t\t<span class=\"elementor-button-text\">Compre agora<\/span>\n\t\t\t\t\t<\/span>\n\t\t\t\t\t<\/a>\n\t\t\t\t<\/div>\n\t\t\t\t\t\t\t\t<\/div>\n\t\t\t\t<\/div>\n\t\t\t\t\t<\/div>\n\t\t\t\t<\/div>\n\t\t\t\t<\/div>\n\t\t\t\t<\/div>\n\t\t\t\t\t\t<\/div>\n\t\t\t\t<\/div>\n\t\t\t\t<\/div>\n\t\t\t\t<\/div>\n\t\t","protected":false},"excerpt":{"rendered":"<p>O que \u00e9 um Terroir? \u201cTerroir destaca as caracter\u00edsticas da variedade dada. Como cada terroir \u00e9 diferente, isso significa que ele destaca essas caracter\u00edsticas de maneiras diferentes. Por exemplo, altitude, solo e clima s\u00e3o essenciais para que o caf\u00e9 expresse seu potencial. Isso influenciar\u00e1 decisivamente o desenvolvimento dos gr\u00e3os. Como resultado, at\u00e9 mesmo a mesma [&hellip;]<\/p>\n","protected":false},"author":1,"featured_media":0,"parent":0,"menu_order":0,"comment_status":"closed","ping_status":"closed","template":"elementor_header_footer","meta":{"footnotes":""},"class_list":["post-13612","page","type-page","status-publish","hentry"],"yoast_head":"<!-- This site is optimized with the Yoast SEO plugin v26.4 - https:\/\/yoast.com\/wordpress\/plugins\/seo\/ -->\n<title>O Caf\u00e9 e o Terroir - Caf\u00e9 Santa Helena<\/title>\n<meta name=\"description\" content=\"O caf\u00e9 tem sua identidade no terroir onde cresce. O clima, o solo e a localiza\u00e7\u00e3o, influenciam na qualidade do caf\u00e9.\" \/>\n<meta name=\"robots\" content=\"index, follow, max-snippet:-1, max-image-preview:large, max-video-preview:-1\" \/>\n<link rel=\"canonical\" href=\"https:\/\/cafesantahelena.com\/pt-pt\/o-cafe\/\" \/>\n<meta property=\"og:locale\" content=\"pt_PT\" \/>\n<meta property=\"og:type\" content=\"article\" \/>\n<meta property=\"og:title\" content=\"O Caf\u00e9 e o Terroir - Caf\u00e9 Santa Helena\" \/>\n<meta property=\"og:description\" content=\"O caf\u00e9 tem sua identidade no terroir onde cresce. O clima, o solo e a localiza\u00e7\u00e3o, influenciam na qualidade do caf\u00e9.\" \/>\n<meta property=\"og:url\" content=\"https:\/\/cafesantahelena.com\/pt-pt\/o-cafe\/\" \/>\n<meta property=\"og:site_name\" content=\"Caf\u00e9 Santa Helena\" \/>\n<meta property=\"article:modified_time\" content=\"2025-02-23T17:32:07+00:00\" \/>\n<meta property=\"og:image\" content=\"https:\/\/cafesantahelena.com\/wp-content\/uploads\/2024\/09\/banner-e1725384177993.png\" \/>\n<meta name=\"twitter:card\" content=\"summary_large_image\" \/>\n<meta name=\"twitter:label1\" content=\"Tempo estimado de leitura\" \/>\n\t<meta name=\"twitter:data1\" content=\"4 minutos\" \/>\n<script type=\"application\/ld+json\" class=\"yoast-schema-graph\">{\"@context\":\"https:\/\/schema.org\",\"@graph\":[{\"@type\":\"WebPage\",\"@id\":\"https:\/\/cafesantahelena.com\/pt-pt\/o-cafe\/\",\"url\":\"https:\/\/cafesantahelena.com\/pt-pt\/o-cafe\/\",\"name\":\"O Caf\u00e9 e o Terroir - Caf\u00e9 Santa Helena\",\"isPartOf\":{\"@id\":\"https:\/\/cafesantahelena.com\/#website\"},\"primaryImageOfPage\":{\"@id\":\"https:\/\/cafesantahelena.com\/pt-pt\/o-cafe\/#primaryimage\"},\"image\":{\"@id\":\"https:\/\/cafesantahelena.com\/pt-pt\/o-cafe\/#primaryimage\"},\"thumbnailUrl\":\"https:\/\/cafesantahelena.com\/wp-content\/uploads\/2024\/09\/banner-e1725384177993.png\",\"datePublished\":\"2024-08-17T14:22:15+00:00\",\"dateModified\":\"2025-02-23T17:32:07+00:00\",\"description\":\"O caf\u00e9 tem sua identidade no terroir onde cresce. O clima, o solo e a localiza\u00e7\u00e3o, influenciam na qualidade do caf\u00e9.\",\"breadcrumb\":{\"@id\":\"https:\/\/cafesantahelena.com\/pt-pt\/o-cafe\/#breadcrumb\"},\"inLanguage\":\"pt-PT\",\"potentialAction\":[{\"@type\":\"ReadAction\",\"target\":[\"https:\/\/cafesantahelena.com\/pt-pt\/o-cafe\/\"]}]},{\"@type\":\"ImageObject\",\"inLanguage\":\"pt-PT\",\"@id\":\"https:\/\/cafesantahelena.com\/pt-pt\/o-cafe\/#primaryimage\",\"url\":\"https:\/\/cafesantahelena.com\/wp-content\/uploads\/2024\/09\/banner-e1725384177993.png\",\"contentUrl\":\"https:\/\/cafesantahelena.com\/wp-content\/uploads\/2024\/09\/banner-e1725384177993.png\"},{\"@type\":\"BreadcrumbList\",\"@id\":\"https:\/\/cafesantahelena.com\/pt-pt\/o-cafe\/#breadcrumb\",\"itemListElement\":[{\"@type\":\"ListItem\",\"position\":1,\"name\":\"In\u00edcio\",\"item\":\"https:\/\/cafesantahelena.com\/pt-pt\/\"},{\"@type\":\"ListItem\",\"position\":2,\"name\":\"O Caf\u00e9\"}]},{\"@type\":\"WebSite\",\"@id\":\"https:\/\/cafesantahelena.com\/#website\",\"url\":\"https:\/\/cafesantahelena.com\/\",\"name\":\"Caf\u00e9 Santa Helena\",\"description\":\"\",\"potentialAction\":[{\"@type\":\"SearchAction\",\"target\":{\"@type\":\"EntryPoint\",\"urlTemplate\":\"https:\/\/cafesantahelena.com\/?s={search_term_string}\"},\"query-input\":{\"@type\":\"PropertyValueSpecification\",\"valueRequired\":true,\"valueName\":\"search_term_string\"}}],\"inLanguage\":\"pt-PT\"}]}<\/script>\n<!-- \/ Yoast SEO plugin. -->","yoast_head_json":{"title":"O Caf\u00e9 e o Terroir - Caf\u00e9 Santa Helena","description":"O caf\u00e9 tem sua identidade no terroir onde cresce. O clima, o solo e a localiza\u00e7\u00e3o, influenciam na qualidade do caf\u00e9.","robots":{"index":"index","follow":"follow","max-snippet":"max-snippet:-1","max-image-preview":"max-image-preview:large","max-video-preview":"max-video-preview:-1"},"canonical":"https:\/\/cafesantahelena.com\/pt-pt\/o-cafe\/","og_locale":"pt_PT","og_type":"article","og_title":"O Caf\u00e9 e o Terroir - Caf\u00e9 Santa Helena","og_description":"O caf\u00e9 tem sua identidade no terroir onde cresce. O clima, o solo e a localiza\u00e7\u00e3o, influenciam na qualidade do caf\u00e9.","og_url":"https:\/\/cafesantahelena.com\/pt-pt\/o-cafe\/","og_site_name":"Caf\u00e9 Santa Helena","article_modified_time":"2025-02-23T17:32:07+00:00","og_image":[{"url":"https:\/\/cafesantahelena.com\/wp-content\/uploads\/2024\/09\/banner-e1725384177993.png","type":"","width":"","height":""}],"twitter_card":"summary_large_image","twitter_misc":{"Tempo estimado de leitura":"4 minutos"},"schema":{"@context":"https:\/\/schema.org","@graph":[{"@type":"WebPage","@id":"https:\/\/cafesantahelena.com\/pt-pt\/o-cafe\/","url":"https:\/\/cafesantahelena.com\/pt-pt\/o-cafe\/","name":"O Caf\u00e9 e o Terroir - Caf\u00e9 Santa Helena","isPartOf":{"@id":"https:\/\/cafesantahelena.com\/#website"},"primaryImageOfPage":{"@id":"https:\/\/cafesantahelena.com\/pt-pt\/o-cafe\/#primaryimage"},"image":{"@id":"https:\/\/cafesantahelena.com\/pt-pt\/o-cafe\/#primaryimage"},"thumbnailUrl":"https:\/\/cafesantahelena.com\/wp-content\/uploads\/2024\/09\/banner-e1725384177993.png","datePublished":"2024-08-17T14:22:15+00:00","dateModified":"2025-02-23T17:32:07+00:00","description":"O caf\u00e9 tem sua identidade no terroir onde cresce. O clima, o solo e a localiza\u00e7\u00e3o, influenciam na qualidade do caf\u00e9.","breadcrumb":{"@id":"https:\/\/cafesantahelena.com\/pt-pt\/o-cafe\/#breadcrumb"},"inLanguage":"pt-PT","potentialAction":[{"@type":"ReadAction","target":["https:\/\/cafesantahelena.com\/pt-pt\/o-cafe\/"]}]},{"@type":"ImageObject","inLanguage":"pt-PT","@id":"https:\/\/cafesantahelena.com\/pt-pt\/o-cafe\/#primaryimage","url":"https:\/\/cafesantahelena.com\/wp-content\/uploads\/2024\/09\/banner-e1725384177993.png","contentUrl":"https:\/\/cafesantahelena.com\/wp-content\/uploads\/2024\/09\/banner-e1725384177993.png"},{"@type":"BreadcrumbList","@id":"https:\/\/cafesantahelena.com\/pt-pt\/o-cafe\/#breadcrumb","itemListElement":[{"@type":"ListItem","position":1,"name":"In\u00edcio","item":"https:\/\/cafesantahelena.com\/pt-pt\/"},{"@type":"ListItem","position":2,"name":"O Caf\u00e9"}]},{"@type":"WebSite","@id":"https:\/\/cafesantahelena.com\/#website","url":"https:\/\/cafesantahelena.com\/","name":"Caf\u00e9 Santa Helena","description":"","potentialAction":[{"@type":"SearchAction","target":{"@type":"EntryPoint","urlTemplate":"https:\/\/cafesantahelena.com\/?s={search_term_string}"},"query-input":{"@type":"PropertyValueSpecification","valueRequired":true,"valueName":"search_term_string"}}],"inLanguage":"pt-PT"}]}},"_links":{"self":[{"href":"https:\/\/cafesantahelena.com\/pt-pt\/wp-json\/wp\/v2\/pages\/13612","targetHints":{"allow":["GET"]}}],"collection":[{"href":"https:\/\/cafesantahelena.com\/pt-pt\/wp-json\/wp\/v2\/pages"}],"about":[{"href":"https:\/\/cafesantahelena.com\/pt-pt\/wp-json\/wp\/v2\/types\/page"}],"author":[{"embeddable":true,"href":"https:\/\/cafesantahelena.com\/pt-pt\/wp-json\/wp\/v2\/users\/1"}],"replies":[{"embeddable":true,"href":"https:\/\/cafesantahelena.com\/pt-pt\/wp-json\/wp\/v2\/comments?post=13612"}],"version-history":[{"count":14,"href":"https:\/\/cafesantahelena.com\/pt-pt\/wp-json\/wp\/v2\/pages\/13612\/revisions"}],"predecessor-version":[{"id":19221,"href":"https:\/\/cafesantahelena.com\/pt-pt\/wp-json\/wp\/v2\/pages\/13612\/revisions\/19221"}],"wp:attachment":[{"href":"https:\/\/cafesantahelena.com\/pt-pt\/wp-json\/wp\/v2\/media?parent=13612"}],"curies":[{"name":"wp","href":"https:\/\/api.w.org\/{rel}","templated":true}]}}