{"id":14238,"date":"2024-07-18T13:28:51","date_gmt":"2024-07-18T13:28:51","guid":{"rendered":"https:\/\/cafesantahelena.alivanstudio.com\/?post_type=product&#038;p=14238"},"modified":"2025-06-07T17:08:36","modified_gmt":"2025-06-07T17:08:36","slug":"sacola-de-juta","status":"publish","type":"product","link":"https:\/\/cafesantahelena.com\/pt-pt\/products\/sacola-de-juta\/","title":{"rendered":"Sacola de Juta Caf\u00e9 Santa Helena"},"content":{"rendered":"<p>Pr\u00e1tica e bonita sacola de juta Caf\u00e9 Santa Helena<\/p>\n<p style=\"text-align: left;\">Feita na Alemanha<\/p>\n<p style=\"text-align: center;\"><strong><span style=\"color: #800000;\"><a style=\"color: #800000;\" href=\"?add-to-cart=59\">Adicionar ao Carrinho!<\/a><\/span><\/strong><\/p>\n<p style=\"text-align: center;\"><img decoding=\"async\" class=\"alignnone wp-image-15375\" src=\"https:\/\/cafesantahelena.com\/wp-content\/uploads\/2024\/11\/logo-1.png\" alt=\"Logo Caf\u00e9 Santa Helena \" width=\"185\" height=\"185\" srcset=\"https:\/\/cafesantahelena.com\/wp-content\/uploads\/2024\/11\/logo-1.png 300w, https:\/\/cafesantahelena.com\/wp-content\/uploads\/2024\/11\/logo-1-100x100.png 100w, https:\/\/cafesantahelena.com\/wp-content\/uploads\/2024\/11\/logo-1-64x64.png 64w, https:\/\/cafesantahelena.com\/wp-content\/uploads\/2024\/11\/logo-1-150x150.png 150w\" sizes=\"(max-width: 185px) 100vw, 185px\" \/><\/p>\n","protected":false},"excerpt":{"rendered":"<pre id=\"tw-target-text\" class=\"tw-data-text tw-text-large tw-ta\" dir=\"ltr\" data-placeholder=\"Tradu\u00e7\u00e3o\" aria-label=\"Texto traduzido\" data-ved=\"2ahUKEwjA7s7m9cyHAxX1rZUCHZzwK7QQ3ewLegQIBxAU\"><span class=\"Y2IQFc\" lang=\"en\">IVA incl.\r\nCustos de entrega no checkout\r\n\r\nBela sacola de Juta\r\nPr\u00e1tica e dur\u00e1vel\r\nFeita na Alemanha\r\n<\/span><\/pre>\n","protected":false},"featured_media":17195,"comment_status":"open","ping_status":"closed","template":"","meta":[],"product_brand":[],"product_cat":[194],"product_tag":[],"class_list":{"0":"post-14238","1":"product","2":"type-product","3":"status-publish","4":"has-post-thumbnail","6":"product_cat-acessorios","8":"first","9":"outofstock","10":"featured","11":"shipping-taxable","12":"purchasable","13":"product-type-simple"},"yoast_head":"<!-- This site is optimized with the Yoast SEO plugin v26.4 - https:\/\/yoast.com\/wordpress\/plugins\/seo\/ -->\n<title>Sacola de Juta- Caf\u00e9 Santa Helena<\/title>\n<meta name=\"description\" content=\"Sacola de Juta Caf\u00e9 Santa Helena.Pr\u00e1tica e bonita sacola de compras. Resistente e dur\u00e1vel. Feita na Alemanha. Entrega Gratuita a partir de Chf45 na Sui\u00e7a\" \/>\n<meta name=\"robots\" content=\"index, follow, max-snippet:-1, max-image-preview:large, max-video-preview:-1\" \/>\n<link rel=\"canonical\" href=\"https:\/\/cafesantahelena.com\/pt-pt\/products\/sacola-de-juta\/\" \/>\n<meta property=\"og:locale\" content=\"pt_PT\" \/>\n<meta property=\"og:type\" content=\"article\" \/>\n<meta property=\"og:title\" content=\"Sacola de Juta- Caf\u00e9 Santa Helena\" \/>\n<meta property=\"og:description\" content=\"Sacola de Juta Caf\u00e9 Santa Helena.Pr\u00e1tica e bonita sacola de compras. Resistente e dur\u00e1vel. Feita na Alemanha. Entrega Gratuita a partir de Chf45 na Sui\u00e7a\" \/>\n<meta property=\"og:url\" content=\"https:\/\/cafesantahelena.com\/pt-pt\/products\/sacola-de-juta\/\" \/>\n<meta property=\"og:site_name\" content=\"Caf\u00e9 Santa Helena\" \/>\n<meta property=\"article:modified_time\" content=\"2025-06-07T17:08:36+00:00\" \/>\n<meta property=\"og:image\" content=\"https:\/\/cafesantahelena.com\/wp-content\/uploads\/2024\/07\/Jute-bag.webp\" \/>\n\t<meta property=\"og:image:width\" content=\"350\" \/>\n\t<meta property=\"og:image:height\" content=\"450\" \/>\n\t<meta property=\"og:image:type\" content=\"image\/webp\" \/>\n<meta name=\"twitter:card\" content=\"summary_large_image\" \/>\n<meta name=\"twitter:label1\" content=\"Tempo estimado de leitura\" \/>\n\t<meta name=\"twitter:data1\" content=\"1 minuto\" \/>\n<script type=\"application\/ld+json\" class=\"yoast-schema-graph\">{\"@context\":\"https:\/\/schema.org\",\"@graph\":[{\"@type\":\"WebPage\",\"@id\":\"https:\/\/cafesantahelena.com\/pt-pt\/products\/sacola-de-juta\/\",\"url\":\"https:\/\/cafesantahelena.com\/pt-pt\/products\/sacola-de-juta\/\",\"name\":\"Sacola de Juta- Caf\u00e9 Santa Helena\",\"isPartOf\":{\"@id\":\"https:\/\/cafesantahelena.com\/#website\"},\"primaryImageOfPage\":{\"@id\":\"https:\/\/cafesantahelena.com\/pt-pt\/products\/sacola-de-juta\/#primaryimage\"},\"image\":{\"@id\":\"https:\/\/cafesantahelena.com\/pt-pt\/products\/sacola-de-juta\/#primaryimage\"},\"thumbnailUrl\":\"https:\/\/cafesantahelena.com\/wp-content\/uploads\/2024\/07\/Jute-bag.webp\",\"datePublished\":\"2024-07-18T13:28:51+00:00\",\"dateModified\":\"2025-06-07T17:08:36+00:00\",\"description\":\"Sacola de Juta Caf\u00e9 Santa Helena.Pr\u00e1tica e bonita sacola de compras. Resistente e dur\u00e1vel. Feita na Alemanha. Entrega Gratuita a partir de Chf45 na Sui\u00e7a\",\"breadcrumb\":{\"@id\":\"https:\/\/cafesantahelena.com\/pt-pt\/products\/sacola-de-juta\/#breadcrumb\"},\"inLanguage\":\"pt-PT\",\"potentialAction\":[{\"@type\":\"ReadAction\",\"target\":[\"https:\/\/cafesantahelena.com\/pt-pt\/products\/sacola-de-juta\/\"]}]},{\"@type\":\"ImageObject\",\"inLanguage\":\"pt-PT\",\"@id\":\"https:\/\/cafesantahelena.com\/pt-pt\/products\/sacola-de-juta\/#primaryimage\",\"url\":\"https:\/\/cafesantahelena.com\/wp-content\/uploads\/2024\/07\/Jute-bag.webp\",\"contentUrl\":\"https:\/\/cafesantahelena.com\/wp-content\/uploads\/2024\/07\/Jute-bag.webp\",\"width\":350,\"height\":450,\"caption\":\"sacola de Juta\"},{\"@type\":\"BreadcrumbList\",\"@id\":\"https:\/\/cafesantahelena.com\/pt-pt\/products\/sacola-de-juta\/#breadcrumb\",\"itemListElement\":[{\"@type\":\"ListItem\",\"position\":1,\"name\":\"In\u00edcio\",\"item\":\"https:\/\/cafesantahelena.com\/pt-pt\/\"},{\"@type\":\"ListItem\",\"position\":2,\"name\":\"Produtos\",\"item\":\"https:\/\/cafesantahelena.com\/loja\/\"},{\"@type\":\"ListItem\",\"position\":3,\"name\":\"Sacola de Juta Caf\u00e9 Santa Helena\"}]},{\"@type\":\"WebSite\",\"@id\":\"https:\/\/cafesantahelena.com\/#website\",\"url\":\"https:\/\/cafesantahelena.com\/\",\"name\":\"Caf\u00e9 Santa Helena\",\"description\":\"\",\"potentialAction\":[{\"@type\":\"SearchAction\",\"target\":{\"@type\":\"EntryPoint\",\"urlTemplate\":\"https:\/\/cafesantahelena.com\/?s={search_term_string}\"},\"query-input\":{\"@type\":\"PropertyValueSpecification\",\"valueRequired\":true,\"valueName\":\"search_term_string\"}}],\"inLanguage\":\"pt-PT\"}]}<\/script>\n<!-- \/ Yoast SEO plugin. -->","yoast_head_json":{"title":"Sacola de Juta- Caf\u00e9 Santa Helena","description":"Sacola de Juta Caf\u00e9 Santa Helena.Pr\u00e1tica e bonita sacola de compras. Resistente e dur\u00e1vel. Feita na Alemanha. Entrega Gratuita a partir de Chf45 na Sui\u00e7a","robots":{"index":"index","follow":"follow","max-snippet":"max-snippet:-1","max-image-preview":"max-image-preview:large","max-video-preview":"max-video-preview:-1"},"canonical":"https:\/\/cafesantahelena.com\/pt-pt\/products\/sacola-de-juta\/","og_locale":"pt_PT","og_type":"article","og_title":"Sacola de Juta- Caf\u00e9 Santa Helena","og_description":"Sacola de Juta Caf\u00e9 Santa Helena.Pr\u00e1tica e bonita sacola de compras. Resistente e dur\u00e1vel. Feita na Alemanha. Entrega Gratuita a partir de Chf45 na Sui\u00e7a","og_url":"https:\/\/cafesantahelena.com\/pt-pt\/products\/sacola-de-juta\/","og_site_name":"Caf\u00e9 Santa Helena","article_modified_time":"2025-06-07T17:08:36+00:00","og_image":[{"width":350,"height":450,"url":"https:\/\/cafesantahelena.com\/wp-content\/uploads\/2024\/07\/Jute-bag.webp","type":"image\/webp"}],"twitter_card":"summary_large_image","twitter_misc":{"Tempo estimado de leitura":"1 minuto"},"schema":{"@context":"https:\/\/schema.org","@graph":[{"@type":"WebPage","@id":"https:\/\/cafesantahelena.com\/pt-pt\/products\/sacola-de-juta\/","url":"https:\/\/cafesantahelena.com\/pt-pt\/products\/sacola-de-juta\/","name":"Sacola de Juta- Caf\u00e9 Santa Helena","isPartOf":{"@id":"https:\/\/cafesantahelena.com\/#website"},"primaryImageOfPage":{"@id":"https:\/\/cafesantahelena.com\/pt-pt\/products\/sacola-de-juta\/#primaryimage"},"image":{"@id":"https:\/\/cafesantahelena.com\/pt-pt\/products\/sacola-de-juta\/#primaryimage"},"thumbnailUrl":"https:\/\/cafesantahelena.com\/wp-content\/uploads\/2024\/07\/Jute-bag.webp","datePublished":"2024-07-18T13:28:51+00:00","dateModified":"2025-06-07T17:08:36+00:00","description":"Sacola de Juta Caf\u00e9 Santa Helena.Pr\u00e1tica e bonita sacola de compras. Resistente e dur\u00e1vel. Feita na Alemanha. Entrega Gratuita a partir de Chf45 na Sui\u00e7a","breadcrumb":{"@id":"https:\/\/cafesantahelena.com\/pt-pt\/products\/sacola-de-juta\/#breadcrumb"},"inLanguage":"pt-PT","potentialAction":[{"@type":"ReadAction","target":["https:\/\/cafesantahelena.com\/pt-pt\/products\/sacola-de-juta\/"]}]},{"@type":"ImageObject","inLanguage":"pt-PT","@id":"https:\/\/cafesantahelena.com\/pt-pt\/products\/sacola-de-juta\/#primaryimage","url":"https:\/\/cafesantahelena.com\/wp-content\/uploads\/2024\/07\/Jute-bag.webp","contentUrl":"https:\/\/cafesantahelena.com\/wp-content\/uploads\/2024\/07\/Jute-bag.webp","width":350,"height":450,"caption":"sacola de Juta"},{"@type":"BreadcrumbList","@id":"https:\/\/cafesantahelena.com\/pt-pt\/products\/sacola-de-juta\/#breadcrumb","itemListElement":[{"@type":"ListItem","position":1,"name":"In\u00edcio","item":"https:\/\/cafesantahelena.com\/pt-pt\/"},{"@type":"ListItem","position":2,"name":"Produtos","item":"https:\/\/cafesantahelena.com\/loja\/"},{"@type":"ListItem","position":3,"name":"Sacola de Juta Caf\u00e9 Santa Helena"}]},{"@type":"WebSite","@id":"https:\/\/cafesantahelena.com\/#website","url":"https:\/\/cafesantahelena.com\/","name":"Caf\u00e9 Santa Helena","description":"","potentialAction":[{"@type":"SearchAction","target":{"@type":"EntryPoint","urlTemplate":"https:\/\/cafesantahelena.com\/?s={search_term_string}"},"query-input":{"@type":"PropertyValueSpecification","valueRequired":true,"valueName":"search_term_string"}}],"inLanguage":"pt-PT"}]}},"_links":{"self":[{"href":"https:\/\/cafesantahelena.com\/pt-pt\/wp-json\/wp\/v2\/product\/14238","targetHints":{"allow":["GET"]}}],"collection":[{"href":"https:\/\/cafesantahelena.com\/pt-pt\/wp-json\/wp\/v2\/product"}],"about":[{"href":"https:\/\/cafesantahelena.com\/pt-pt\/wp-json\/wp\/v2\/types\/product"}],"replies":[{"embeddable":true,"href":"https:\/\/cafesantahelena.com\/pt-pt\/wp-json\/wp\/v2\/comments?post=14238"}],"wp:featuredmedia":[{"embeddable":true,"href":"https:\/\/cafesantahelena.com\/pt-pt\/wp-json\/wp\/v2\/media\/17195"}],"wp:attachment":[{"href":"https:\/\/cafesantahelena.com\/pt-pt\/wp-json\/wp\/v2\/media?parent=14238"}],"wp:term":[{"taxonomy":"product_brand","embeddable":true,"href":"https:\/\/cafesantahelena.com\/pt-pt\/wp-json\/wp\/v2\/product_brand?post=14238"},{"taxonomy":"product_cat","embeddable":true,"href":"https:\/\/cafesantahelena.com\/pt-pt\/wp-json\/wp\/v2\/product_cat?post=14238"},{"taxonomy":"product_tag","embeddable":true,"href":"https:\/\/cafesantahelena.com\/pt-pt\/wp-json\/wp\/v2\/product_tag?post=14238"}],"curies":[{"name":"wp","href":"https:\/\/api.w.org\/{rel}","templated":true}]}}