{"id":17320,"date":"2024-07-27T15:08:57","date_gmt":"2024-07-27T15:08:57","guid":{"rendered":"https:\/\/cafesantahelena.com\/products\/cafe-espresso-em-graos-inteiros-500g\/"},"modified":"2025-01-25T21:14:07","modified_gmt":"2025-01-25T21:14:07","slug":"cafe-especial-em-graos","status":"publish","type":"product","link":"https:\/\/cafesantahelena.com\/pt-pt\/products\/cafe-especial-em-graos\/","title":{"rendered":"Caf\u00e9 Especial em Gr\u00e3os"},"content":{"rendered":"<p style=\"text-align: left;\"><span style=\"color: #000000;\"><b style=\"font-size: 14px;\"><span style=\"font-size: 12pt;\"><span style=\"vertical-align: inherit;\"><span style=\"vertical-align: inherit;\">Caf\u00e9 Especial em gr\u00e3os\u00a0<\/span><\/span><\/span><\/b><\/span><\/p>\n<p style=\"text-align: left;\"><b style=\"font-size: 14px;\"><\/b><b style=\"color: #666666; font-size: 14px;\"><span style=\"font-size: 12pt; color: #000000;\"><span style=\"vertical-align: inherit;\"><span style=\"vertical-align: inherit;\">100% Ar\u00e1bica, Org\u00e2nico e Fairtrade, Origem \u00danica do Brasil.<\/span><\/span><\/span><br \/>\n<\/b><\/p>\n<p><span style=\"vertical-align: inherit;\"><span style=\"vertical-align: inherit;\">\u00c9 certificado pela<\/span><\/span><span style=\"vertical-align: inherit;\"><span style=\"vertical-align: inherit;\"> AAO (Associa\u00e7\u00e3o de Agricultura Org\u00e2nica), Certified Organic Internacional USDA, <\/span><\/span><span style=\"vertical-align: inherit;\"><span style=\"vertical-align: inherit;\">Com\u00e9rcio Justo<\/span><\/span><span style=\"vertical-align: inherit;\"><span style=\"vertical-align: inherit;\"> e <\/span><\/span><span style=\"vertical-align: inherit;\"><span style=\"vertical-align: inherit;\">BIO INSPECTA<\/span><\/span><span style=\"vertical-align: inherit;\"><span style=\"vertical-align: inherit;\"> na Su\u00ed\u00e7a.<\/span><\/span><\/p>\n<p><img decoding=\"async\" class=\"alignnone size-full wp-image-14084\" src=\"https:\/\/cafesantahelena.com\/wp-content\/uploads\/2024\/07\/DA7819F7-177F-4E28-A0D0-2B99487CAE75-300x52-1.jpeg\" alt=\"\" width=\"300\" height=\"52\" srcset=\"https:\/\/cafesantahelena.com\/wp-content\/uploads\/2024\/07\/DA7819F7-177F-4E28-A0D0-2B99487CAE75-300x52-1.jpeg 300w, https:\/\/cafesantahelena.com\/wp-content\/uploads\/2024\/07\/DA7819F7-177F-4E28-A0D0-2B99487CAE75-300x52-1-64x11.jpeg 64w\" sizes=\"(max-width: 300px) 100vw, 300px\" \/><\/p>\n<p style=\"text-align: left;\"><span style=\"font-size: 12pt; color: #000000;\"><span style=\"vertical-align: inherit;\"><span style=\"vertical-align: inherit;\">O nosso caf\u00e9 vem do Brasil em <strong>gr\u00e3os Ar\u00e1bica crus<\/strong> e vai diretamente para as montanhas su\u00ed\u00e7as na Engadina.<br \/>\nL\u00e1 \u00e9 torrado num <strong>torrador a lenha<\/strong>, respeitando tradi\u00e7\u00f5es ancestrais.<br \/>\nN\u00e3o \u00e9 submetido a qualquer processo qu\u00edmico, mec\u00e2nico ou de mistura. <\/span><\/span><\/span><\/p>\n<p><span style=\"color: #800000;\"><strong style=\"font-size: 14pt;\"><span style=\"vertical-align: inherit;\"><span style=\"vertical-align: inherit;\">Carater\u00edsticas:<\/span><\/span><\/strong><\/span><\/p>\n<p><strong>Variedade bot\u00e2nica: <\/strong>Ar\u00e1bica (Catuai Vermelho)<\/p>\n<p><strong>Proveni\u00eancia: <\/strong>Brasil<\/p>\n<p><strong>Colheita: <\/strong>manual<\/p>\n<p><strong>Secagem: <\/strong>Ao sol<strong>: <\/strong><\/p>\n<p><strong>Torrefa\u00e7\u00e3o:<\/strong> artesanal lenta em torrador \u00e0 lenha<\/p>\n<p><strong>Intensidade: <\/strong>Torrado escuro.<\/p>\n<p><span style=\"font-size: 12pt; color: #000000;\"><span style=\"vertical-align: inherit;\"><span style=\"vertical-align: inherit;\"> Para aqueles que gostam de um sabor mais forte e pronunciado, a intensidade da torra \u00e9 mais forte. Pois real\u00e7a o sabor.<\/span><\/span><\/span><\/p>\n<p><span style=\"font-size: 12pt; color: #000000;\"><span style=\"vertical-align: inherit;\"><span style=\"vertical-align: inherit;\"> \u00c9 ideal para preparar um espresso italiano cl\u00e1ssico e encorpado com um belo creme.<\/span><\/span><\/span><\/p>\n<p><strong>Ingredientes: <\/strong>caf\u00e9 especial em gr\u00e3os, org\u00e2nico. Torra intensa. Embalagem 500g.<\/p>\n<p style=\"text-align: center;\"><span style=\"color: #800000;\"><strong><span style=\"vertical-align: inherit;\"><span style=\"vertical-align: inherit;\">Acima de tudo, o caf\u00e9 \u00e9 divertido! <\/span><\/span><\/strong><\/span><\/p>\n<p style=\"text-align: center;\"><span style=\"color: #000000;\"><span style=\"vertical-align: inherit;\"><span style=\"vertical-align: inherit;\">\u00c9 um prazer que desperta todos os sentidos: belo ao olhar, subtil ao olfato, suave ao paladar e certamente delicioso ao saborear<\/span><\/span><\/span><\/p>\n<p style=\"text-align: center;\">Se \u00e9s amante de caf\u00e9, experimenta o Caf\u00e9 Santa Helena<\/p>\n<h3 style=\"text-align: left;\"><\/h3>\n<h3 style=\"text-align: center;\"><a href=\"?add-to-cart=17320\"><span style=\"color: #800000;\"><span style=\"font-size: 24px;\">Adiciona ao Carrinho!<\/span><\/span><\/a><\/h3>\n<p style=\"text-align: center;\"><img decoding=\"async\" class=\"alignnone wp-image-15379\" src=\"https:\/\/cafesantahelena.com\/wp-content\/uploads\/2024\/11\/logo-1.png\" alt=\"Logo Caf\u00e9 Santa Helena\" width=\"199\" height=\"199\" srcset=\"https:\/\/cafesantahelena.com\/wp-content\/uploads\/2024\/11\/logo-1.png 300w, https:\/\/cafesantahelena.com\/wp-content\/uploads\/2024\/11\/logo-1-100x100.png 100w, https:\/\/cafesantahelena.com\/wp-content\/uploads\/2024\/11\/logo-1-64x64.png 64w, https:\/\/cafesantahelena.com\/wp-content\/uploads\/2024\/11\/logo-1-150x150.png 150w\" sizes=\"(max-width: 199px) 100vw, 199px\" \/><\/p>\n<h3 style=\"text-align: center;\"><\/h3>\n","protected":false},"excerpt":{"rendered":"<p><span style=\"font-size: 12pt;\"><span style=\"vertical-align: inherit;\"><span style=\"vertical-align: inherit;\">IVA incl.<\/span><\/span><\/span><\/p>\n<p><span style=\"font-size: 12pt;\"><span style=\"vertical-align: inherit;\"><span style=\"vertical-align: inherit;\">custos de envio no checkout<\/span><\/span><\/span><\/p>\n<p><span style=\"font-size: 12pt;\"><span style=\"vertical-align: inherit;\"><span style=\"vertical-align: inherit;\">Caf\u00e9 Especial 86 pontos SCA<\/span><\/span><\/span><\/p>\n<p><span style=\"font-size: 12pt;\"><span style=\"vertical-align: inherit;\"><span style=\"vertical-align: inherit;\">100% Ar\u00e1bica, Org\u00e2nico e de Origem \u00danica<\/span><\/span><\/span><\/p>\n<p><strong><span style=\"font-size: 12pt;\"><span style=\"vertical-align: inherit;\"><span style=\"vertical-align: inherit;\">Torrefa\u00e7\u00e3o artesanal lenta num torrador a lenha<\/span><\/span><\/span><\/strong><\/p>\n<p><span style=\"font-size: 12pt;\"><span style=\"vertical-align: inherit;\"><span style=\"vertical-align: inherit;\">Intensidade Torrado Escuro<\/span><\/span><\/span><\/p>\n<p><img decoding=\"async\" class=\"alignnone wp-image-14166\" src=\"https:\/\/cafesantahelena.com\/wp-content\/uploads\/2024\/07\/B3DDE4ED-DC26-45F4-9E02-44607276617E-300x33-1.png\" alt=\"\" width=\"227\" height=\"25\" srcset=\"https:\/\/cafesantahelena.com\/wp-content\/uploads\/2024\/07\/B3DDE4ED-DC26-45F4-9E02-44607276617E-300x33-1.png 300w, https:\/\/cafesantahelena.com\/wp-content\/uploads\/2024\/07\/B3DDE4ED-DC26-45F4-9E02-44607276617E-300x33-1-64x7.png 64w\" sizes=\"(max-width: 227px) 100vw, 227px\" \/><\/p>\n<p>Para quem gosta de um sabor mais forte, mais pronunciado e com uma crema saborosa.<br \/>\nCaf\u00e9 fino, com uma qualidade verdadeiramente superior.<br \/>\nDo\u00e7ura acentuada com notas de caramelo, chocolate, mel e notas de frutos.<\/p>\n<p><span style=\"font-size: 12pt;\"><span style=\"vertical-align: inherit;\"><span style=\"vertical-align: inherit;\">Embalagem 500g<\/span><\/span><\/span><\/p>\n","protected":false},"featured_media":17145,"comment_status":"open","ping_status":"closed","template":"","meta":[],"product_brand":[],"product_cat":[195,203],"product_tag":[332,319,320],"class_list":{"0":"post-17320","1":"product","2":"type-product","3":"status-publish","4":"has-post-thumbnail","6":"product_cat-cafe","7":"product_cat-cafe-em-graos-pt","8":"product_tag-espresso-pt-pt","9":"product_tag-graos-inteiros-pt","10":"product_tag-mais-vendidos-pt","12":"first","13":"instock","14":"featured","15":"shipping-taxable","16":"purchasable","17":"product-type-simple"},"yoast_head":"<!-- This site is optimized with the Yoast SEO plugin v26.4 - https:\/\/yoast.com\/wordpress\/plugins\/seo\/ -->\n<title>Caf\u00e9 Especial em gr\u00e3os - Caf\u00e9 Santa Helena<\/title>\n<meta name=\"description\" content=\"Caf\u00e9 Especial em gr\u00e3os para quem aprecia fazer um bom espresso. Org\u00e2nico e Fairtrade, 100% Ar\u00e1bica, Origem \u00danica do Brasil. Pac. 500g.\" \/>\n<meta name=\"robots\" content=\"index, follow, max-snippet:-1, max-image-preview:large, max-video-preview:-1\" \/>\n<link rel=\"canonical\" href=\"https:\/\/cafesantahelena.com\/pt-pt\/products\/cafe-especial-em-graos\/\" \/>\n<meta property=\"og:locale\" content=\"pt_PT\" \/>\n<meta property=\"og:type\" content=\"article\" \/>\n<meta property=\"og:title\" content=\"Caf\u00e9 Especial em gr\u00e3os - Caf\u00e9 Santa Helena\" \/>\n<meta property=\"og:description\" content=\"Caf\u00e9 Especial em gr\u00e3os para quem aprecia fazer um bom espresso. Org\u00e2nico e Fairtrade, 100% Ar\u00e1bica, Origem \u00danica do Brasil. Pac. 500g.\" \/>\n<meta property=\"og:url\" content=\"https:\/\/cafesantahelena.com\/pt-pt\/products\/cafe-especial-em-graos\/\" \/>\n<meta property=\"og:site_name\" content=\"Caf\u00e9 Santa Helena\" \/>\n<meta property=\"article:modified_time\" content=\"2025-01-25T21:14:07+00:00\" \/>\n<meta property=\"og:image\" content=\"https:\/\/cafesantahelena.com\/wp-content\/uploads\/2024\/07\/Whole-beans-coffee-espresso-.webp\" \/>\n\t<meta property=\"og:image:width\" content=\"350\" \/>\n\t<meta property=\"og:image:height\" content=\"450\" \/>\n\t<meta property=\"og:image:type\" content=\"image\/webp\" \/>\n<meta name=\"twitter:card\" content=\"summary_large_image\" \/>\n<meta name=\"twitter:label1\" content=\"Tempo estimado de leitura\" \/>\n\t<meta name=\"twitter:data1\" content=\"2 minutos\" \/>\n<script type=\"application\/ld+json\" class=\"yoast-schema-graph\">{\"@context\":\"https:\/\/schema.org\",\"@graph\":[{\"@type\":\"WebPage\",\"@id\":\"https:\/\/cafesantahelena.com\/pt-pt\/products\/cafe-especial-em-graos\/\",\"url\":\"https:\/\/cafesantahelena.com\/pt-pt\/products\/cafe-especial-em-graos\/\",\"name\":\"Caf\u00e9 Especial em gr\u00e3os - Caf\u00e9 Santa Helena\",\"isPartOf\":{\"@id\":\"https:\/\/cafesantahelena.com\/#website\"},\"primaryImageOfPage\":{\"@id\":\"https:\/\/cafesantahelena.com\/pt-pt\/products\/cafe-especial-em-graos\/#primaryimage\"},\"image\":{\"@id\":\"https:\/\/cafesantahelena.com\/pt-pt\/products\/cafe-especial-em-graos\/#primaryimage\"},\"thumbnailUrl\":\"https:\/\/cafesantahelena.com\/wp-content\/uploads\/2024\/07\/Whole-beans-coffee-espresso-.webp\",\"datePublished\":\"2024-07-27T15:08:57+00:00\",\"dateModified\":\"2025-01-25T21:14:07+00:00\",\"description\":\"Caf\u00e9 Especial em gr\u00e3os para quem aprecia fazer um bom espresso. Org\u00e2nico e Fairtrade, 100% Ar\u00e1bica, Origem \u00danica do Brasil. Pac. 500g.\",\"breadcrumb\":{\"@id\":\"https:\/\/cafesantahelena.com\/pt-pt\/products\/cafe-especial-em-graos\/#breadcrumb\"},\"inLanguage\":\"pt-PT\",\"potentialAction\":[{\"@type\":\"ReadAction\",\"target\":[\"https:\/\/cafesantahelena.com\/pt-pt\/products\/cafe-especial-em-graos\/\"]}]},{\"@type\":\"ImageObject\",\"inLanguage\":\"pt-PT\",\"@id\":\"https:\/\/cafesantahelena.com\/pt-pt\/products\/cafe-especial-em-graos\/#primaryimage\",\"url\":\"https:\/\/cafesantahelena.com\/wp-content\/uploads\/2024\/07\/Whole-beans-coffee-espresso-.webp\",\"contentUrl\":\"https:\/\/cafesantahelena.com\/wp-content\/uploads\/2024\/07\/Whole-beans-coffee-espresso-.webp\",\"width\":350,\"height\":450,\"caption\":\"caf\u00e9 em gr\u00e3os inteiros\"},{\"@type\":\"BreadcrumbList\",\"@id\":\"https:\/\/cafesantahelena.com\/pt-pt\/products\/cafe-especial-em-graos\/#breadcrumb\",\"itemListElement\":[{\"@type\":\"ListItem\",\"position\":1,\"name\":\"In\u00edcio\",\"item\":\"https:\/\/cafesantahelena.com\/pt-pt\/\"},{\"@type\":\"ListItem\",\"position\":2,\"name\":\"Produtos\",\"item\":\"https:\/\/cafesantahelena.com\/loja\/\"},{\"@type\":\"ListItem\",\"position\":3,\"name\":\"Caf\u00e9 Especial em Gr\u00e3os\"}]},{\"@type\":\"WebSite\",\"@id\":\"https:\/\/cafesantahelena.com\/#website\",\"url\":\"https:\/\/cafesantahelena.com\/\",\"name\":\"Caf\u00e9 Santa Helena\",\"description\":\"\",\"potentialAction\":[{\"@type\":\"SearchAction\",\"target\":{\"@type\":\"EntryPoint\",\"urlTemplate\":\"https:\/\/cafesantahelena.com\/?s={search_term_string}\"},\"query-input\":{\"@type\":\"PropertyValueSpecification\",\"valueRequired\":true,\"valueName\":\"search_term_string\"}}],\"inLanguage\":\"pt-PT\"}]}<\/script>\n<!-- \/ Yoast SEO plugin. -->","yoast_head_json":{"title":"Caf\u00e9 Especial em gr\u00e3os - Caf\u00e9 Santa Helena","description":"Caf\u00e9 Especial em gr\u00e3os para quem aprecia fazer um bom espresso. Org\u00e2nico e Fairtrade, 100% Ar\u00e1bica, Origem \u00danica do Brasil. Pac. 500g.","robots":{"index":"index","follow":"follow","max-snippet":"max-snippet:-1","max-image-preview":"max-image-preview:large","max-video-preview":"max-video-preview:-1"},"canonical":"https:\/\/cafesantahelena.com\/pt-pt\/products\/cafe-especial-em-graos\/","og_locale":"pt_PT","og_type":"article","og_title":"Caf\u00e9 Especial em gr\u00e3os - Caf\u00e9 Santa Helena","og_description":"Caf\u00e9 Especial em gr\u00e3os para quem aprecia fazer um bom espresso. Org\u00e2nico e Fairtrade, 100% Ar\u00e1bica, Origem \u00danica do Brasil. Pac. 500g.","og_url":"https:\/\/cafesantahelena.com\/pt-pt\/products\/cafe-especial-em-graos\/","og_site_name":"Caf\u00e9 Santa Helena","article_modified_time":"2025-01-25T21:14:07+00:00","og_image":[{"width":350,"height":450,"url":"https:\/\/cafesantahelena.com\/wp-content\/uploads\/2024\/07\/Whole-beans-coffee-espresso-.webp","type":"image\/webp"}],"twitter_card":"summary_large_image","twitter_misc":{"Tempo estimado de leitura":"2 minutos"},"schema":{"@context":"https:\/\/schema.org","@graph":[{"@type":"WebPage","@id":"https:\/\/cafesantahelena.com\/pt-pt\/products\/cafe-especial-em-graos\/","url":"https:\/\/cafesantahelena.com\/pt-pt\/products\/cafe-especial-em-graos\/","name":"Caf\u00e9 Especial em gr\u00e3os - Caf\u00e9 Santa Helena","isPartOf":{"@id":"https:\/\/cafesantahelena.com\/#website"},"primaryImageOfPage":{"@id":"https:\/\/cafesantahelena.com\/pt-pt\/products\/cafe-especial-em-graos\/#primaryimage"},"image":{"@id":"https:\/\/cafesantahelena.com\/pt-pt\/products\/cafe-especial-em-graos\/#primaryimage"},"thumbnailUrl":"https:\/\/cafesantahelena.com\/wp-content\/uploads\/2024\/07\/Whole-beans-coffee-espresso-.webp","datePublished":"2024-07-27T15:08:57+00:00","dateModified":"2025-01-25T21:14:07+00:00","description":"Caf\u00e9 Especial em gr\u00e3os para quem aprecia fazer um bom espresso. Org\u00e2nico e Fairtrade, 100% Ar\u00e1bica, Origem \u00danica do Brasil. Pac. 500g.","breadcrumb":{"@id":"https:\/\/cafesantahelena.com\/pt-pt\/products\/cafe-especial-em-graos\/#breadcrumb"},"inLanguage":"pt-PT","potentialAction":[{"@type":"ReadAction","target":["https:\/\/cafesantahelena.com\/pt-pt\/products\/cafe-especial-em-graos\/"]}]},{"@type":"ImageObject","inLanguage":"pt-PT","@id":"https:\/\/cafesantahelena.com\/pt-pt\/products\/cafe-especial-em-graos\/#primaryimage","url":"https:\/\/cafesantahelena.com\/wp-content\/uploads\/2024\/07\/Whole-beans-coffee-espresso-.webp","contentUrl":"https:\/\/cafesantahelena.com\/wp-content\/uploads\/2024\/07\/Whole-beans-coffee-espresso-.webp","width":350,"height":450,"caption":"caf\u00e9 em gr\u00e3os inteiros"},{"@type":"BreadcrumbList","@id":"https:\/\/cafesantahelena.com\/pt-pt\/products\/cafe-especial-em-graos\/#breadcrumb","itemListElement":[{"@type":"ListItem","position":1,"name":"In\u00edcio","item":"https:\/\/cafesantahelena.com\/pt-pt\/"},{"@type":"ListItem","position":2,"name":"Produtos","item":"https:\/\/cafesantahelena.com\/loja\/"},{"@type":"ListItem","position":3,"name":"Caf\u00e9 Especial em Gr\u00e3os"}]},{"@type":"WebSite","@id":"https:\/\/cafesantahelena.com\/#website","url":"https:\/\/cafesantahelena.com\/","name":"Caf\u00e9 Santa Helena","description":"","potentialAction":[{"@type":"SearchAction","target":{"@type":"EntryPoint","urlTemplate":"https:\/\/cafesantahelena.com\/?s={search_term_string}"},"query-input":{"@type":"PropertyValueSpecification","valueRequired":true,"valueName":"search_term_string"}}],"inLanguage":"pt-PT"}]}},"_links":{"self":[{"href":"https:\/\/cafesantahelena.com\/pt-pt\/wp-json\/wp\/v2\/product\/17320","targetHints":{"allow":["GET"]}}],"collection":[{"href":"https:\/\/cafesantahelena.com\/pt-pt\/wp-json\/wp\/v2\/product"}],"about":[{"href":"https:\/\/cafesantahelena.com\/pt-pt\/wp-json\/wp\/v2\/types\/product"}],"replies":[{"embeddable":true,"href":"https:\/\/cafesantahelena.com\/pt-pt\/wp-json\/wp\/v2\/comments?post=17320"}],"wp:featuredmedia":[{"embeddable":true,"href":"https:\/\/cafesantahelena.com\/pt-pt\/wp-json\/wp\/v2\/media\/17145"}],"wp:attachment":[{"href":"https:\/\/cafesantahelena.com\/pt-pt\/wp-json\/wp\/v2\/media?parent=17320"}],"wp:term":[{"taxonomy":"product_brand","embeddable":true,"href":"https:\/\/cafesantahelena.com\/pt-pt\/wp-json\/wp\/v2\/product_brand?post=17320"},{"taxonomy":"product_cat","embeddable":true,"href":"https:\/\/cafesantahelena.com\/pt-pt\/wp-json\/wp\/v2\/product_cat?post=17320"},{"taxonomy":"product_tag","embeddable":true,"href":"https:\/\/cafesantahelena.com\/pt-pt\/wp-json\/wp\/v2\/product_tag?post=17320"}],"curies":[{"name":"wp","href":"https:\/\/api.w.org\/{rel}","templated":true}]}}