{"id":17321,"date":"2024-07-22T15:08:59","date_gmt":"2024-07-22T15:08:59","guid":{"rendered":"https:\/\/cafesantahelena.com\/products\/cafe-feminino-feijao-inteiro\/"},"modified":"2025-01-30T14:54:29","modified_gmt":"2025-01-30T14:54:29","slug":"cafe-feminino-em-graos","status":"publish","type":"product","link":"https:\/\/cafesantahelena.com\/pt-pt\/products\/cafe-feminino-em-graos\/","title":{"rendered":"Caf\u00e9 Feminino em Gr\u00e3os"},"content":{"rendered":"<div id=\"cc-m-13695954727\">\n<h2 id=\"cc-m-header-13695954727\" style=\"text-align: left;\"><span style=\"color: #000000;\"><b><span style=\"vertical-align: inherit;\"><span style=\"vertical-align: inherit;\">Caf\u00e9 Feminino em Gr\u00e3os\u00a0<\/span><\/span><\/b><\/span><\/h2>\n<p>O caf\u00e9 \u00e9 cultivado, colhido, seco, selecionado e transformado apenas por mulheres.<\/p>\n<p style=\"text-align: center;\"><strong>Dar poder \u00e0s mulheres atrav\u00e9s do caf\u00e9!<\/strong><\/p>\n<p><span style=\"color: #000000;\"><span style=\"vertical-align: inherit;\"><span style=\"vertical-align: inherit;\">Um trabalho de amor e empoderamento, criado exclusivamente pelas incr\u00edveis mulheres do Brasil. Estas rainhas do caf\u00e9 nutriram cada gr\u00e3o, garantindo uma bebida rica e org\u00e2nica que \u00e9 boa para ti e para o mundo. <\/span><\/span><\/span><\/p>\n<p><strong>Composi\u00e7\u00e3o:<\/strong><\/p>\n<p><strong>100% Ar\u00e1bica, Caf\u00e9 Especial. Microlote. <\/strong><\/p>\n<p><strong>Corpo<\/strong> &#8211; Corpo suave com um elevado n\u00edvel de do\u00e7ura natural, final de boca prolongado, baixa acidez.<\/p>\n<p><strong>Notas sensoriais<\/strong> &#8211; Floral e frutado.<\/p>\n<p><strong>Intensidade<\/strong> &#8211; 3 de 5 <strong>Variedade<\/strong> &#8211; Catua\u00ed Vermelho, 100% Ar\u00e1bica.<\/p>\n<p><strong>Processo de torrefa\u00e7\u00e3o<\/strong>: Torra lenta tradicional em torrador de madeira.<\/p>\n<p><strong>Grau de torrefa\u00e7\u00e3o<\/strong>: M\u00e9dio <strong>Ideal para<\/strong>: Espresso, Lungo e Capuccino.<\/p>\n<p><strong>Ingredientes: <\/strong>Caf\u00e9 Feminino em gr\u00e3os 100% Ar\u00e1bica, Org\u00e2nico e de Com\u00e9rcio Justo, Caf\u00e9 Especial, Microlote do Brasil. Torra m\u00e9dia. Embalagem 500g<\/p>\n<p style=\"text-align: center;\"><strong>O Caf\u00e9 Feminino n\u00e3o \u00e9 s\u00f3 para as mulheres, \u00e9 para todos os que gostam de um caf\u00e9 suave e doce.<\/strong><\/p>\n<h3 style=\"text-align: center;\"><a href=\"?add-to-cart=10425\"><span style=\"color: #800000;\"><em><strong><span style=\"font-size: 18pt;\"><span style=\"vertical-align: inherit;\"><span style=\"vertical-align: inherit;\">Experimenta o nosso Caf\u00e9 Feminino!<\/span><\/span><\/span><\/strong><\/em><\/span><\/a><\/h3>\n<p><a href=\"https:\/\/cafesantahelena.com\/wp-content\/uploads\/2021\/11\/logo-preta-2.jpg\"><img decoding=\"async\" class=\" wp-image-15375 aligncenter\" src=\"https:\/\/cafesantahelena.com\/wp-content\/uploads\/2024\/11\/logo-1.png\" alt=\"\" width=\"171\" height=\"171\" srcset=\"https:\/\/cafesantahelena.com\/wp-content\/uploads\/2024\/11\/logo-1.png 300w, https:\/\/cafesantahelena.com\/wp-content\/uploads\/2024\/11\/logo-1-100x100.png 100w, https:\/\/cafesantahelena.com\/wp-content\/uploads\/2024\/11\/logo-1-64x64.png 64w, https:\/\/cafesantahelena.com\/wp-content\/uploads\/2024\/11\/logo-1-150x150.png 150w\" sizes=\"(max-width: 171px) 100vw, 171px\" \/><\/a><\/p>\n<h3 style=\"text-align: center;\"><\/h3>\n<\/div>\n","protected":false},"excerpt":{"rendered":"<p><span style=\"vertical-align: inherit;\"><span style=\"vertical-align: inherit;\">IVA incl. <\/span><\/span><\/p>\n<p>Custos de envio no checkout<\/p>\n<p><strong>O caf\u00e9 \u00e9 cultivado, colhido, selecionado e processado apenas por mulheres<\/strong><\/p>\n<p><span style=\"vertical-align: inherit;\"><span style=\"vertical-align: inherit;\">100% Ar\u00e1bica, Org\u00e2nico e de Com\u00e9rcio Justo, Caf\u00e9 Especial de Origem \u00danica do Brasil<\/span><\/span><\/p>\n<p>Alto n\u00edvel de do\u00e7ura e baixa acidez Notas sensoriais: Florais e frutos Grau de torrefa\u00e7\u00e3o: Ideal para: Caf\u00e9 Expresso, Lungo, Capuccino.<\/p>\n<p>Embalagem 500g<\/p>\n","protected":false},"featured_media":17085,"comment_status":"open","ping_status":"closed","template":"","meta":[],"product_brand":[],"product_cat":[195,203],"product_tag":[215,361,322,320],"class_list":{"0":"post-17321","1":"product","2":"type-product","3":"status-publish","4":"has-post-thumbnail","6":"product_cat-cafe","7":"product_cat-cafe-em-graos-pt","8":"product_tag-cafe-pt","9":"product_tag-cafe-expresso","10":"product_tag-cafe-feminino-pt-pt","11":"product_tag-mais-vendidos-pt","13":"first","14":"outofstock","15":"featured","16":"shipping-taxable","17":"purchasable","18":"product-type-simple"},"yoast_head":"<!-- This site is optimized with the Yoast SEO plugin v26.4 - https:\/\/yoast.com\/wordpress\/plugins\/seo\/ -->\n<title>Caf\u00e9 Feminino em Gr\u00e3os - Caf\u00e9 org\u00e2nico Santa Helena<\/title>\n<meta name=\"description\" content=\"Caf\u00e9 Feminino em gr\u00e3os. O caf\u00e9 \u00e9 cultivado, selecionado e processado apenas por mulheres. Caf\u00e9 Especial, 100% Bio Ar\u00e1bica, Microlote. Embalagem 500g\" \/>\n<meta name=\"robots\" content=\"index, follow, max-snippet:-1, max-image-preview:large, max-video-preview:-1\" \/>\n<link rel=\"canonical\" href=\"https:\/\/cafesantahelena.com\/pt-pt\/products\/cafe-feminino-em-graos\/\" \/>\n<meta property=\"og:locale\" content=\"pt_PT\" \/>\n<meta property=\"og:type\" content=\"article\" \/>\n<meta property=\"og:title\" content=\"Caf\u00e9 Feminino em Gr\u00e3os - Caf\u00e9 org\u00e2nico Santa Helena\" \/>\n<meta property=\"og:description\" content=\"Caf\u00e9 Feminino em gr\u00e3os. O caf\u00e9 \u00e9 cultivado, selecionado e processado apenas por mulheres. Caf\u00e9 Especial, 100% Bio Ar\u00e1bica, Microlote. Embalagem 500g\" \/>\n<meta property=\"og:url\" content=\"https:\/\/cafesantahelena.com\/pt-pt\/products\/cafe-feminino-em-graos\/\" \/>\n<meta property=\"og:site_name\" content=\"Caf\u00e9 Santa Helena\" \/>\n<meta property=\"article:modified_time\" content=\"2025-01-30T14:54:29+00:00\" \/>\n<meta property=\"og:image\" content=\"https:\/\/cafesantahelena.com\/wp-content\/uploads\/2024\/07\/Cafe-feminino-whole-beans.webp\" \/>\n\t<meta property=\"og:image:width\" content=\"350\" \/>\n\t<meta property=\"og:image:height\" content=\"450\" \/>\n\t<meta property=\"og:image:type\" content=\"image\/webp\" \/>\n<meta name=\"twitter:card\" content=\"summary_large_image\" \/>\n<meta name=\"twitter:label1\" content=\"Tempo estimado de leitura\" \/>\n\t<meta name=\"twitter:data1\" content=\"2 minutos\" \/>\n<script type=\"application\/ld+json\" class=\"yoast-schema-graph\">{\"@context\":\"https:\/\/schema.org\",\"@graph\":[{\"@type\":\"WebPage\",\"@id\":\"https:\/\/cafesantahelena.com\/pt-pt\/products\/cafe-feminino-em-graos\/\",\"url\":\"https:\/\/cafesantahelena.com\/pt-pt\/products\/cafe-feminino-em-graos\/\",\"name\":\"Caf\u00e9 Feminino em Gr\u00e3os - Caf\u00e9 org\u00e2nico Santa Helena\",\"isPartOf\":{\"@id\":\"https:\/\/cafesantahelena.com\/#website\"},\"primaryImageOfPage\":{\"@id\":\"https:\/\/cafesantahelena.com\/pt-pt\/products\/cafe-feminino-em-graos\/#primaryimage\"},\"image\":{\"@id\":\"https:\/\/cafesantahelena.com\/pt-pt\/products\/cafe-feminino-em-graos\/#primaryimage\"},\"thumbnailUrl\":\"https:\/\/cafesantahelena.com\/wp-content\/uploads\/2024\/07\/Cafe-feminino-whole-beans.webp\",\"datePublished\":\"2024-07-22T15:08:59+00:00\",\"dateModified\":\"2025-01-30T14:54:29+00:00\",\"description\":\"Caf\u00e9 Feminino em gr\u00e3os. O caf\u00e9 \u00e9 cultivado, selecionado e processado apenas por mulheres. Caf\u00e9 Especial, 100% Bio Ar\u00e1bica, Microlote. Embalagem 500g\",\"breadcrumb\":{\"@id\":\"https:\/\/cafesantahelena.com\/pt-pt\/products\/cafe-feminino-em-graos\/#breadcrumb\"},\"inLanguage\":\"pt-PT\",\"potentialAction\":[{\"@type\":\"ReadAction\",\"target\":[\"https:\/\/cafesantahelena.com\/pt-pt\/products\/cafe-feminino-em-graos\/\"]}]},{\"@type\":\"ImageObject\",\"inLanguage\":\"pt-PT\",\"@id\":\"https:\/\/cafesantahelena.com\/pt-pt\/products\/cafe-feminino-em-graos\/#primaryimage\",\"url\":\"https:\/\/cafesantahelena.com\/wp-content\/uploads\/2024\/07\/Cafe-feminino-whole-beans.webp\",\"contentUrl\":\"https:\/\/cafesantahelena.com\/wp-content\/uploads\/2024\/07\/Cafe-feminino-whole-beans.webp\",\"width\":350,\"height\":450,\"caption\":\"cafe feminino en grains\"},{\"@type\":\"BreadcrumbList\",\"@id\":\"https:\/\/cafesantahelena.com\/pt-pt\/products\/cafe-feminino-em-graos\/#breadcrumb\",\"itemListElement\":[{\"@type\":\"ListItem\",\"position\":1,\"name\":\"In\u00edcio\",\"item\":\"https:\/\/cafesantahelena.com\/pt-pt\/\"},{\"@type\":\"ListItem\",\"position\":2,\"name\":\"Produtos\",\"item\":\"https:\/\/cafesantahelena.com\/loja\/\"},{\"@type\":\"ListItem\",\"position\":3,\"name\":\"Caf\u00e9 Feminino em Gr\u00e3os\"}]},{\"@type\":\"WebSite\",\"@id\":\"https:\/\/cafesantahelena.com\/#website\",\"url\":\"https:\/\/cafesantahelena.com\/\",\"name\":\"Caf\u00e9 Santa Helena\",\"description\":\"\",\"potentialAction\":[{\"@type\":\"SearchAction\",\"target\":{\"@type\":\"EntryPoint\",\"urlTemplate\":\"https:\/\/cafesantahelena.com\/?s={search_term_string}\"},\"query-input\":{\"@type\":\"PropertyValueSpecification\",\"valueRequired\":true,\"valueName\":\"search_term_string\"}}],\"inLanguage\":\"pt-PT\"}]}<\/script>\n<!-- \/ Yoast SEO plugin. -->","yoast_head_json":{"title":"Caf\u00e9 Feminino em Gr\u00e3os - Caf\u00e9 org\u00e2nico Santa Helena","description":"Caf\u00e9 Feminino em gr\u00e3os. O caf\u00e9 \u00e9 cultivado, selecionado e processado apenas por mulheres. Caf\u00e9 Especial, 100% Bio Ar\u00e1bica, Microlote. Embalagem 500g","robots":{"index":"index","follow":"follow","max-snippet":"max-snippet:-1","max-image-preview":"max-image-preview:large","max-video-preview":"max-video-preview:-1"},"canonical":"https:\/\/cafesantahelena.com\/pt-pt\/products\/cafe-feminino-em-graos\/","og_locale":"pt_PT","og_type":"article","og_title":"Caf\u00e9 Feminino em Gr\u00e3os - Caf\u00e9 org\u00e2nico Santa Helena","og_description":"Caf\u00e9 Feminino em gr\u00e3os. O caf\u00e9 \u00e9 cultivado, selecionado e processado apenas por mulheres. Caf\u00e9 Especial, 100% Bio Ar\u00e1bica, Microlote. Embalagem 500g","og_url":"https:\/\/cafesantahelena.com\/pt-pt\/products\/cafe-feminino-em-graos\/","og_site_name":"Caf\u00e9 Santa Helena","article_modified_time":"2025-01-30T14:54:29+00:00","og_image":[{"width":350,"height":450,"url":"https:\/\/cafesantahelena.com\/wp-content\/uploads\/2024\/07\/Cafe-feminino-whole-beans.webp","type":"image\/webp"}],"twitter_card":"summary_large_image","twitter_misc":{"Tempo estimado de leitura":"2 minutos"},"schema":{"@context":"https:\/\/schema.org","@graph":[{"@type":"WebPage","@id":"https:\/\/cafesantahelena.com\/pt-pt\/products\/cafe-feminino-em-graos\/","url":"https:\/\/cafesantahelena.com\/pt-pt\/products\/cafe-feminino-em-graos\/","name":"Caf\u00e9 Feminino em Gr\u00e3os - Caf\u00e9 org\u00e2nico Santa Helena","isPartOf":{"@id":"https:\/\/cafesantahelena.com\/#website"},"primaryImageOfPage":{"@id":"https:\/\/cafesantahelena.com\/pt-pt\/products\/cafe-feminino-em-graos\/#primaryimage"},"image":{"@id":"https:\/\/cafesantahelena.com\/pt-pt\/products\/cafe-feminino-em-graos\/#primaryimage"},"thumbnailUrl":"https:\/\/cafesantahelena.com\/wp-content\/uploads\/2024\/07\/Cafe-feminino-whole-beans.webp","datePublished":"2024-07-22T15:08:59+00:00","dateModified":"2025-01-30T14:54:29+00:00","description":"Caf\u00e9 Feminino em gr\u00e3os. O caf\u00e9 \u00e9 cultivado, selecionado e processado apenas por mulheres. Caf\u00e9 Especial, 100% Bio Ar\u00e1bica, Microlote. Embalagem 500g","breadcrumb":{"@id":"https:\/\/cafesantahelena.com\/pt-pt\/products\/cafe-feminino-em-graos\/#breadcrumb"},"inLanguage":"pt-PT","potentialAction":[{"@type":"ReadAction","target":["https:\/\/cafesantahelena.com\/pt-pt\/products\/cafe-feminino-em-graos\/"]}]},{"@type":"ImageObject","inLanguage":"pt-PT","@id":"https:\/\/cafesantahelena.com\/pt-pt\/products\/cafe-feminino-em-graos\/#primaryimage","url":"https:\/\/cafesantahelena.com\/wp-content\/uploads\/2024\/07\/Cafe-feminino-whole-beans.webp","contentUrl":"https:\/\/cafesantahelena.com\/wp-content\/uploads\/2024\/07\/Cafe-feminino-whole-beans.webp","width":350,"height":450,"caption":"cafe feminino en grains"},{"@type":"BreadcrumbList","@id":"https:\/\/cafesantahelena.com\/pt-pt\/products\/cafe-feminino-em-graos\/#breadcrumb","itemListElement":[{"@type":"ListItem","position":1,"name":"In\u00edcio","item":"https:\/\/cafesantahelena.com\/pt-pt\/"},{"@type":"ListItem","position":2,"name":"Produtos","item":"https:\/\/cafesantahelena.com\/loja\/"},{"@type":"ListItem","position":3,"name":"Caf\u00e9 Feminino em Gr\u00e3os"}]},{"@type":"WebSite","@id":"https:\/\/cafesantahelena.com\/#website","url":"https:\/\/cafesantahelena.com\/","name":"Caf\u00e9 Santa Helena","description":"","potentialAction":[{"@type":"SearchAction","target":{"@type":"EntryPoint","urlTemplate":"https:\/\/cafesantahelena.com\/?s={search_term_string}"},"query-input":{"@type":"PropertyValueSpecification","valueRequired":true,"valueName":"search_term_string"}}],"inLanguage":"pt-PT"}]}},"_links":{"self":[{"href":"https:\/\/cafesantahelena.com\/pt-pt\/wp-json\/wp\/v2\/product\/17321","targetHints":{"allow":["GET"]}}],"collection":[{"href":"https:\/\/cafesantahelena.com\/pt-pt\/wp-json\/wp\/v2\/product"}],"about":[{"href":"https:\/\/cafesantahelena.com\/pt-pt\/wp-json\/wp\/v2\/types\/product"}],"replies":[{"embeddable":true,"href":"https:\/\/cafesantahelena.com\/pt-pt\/wp-json\/wp\/v2\/comments?post=17321"}],"wp:featuredmedia":[{"embeddable":true,"href":"https:\/\/cafesantahelena.com\/pt-pt\/wp-json\/wp\/v2\/media\/17085"}],"wp:attachment":[{"href":"https:\/\/cafesantahelena.com\/pt-pt\/wp-json\/wp\/v2\/media?parent=17321"}],"wp:term":[{"taxonomy":"product_brand","embeddable":true,"href":"https:\/\/cafesantahelena.com\/pt-pt\/wp-json\/wp\/v2\/product_brand?post=17321"},{"taxonomy":"product_cat","embeddable":true,"href":"https:\/\/cafesantahelena.com\/pt-pt\/wp-json\/wp\/v2\/product_cat?post=17321"},{"taxonomy":"product_tag","embeddable":true,"href":"https:\/\/cafesantahelena.com\/pt-pt\/wp-json\/wp\/v2\/product_tag?post=17321"}],"curies":[{"name":"wp","href":"https:\/\/api.w.org\/{rel}","templated":true}]}}