{"id":17323,"date":"2024-07-22T15:08:58","date_gmt":"2024-07-22T15:08:58","guid":{"rendered":"https:\/\/cafesantahelena.com\/products\/copo-de-vidro-de-parede-para-cafe-tornado-due\/"},"modified":"2025-01-25T17:55:00","modified_gmt":"2025-01-25T17:55:00","slug":"copo-de-vidro-de-parede-para-cafe-tornado-due","status":"publish","type":"product","link":"https:\/\/cafesantahelena.com\/pt-pt\/products\/copo-de-vidro-de-parede-para-cafe-tornado-due\/","title":{"rendered":"Copo de vidro de parede para caf\u00e9 Tornado Due"},"content":{"rendered":"<h2 style=\"text-align: center;\">Copo de vidro para caf\u00e9<\/h2>\n<p style=\"text-align: center;\"><img decoding=\"async\" class=\"alignnone size-medium wp-image-17071\" src=\"https:\/\/cafesantahelena.com\/wp-content\/uploads\/2024\/07\/Dripper-brewista-300x157.webp\" alt=\"gotejador de caf\u00e9 em vidro\" width=\"300\" height=\"157\" srcset=\"https:\/\/cafesantahelena.com\/wp-content\/uploads\/2024\/07\/Dripper-brewista-300x157.webp 300w, https:\/\/cafesantahelena.com\/wp-content\/uploads\/2024\/07\/Dripper-brewista-350x183.webp 350w, https:\/\/cafesantahelena.com\/wp-content\/uploads\/2024\/07\/Dripper-brewista-64x33.webp 64w, https:\/\/cafesantahelena.com\/wp-content\/uploads\/2024\/07\/Dripper-brewista.webp 692w\" sizes=\"(max-width: 300px) 100vw, 300px\" \/><\/p>\n<p><span style=\"color: #000000;\"><strong>Copo de vidro para caf\u00e9 Brewista Tornado:<\/strong><\/span><\/p>\n<p><span style=\"color: #000000;\">A equipa de design e a equipa executiva da Brewista s\u00e3o todos Q-graders certificados. Ou seja, o Q-grade \u00e9 a \u00fanica pontua\u00e7\u00e3o e certifica\u00e7\u00e3o de caf\u00e9 que se baseia na qualidade. Desenvolvido pela Specialty Coffee Association of America (SCAA), \u00e9 um curso intensivo que ensina como classificar as torras de caf\u00e9 em muitos factores. Tamb\u00e9m se tornou a linguagem padronizada para comunicar a qualidade do caf\u00e9 na ind\u00fastria durante 15 anos.   <\/span><\/p>\n<p><span style=\"color: #000000;\">Desde o design que reflecte seriamente sobre a ci\u00eancia da prepara\u00e7\u00e3o do caf\u00e9, at\u00e9 aos acabamentos elegantes. Os consumidores est\u00e3o entusiasmados com a utiliza\u00e7\u00e3o em casa dos produtos Brewista, que criam experi\u00eancias de caf\u00e9 como nenhuma outra. <\/span><\/p>\n<h3 style=\"text-align: center;\"><span style=\"color: #800000; font-size: 18pt;\"><em><strong>N\u00e3o penses demasiado! Experimenta fazer um caf\u00e9 com arte usando este magn\u00edfico gotejador em casa <\/strong><\/em><\/span><\/h3>\n<h3 style=\"text-align: center;\"><a href=\"?add-to-cart=368\"><span style=\"font-size: 24pt; color: #800000;\"><em><strong>Adicionar ao Carrinho!<\/strong><\/em><\/span><\/a><\/h3>\n<p><a href=\"https:\/\/cafesantahelena.com\/wp-content\/uploads\/2021\/11\/logo-preta-2.jpg\"><img decoding=\"async\" class=\" wp-image-14056 aligncenter\" src=\"https:\/\/cafesantahelena.com\/wp-content\/uploads\/2024\/07\/F16BA1DC-4552-44E6-9CAF-7827F4298B30-300x300-1.png\" alt=\"\" width=\"170\" height=\"170\" srcset=\"https:\/\/cafesantahelena.com\/wp-content\/uploads\/2024\/07\/F16BA1DC-4552-44E6-9CAF-7827F4298B30-300x300-1.png 300w, https:\/\/cafesantahelena.com\/wp-content\/uploads\/2024\/07\/F16BA1DC-4552-44E6-9CAF-7827F4298B30-300x300-1-100x100.png 100w, https:\/\/cafesantahelena.com\/wp-content\/uploads\/2024\/07\/F16BA1DC-4552-44E6-9CAF-7827F4298B30-300x300-1-64x64.png 64w, https:\/\/cafesantahelena.com\/wp-content\/uploads\/2024\/07\/F16BA1DC-4552-44E6-9CAF-7827F4298B30-300x300-1-150x150.png 150w\" sizes=\"(max-width: 170px) 100vw, 170px\" \/><\/a><\/p>\n<p>&nbsp;<\/p>\n","protected":false},"excerpt":{"rendered":"<p>IVA incl.<br \/>\nCustos de envio no checkout O novo gotejador Tornado Duo da Brewista \u00e9 o primeiro gotejador de vidro de parede dupla selado do mundo. O gotejador \u00fanico com nervuras abranda o tempo de extra\u00e7\u00e3o para dar ao teu caf\u00e9 ou ch\u00e1 um sabor mais robusto e satisfat\u00f3rio. Com um design elegante, o tornado \u00e9 essencial para o kit de ferramentas de qualquer amante de caf\u00e9.<\/p>\n<ul>\n<li>Gotejador Tornado exclusivo com 18 nervuras para uma extra\u00e7\u00e3o \u00f3ptima<\/li>\n<li>Vidro isolado de parede dupla<\/li>\n<li>Design selado e f\u00e1cil de limpar<\/li>\n<li>Serve 1-2 ch\u00e1venas<\/li>\n<li>Usa filtro de papel &#8211; <strong>N\u00e3o inclu\u00eddo<\/strong><\/li>\n<\/ul>\n","protected":false},"featured_media":17055,"comment_status":"open","ping_status":"closed","template":"","meta":[],"product_brand":[],"product_cat":[194],"product_tag":[306],"class_list":{"0":"post-17323","1":"product","2":"type-product","3":"status-publish","4":"has-post-thumbnail","6":"product_cat-acessorios","7":"product_tag-coador-pt","9":"first","10":"instock","11":"featured","12":"shipping-taxable","13":"purchasable","14":"product-type-simple"},"yoast_head":"<!-- This site is optimized with the Yoast SEO plugin v26.4 - https:\/\/yoast.com\/wordpress\/plugins\/seo\/ -->\n<title>Copo de vidro para caf\u00e9 Brewista Tornado - Caf\u00e9 Santa Helena<\/title>\n<meta name=\"description\" content=\"O gotejador de caf\u00e9 de vidro Brewista Tornado \u00e9 feito de vidro de parede dupla. Com um design elegante, o Tornado \u00e9 essencial para o kit de ferramentas de qualquer amante de caf\u00e9\" \/>\n<meta name=\"robots\" content=\"index, follow, max-snippet:-1, max-image-preview:large, max-video-preview:-1\" \/>\n<link rel=\"canonical\" href=\"https:\/\/cafesantahelena.com\/pt-pt\/products\/copo-de-vidro-de-parede-para-cafe-tornado-due\/\" \/>\n<meta property=\"og:locale\" content=\"pt_PT\" \/>\n<meta property=\"og:type\" content=\"article\" \/>\n<meta property=\"og:title\" content=\"Copo de vidro para caf\u00e9 Brewista Tornado - Caf\u00e9 Santa Helena\" \/>\n<meta property=\"og:description\" content=\"O gotejador de caf\u00e9 de vidro Brewista Tornado \u00e9 feito de vidro de parede dupla. Com um design elegante, o Tornado \u00e9 essencial para o kit de ferramentas de qualquer amante de caf\u00e9\" \/>\n<meta property=\"og:url\" content=\"https:\/\/cafesantahelena.com\/pt-pt\/products\/copo-de-vidro-de-parede-para-cafe-tornado-due\/\" \/>\n<meta property=\"og:site_name\" content=\"Caf\u00e9 Santa Helena\" \/>\n<meta property=\"article:modified_time\" content=\"2025-01-25T17:55:00+00:00\" \/>\n<meta property=\"og:image\" content=\"https:\/\/cafesantahelena.com\/wp-content\/uploads\/2024\/07\/Wall-glass-dripper.webp\" \/>\n\t<meta property=\"og:image:width\" content=\"350\" \/>\n\t<meta property=\"og:image:height\" content=\"450\" \/>\n\t<meta property=\"og:image:type\" content=\"image\/webp\" \/>\n<meta name=\"twitter:card\" content=\"summary_large_image\" \/>\n<meta name=\"twitter:label1\" content=\"Tempo estimado de leitura\" \/>\n\t<meta name=\"twitter:data1\" content=\"1 minuto\" \/>\n<script type=\"application\/ld+json\" class=\"yoast-schema-graph\">{\"@context\":\"https:\/\/schema.org\",\"@graph\":[{\"@type\":\"WebPage\",\"@id\":\"https:\/\/cafesantahelena.com\/pt-pt\/products\/copo-de-vidro-de-parede-para-cafe-tornado-due\/\",\"url\":\"https:\/\/cafesantahelena.com\/pt-pt\/products\/copo-de-vidro-de-parede-para-cafe-tornado-due\/\",\"name\":\"Copo de vidro para caf\u00e9 Brewista Tornado - Caf\u00e9 Santa Helena\",\"isPartOf\":{\"@id\":\"https:\/\/cafesantahelena.com\/#website\"},\"primaryImageOfPage\":{\"@id\":\"https:\/\/cafesantahelena.com\/pt-pt\/products\/copo-de-vidro-de-parede-para-cafe-tornado-due\/#primaryimage\"},\"image\":{\"@id\":\"https:\/\/cafesantahelena.com\/pt-pt\/products\/copo-de-vidro-de-parede-para-cafe-tornado-due\/#primaryimage\"},\"thumbnailUrl\":\"https:\/\/cafesantahelena.com\/wp-content\/uploads\/2024\/07\/Wall-glass-dripper.webp\",\"datePublished\":\"2024-07-22T15:08:58+00:00\",\"dateModified\":\"2025-01-25T17:55:00+00:00\",\"description\":\"O gotejador de caf\u00e9 de vidro Brewista Tornado \u00e9 feito de vidro de parede dupla. Com um design elegante, o Tornado \u00e9 essencial para o kit de ferramentas de qualquer amante de caf\u00e9\",\"breadcrumb\":{\"@id\":\"https:\/\/cafesantahelena.com\/pt-pt\/products\/copo-de-vidro-de-parede-para-cafe-tornado-due\/#breadcrumb\"},\"inLanguage\":\"pt-PT\",\"potentialAction\":[{\"@type\":\"ReadAction\",\"target\":[\"https:\/\/cafesantahelena.com\/pt-pt\/products\/copo-de-vidro-de-parede-para-cafe-tornado-due\/\"]}]},{\"@type\":\"ImageObject\",\"inLanguage\":\"pt-PT\",\"@id\":\"https:\/\/cafesantahelena.com\/pt-pt\/products\/copo-de-vidro-de-parede-para-cafe-tornado-due\/#primaryimage\",\"url\":\"https:\/\/cafesantahelena.com\/wp-content\/uploads\/2024\/07\/Wall-glass-dripper.webp\",\"contentUrl\":\"https:\/\/cafesantahelena.com\/wp-content\/uploads\/2024\/07\/Wall-glass-dripper.webp\",\"width\":350,\"height\":450,\"caption\":\"\u00e9gouttoir en verre\"},{\"@type\":\"BreadcrumbList\",\"@id\":\"https:\/\/cafesantahelena.com\/pt-pt\/products\/copo-de-vidro-de-parede-para-cafe-tornado-due\/#breadcrumb\",\"itemListElement\":[{\"@type\":\"ListItem\",\"position\":1,\"name\":\"In\u00edcio\",\"item\":\"https:\/\/cafesantahelena.com\/pt-pt\/\"},{\"@type\":\"ListItem\",\"position\":2,\"name\":\"Produtos\",\"item\":\"https:\/\/cafesantahelena.com\/loja\/\"},{\"@type\":\"ListItem\",\"position\":3,\"name\":\"Copo de vidro de parede para caf\u00e9 Tornado Due\"}]},{\"@type\":\"WebSite\",\"@id\":\"https:\/\/cafesantahelena.com\/#website\",\"url\":\"https:\/\/cafesantahelena.com\/\",\"name\":\"Caf\u00e9 Santa Helena\",\"description\":\"\",\"potentialAction\":[{\"@type\":\"SearchAction\",\"target\":{\"@type\":\"EntryPoint\",\"urlTemplate\":\"https:\/\/cafesantahelena.com\/?s={search_term_string}\"},\"query-input\":{\"@type\":\"PropertyValueSpecification\",\"valueRequired\":true,\"valueName\":\"search_term_string\"}}],\"inLanguage\":\"pt-PT\"}]}<\/script>\n<!-- \/ Yoast SEO plugin. -->","yoast_head_json":{"title":"Copo de vidro para caf\u00e9 Brewista Tornado - Caf\u00e9 Santa Helena","description":"O gotejador de caf\u00e9 de vidro Brewista Tornado \u00e9 feito de vidro de parede dupla. Com um design elegante, o Tornado \u00e9 essencial para o kit de ferramentas de qualquer amante de caf\u00e9","robots":{"index":"index","follow":"follow","max-snippet":"max-snippet:-1","max-image-preview":"max-image-preview:large","max-video-preview":"max-video-preview:-1"},"canonical":"https:\/\/cafesantahelena.com\/pt-pt\/products\/copo-de-vidro-de-parede-para-cafe-tornado-due\/","og_locale":"pt_PT","og_type":"article","og_title":"Copo de vidro para caf\u00e9 Brewista Tornado - Caf\u00e9 Santa Helena","og_description":"O gotejador de caf\u00e9 de vidro Brewista Tornado \u00e9 feito de vidro de parede dupla. Com um design elegante, o Tornado \u00e9 essencial para o kit de ferramentas de qualquer amante de caf\u00e9","og_url":"https:\/\/cafesantahelena.com\/pt-pt\/products\/copo-de-vidro-de-parede-para-cafe-tornado-due\/","og_site_name":"Caf\u00e9 Santa Helena","article_modified_time":"2025-01-25T17:55:00+00:00","og_image":[{"width":350,"height":450,"url":"https:\/\/cafesantahelena.com\/wp-content\/uploads\/2024\/07\/Wall-glass-dripper.webp","type":"image\/webp"}],"twitter_card":"summary_large_image","twitter_misc":{"Tempo estimado de leitura":"1 minuto"},"schema":{"@context":"https:\/\/schema.org","@graph":[{"@type":"WebPage","@id":"https:\/\/cafesantahelena.com\/pt-pt\/products\/copo-de-vidro-de-parede-para-cafe-tornado-due\/","url":"https:\/\/cafesantahelena.com\/pt-pt\/products\/copo-de-vidro-de-parede-para-cafe-tornado-due\/","name":"Copo de vidro para caf\u00e9 Brewista Tornado - Caf\u00e9 Santa Helena","isPartOf":{"@id":"https:\/\/cafesantahelena.com\/#website"},"primaryImageOfPage":{"@id":"https:\/\/cafesantahelena.com\/pt-pt\/products\/copo-de-vidro-de-parede-para-cafe-tornado-due\/#primaryimage"},"image":{"@id":"https:\/\/cafesantahelena.com\/pt-pt\/products\/copo-de-vidro-de-parede-para-cafe-tornado-due\/#primaryimage"},"thumbnailUrl":"https:\/\/cafesantahelena.com\/wp-content\/uploads\/2024\/07\/Wall-glass-dripper.webp","datePublished":"2024-07-22T15:08:58+00:00","dateModified":"2025-01-25T17:55:00+00:00","description":"O gotejador de caf\u00e9 de vidro Brewista Tornado \u00e9 feito de vidro de parede dupla. Com um design elegante, o Tornado \u00e9 essencial para o kit de ferramentas de qualquer amante de caf\u00e9","breadcrumb":{"@id":"https:\/\/cafesantahelena.com\/pt-pt\/products\/copo-de-vidro-de-parede-para-cafe-tornado-due\/#breadcrumb"},"inLanguage":"pt-PT","potentialAction":[{"@type":"ReadAction","target":["https:\/\/cafesantahelena.com\/pt-pt\/products\/copo-de-vidro-de-parede-para-cafe-tornado-due\/"]}]},{"@type":"ImageObject","inLanguage":"pt-PT","@id":"https:\/\/cafesantahelena.com\/pt-pt\/products\/copo-de-vidro-de-parede-para-cafe-tornado-due\/#primaryimage","url":"https:\/\/cafesantahelena.com\/wp-content\/uploads\/2024\/07\/Wall-glass-dripper.webp","contentUrl":"https:\/\/cafesantahelena.com\/wp-content\/uploads\/2024\/07\/Wall-glass-dripper.webp","width":350,"height":450,"caption":"\u00e9gouttoir en verre"},{"@type":"BreadcrumbList","@id":"https:\/\/cafesantahelena.com\/pt-pt\/products\/copo-de-vidro-de-parede-para-cafe-tornado-due\/#breadcrumb","itemListElement":[{"@type":"ListItem","position":1,"name":"In\u00edcio","item":"https:\/\/cafesantahelena.com\/pt-pt\/"},{"@type":"ListItem","position":2,"name":"Produtos","item":"https:\/\/cafesantahelena.com\/loja\/"},{"@type":"ListItem","position":3,"name":"Copo de vidro de parede para caf\u00e9 Tornado Due"}]},{"@type":"WebSite","@id":"https:\/\/cafesantahelena.com\/#website","url":"https:\/\/cafesantahelena.com\/","name":"Caf\u00e9 Santa Helena","description":"","potentialAction":[{"@type":"SearchAction","target":{"@type":"EntryPoint","urlTemplate":"https:\/\/cafesantahelena.com\/?s={search_term_string}"},"query-input":{"@type":"PropertyValueSpecification","valueRequired":true,"valueName":"search_term_string"}}],"inLanguage":"pt-PT"}]}},"_links":{"self":[{"href":"https:\/\/cafesantahelena.com\/pt-pt\/wp-json\/wp\/v2\/product\/17323","targetHints":{"allow":["GET"]}}],"collection":[{"href":"https:\/\/cafesantahelena.com\/pt-pt\/wp-json\/wp\/v2\/product"}],"about":[{"href":"https:\/\/cafesantahelena.com\/pt-pt\/wp-json\/wp\/v2\/types\/product"}],"replies":[{"embeddable":true,"href":"https:\/\/cafesantahelena.com\/pt-pt\/wp-json\/wp\/v2\/comments?post=17323"}],"wp:featuredmedia":[{"embeddable":true,"href":"https:\/\/cafesantahelena.com\/pt-pt\/wp-json\/wp\/v2\/media\/17055"}],"wp:attachment":[{"href":"https:\/\/cafesantahelena.com\/pt-pt\/wp-json\/wp\/v2\/media?parent=17323"}],"wp:term":[{"taxonomy":"product_brand","embeddable":true,"href":"https:\/\/cafesantahelena.com\/pt-pt\/wp-json\/wp\/v2\/product_brand?post=17323"},{"taxonomy":"product_cat","embeddable":true,"href":"https:\/\/cafesantahelena.com\/pt-pt\/wp-json\/wp\/v2\/product_cat?post=17323"},{"taxonomy":"product_tag","embeddable":true,"href":"https:\/\/cafesantahelena.com\/pt-pt\/wp-json\/wp\/v2\/product_tag?post=17323"}],"curies":[{"name":"wp","href":"https:\/\/api.w.org\/{rel}","templated":true}]}}