{"id":17324,"date":"2024-07-22T15:08:58","date_gmt":"2024-07-22T15:08:58","guid":{"rendered":"https:\/\/cafesantahelena.com\/products\/capsulas-de-cafe-expresso\/"},"modified":"2025-01-30T15:12:57","modified_gmt":"2025-01-30T15:12:57","slug":"capsulas-em-capsulas","status":"publish","type":"product","link":"https:\/\/cafesantahelena.com\/pt-pt\/products\/capsulas-em-capsulas\/","title":{"rendered":"C\u00e1psulas de Caf\u00e9 Espresso"},"content":{"rendered":"<h2 style=\"text-align: left;\"><span style=\"color: #000000;\">C\u00e1psulas de caf\u00e9 em Aparas de madeira sustent\u00e1vel<\/span><\/h2>\n<p><span style=\"font-size: 12pt; color: #000000;\">C\u00e1psulas de caf\u00e9 &#8211;<b> Compat\u00edvel com o sistema Nespresso\u00ae.<\/b><\/span><\/p>\n<p><span style=\"font-size: 12pt; color: #000000;\">Material Natural, compost\u00e1vel e biodegrad\u00e1vel. <\/span><\/p>\n<p><span style=\"font-size: 12pt; color: #000000;\">Caf\u00e9 Especial<\/span><\/p>\n<p><span style=\"font-size: 12pt; color: #000000;\">100% Ar\u00e1bica de origem \u00fanica<\/span><\/p>\n<p><span style=\"font-size: 12pt; color: #000000;\">Torrefa\u00e7\u00e3o lenta artesanal<\/span><\/p>\n<p><span style=\"font-size: 12pt; color: #000000;\"><strong>Variedade bot\u00e2nica: <\/strong>Ar\u00e1bica (Catuai Vermelho).<\/span><\/p>\n<p><span style=\"font-size: 12pt; color: #000000;\"><strong>Proveni\u00eancia: <\/strong>Brasil.<\/span><\/p>\n<p><span style=\"font-size: 12pt; color: #000000;\"><strong>Colheita: <\/strong>\u00c0 m\u00e3o.<\/span><\/p>\n<p><span style=\"font-size: 12pt; color: #000000;\"><strong>Secagem: <\/strong>Ao sol.<\/span><\/p>\n<h3 style=\"text-align: center;\"><span style=\"font-size: 14pt; color: #000000;\"><strong>O que significa o caf\u00e9 espresso?<\/strong><\/span><\/h3>\n<p><span style=\"font-size: 12pt; color: #000000;\">O caf\u00e9 espresso \u00e9 um estilo italiano de caf\u00e9 que \u00e9 preparado for\u00e7ando \u00e1gua quente (cerca de 90 \u00b0C) sob press\u00e3o atrav\u00e9s de gr\u00e3os de caf\u00e9 torrados escuros e finamente mo\u00eddos.<\/span><\/p>\n<p><span style=\"font-size: 12pt; color: #000000;\">Quando adicionas leite vaporizado ao espresso, obt\u00e9ns um cappuccino.<\/span><\/p>\n<p>Ingredientes: caf\u00e9 em c\u00e1psulas, org\u00e2nico especial, 100% Ar\u00e1bica. Torra forte. Caixa com 10 c\u00e1psulas.<\/p>\n<p>&nbsp;<\/p>\n<p><span style=\"color: #000000;\">Certifica\u00e7\u00f5es do Caf\u00e9 Santa Helena:<\/span><\/p>\n<p><img decoding=\"async\" class=\"alignnone size-full wp-image-14096\" src=\"https:\/\/cafesantahelena.com\/wp-content\/uploads\/2024\/07\/DA7819F7-177F-4E28-A0D0-2B99487CAE75-300x52-2.jpeg\" alt=\"\" width=\"300\" height=\"52\" srcset=\"https:\/\/cafesantahelena.com\/wp-content\/uploads\/2024\/07\/DA7819F7-177F-4E28-A0D0-2B99487CAE75-300x52-2.jpeg 300w, https:\/\/cafesantahelena.com\/wp-content\/uploads\/2024\/07\/DA7819F7-177F-4E28-A0D0-2B99487CAE75-300x52-2-64x11.jpeg 64w\" sizes=\"(max-width: 300px) 100vw, 300px\" \/><\/p>\n<p style=\"text-align: center;\"><span style=\"color: #000000;\"><span style=\"font-size: 18pt;\"><strong><em>Escolhe o melhor!<\/em><\/strong><\/span><em> <strong><span style=\"font-size: 18pt;\">Caf\u00e9 Santa Helena<\/span><\/strong><\/em><\/span><strong><span style=\"font-size: 18pt;\"><br \/>\n<\/span><\/strong><\/p>\n<p style=\"text-align: center;\"><a href=\"?add-to-cart=17324\"><span style=\"color: #800000;\"><span style=\"font-size: 18pt;\"><strong><em>Adicionar ao Carrinho!<\/em><\/strong><\/span><\/span><\/a><\/p>\n<h3 style=\"text-align: center;\"><\/h3>\n<p><img decoding=\"async\" class=\" wp-image-15375 aligncenter\" src=\"https:\/\/cafesantahelena.com\/wp-content\/uploads\/2024\/11\/logo-1.png\" alt=\"\" width=\"170\" height=\"170\" srcset=\"https:\/\/cafesantahelena.com\/wp-content\/uploads\/2024\/11\/logo-1.png 300w, https:\/\/cafesantahelena.com\/wp-content\/uploads\/2024\/11\/logo-1-100x100.png 100w, https:\/\/cafesantahelena.com\/wp-content\/uploads\/2024\/11\/logo-1-64x64.png 64w, https:\/\/cafesantahelena.com\/wp-content\/uploads\/2024\/11\/logo-1-150x150.png 150w\" sizes=\"(max-width: 170px) 100vw, 170px\" \/><\/p>\n<p>&nbsp;<\/p>\n","protected":false},"excerpt":{"rendered":"<p>IVA incl.<\/p>\n<p>custos de envio no checkout. Excepcionais C\u00e1psulas de Caf\u00e9 Expresso, torradas artesanalmente num torrador de madeira que lhe confere um sabor especial. 100% Bio Ar\u00e1bica Specialty Coffee Single Origin Traz um aroma distinto com um baixo n\u00edvel de acidez residual. Apresenta do\u00e7ura acentuada com notas de caramelo, chocolate, mel, notas de nozes e frutas. Corpo cheio e crema saborosa. Ideal para quem gosta de um espresso forte.<\/p>\n<p><b>Intensidade: Torrado escuro<\/b><\/p>\n<p><img decoding=\"async\" class=\"alignnone wp-image-14166\" src=\"https:\/\/cafesantahelena.com\/wp-content\/uploads\/2024\/07\/B3DDE4ED-DC26-45F4-9E02-44607276617E-300x33-1.png\" alt=\"\" width=\"227\" height=\"25\" srcset=\"https:\/\/cafesantahelena.com\/wp-content\/uploads\/2024\/07\/B3DDE4ED-DC26-45F4-9E02-44607276617E-300x33-1.png 300w, https:\/\/cafesantahelena.com\/wp-content\/uploads\/2024\/07\/B3DDE4ED-DC26-45F4-9E02-44607276617E-300x33-1-64x7.png 64w\" sizes=\"(max-width: 227px) 100vw, 227px\" \/><\/p>\n<p>C\u00e1psulas 100% org\u00e2nicas, compost\u00e1veis e biodegrad\u00e1veis. Caixa de 10 c\u00e1psulas <b>compat\u00edveis com o sistema Nespresso\u00ae.<\/b><\/p>\n<p>&nbsp;<\/p>\n","protected":false},"featured_media":17045,"comment_status":"open","ping_status":"closed","template":"","meta":[],"product_brand":[],"product_cat":[201],"product_tag":[361,211,320],"class_list":{"0":"post-17324","1":"product","2":"type-product","3":"status-publish","4":"has-post-thumbnail","6":"product_cat-eco-capsulas","7":"product_tag-cafe-expresso","8":"product_tag-capsulas-pt","9":"product_tag-mais-vendidos-pt","11":"first","12":"outofstock","13":"featured","14":"shipping-taxable","15":"purchasable","16":"product-type-simple"},"yoast_head":"<!-- This site is optimized with the Yoast SEO plugin v26.4 - https:\/\/yoast.com\/wordpress\/plugins\/seo\/ -->\n<title>Caf\u00e9 em C\u00e1psulas - Caf\u00e9 Santa Helena<\/title>\n<meta name=\"description\" content=\"Caf\u00e9 em C\u00e1psulas. Caf\u00e9 Especial, Org\u00e2nico 100% Ar\u00e1bica. C\u00e1psulas inovadoras de aparas de madeira, Compat\u00edvel com o sistema Nespresso. Caixa com 10 c\u00e1psulas.\" \/>\n<meta name=\"robots\" content=\"index, follow, max-snippet:-1, max-image-preview:large, max-video-preview:-1\" \/>\n<link rel=\"canonical\" href=\"https:\/\/cafesantahelena.com\/pt-pt\/products\/capsulas-em-capsulas\/\" \/>\n<meta property=\"og:locale\" content=\"pt_PT\" \/>\n<meta property=\"og:type\" content=\"article\" \/>\n<meta property=\"og:title\" content=\"Caf\u00e9 em C\u00e1psulas - Caf\u00e9 Santa Helena\" \/>\n<meta property=\"og:description\" content=\"Caf\u00e9 em C\u00e1psulas. Caf\u00e9 Especial, Org\u00e2nico 100% Ar\u00e1bica. C\u00e1psulas inovadoras de aparas de madeira, Compat\u00edvel com o sistema Nespresso. Caixa com 10 c\u00e1psulas.\" \/>\n<meta property=\"og:url\" content=\"https:\/\/cafesantahelena.com\/pt-pt\/products\/capsulas-em-capsulas\/\" \/>\n<meta property=\"og:site_name\" content=\"Caf\u00e9 Santa Helena\" \/>\n<meta property=\"article:modified_time\" content=\"2025-01-30T15:12:57+00:00\" \/>\n<meta property=\"og:image\" content=\"https:\/\/cafesantahelena.com\/wp-content\/uploads\/2024\/07\/Espresso-coffee-capsules.webp\" \/>\n\t<meta property=\"og:image:width\" content=\"350\" \/>\n\t<meta property=\"og:image:height\" content=\"450\" \/>\n\t<meta property=\"og:image:type\" content=\"image\/webp\" \/>\n<meta name=\"twitter:card\" content=\"summary_large_image\" \/>\n<meta name=\"twitter:label1\" content=\"Tempo estimado de leitura\" \/>\n\t<meta name=\"twitter:data1\" content=\"2 minutos\" \/>\n<script type=\"application\/ld+json\" class=\"yoast-schema-graph\">{\"@context\":\"https:\/\/schema.org\",\"@graph\":[{\"@type\":\"WebPage\",\"@id\":\"https:\/\/cafesantahelena.com\/pt-pt\/products\/capsulas-em-capsulas\/\",\"url\":\"https:\/\/cafesantahelena.com\/pt-pt\/products\/capsulas-em-capsulas\/\",\"name\":\"Caf\u00e9 em C\u00e1psulas - Caf\u00e9 Santa Helena\",\"isPartOf\":{\"@id\":\"https:\/\/cafesantahelena.com\/#website\"},\"primaryImageOfPage\":{\"@id\":\"https:\/\/cafesantahelena.com\/pt-pt\/products\/capsulas-em-capsulas\/#primaryimage\"},\"image\":{\"@id\":\"https:\/\/cafesantahelena.com\/pt-pt\/products\/capsulas-em-capsulas\/#primaryimage\"},\"thumbnailUrl\":\"https:\/\/cafesantahelena.com\/wp-content\/uploads\/2024\/07\/Espresso-coffee-capsules.webp\",\"datePublished\":\"2024-07-22T15:08:58+00:00\",\"dateModified\":\"2025-01-30T15:12:57+00:00\",\"description\":\"Caf\u00e9 em C\u00e1psulas. Caf\u00e9 Especial, Org\u00e2nico 100% Ar\u00e1bica. C\u00e1psulas inovadoras de aparas de madeira, Compat\u00edvel com o sistema Nespresso. Caixa com 10 c\u00e1psulas.\",\"breadcrumb\":{\"@id\":\"https:\/\/cafesantahelena.com\/pt-pt\/products\/capsulas-em-capsulas\/#breadcrumb\"},\"inLanguage\":\"pt-PT\",\"potentialAction\":[{\"@type\":\"ReadAction\",\"target\":[\"https:\/\/cafesantahelena.com\/pt-pt\/products\/capsulas-em-capsulas\/\"]}]},{\"@type\":\"ImageObject\",\"inLanguage\":\"pt-PT\",\"@id\":\"https:\/\/cafesantahelena.com\/pt-pt\/products\/capsulas-em-capsulas\/#primaryimage\",\"url\":\"https:\/\/cafesantahelena.com\/wp-content\/uploads\/2024\/07\/Espresso-coffee-capsules.webp\",\"contentUrl\":\"https:\/\/cafesantahelena.com\/wp-content\/uploads\/2024\/07\/Espresso-coffee-capsules.webp\",\"width\":350,\"height\":450,\"caption\":\"caf\u00e9 em c\u00e1psulas\"},{\"@type\":\"BreadcrumbList\",\"@id\":\"https:\/\/cafesantahelena.com\/pt-pt\/products\/capsulas-em-capsulas\/#breadcrumb\",\"itemListElement\":[{\"@type\":\"ListItem\",\"position\":1,\"name\":\"In\u00edcio\",\"item\":\"https:\/\/cafesantahelena.com\/pt-pt\/\"},{\"@type\":\"ListItem\",\"position\":2,\"name\":\"Produtos\",\"item\":\"https:\/\/cafesantahelena.com\/loja\/\"},{\"@type\":\"ListItem\",\"position\":3,\"name\":\"C\u00e1psulas de Caf\u00e9 Espresso\"}]},{\"@type\":\"WebSite\",\"@id\":\"https:\/\/cafesantahelena.com\/#website\",\"url\":\"https:\/\/cafesantahelena.com\/\",\"name\":\"Caf\u00e9 Santa Helena\",\"description\":\"\",\"potentialAction\":[{\"@type\":\"SearchAction\",\"target\":{\"@type\":\"EntryPoint\",\"urlTemplate\":\"https:\/\/cafesantahelena.com\/?s={search_term_string}\"},\"query-input\":{\"@type\":\"PropertyValueSpecification\",\"valueRequired\":true,\"valueName\":\"search_term_string\"}}],\"inLanguage\":\"pt-PT\"}]}<\/script>\n<!-- \/ Yoast SEO plugin. -->","yoast_head_json":{"title":"Caf\u00e9 em C\u00e1psulas - Caf\u00e9 Santa Helena","description":"Caf\u00e9 em C\u00e1psulas. Caf\u00e9 Especial, Org\u00e2nico 100% Ar\u00e1bica. C\u00e1psulas inovadoras de aparas de madeira, Compat\u00edvel com o sistema Nespresso. Caixa com 10 c\u00e1psulas.","robots":{"index":"index","follow":"follow","max-snippet":"max-snippet:-1","max-image-preview":"max-image-preview:large","max-video-preview":"max-video-preview:-1"},"canonical":"https:\/\/cafesantahelena.com\/pt-pt\/products\/capsulas-em-capsulas\/","og_locale":"pt_PT","og_type":"article","og_title":"Caf\u00e9 em C\u00e1psulas - Caf\u00e9 Santa Helena","og_description":"Caf\u00e9 em C\u00e1psulas. Caf\u00e9 Especial, Org\u00e2nico 100% Ar\u00e1bica. C\u00e1psulas inovadoras de aparas de madeira, Compat\u00edvel com o sistema Nespresso. Caixa com 10 c\u00e1psulas.","og_url":"https:\/\/cafesantahelena.com\/pt-pt\/products\/capsulas-em-capsulas\/","og_site_name":"Caf\u00e9 Santa Helena","article_modified_time":"2025-01-30T15:12:57+00:00","og_image":[{"width":350,"height":450,"url":"https:\/\/cafesantahelena.com\/wp-content\/uploads\/2024\/07\/Espresso-coffee-capsules.webp","type":"image\/webp"}],"twitter_card":"summary_large_image","twitter_misc":{"Tempo estimado de leitura":"2 minutos"},"schema":{"@context":"https:\/\/schema.org","@graph":[{"@type":"WebPage","@id":"https:\/\/cafesantahelena.com\/pt-pt\/products\/capsulas-em-capsulas\/","url":"https:\/\/cafesantahelena.com\/pt-pt\/products\/capsulas-em-capsulas\/","name":"Caf\u00e9 em C\u00e1psulas - Caf\u00e9 Santa Helena","isPartOf":{"@id":"https:\/\/cafesantahelena.com\/#website"},"primaryImageOfPage":{"@id":"https:\/\/cafesantahelena.com\/pt-pt\/products\/capsulas-em-capsulas\/#primaryimage"},"image":{"@id":"https:\/\/cafesantahelena.com\/pt-pt\/products\/capsulas-em-capsulas\/#primaryimage"},"thumbnailUrl":"https:\/\/cafesantahelena.com\/wp-content\/uploads\/2024\/07\/Espresso-coffee-capsules.webp","datePublished":"2024-07-22T15:08:58+00:00","dateModified":"2025-01-30T15:12:57+00:00","description":"Caf\u00e9 em C\u00e1psulas. Caf\u00e9 Especial, Org\u00e2nico 100% Ar\u00e1bica. C\u00e1psulas inovadoras de aparas de madeira, Compat\u00edvel com o sistema Nespresso. Caixa com 10 c\u00e1psulas.","breadcrumb":{"@id":"https:\/\/cafesantahelena.com\/pt-pt\/products\/capsulas-em-capsulas\/#breadcrumb"},"inLanguage":"pt-PT","potentialAction":[{"@type":"ReadAction","target":["https:\/\/cafesantahelena.com\/pt-pt\/products\/capsulas-em-capsulas\/"]}]},{"@type":"ImageObject","inLanguage":"pt-PT","@id":"https:\/\/cafesantahelena.com\/pt-pt\/products\/capsulas-em-capsulas\/#primaryimage","url":"https:\/\/cafesantahelena.com\/wp-content\/uploads\/2024\/07\/Espresso-coffee-capsules.webp","contentUrl":"https:\/\/cafesantahelena.com\/wp-content\/uploads\/2024\/07\/Espresso-coffee-capsules.webp","width":350,"height":450,"caption":"caf\u00e9 em c\u00e1psulas"},{"@type":"BreadcrumbList","@id":"https:\/\/cafesantahelena.com\/pt-pt\/products\/capsulas-em-capsulas\/#breadcrumb","itemListElement":[{"@type":"ListItem","position":1,"name":"In\u00edcio","item":"https:\/\/cafesantahelena.com\/pt-pt\/"},{"@type":"ListItem","position":2,"name":"Produtos","item":"https:\/\/cafesantahelena.com\/loja\/"},{"@type":"ListItem","position":3,"name":"C\u00e1psulas de Caf\u00e9 Espresso"}]},{"@type":"WebSite","@id":"https:\/\/cafesantahelena.com\/#website","url":"https:\/\/cafesantahelena.com\/","name":"Caf\u00e9 Santa Helena","description":"","potentialAction":[{"@type":"SearchAction","target":{"@type":"EntryPoint","urlTemplate":"https:\/\/cafesantahelena.com\/?s={search_term_string}"},"query-input":{"@type":"PropertyValueSpecification","valueRequired":true,"valueName":"search_term_string"}}],"inLanguage":"pt-PT"}]}},"_links":{"self":[{"href":"https:\/\/cafesantahelena.com\/pt-pt\/wp-json\/wp\/v2\/product\/17324","targetHints":{"allow":["GET"]}}],"collection":[{"href":"https:\/\/cafesantahelena.com\/pt-pt\/wp-json\/wp\/v2\/product"}],"about":[{"href":"https:\/\/cafesantahelena.com\/pt-pt\/wp-json\/wp\/v2\/types\/product"}],"replies":[{"embeddable":true,"href":"https:\/\/cafesantahelena.com\/pt-pt\/wp-json\/wp\/v2\/comments?post=17324"}],"wp:featuredmedia":[{"embeddable":true,"href":"https:\/\/cafesantahelena.com\/pt-pt\/wp-json\/wp\/v2\/media\/17045"}],"wp:attachment":[{"href":"https:\/\/cafesantahelena.com\/pt-pt\/wp-json\/wp\/v2\/media?parent=17324"}],"wp:term":[{"taxonomy":"product_brand","embeddable":true,"href":"https:\/\/cafesantahelena.com\/pt-pt\/wp-json\/wp\/v2\/product_brand?post=17324"},{"taxonomy":"product_cat","embeddable":true,"href":"https:\/\/cafesantahelena.com\/pt-pt\/wp-json\/wp\/v2\/product_cat?post=17324"},{"taxonomy":"product_tag","embeddable":true,"href":"https:\/\/cafesantahelena.com\/pt-pt\/wp-json\/wp\/v2\/product_tag?post=17324"}],"curies":[{"name":"wp","href":"https:\/\/api.w.org\/{rel}","templated":true}]}}