{"id":17325,"date":"2024-07-22T15:08:58","date_gmt":"2024-07-22T15:08:58","guid":{"rendered":"https:\/\/cafesantahelena.com\/products\/capsulas-de-cafe-lungo-classico\/"},"modified":"2024-07-22T15:08:58","modified_gmt":"2024-07-22T15:08:58","slug":"capsulas-de-cafe-lungo-classico","status":"publish","type":"product","link":"https:\/\/cafesantahelena.com\/pt-pt\/products\/capsulas-de-cafe-lungo-classico\/","title":{"rendered":"C\u00e1psulas de caf\u00e9 Lungo Classico"},"content":{"rendered":"<h2><span style=\"color: #000000;\">C\u00e1psulas de caf\u00e9 em madeira sustent\u00e1vel<\/span><\/h2>\n<p><span style=\"font-size: 12pt; color: #000000;\"><b>C\u00e1psulas de caf\u00e9 Lungo &#8211; Compat\u00edvel com o sistema Nespresso<\/b><\/span><\/p>\n<p><span style=\"font-size: 12pt; color: #000000;\"><strong>100% org\u00e2nico, compost\u00e1vel em casa e biodegrad\u00e1vel.<\/strong><\/span><\/p>\n<p><span style=\"color: #000000;\"><em><strong><span style=\"font-size: 12pt;\">Caf\u00e9 de especialidade<\/span><\/strong><\/em><\/span><\/p>\n<p><span style=\"color: #000000;\"><strong><span style=\"font-size: 12pt;\">100% Ar\u00e1bica de origem \u00fanica.<\/span><\/strong><\/span><\/p>\n<p><span style=\"font-size: 12pt; color: #000000;\"><strong>Tostagem lenta artesanal.<\/strong><\/span><\/p>\n<p><span style=\"font-size: 12pt; color: #000000;\"><b>Intensidade: Tosta escura.<\/b><\/span><\/p>\n<p><span style=\"font-size: 12pt; color: #000000;\"><strong>Variedade bot\u00e2nica: Ar\u00e1bica (Catuai Vermelho).<\/strong><\/span><\/p>\n<p><span style=\"font-size: 12pt; color: #000000;\"><strong>Proveni\u00eancia: Brasil.<\/strong><\/span><\/p>\n<p><span style=\"font-size: 12pt; color: #000000;\"><strong>Colheita: \u00c0 m\u00e3o.<\/strong><\/span><\/p>\n<p><span style=\"font-size: 12pt; color: #000000;\"><strong>Seca: Ao sol.  <\/strong><\/span><\/p>\n<h3 style=\"text-align: center;\"><span style=\"font-size: 12pt; color: #000000;\"><strong>O que significa Lungo Coffee?<\/strong><\/span><\/h3>\n<p style=\"text-align: left;\"><span style=\"font-size: 12pt; color: #000000;\">Lungo \u00e9 uma bebida de caf\u00e9 que utiliza uma m\u00e1quina de caf\u00e9 expresso para fazer um caf\u00e9 ao estilo italiano. \u00c9 um caf\u00e9 preto curto com mais \u00e1gua, resultando num caf\u00e9 maior, um lungo. <\/span><\/p>\n<p><span style=\"font-size: 12pt; color: #000000;\">O caf\u00e9 Lungo \u00e9 menos forte do que um expresso.<\/span><\/p>\n<p><span style=\"font-size: 12pt; color: #000000;\"><b>Ingredientes:<\/b><\/span><\/p>\n<ul>\n<li><span style=\"font-size: 12pt; color: #000000;\">Caf\u00e9 de especialidade.<\/span><\/li>\n<li><span style=\"font-size: 12pt; color: #000000;\">Caf\u00e9 100% Bio Ar\u00e1bica e de Com\u00e9rcio Justo.<\/span><\/li>\n<li><span style=\"font-size: 12pt; color: #000000;\">Origem \u00fanica<\/span><\/li>\n<li><span style=\"font-size: 12pt; color: #000000;\">mo\u00eddo e torrado para o caf\u00e9 Lungo<\/span><\/li>\n<li><span style=\"font-size: 12pt; color: #000000;\">Caixa de 10 c\u00e1psulas<\/span><\/li>\n<\/ul>\n<p><span style=\"font-size: 12pt;\"><strong><span style=\"color: #000000;\">Certifica\u00e7\u00f5es do caf\u00e9 Santa Helena:<\/span><br \/>\n<\/strong><\/span><\/p>\n<p><img decoding=\"async\" class=\"alignnone size-full wp-image-14084\" src=\"https:\/\/cafesantahelena.com\/wp-content\/uploads\/2024\/07\/DA7819F7-177F-4E28-A0D0-2B99487CAE75-300x52-1.jpeg\" alt=\"\" width=\"300\" height=\"52\" srcset=\"https:\/\/cafesantahelena.com\/wp-content\/uploads\/2024\/07\/DA7819F7-177F-4E28-A0D0-2B99487CAE75-300x52-1.jpeg 300w, https:\/\/cafesantahelena.com\/wp-content\/uploads\/2024\/07\/DA7819F7-177F-4E28-A0D0-2B99487CAE75-300x52-1-64x11.jpeg 64w\" sizes=\"(max-width: 300px) 100vw, 300px\" \/><\/p>\n<p>&nbsp;<\/p>\n<p style=\"text-align: center;\"><strong style=\"color: #ff0000; font-size: 18pt;\"> <\/strong><\/p>\n<h3 style=\"text-align: center;\"><span style=\"font-size: 24pt; color: #ff0000;\"><em><strong><span style=\"color: #800000;\"><a style=\"color: #800000;\" href=\"?add-to-cart=377\">Adiciona ao carrinho!<\/a><\/span><\/strong><\/em><\/span><\/h3>\n<p>&nbsp;<\/p>\n<p><img decoding=\"async\" class=\" wp-image-15375 aligncenter\" src=\"https:\/\/cafesantahelena.com\/wp-content\/uploads\/2024\/11\/logo-1.png\" alt=\"\" width=\"171\" height=\"171\" srcset=\"https:\/\/cafesantahelena.com\/wp-content\/uploads\/2024\/11\/logo-1.png 300w, https:\/\/cafesantahelena.com\/wp-content\/uploads\/2024\/11\/logo-1-100x100.png 100w, https:\/\/cafesantahelena.com\/wp-content\/uploads\/2024\/11\/logo-1-64x64.png 64w, https:\/\/cafesantahelena.com\/wp-content\/uploads\/2024\/11\/logo-1-150x150.png 150w\" sizes=\"(max-width: 171px) 100vw, 171px\" \/><\/p>\n<p>&nbsp;<\/p>\n","protected":false},"excerpt":{"rendered":"<p><span style=\"font-size: 12pt;\">IVA incl.<\/span><\/p>\n<p><span style=\"font-size: 12pt;\">custos de envio no checkout.<\/span><\/p>\n<p><span style=\"font-size: 12pt;\">C\u00e1psulas de caf\u00e9 Lungo  <\/span><\/p>\n<p><span style=\"font-size: 12pt;\">Caf\u00e9 de especialidade. 100% Bio Ar\u00e1bica, origem \u00fanica. <\/span><\/p>\n<p><span style=\"font-size: 12pt;\">Caf\u00e9 excecional torrado artesanalmente num torrador de madeira que lhe confere um sabor especial.<\/span><\/p>\n<p class=\"p1\"><span class=\"s1\" style=\"font-size: 12pt;\">Intensidade: Torrado escuro<\/span><\/p>\n<p><img decoding=\"async\" class=\"alignnone wp-image-14166\" src=\"https:\/\/cafesantahelena.com\/wp-content\/uploads\/2024\/07\/B3DDE4ED-DC26-45F4-9E02-44607276617E-300x33-1.png\" alt=\"\" width=\"236\" height=\"26\" srcset=\"https:\/\/cafesantahelena.com\/wp-content\/uploads\/2024\/07\/B3DDE4ED-DC26-45F4-9E02-44607276617E-300x33-1.png 300w, https:\/\/cafesantahelena.com\/wp-content\/uploads\/2024\/07\/B3DDE4ED-DC26-45F4-9E02-44607276617E-300x33-1-64x7.png 64w\" sizes=\"(max-width: 236px) 100vw, 236px\" \/><\/p>\n<p class=\"p1\"><span class=\"s1\" style=\"font-size: 12pt;\">Ideal para:<\/span><\/p>\n<p class=\"p1\"><span style=\"font-size: 12pt;\"><span class=\"s1\">Para os apreciadores de caf\u00e9 que gostam de um sabor equilibrado, o nosso caf\u00e9<\/span> Lungo \u00e9 perfeito. Apresenta uma do\u00e7ura acentuada com notas de caramelo, chocolate, mel e toques de frutas. \u00c9 saboroso, com uma bela crema e um lungo encorpado.  <\/span><\/p>\n<p><span style=\"font-size: 12pt;\">Caixa de 10 c\u00e1psulas <\/span><b><span style=\"font-size: 12pt;\">Compat\u00edvel com o sistema Nespresso<\/span><\/b><\/p>\n","protected":false},"featured_media":17035,"comment_status":"open","ping_status":"closed","template":"","meta":[],"product_brand":[],"product_cat":[201],"product_tag":[315,211],"class_list":{"0":"post-17325","1":"product","2":"type-product","3":"status-publish","4":"has-post-thumbnail","6":"product_cat-eco-capsulas","7":"product_tag-cafe-lungo-pt-pt","8":"product_tag-capsulas-pt","10":"first","11":"outofstock","12":"featured","13":"shipping-taxable","14":"purchasable","15":"product-type-simple"},"yoast_head":"<!-- This site is optimized with the Yoast SEO plugin v26.4 - https:\/\/yoast.com\/wordpress\/plugins\/seo\/ -->\n<title>C\u00e1psulas de caf\u00e9 Lungo - Caf\u00e9 Santa Helena<\/title>\n<meta name=\"description\" content=\"C\u00e1psulas de caf\u00e9 Lungo. Caf\u00e9 Speciaty, 100% Bio Ar\u00e1bica, Origem \u00danica do Brasil. Caixa com 10 c\u00e1psulas. Compat\u00edvel com as m\u00e1quinas Nespresso System.\" \/>\n<meta name=\"robots\" content=\"index, follow, max-snippet:-1, max-image-preview:large, max-video-preview:-1\" \/>\n<link rel=\"canonical\" href=\"https:\/\/cafesantahelena.com\/pt-pt\/products\/capsulas-de-cafe-lungo-classico\/\" \/>\n<meta property=\"og:locale\" content=\"pt_PT\" \/>\n<meta property=\"og:type\" content=\"article\" \/>\n<meta property=\"og:title\" content=\"C\u00e1psulas de caf\u00e9 Lungo - Caf\u00e9 Santa Helena\" \/>\n<meta property=\"og:description\" content=\"C\u00e1psulas de caf\u00e9 Lungo. Caf\u00e9 Speciaty, 100% Bio Ar\u00e1bica, Origem \u00danica do Brasil. Caixa com 10 c\u00e1psulas. Compat\u00edvel com as m\u00e1quinas Nespresso System.\" \/>\n<meta property=\"og:url\" content=\"https:\/\/cafesantahelena.com\/pt-pt\/products\/capsulas-de-cafe-lungo-classico\/\" \/>\n<meta property=\"og:site_name\" content=\"Caf\u00e9 Santa Helena\" \/>\n<meta property=\"og:image\" content=\"https:\/\/cafesantahelena.com\/wp-content\/uploads\/2024\/07\/Coffee-capsules-lungo-classico.webp\" \/>\n\t<meta property=\"og:image:width\" content=\"350\" \/>\n\t<meta property=\"og:image:height\" content=\"450\" \/>\n\t<meta property=\"og:image:type\" content=\"image\/webp\" \/>\n<meta name=\"twitter:card\" content=\"summary_large_image\" \/>\n<meta name=\"twitter:label1\" content=\"Tempo estimado de leitura\" \/>\n\t<meta name=\"twitter:data1\" content=\"1 minuto\" \/>\n<script type=\"application\/ld+json\" class=\"yoast-schema-graph\">{\"@context\":\"https:\/\/schema.org\",\"@graph\":[{\"@type\":\"WebPage\",\"@id\":\"https:\/\/cafesantahelena.com\/pt-pt\/products\/capsulas-de-cafe-lungo-classico\/\",\"url\":\"https:\/\/cafesantahelena.com\/pt-pt\/products\/capsulas-de-cafe-lungo-classico\/\",\"name\":\"C\u00e1psulas de caf\u00e9 Lungo - Caf\u00e9 Santa Helena\",\"isPartOf\":{\"@id\":\"https:\/\/cafesantahelena.com\/#website\"},\"primaryImageOfPage\":{\"@id\":\"https:\/\/cafesantahelena.com\/pt-pt\/products\/capsulas-de-cafe-lungo-classico\/#primaryimage\"},\"image\":{\"@id\":\"https:\/\/cafesantahelena.com\/pt-pt\/products\/capsulas-de-cafe-lungo-classico\/#primaryimage\"},\"thumbnailUrl\":\"https:\/\/cafesantahelena.com\/wp-content\/uploads\/2024\/07\/Coffee-capsules-lungo-classico.webp\",\"datePublished\":\"2024-07-22T15:08:58+00:00\",\"description\":\"C\u00e1psulas de caf\u00e9 Lungo. Caf\u00e9 Speciaty, 100% Bio Ar\u00e1bica, Origem \u00danica do Brasil. Caixa com 10 c\u00e1psulas. Compat\u00edvel com as m\u00e1quinas Nespresso System.\",\"breadcrumb\":{\"@id\":\"https:\/\/cafesantahelena.com\/pt-pt\/products\/capsulas-de-cafe-lungo-classico\/#breadcrumb\"},\"inLanguage\":\"pt-PT\",\"potentialAction\":[{\"@type\":\"ReadAction\",\"target\":[\"https:\/\/cafesantahelena.com\/pt-pt\/products\/capsulas-de-cafe-lungo-classico\/\"]}]},{\"@type\":\"ImageObject\",\"inLanguage\":\"pt-PT\",\"@id\":\"https:\/\/cafesantahelena.com\/pt-pt\/products\/capsulas-de-cafe-lungo-classico\/#primaryimage\",\"url\":\"https:\/\/cafesantahelena.com\/wp-content\/uploads\/2024\/07\/Coffee-capsules-lungo-classico.webp\",\"contentUrl\":\"https:\/\/cafesantahelena.com\/wp-content\/uploads\/2024\/07\/Coffee-capsules-lungo-classico.webp\",\"width\":350,\"height\":450,\"caption\":\"lungo coffee capsules\"},{\"@type\":\"BreadcrumbList\",\"@id\":\"https:\/\/cafesantahelena.com\/pt-pt\/products\/capsulas-de-cafe-lungo-classico\/#breadcrumb\",\"itemListElement\":[{\"@type\":\"ListItem\",\"position\":1,\"name\":\"In\u00edcio\",\"item\":\"https:\/\/cafesantahelena.com\/pt-pt\/\"},{\"@type\":\"ListItem\",\"position\":2,\"name\":\"Produtos\",\"item\":\"https:\/\/cafesantahelena.com\/loja\/\"},{\"@type\":\"ListItem\",\"position\":3,\"name\":\"C\u00e1psulas de caf\u00e9 Lungo Classico\"}]},{\"@type\":\"WebSite\",\"@id\":\"https:\/\/cafesantahelena.com\/#website\",\"url\":\"https:\/\/cafesantahelena.com\/\",\"name\":\"Caf\u00e9 Santa Helena\",\"description\":\"\",\"potentialAction\":[{\"@type\":\"SearchAction\",\"target\":{\"@type\":\"EntryPoint\",\"urlTemplate\":\"https:\/\/cafesantahelena.com\/?s={search_term_string}\"},\"query-input\":{\"@type\":\"PropertyValueSpecification\",\"valueRequired\":true,\"valueName\":\"search_term_string\"}}],\"inLanguage\":\"pt-PT\"}]}<\/script>\n<!-- \/ Yoast SEO plugin. -->","yoast_head_json":{"title":"C\u00e1psulas de caf\u00e9 Lungo - Caf\u00e9 Santa Helena","description":"C\u00e1psulas de caf\u00e9 Lungo. Caf\u00e9 Speciaty, 100% Bio Ar\u00e1bica, Origem \u00danica do Brasil. Caixa com 10 c\u00e1psulas. Compat\u00edvel com as m\u00e1quinas Nespresso System.","robots":{"index":"index","follow":"follow","max-snippet":"max-snippet:-1","max-image-preview":"max-image-preview:large","max-video-preview":"max-video-preview:-1"},"canonical":"https:\/\/cafesantahelena.com\/pt-pt\/products\/capsulas-de-cafe-lungo-classico\/","og_locale":"pt_PT","og_type":"article","og_title":"C\u00e1psulas de caf\u00e9 Lungo - Caf\u00e9 Santa Helena","og_description":"C\u00e1psulas de caf\u00e9 Lungo. Caf\u00e9 Speciaty, 100% Bio Ar\u00e1bica, Origem \u00danica do Brasil. Caixa com 10 c\u00e1psulas. Compat\u00edvel com as m\u00e1quinas Nespresso System.","og_url":"https:\/\/cafesantahelena.com\/pt-pt\/products\/capsulas-de-cafe-lungo-classico\/","og_site_name":"Caf\u00e9 Santa Helena","og_image":[{"width":350,"height":450,"url":"https:\/\/cafesantahelena.com\/wp-content\/uploads\/2024\/07\/Coffee-capsules-lungo-classico.webp","type":"image\/webp"}],"twitter_card":"summary_large_image","twitter_misc":{"Tempo estimado de leitura":"1 minuto"},"schema":{"@context":"https:\/\/schema.org","@graph":[{"@type":"WebPage","@id":"https:\/\/cafesantahelena.com\/pt-pt\/products\/capsulas-de-cafe-lungo-classico\/","url":"https:\/\/cafesantahelena.com\/pt-pt\/products\/capsulas-de-cafe-lungo-classico\/","name":"C\u00e1psulas de caf\u00e9 Lungo - Caf\u00e9 Santa Helena","isPartOf":{"@id":"https:\/\/cafesantahelena.com\/#website"},"primaryImageOfPage":{"@id":"https:\/\/cafesantahelena.com\/pt-pt\/products\/capsulas-de-cafe-lungo-classico\/#primaryimage"},"image":{"@id":"https:\/\/cafesantahelena.com\/pt-pt\/products\/capsulas-de-cafe-lungo-classico\/#primaryimage"},"thumbnailUrl":"https:\/\/cafesantahelena.com\/wp-content\/uploads\/2024\/07\/Coffee-capsules-lungo-classico.webp","datePublished":"2024-07-22T15:08:58+00:00","description":"C\u00e1psulas de caf\u00e9 Lungo. Caf\u00e9 Speciaty, 100% Bio Ar\u00e1bica, Origem \u00danica do Brasil. Caixa com 10 c\u00e1psulas. Compat\u00edvel com as m\u00e1quinas Nespresso System.","breadcrumb":{"@id":"https:\/\/cafesantahelena.com\/pt-pt\/products\/capsulas-de-cafe-lungo-classico\/#breadcrumb"},"inLanguage":"pt-PT","potentialAction":[{"@type":"ReadAction","target":["https:\/\/cafesantahelena.com\/pt-pt\/products\/capsulas-de-cafe-lungo-classico\/"]}]},{"@type":"ImageObject","inLanguage":"pt-PT","@id":"https:\/\/cafesantahelena.com\/pt-pt\/products\/capsulas-de-cafe-lungo-classico\/#primaryimage","url":"https:\/\/cafesantahelena.com\/wp-content\/uploads\/2024\/07\/Coffee-capsules-lungo-classico.webp","contentUrl":"https:\/\/cafesantahelena.com\/wp-content\/uploads\/2024\/07\/Coffee-capsules-lungo-classico.webp","width":350,"height":450,"caption":"lungo coffee capsules"},{"@type":"BreadcrumbList","@id":"https:\/\/cafesantahelena.com\/pt-pt\/products\/capsulas-de-cafe-lungo-classico\/#breadcrumb","itemListElement":[{"@type":"ListItem","position":1,"name":"In\u00edcio","item":"https:\/\/cafesantahelena.com\/pt-pt\/"},{"@type":"ListItem","position":2,"name":"Produtos","item":"https:\/\/cafesantahelena.com\/loja\/"},{"@type":"ListItem","position":3,"name":"C\u00e1psulas de caf\u00e9 Lungo Classico"}]},{"@type":"WebSite","@id":"https:\/\/cafesantahelena.com\/#website","url":"https:\/\/cafesantahelena.com\/","name":"Caf\u00e9 Santa Helena","description":"","potentialAction":[{"@type":"SearchAction","target":{"@type":"EntryPoint","urlTemplate":"https:\/\/cafesantahelena.com\/?s={search_term_string}"},"query-input":{"@type":"PropertyValueSpecification","valueRequired":true,"valueName":"search_term_string"}}],"inLanguage":"pt-PT"}]}},"_links":{"self":[{"href":"https:\/\/cafesantahelena.com\/pt-pt\/wp-json\/wp\/v2\/product\/17325","targetHints":{"allow":["GET"]}}],"collection":[{"href":"https:\/\/cafesantahelena.com\/pt-pt\/wp-json\/wp\/v2\/product"}],"about":[{"href":"https:\/\/cafesantahelena.com\/pt-pt\/wp-json\/wp\/v2\/types\/product"}],"replies":[{"embeddable":true,"href":"https:\/\/cafesantahelena.com\/pt-pt\/wp-json\/wp\/v2\/comments?post=17325"}],"wp:featuredmedia":[{"embeddable":true,"href":"https:\/\/cafesantahelena.com\/pt-pt\/wp-json\/wp\/v2\/media\/17035"}],"wp:attachment":[{"href":"https:\/\/cafesantahelena.com\/pt-pt\/wp-json\/wp\/v2\/media?parent=17325"}],"wp:term":[{"taxonomy":"product_brand","embeddable":true,"href":"https:\/\/cafesantahelena.com\/pt-pt\/wp-json\/wp\/v2\/product_brand?post=17325"},{"taxonomy":"product_cat","embeddable":true,"href":"https:\/\/cafesantahelena.com\/pt-pt\/wp-json\/wp\/v2\/product_cat?post=17325"},{"taxonomy":"product_tag","embeddable":true,"href":"https:\/\/cafesantahelena.com\/pt-pt\/wp-json\/wp\/v2\/product_tag?post=17325"}],"curies":[{"name":"wp","href":"https:\/\/api.w.org\/{rel}","templated":true}]}}