{"id":17329,"date":"2025-01-05T20:26:11","date_gmt":"2025-01-05T20:26:11","guid":{"rendered":"https:\/\/cafesantahelena.com\/products\/capsulas-de-cafe-specialty-lungo\/"},"modified":"2025-01-25T21:38:10","modified_gmt":"2025-01-25T21:38:10","slug":"capsulas-cafe-lungo","status":"publish","type":"product","link":"https:\/\/cafesantahelena.com\/pt-pt\/products\/capsulas-cafe-lungo\/","title":{"rendered":"C\u00e1psulas Caf\u00e9 Especial Lungo"},"content":{"rendered":"<h2><span style=\"color: #000000;\">C\u00e1psulas de caf\u00e9 em aparas de madeira sustent\u00e1vel<\/span><\/h2>\n<p><b style=\"color: #000000; font-size: 12pt;\">C\u00e1psulas Caf\u00e9 Especial Lungo<\/b><\/p>\n<p><b style=\"color: #000000; font-size: 12pt;\">Compat\u00edvel com o sistema Nespresso\u00ae.<\/b><\/p>\n<p><span style=\"color: #000000; font-size: 12pt;\">Material 100% natural, compost\u00e1vel no jardim e biodegrad\u00e1vel.<\/span><\/p>\n<p class=\"p1\" style=\"text-align: left;\"><span style=\"font-size: 12pt; color: #000000;\">Caf\u00e9 Especial 85 pontos SCA<\/span><\/p>\n<p><span style=\"font-size: 12pt; color: #000000;\"><strong>Variedade bot\u00e2nica: <\/strong>Ar\u00e1bica (Catuai Vermelho)<\/span><\/p>\n<p><span style=\"font-size: 12pt; color: #000000;\"><strong>Proveni\u00eancia: <\/strong>Brasil<\/span><\/p>\n<p><span style=\"font-size: 12pt; color: #000000;\"><strong>Colheita: <\/strong>\u00c0 m\u00e3o<\/span><\/p>\n<p><span style=\"font-size: 12pt; color: #000000;\"><strong>Secagem: <\/strong>Ao sol<\/span><\/p>\n<p><span style=\"font-size: 12pt; color: #000000;\"><strong>Torrefa\u00e7\u00e3o: <\/strong>Torrefa\u00e7\u00e3o artesanal lenta num torrador de madeira, nas montanhas su\u00ed\u00e7as da Engadina.<\/span><\/p>\n<p><strong>Grau de torrefa\u00e7\u00e3o: <\/strong>Torrado m\u00e9dio<\/p>\n<h3 style=\"text-align: left;\"><span style=\"font-size: 12pt; color: #000000;\"><strong>O que significa Caf\u00e9 Lungo?<\/strong><\/span><\/h3>\n<p style=\"text-align: left;\"><span style=\"font-size: 12pt; color: #000000;\">Lungo \u00e9 uma bebida de caf\u00e9 que utiliza uma m\u00e1quina de caf\u00e9 espresso para fazer um caf\u00e9 ao estilo italiano. \u00c9 um caf\u00e9 normal espresso curto com mais \u00e1gua, resultando num caf\u00e9 maior, um lungo. <\/span><\/p>\n<p><span style=\"font-size: 12pt; color: #000000;\">O caf\u00e9 Lungo \u00e9 menos forte do que um espresso.<\/span><\/p>\n<p><span style=\"font-size: 12pt; color: #000000;\"><b>Ingredientes: <\/b><\/span><span style=\"color: #000000; font-size: 12pt;\">Caixa redonda de 10 c\u00e1psulas = 60g. C\u00e1psulas de caf\u00e9 lungo especial, 100% bio Ar\u00e1bica. <\/span><\/p>\n<p>&nbsp;<\/p>\n<p style=\"text-align: left;\"><span style=\"font-size: 12pt; color: #000000;\"><strong>Certifica\u00e7\u00f5es do caf\u00e9 Santa Helena:<\/strong><\/span><\/p>\n<p style=\"text-align: center;\"><img decoding=\"async\" class=\"size-full wp-image-14096 alignleft\" src=\"https:\/\/cafesantahelena.com\/wp-content\/uploads\/2024\/07\/DA7819F7-177F-4E28-A0D0-2B99487CAE75-300x52-2.jpeg\" alt=\"\" width=\"300\" height=\"52\" srcset=\"https:\/\/cafesantahelena.com\/wp-content\/uploads\/2024\/07\/DA7819F7-177F-4E28-A0D0-2B99487CAE75-300x52-2.jpeg 300w, https:\/\/cafesantahelena.com\/wp-content\/uploads\/2024\/07\/DA7819F7-177F-4E28-A0D0-2B99487CAE75-300x52-2-64x11.jpeg 64w\" sizes=\"(max-width: 300px) 100vw, 300px\" \/><\/p>\n<h3><\/h3>\n<h3><\/h3>\n<p>&nbsp;<\/p>\n<p>&nbsp;<\/p>\n<p style=\"text-align: center;\"><span style=\"color: #000000;\">Gostas de Caf\u00e9 Lungo em C\u00e1psulas? Escolhe o melhor!<br \/>\nCaf\u00e9 Santa Helena<\/span><\/p>\n<p style=\"text-align: center;\"><span style=\"color: #800000;\"><a style=\"color: #800000;\" href=\"?add-to-cart=17329\"><span style=\"font-size: 24pt;\"><strong>Adiciona ao carrinho!<\/strong><\/span><\/a><\/span><\/p>\n<p style=\"text-align: center;\"><img decoding=\"async\" class=\"alignnone wp-image-15375\" src=\"https:\/\/cafesantahelena.com\/wp-content\/uploads\/2024\/11\/logo-1.png\" alt=\"Logo Caf\u00e9 Santa Helena\" width=\"171\" height=\"171\" srcset=\"https:\/\/cafesantahelena.com\/wp-content\/uploads\/2024\/11\/logo-1.png 300w, https:\/\/cafesantahelena.com\/wp-content\/uploads\/2024\/11\/logo-1-100x100.png 100w, https:\/\/cafesantahelena.com\/wp-content\/uploads\/2024\/11\/logo-1-64x64.png 64w, https:\/\/cafesantahelena.com\/wp-content\/uploads\/2024\/11\/logo-1-150x150.png 150w\" sizes=\"(max-width: 171px) 100vw, 171px\" \/><\/p>\n<p class=\"p1\">\n","protected":false},"excerpt":{"rendered":"<p class=\"p1\"><span class=\"s1\">IVA incl.<\/span><\/p>\n<p class=\"p1\"><span class=\"s1\">custos de envio no checkout<\/span><\/p>\n<p class=\"p1\"><span class=\"s1\">Caf\u00e9 Especial 100% Ar\u00e1bica, Org\u00e2nico, Origem \u00fanica<\/span><\/p>\n<p class=\"p1\"><span class=\"s1\">Caf\u00e9 excepcional torrado artesanalmente num torrador \u00e0 lenha que lhe confere um sabor especial.<\/span><\/p>\n<p class=\"p1\"><span class=\"s2\">Intensidade: Torrado m\u00e9dio<\/span><\/p>\n<p class=\"p1\"><span class=\"s2\">3 de 5<\/span><\/p>\n<p><img decoding=\"async\" class=\"alignnone wp-image-14160\" src=\"https:\/\/cafesantahelena.com\/wp-content\/uploads\/2024\/07\/025D99D1-34D9-41E3-9975-494901AC3E57-300x33-2.png\" alt=\"Caf\u00e9 de Sp\u00e9cialit\u00e9 moulu\" width=\"227\" height=\"25\" srcset=\"https:\/\/cafesantahelena.com\/wp-content\/uploads\/2024\/07\/025D99D1-34D9-41E3-9975-494901AC3E57-300x33-2.png 300w, https:\/\/cafesantahelena.com\/wp-content\/uploads\/2024\/07\/025D99D1-34D9-41E3-9975-494901AC3E57-300x33-2-64x7.png 64w\" sizes=\"(max-width: 227px) 100vw, 227px\" \/><\/p>\n<p class=\"p1\"><span class=\"s1\">Ideal: <\/span><span class=\"s1\">Para os apreciadores de caf\u00e9 que gostam de um sabor equilibrado, o nosso caf\u00e9 Lungo \u00e9 perfeito.<\/span><\/p>\n<p class=\"p1\"><span class=\"s1\"> Apresenta uma do\u00e7ura acentuada com notas de caramelo, chocolate, mel e frutos. <\/span><\/p>\n<p class=\"p1\"><span class=\"s1\">\u00c9 saboroso, com uma bela crema e um lungo encorpado. <\/span><\/p>\n<p class=\"p1\"><span class=\"s1\">Caixa redonda com 10 c\u00e1psulas compat\u00edveis com o sistema <\/span><strong><span class=\"s2\">sistema Nespresso\u00ae.<\/span><\/strong><\/p>\n","protected":false},"featured_media":17050,"comment_status":"open","ping_status":"closed","template":"","meta":[],"product_brand":[],"product_cat":[201],"product_tag":[326,315],"class_list":{"0":"post-17329","1":"product","2":"type-product","3":"status-publish","4":"has-post-thumbnail","6":"product_cat-eco-capsulas","7":"product_tag-cafe-em-capsulas-pt","8":"product_tag-cafe-lungo-pt-pt","10":"first","11":"outofstock","12":"featured","13":"shipping-taxable","14":"purchasable","15":"product-type-simple"},"yoast_head":"<!-- This site is optimized with the Yoast SEO plugin v26.4 - https:\/\/yoast.com\/wordpress\/plugins\/seo\/ -->\n<title>C\u00e1psulas Caf\u00e9 Lungo - Caf\u00e9 Santa Helena<\/title>\n<meta name=\"description\" content=\"C\u00e1psulas caf\u00e9 especial lungo. Material natural, compost\u00e1vel e biodegrad\u00e1vel. Caf\u00e9 org\u00e2nico especial 100% Ar\u00e1bica. Torra m\u00e9dia. Caixa redonda com 10 c\u00e1psulas\" \/>\n<meta name=\"robots\" content=\"index, follow, max-snippet:-1, max-image-preview:large, max-video-preview:-1\" \/>\n<link rel=\"canonical\" href=\"https:\/\/cafesantahelena.com\/pt-pt\/products\/capsulas-cafe-lungo\/\" \/>\n<meta property=\"og:locale\" content=\"pt_PT\" \/>\n<meta property=\"og:type\" content=\"article\" \/>\n<meta property=\"og:title\" content=\"C\u00e1psulas Caf\u00e9 Lungo - Caf\u00e9 Santa Helena\" \/>\n<meta property=\"og:description\" content=\"C\u00e1psulas caf\u00e9 especial lungo. Material natural, compost\u00e1vel e biodegrad\u00e1vel. Caf\u00e9 org\u00e2nico especial 100% Ar\u00e1bica. Torra m\u00e9dia. Caixa redonda com 10 c\u00e1psulas\" \/>\n<meta property=\"og:url\" content=\"https:\/\/cafesantahelena.com\/pt-pt\/products\/capsulas-cafe-lungo\/\" \/>\n<meta property=\"og:site_name\" content=\"Caf\u00e9 Santa Helena\" \/>\n<meta property=\"article:modified_time\" content=\"2025-01-25T21:38:10+00:00\" \/>\n<meta property=\"og:image\" content=\"https:\/\/cafesantahelena.com\/wp-content\/uploads\/2024\/07\/Specialty-lungo-coffee-capsules.webp\" \/>\n\t<meta property=\"og:image:width\" content=\"350\" \/>\n\t<meta property=\"og:image:height\" content=\"450\" \/>\n\t<meta property=\"og:image:type\" content=\"image\/webp\" \/>\n<meta name=\"twitter:card\" content=\"summary_large_image\" \/>\n<meta name=\"twitter:label1\" content=\"Tempo estimado de leitura\" \/>\n\t<meta name=\"twitter:data1\" content=\"2 minutos\" \/>\n<script type=\"application\/ld+json\" class=\"yoast-schema-graph\">{\"@context\":\"https:\/\/schema.org\",\"@graph\":[{\"@type\":\"WebPage\",\"@id\":\"https:\/\/cafesantahelena.com\/pt-pt\/products\/capsulas-cafe-lungo\/\",\"url\":\"https:\/\/cafesantahelena.com\/pt-pt\/products\/capsulas-cafe-lungo\/\",\"name\":\"C\u00e1psulas Caf\u00e9 Lungo - Caf\u00e9 Santa Helena\",\"isPartOf\":{\"@id\":\"https:\/\/cafesantahelena.com\/#website\"},\"primaryImageOfPage\":{\"@id\":\"https:\/\/cafesantahelena.com\/pt-pt\/products\/capsulas-cafe-lungo\/#primaryimage\"},\"image\":{\"@id\":\"https:\/\/cafesantahelena.com\/pt-pt\/products\/capsulas-cafe-lungo\/#primaryimage\"},\"thumbnailUrl\":\"https:\/\/cafesantahelena.com\/wp-content\/uploads\/2024\/07\/Specialty-lungo-coffee-capsules.webp\",\"datePublished\":\"2025-01-05T20:26:11+00:00\",\"dateModified\":\"2025-01-25T21:38:10+00:00\",\"description\":\"C\u00e1psulas caf\u00e9 especial lungo. Material natural, compost\u00e1vel e biodegrad\u00e1vel. Caf\u00e9 org\u00e2nico especial 100% Ar\u00e1bica. Torra m\u00e9dia. Caixa redonda com 10 c\u00e1psulas\",\"breadcrumb\":{\"@id\":\"https:\/\/cafesantahelena.com\/pt-pt\/products\/capsulas-cafe-lungo\/#breadcrumb\"},\"inLanguage\":\"pt-PT\",\"potentialAction\":[{\"@type\":\"ReadAction\",\"target\":[\"https:\/\/cafesantahelena.com\/pt-pt\/products\/capsulas-cafe-lungo\/\"]}]},{\"@type\":\"ImageObject\",\"inLanguage\":\"pt-PT\",\"@id\":\"https:\/\/cafesantahelena.com\/pt-pt\/products\/capsulas-cafe-lungo\/#primaryimage\",\"url\":\"https:\/\/cafesantahelena.com\/wp-content\/uploads\/2024\/07\/Specialty-lungo-coffee-capsules.webp\",\"contentUrl\":\"https:\/\/cafesantahelena.com\/wp-content\/uploads\/2024\/07\/Specialty-lungo-coffee-capsules.webp\",\"width\":350,\"height\":450,\"caption\":\"c\u00e1psulas specialty lungo\"},{\"@type\":\"BreadcrumbList\",\"@id\":\"https:\/\/cafesantahelena.com\/pt-pt\/products\/capsulas-cafe-lungo\/#breadcrumb\",\"itemListElement\":[{\"@type\":\"ListItem\",\"position\":1,\"name\":\"In\u00edcio\",\"item\":\"https:\/\/cafesantahelena.com\/pt-pt\/\"},{\"@type\":\"ListItem\",\"position\":2,\"name\":\"Produtos\",\"item\":\"https:\/\/cafesantahelena.com\/loja\/\"},{\"@type\":\"ListItem\",\"position\":3,\"name\":\"C\u00e1psulas Caf\u00e9 Especial Lungo\"}]},{\"@type\":\"WebSite\",\"@id\":\"https:\/\/cafesantahelena.com\/#website\",\"url\":\"https:\/\/cafesantahelena.com\/\",\"name\":\"Caf\u00e9 Santa Helena\",\"description\":\"\",\"potentialAction\":[{\"@type\":\"SearchAction\",\"target\":{\"@type\":\"EntryPoint\",\"urlTemplate\":\"https:\/\/cafesantahelena.com\/?s={search_term_string}\"},\"query-input\":{\"@type\":\"PropertyValueSpecification\",\"valueRequired\":true,\"valueName\":\"search_term_string\"}}],\"inLanguage\":\"pt-PT\"}]}<\/script>\n<!-- \/ Yoast SEO plugin. -->","yoast_head_json":{"title":"C\u00e1psulas Caf\u00e9 Lungo - Caf\u00e9 Santa Helena","description":"C\u00e1psulas caf\u00e9 especial lungo. Material natural, compost\u00e1vel e biodegrad\u00e1vel. Caf\u00e9 org\u00e2nico especial 100% Ar\u00e1bica. Torra m\u00e9dia. Caixa redonda com 10 c\u00e1psulas","robots":{"index":"index","follow":"follow","max-snippet":"max-snippet:-1","max-image-preview":"max-image-preview:large","max-video-preview":"max-video-preview:-1"},"canonical":"https:\/\/cafesantahelena.com\/pt-pt\/products\/capsulas-cafe-lungo\/","og_locale":"pt_PT","og_type":"article","og_title":"C\u00e1psulas Caf\u00e9 Lungo - Caf\u00e9 Santa Helena","og_description":"C\u00e1psulas caf\u00e9 especial lungo. Material natural, compost\u00e1vel e biodegrad\u00e1vel. Caf\u00e9 org\u00e2nico especial 100% Ar\u00e1bica. Torra m\u00e9dia. Caixa redonda com 10 c\u00e1psulas","og_url":"https:\/\/cafesantahelena.com\/pt-pt\/products\/capsulas-cafe-lungo\/","og_site_name":"Caf\u00e9 Santa Helena","article_modified_time":"2025-01-25T21:38:10+00:00","og_image":[{"width":350,"height":450,"url":"https:\/\/cafesantahelena.com\/wp-content\/uploads\/2024\/07\/Specialty-lungo-coffee-capsules.webp","type":"image\/webp"}],"twitter_card":"summary_large_image","twitter_misc":{"Tempo estimado de leitura":"2 minutos"},"schema":{"@context":"https:\/\/schema.org","@graph":[{"@type":"WebPage","@id":"https:\/\/cafesantahelena.com\/pt-pt\/products\/capsulas-cafe-lungo\/","url":"https:\/\/cafesantahelena.com\/pt-pt\/products\/capsulas-cafe-lungo\/","name":"C\u00e1psulas Caf\u00e9 Lungo - Caf\u00e9 Santa Helena","isPartOf":{"@id":"https:\/\/cafesantahelena.com\/#website"},"primaryImageOfPage":{"@id":"https:\/\/cafesantahelena.com\/pt-pt\/products\/capsulas-cafe-lungo\/#primaryimage"},"image":{"@id":"https:\/\/cafesantahelena.com\/pt-pt\/products\/capsulas-cafe-lungo\/#primaryimage"},"thumbnailUrl":"https:\/\/cafesantahelena.com\/wp-content\/uploads\/2024\/07\/Specialty-lungo-coffee-capsules.webp","datePublished":"2025-01-05T20:26:11+00:00","dateModified":"2025-01-25T21:38:10+00:00","description":"C\u00e1psulas caf\u00e9 especial lungo. Material natural, compost\u00e1vel e biodegrad\u00e1vel. Caf\u00e9 org\u00e2nico especial 100% Ar\u00e1bica. Torra m\u00e9dia. Caixa redonda com 10 c\u00e1psulas","breadcrumb":{"@id":"https:\/\/cafesantahelena.com\/pt-pt\/products\/capsulas-cafe-lungo\/#breadcrumb"},"inLanguage":"pt-PT","potentialAction":[{"@type":"ReadAction","target":["https:\/\/cafesantahelena.com\/pt-pt\/products\/capsulas-cafe-lungo\/"]}]},{"@type":"ImageObject","inLanguage":"pt-PT","@id":"https:\/\/cafesantahelena.com\/pt-pt\/products\/capsulas-cafe-lungo\/#primaryimage","url":"https:\/\/cafesantahelena.com\/wp-content\/uploads\/2024\/07\/Specialty-lungo-coffee-capsules.webp","contentUrl":"https:\/\/cafesantahelena.com\/wp-content\/uploads\/2024\/07\/Specialty-lungo-coffee-capsules.webp","width":350,"height":450,"caption":"c\u00e1psulas specialty lungo"},{"@type":"BreadcrumbList","@id":"https:\/\/cafesantahelena.com\/pt-pt\/products\/capsulas-cafe-lungo\/#breadcrumb","itemListElement":[{"@type":"ListItem","position":1,"name":"In\u00edcio","item":"https:\/\/cafesantahelena.com\/pt-pt\/"},{"@type":"ListItem","position":2,"name":"Produtos","item":"https:\/\/cafesantahelena.com\/loja\/"},{"@type":"ListItem","position":3,"name":"C\u00e1psulas Caf\u00e9 Especial Lungo"}]},{"@type":"WebSite","@id":"https:\/\/cafesantahelena.com\/#website","url":"https:\/\/cafesantahelena.com\/","name":"Caf\u00e9 Santa Helena","description":"","potentialAction":[{"@type":"SearchAction","target":{"@type":"EntryPoint","urlTemplate":"https:\/\/cafesantahelena.com\/?s={search_term_string}"},"query-input":{"@type":"PropertyValueSpecification","valueRequired":true,"valueName":"search_term_string"}}],"inLanguage":"pt-PT"}]}},"_links":{"self":[{"href":"https:\/\/cafesantahelena.com\/pt-pt\/wp-json\/wp\/v2\/product\/17329","targetHints":{"allow":["GET"]}}],"collection":[{"href":"https:\/\/cafesantahelena.com\/pt-pt\/wp-json\/wp\/v2\/product"}],"about":[{"href":"https:\/\/cafesantahelena.com\/pt-pt\/wp-json\/wp\/v2\/types\/product"}],"replies":[{"embeddable":true,"href":"https:\/\/cafesantahelena.com\/pt-pt\/wp-json\/wp\/v2\/comments?post=17329"}],"wp:featuredmedia":[{"embeddable":true,"href":"https:\/\/cafesantahelena.com\/pt-pt\/wp-json\/wp\/v2\/media\/17050"}],"wp:attachment":[{"href":"https:\/\/cafesantahelena.com\/pt-pt\/wp-json\/wp\/v2\/media?parent=17329"}],"wp:term":[{"taxonomy":"product_brand","embeddable":true,"href":"https:\/\/cafesantahelena.com\/pt-pt\/wp-json\/wp\/v2\/product_brand?post=17329"},{"taxonomy":"product_cat","embeddable":true,"href":"https:\/\/cafesantahelena.com\/pt-pt\/wp-json\/wp\/v2\/product_cat?post=17329"},{"taxonomy":"product_tag","embeddable":true,"href":"https:\/\/cafesantahelena.com\/pt-pt\/wp-json\/wp\/v2\/product_tag?post=17329"}],"curies":[{"name":"wp","href":"https:\/\/api.w.org\/{rel}","templated":true}]}}