{"id":17331,"date":"2025-01-04T13:58:58","date_gmt":"2025-01-04T13:58:58","guid":{"rendered":"https:\/\/cafesantahelena.com\/products\/chaleira-electrica-brewista\/"},"modified":"2025-01-04T13:58:58","modified_gmt":"2025-01-04T13:58:58","slug":"chaleira-electrica-brewista","status":"publish","type":"product","link":"https:\/\/cafesantahelena.com\/pt-pt\/products\/chaleira-electrica-brewista\/","title":{"rendered":"Chaleira el\u00e9ctrica Brewista"},"content":{"rendered":"<h2>Chaleira el\u00e9ctrica com pesco\u00e7o de ganso Brewista Artisan 1L<\/h2>\n<p class=\"p1\">Chaleira el\u00e9ctrica<\/p>\n<p class=\"p1\">Come\u00e7a o teu ritual de caf\u00e9 matinal com a Chaleira Artisan. O design inteligente e interno da Brewista permite o controlo da temperatura ao grau para um gr\u00e3o de caf\u00e9 perfeitamente preparado. Fabricada com qualidade e precis\u00e3o, a Artisan \u00e9 cobi\u00e7ada por baristas especializados em todo o mundo e por amantes de caf\u00e9 que desejam uma experi\u00eancia de caf\u00e9 mais elevada.  <\/p>\n<ul class=\"ul1\">\n<li class=\"li1\">Pega ergon\u00f3mica e confort\u00e1vel<\/li>\n<li class=\"li1\">Bico de pesco\u00e7o de ganso para um despejo mais f\u00e1cil e mais controlado<\/li>\n<li class=\"li1\">Painel LCD de controlo eletr\u00f3nico da temperatura<\/li>\n<li class=\"li1\">Defini\u00e7\u00f5es de fervura r\u00e1pida e manter quente<\/li>\n<li class=\"li1\">Capacidade de 1,0 litro<\/li>\n<li class=\"li1\"><b>FAHRENHEIT OU CELSIUS<\/b><\/li>\n<\/ul>\n<p><img decoding=\"async\" class=\"alignnone size-full wp-image-14196\" src=\"https:\/\/cafesantahelena.com\/wp-content\/uploads\/2024\/07\/6C3D558C-EDC3-40F7-946E-0946C8ECE5E5.webp\" alt=\"chaleira el\u00e9ctrica\" width=\"120\" height=\"100\" srcset=\"https:\/\/cafesantahelena.com\/wp-content\/uploads\/2024\/07\/6C3D558C-EDC3-40F7-946E-0946C8ECE5E5.webp 120w, https:\/\/cafesantahelena.com\/wp-content\/uploads\/2024\/07\/6C3D558C-EDC3-40F7-946E-0946C8ECE5E5-64x53.webp 64w\" sizes=\"(max-width: 120px) 100vw, 120px\" \/><\/p>\n<p class=\"p2\">Define o LCD para a tua escala de temperatura preferida para garantir que a \u00e1gua est\u00e1 pronta a ser preparada.<\/p>\n<p class=\"p2\"><b>TENS\u00d5ES FINAIS<\/b><\/p>\n<p><img decoding=\"async\" class=\"alignnone size-full wp-image-14201\" src=\"https:\/\/cafesantahelena.com\/wp-content\/uploads\/2024\/07\/85A0EB47-F876-4E71-8E84-1EC1FA0F4FFF.webp\" alt=\"chaleira el\u00e9ctrica\" width=\"120\" height=\"100\" srcset=\"https:\/\/cafesantahelena.com\/wp-content\/uploads\/2024\/07\/85A0EB47-F876-4E71-8E84-1EC1FA0F4FFF.webp 120w, https:\/\/cafesantahelena.com\/wp-content\/uploads\/2024\/07\/85A0EB47-F876-4E71-8E84-1EC1FA0F4FFF-64x53.webp 64w\" sizes=\"(max-width: 120px) 100vw, 120px\" \/><\/p>\n<p class=\"p2\">Esta chaleira foi concebida para todos os tipos de bebidas quentes, fazendo as del\u00edcias dos apreciadores de ch\u00e1 com uma ch\u00e1vena de hortel\u00e3-pimenta bem apurada.<\/p>\n<p><img decoding=\"async\" class=\"alignnone size-full wp-image-14206\" src=\"https:\/\/cafesantahelena.com\/wp-content\/uploads\/2024\/07\/B0955A87-81FF-4444-AC9A-D2CD29147557.webp\" alt=\"chaleira el\u00e9ctrica\" width=\"120\" height=\"100\" srcset=\"https:\/\/cafesantahelena.com\/wp-content\/uploads\/2024\/07\/B0955A87-81FF-4444-AC9A-D2CD29147557.webp 120w, https:\/\/cafesantahelena.com\/wp-content\/uploads\/2024\/07\/B0955A87-81FF-4444-AC9A-D2CD29147557-64x53.webp 64w\" sizes=\"(max-width: 120px) 100vw, 120px\" \/><\/p>\n<p class=\"p1\"><b>CONTROLO PRECISO DO DERRAME<\/b><\/p>\n<p class=\"p1\">Domina o teu ritual de caf\u00e9, controlando o tempo de servir com a nossa inteligente e elegante pega de pesco\u00e7o de ganso.<\/p>\n<p><img loading=\"lazy\" decoding=\"async\" class=\"alignnone size-full wp-image-14211\" src=\"https:\/\/cafesantahelena.com\/wp-content\/uploads\/2024\/07\/FFBABDBA-1B0E-4611-B025-BC5605B331D0.webp\" alt=\"chaleira el\u00e9ctrica\" width=\"120\" height=\"100\" srcset=\"https:\/\/cafesantahelena.com\/wp-content\/uploads\/2024\/07\/FFBABDBA-1B0E-4611-B025-BC5605B331D0.webp 120w, https:\/\/cafesantahelena.com\/wp-content\/uploads\/2024\/07\/FFBABDBA-1B0E-4611-B025-BC5605B331D0-64x53.webp 64w\" sizes=\"(max-width: 120px) 100vw, 120px\" \/><\/p>\n<p class=\"p1\"><b>CONTROLO DA TEMPERATURA AO GRAU<\/b><\/p>\n<p class=\"p1\">Com uma precis\u00e3o de aquecimento exacta, liberta o perfil de sabor completo das tuas torras favoritas e eleva verdadeiramente a tua experi\u00eancia de beber caf\u00e9.<\/p>\n<p><img loading=\"lazy\" decoding=\"async\" class=\"alignnone size-full wp-image-14216\" src=\"https:\/\/cafesantahelena.com\/wp-content\/uploads\/2024\/07\/icon-flash-boil_140x.png\" alt=\"chaleira el\u00e9ctrica\" width=\"120\" height=\"100\" srcset=\"https:\/\/cafesantahelena.com\/wp-content\/uploads\/2024\/07\/icon-flash-boil_140x.png 120w, https:\/\/cafesantahelena.com\/wp-content\/uploads\/2024\/07\/icon-flash-boil_140x-64x53.png 64w\" sizes=\"(max-width: 120px) 100vw, 120px\" \/><\/p>\n<p class=\"p1\"><b>DEFINI\u00c7\u00c3O DE FERVURA R\u00c1PIDA<\/b><\/p>\n<p class=\"p1\">Com velocidades de fervura que at\u00e9 os amantes de caf\u00e9 podem desfrutar, a fervura de alta pot\u00eancia da Brewista significa menos tempo de espera e mais tempo para desfrutar de uma ch\u00e1vena de caf\u00e9 perfeita.<\/p>\n<p class=\"p1\"><img loading=\"lazy\" decoding=\"async\" class=\"alignnone size-full wp-image-14221\" src=\"https:\/\/cafesantahelena.com\/wp-content\/uploads\/2024\/07\/icon-warm_140x.png\" alt=\"chaleira el\u00e9ctrica\" width=\"120\" height=\"100\" srcset=\"https:\/\/cafesantahelena.com\/wp-content\/uploads\/2024\/07\/icon-warm_140x.png 120w, https:\/\/cafesantahelena.com\/wp-content\/uploads\/2024\/07\/icon-warm_140x-64x53.png 64w\" sizes=\"(max-width: 120px) 100vw, 120px\" \/><\/p>\n<p class=\"p1\"><b>MANTER QUENTE<\/b><\/p>\n<p class=\"p1\">Revive a sensa\u00e7\u00e3o da primeira ch\u00e1vena sem ter de reiniciar a \u00e1gua. Mant\u00e9m a temperatura da \u00e1gua desejada. <\/p>\n<p class=\"p1\" style=\"text-align: center;\"><b>Se queres fazer do teu caf\u00e9 um ritual chique, n\u00e3o hesites!<\/b><\/p>\n<p style=\"text-align: center;\"><a href=\"?add-to-cart=16745\"><strong><span style=\"color: #800000;\">Adiciona ao carrinho<\/span><\/strong><\/a><\/p>\n<p style=\"text-align: center;\"><img loading=\"lazy\" decoding=\"async\" class=\"alignnone wp-image-15375\" src=\"https:\/\/cafesantahelena.com\/wp-content\/uploads\/2024\/11\/logo-1.png\" alt=\"Logo Caf\u00e9 Santa Helena\" width=\"171\" height=\"171\" srcset=\"https:\/\/cafesantahelena.com\/wp-content\/uploads\/2024\/11\/logo-1.png 300w, https:\/\/cafesantahelena.com\/wp-content\/uploads\/2024\/11\/logo-1-100x100.png 100w, https:\/\/cafesantahelena.com\/wp-content\/uploads\/2024\/11\/logo-1-64x64.png 64w, https:\/\/cafesantahelena.com\/wp-content\/uploads\/2024\/11\/logo-1-150x150.png 150w\" sizes=\"(max-width: 171px) 100vw, 171px\" \/><\/p>\n<p class=\"p1\" style=\"text-align: center;\">\n","protected":false},"excerpt":{"rendered":"<p class=\"p1\">IVA incl.<\/p>\n<p class=\"p1\">custos de envio no checkout<\/p>\n<p class=\"p1\">A gama de chaleiras Artisan da Brewista traz estilo e controlo digital \u00e0 prepara\u00e7\u00e3o do teu caf\u00e9 e ch\u00e1.<\/p>\n<p class=\"p1\">A chaleira Artisan foi concebida com um pesco\u00e7o de ganso de precis\u00e3o e um bico de \u00e2ngulo especial para um controlo mais preciso do derrame, e uma pega ergon\u00f3mica e f\u00e1cil de agarrar para maior conforto.<\/p>\n<p class=\"p1\">Capacidade 1L &#8211; 220V<\/p>\n<p class=\"p1\">Inox e madeira.<\/p>\n<p class=\"p1\">\n","protected":false},"featured_media":17065,"comment_status":"open","ping_status":"closed","template":"","meta":[],"product_brand":[],"product_cat":[194],"product_tag":[308],"class_list":{"0":"post-17331","1":"product","2":"type-product","3":"status-publish","4":"has-post-thumbnail","6":"product_cat-acessorios","7":"product_tag-chaleira-eletrica-pt","9":"first","10":"outofstock","11":"featured","12":"shipping-taxable","13":"purchasable","14":"product-type-simple"},"yoast_head":"<!-- This site is optimized with the Yoast SEO plugin v26.4 - https:\/\/yoast.com\/wordpress\/plugins\/seo\/ -->\n<title>Chaleira el\u00e9ctrica Brewista Artisan Gooseneck - Caf\u00e9 Santa Helena<\/title>\n<meta name=\"description\" content=\"A gama de chaleiras el\u00e9ctricas da Brewista traz estilo e controlo digital \u00e0 prepara\u00e7\u00e3o do teu caf\u00e9 e ch\u00e1. Cor preta ou a\u00e7o inoxid\u00e1vel.\" \/>\n<meta name=\"robots\" content=\"index, follow, max-snippet:-1, max-image-preview:large, max-video-preview:-1\" \/>\n<link rel=\"canonical\" href=\"https:\/\/cafesantahelena.com\/pt-pt\/products\/chaleira-electrica-brewista\/\" \/>\n<meta property=\"og:locale\" content=\"pt_PT\" \/>\n<meta property=\"og:type\" content=\"article\" \/>\n<meta property=\"og:title\" content=\"Chaleira el\u00e9ctrica Brewista Artisan Gooseneck - Caf\u00e9 Santa Helena\" \/>\n<meta property=\"og:description\" content=\"A gama de chaleiras el\u00e9ctricas da Brewista traz estilo e controlo digital \u00e0 prepara\u00e7\u00e3o do teu caf\u00e9 e ch\u00e1. Cor preta ou a\u00e7o inoxid\u00e1vel.\" \/>\n<meta property=\"og:url\" content=\"https:\/\/cafesantahelena.com\/pt-pt\/products\/chaleira-electrica-brewista\/\" \/>\n<meta property=\"og:site_name\" content=\"Caf\u00e9 Santa Helena\" \/>\n<meta property=\"og:image\" content=\"https:\/\/cafesantahelena.com\/wp-content\/uploads\/2024\/07\/Brewista-electrical-kettle-.webp\" \/>\n\t<meta property=\"og:image:width\" content=\"350\" \/>\n\t<meta property=\"og:image:height\" content=\"450\" \/>\n\t<meta property=\"og:image:type\" content=\"image\/webp\" \/>\n<meta name=\"twitter:card\" content=\"summary_large_image\" \/>\n<meta name=\"twitter:label1\" content=\"Tempo estimado de leitura\" \/>\n\t<meta name=\"twitter:data1\" content=\"2 minutos\" \/>\n<script type=\"application\/ld+json\" class=\"yoast-schema-graph\">{\"@context\":\"https:\/\/schema.org\",\"@graph\":[{\"@type\":\"WebPage\",\"@id\":\"https:\/\/cafesantahelena.com\/pt-pt\/products\/chaleira-electrica-brewista\/\",\"url\":\"https:\/\/cafesantahelena.com\/pt-pt\/products\/chaleira-electrica-brewista\/\",\"name\":\"Chaleira el\u00e9ctrica Brewista Artisan Gooseneck - Caf\u00e9 Santa Helena\",\"isPartOf\":{\"@id\":\"https:\/\/cafesantahelena.com\/#website\"},\"primaryImageOfPage\":{\"@id\":\"https:\/\/cafesantahelena.com\/pt-pt\/products\/chaleira-electrica-brewista\/#primaryimage\"},\"image\":{\"@id\":\"https:\/\/cafesantahelena.com\/pt-pt\/products\/chaleira-electrica-brewista\/#primaryimage\"},\"thumbnailUrl\":\"https:\/\/cafesantahelena.com\/wp-content\/uploads\/2024\/07\/Brewista-electrical-kettle-.webp\",\"datePublished\":\"2025-01-04T13:58:58+00:00\",\"description\":\"A gama de chaleiras el\u00e9ctricas da Brewista traz estilo e controlo digital \u00e0 prepara\u00e7\u00e3o do teu caf\u00e9 e ch\u00e1. Cor preta ou a\u00e7o inoxid\u00e1vel.\",\"breadcrumb\":{\"@id\":\"https:\/\/cafesantahelena.com\/pt-pt\/products\/chaleira-electrica-brewista\/#breadcrumb\"},\"inLanguage\":\"pt-PT\",\"potentialAction\":[{\"@type\":\"ReadAction\",\"target\":[\"https:\/\/cafesantahelena.com\/pt-pt\/products\/chaleira-electrica-brewista\/\"]}]},{\"@type\":\"ImageObject\",\"inLanguage\":\"pt-PT\",\"@id\":\"https:\/\/cafesantahelena.com\/pt-pt\/products\/chaleira-electrica-brewista\/#primaryimage\",\"url\":\"https:\/\/cafesantahelena.com\/wp-content\/uploads\/2024\/07\/Brewista-electrical-kettle-.webp\",\"contentUrl\":\"https:\/\/cafesantahelena.com\/wp-content\/uploads\/2024\/07\/Brewista-electrical-kettle-.webp\",\"width\":350,\"height\":450,\"caption\":\"chaleira el\u00e9ctrica\"},{\"@type\":\"BreadcrumbList\",\"@id\":\"https:\/\/cafesantahelena.com\/pt-pt\/products\/chaleira-electrica-brewista\/#breadcrumb\",\"itemListElement\":[{\"@type\":\"ListItem\",\"position\":1,\"name\":\"In\u00edcio\",\"item\":\"https:\/\/cafesantahelena.com\/pt-pt\/\"},{\"@type\":\"ListItem\",\"position\":2,\"name\":\"Produtos\",\"item\":\"https:\/\/cafesantahelena.com\/loja\/\"},{\"@type\":\"ListItem\",\"position\":3,\"name\":\"Chaleira el\u00e9ctrica Brewista\"}]},{\"@type\":\"WebSite\",\"@id\":\"https:\/\/cafesantahelena.com\/#website\",\"url\":\"https:\/\/cafesantahelena.com\/\",\"name\":\"Caf\u00e9 Santa Helena\",\"description\":\"\",\"potentialAction\":[{\"@type\":\"SearchAction\",\"target\":{\"@type\":\"EntryPoint\",\"urlTemplate\":\"https:\/\/cafesantahelena.com\/?s={search_term_string}\"},\"query-input\":{\"@type\":\"PropertyValueSpecification\",\"valueRequired\":true,\"valueName\":\"search_term_string\"}}],\"inLanguage\":\"pt-PT\"}]}<\/script>\n<!-- \/ Yoast SEO plugin. -->","yoast_head_json":{"title":"Chaleira el\u00e9ctrica Brewista Artisan Gooseneck - Caf\u00e9 Santa Helena","description":"A gama de chaleiras el\u00e9ctricas da Brewista traz estilo e controlo digital \u00e0 prepara\u00e7\u00e3o do teu caf\u00e9 e ch\u00e1. Cor preta ou a\u00e7o inoxid\u00e1vel.","robots":{"index":"index","follow":"follow","max-snippet":"max-snippet:-1","max-image-preview":"max-image-preview:large","max-video-preview":"max-video-preview:-1"},"canonical":"https:\/\/cafesantahelena.com\/pt-pt\/products\/chaleira-electrica-brewista\/","og_locale":"pt_PT","og_type":"article","og_title":"Chaleira el\u00e9ctrica Brewista Artisan Gooseneck - Caf\u00e9 Santa Helena","og_description":"A gama de chaleiras el\u00e9ctricas da Brewista traz estilo e controlo digital \u00e0 prepara\u00e7\u00e3o do teu caf\u00e9 e ch\u00e1. Cor preta ou a\u00e7o inoxid\u00e1vel.","og_url":"https:\/\/cafesantahelena.com\/pt-pt\/products\/chaleira-electrica-brewista\/","og_site_name":"Caf\u00e9 Santa Helena","og_image":[{"width":350,"height":450,"url":"https:\/\/cafesantahelena.com\/wp-content\/uploads\/2024\/07\/Brewista-electrical-kettle-.webp","type":"image\/webp"}],"twitter_card":"summary_large_image","twitter_misc":{"Tempo estimado de leitura":"2 minutos"},"schema":{"@context":"https:\/\/schema.org","@graph":[{"@type":"WebPage","@id":"https:\/\/cafesantahelena.com\/pt-pt\/products\/chaleira-electrica-brewista\/","url":"https:\/\/cafesantahelena.com\/pt-pt\/products\/chaleira-electrica-brewista\/","name":"Chaleira el\u00e9ctrica Brewista Artisan Gooseneck - Caf\u00e9 Santa Helena","isPartOf":{"@id":"https:\/\/cafesantahelena.com\/#website"},"primaryImageOfPage":{"@id":"https:\/\/cafesantahelena.com\/pt-pt\/products\/chaleira-electrica-brewista\/#primaryimage"},"image":{"@id":"https:\/\/cafesantahelena.com\/pt-pt\/products\/chaleira-electrica-brewista\/#primaryimage"},"thumbnailUrl":"https:\/\/cafesantahelena.com\/wp-content\/uploads\/2024\/07\/Brewista-electrical-kettle-.webp","datePublished":"2025-01-04T13:58:58+00:00","description":"A gama de chaleiras el\u00e9ctricas da Brewista traz estilo e controlo digital \u00e0 prepara\u00e7\u00e3o do teu caf\u00e9 e ch\u00e1. Cor preta ou a\u00e7o inoxid\u00e1vel.","breadcrumb":{"@id":"https:\/\/cafesantahelena.com\/pt-pt\/products\/chaleira-electrica-brewista\/#breadcrumb"},"inLanguage":"pt-PT","potentialAction":[{"@type":"ReadAction","target":["https:\/\/cafesantahelena.com\/pt-pt\/products\/chaleira-electrica-brewista\/"]}]},{"@type":"ImageObject","inLanguage":"pt-PT","@id":"https:\/\/cafesantahelena.com\/pt-pt\/products\/chaleira-electrica-brewista\/#primaryimage","url":"https:\/\/cafesantahelena.com\/wp-content\/uploads\/2024\/07\/Brewista-electrical-kettle-.webp","contentUrl":"https:\/\/cafesantahelena.com\/wp-content\/uploads\/2024\/07\/Brewista-electrical-kettle-.webp","width":350,"height":450,"caption":"chaleira el\u00e9ctrica"},{"@type":"BreadcrumbList","@id":"https:\/\/cafesantahelena.com\/pt-pt\/products\/chaleira-electrica-brewista\/#breadcrumb","itemListElement":[{"@type":"ListItem","position":1,"name":"In\u00edcio","item":"https:\/\/cafesantahelena.com\/pt-pt\/"},{"@type":"ListItem","position":2,"name":"Produtos","item":"https:\/\/cafesantahelena.com\/loja\/"},{"@type":"ListItem","position":3,"name":"Chaleira el\u00e9ctrica Brewista"}]},{"@type":"WebSite","@id":"https:\/\/cafesantahelena.com\/#website","url":"https:\/\/cafesantahelena.com\/","name":"Caf\u00e9 Santa Helena","description":"","potentialAction":[{"@type":"SearchAction","target":{"@type":"EntryPoint","urlTemplate":"https:\/\/cafesantahelena.com\/?s={search_term_string}"},"query-input":{"@type":"PropertyValueSpecification","valueRequired":true,"valueName":"search_term_string"}}],"inLanguage":"pt-PT"}]}},"_links":{"self":[{"href":"https:\/\/cafesantahelena.com\/pt-pt\/wp-json\/wp\/v2\/product\/17331","targetHints":{"allow":["GET"]}}],"collection":[{"href":"https:\/\/cafesantahelena.com\/pt-pt\/wp-json\/wp\/v2\/product"}],"about":[{"href":"https:\/\/cafesantahelena.com\/pt-pt\/wp-json\/wp\/v2\/types\/product"}],"replies":[{"embeddable":true,"href":"https:\/\/cafesantahelena.com\/pt-pt\/wp-json\/wp\/v2\/comments?post=17331"}],"wp:featuredmedia":[{"embeddable":true,"href":"https:\/\/cafesantahelena.com\/pt-pt\/wp-json\/wp\/v2\/media\/17065"}],"wp:attachment":[{"href":"https:\/\/cafesantahelena.com\/pt-pt\/wp-json\/wp\/v2\/media?parent=17331"}],"wp:term":[{"taxonomy":"product_brand","embeddable":true,"href":"https:\/\/cafesantahelena.com\/pt-pt\/wp-json\/wp\/v2\/product_brand?post=17331"},{"taxonomy":"product_cat","embeddable":true,"href":"https:\/\/cafesantahelena.com\/pt-pt\/wp-json\/wp\/v2\/product_cat?post=17331"},{"taxonomy":"product_tag","embeddable":true,"href":"https:\/\/cafesantahelena.com\/pt-pt\/wp-json\/wp\/v2\/product_tag?post=17331"}],"curies":[{"name":"wp","href":"https:\/\/api.w.org\/{rel}","templated":true}]}}