{"id":17338,"date":"2024-12-31T20:35:22","date_gmt":"2024-12-31T20:35:22","guid":{"rendered":"https:\/\/cafesantahelena.com\/products\/capsulas-de-cafe-cafe-feminino\/"},"modified":"2025-05-08T19:53:40","modified_gmt":"2025-05-08T19:53:40","slug":"capsulas-de-cafe-feminino","status":"publish","type":"product","link":"https:\/\/cafesantahelena.com\/pt-pt\/products\/capsulas-de-cafe-feminino\/","title":{"rendered":"C\u00e1psulas de Caf\u00e9 Feminino"},"content":{"rendered":"<p>C\u00e1psulas de Caf\u00e9 Caf\u00e9 Feminino O caf\u00e9 \u00e9 produzido apenas por mulheres &#8211; Sul de Minas Gerais<br \/>\n100% Ar\u00e1bica, Caf\u00e9 Especial, 86 pontos SCA, Micro-lotes. Torra Artesanal Lenta em Madeira \ud83e\udeb5 em torrador de madeira. Grau de torra: M\u00e9dia<\/p>\n<p style=\"text-align: left;\">Ideal para caf\u00e9 expresso. Tem uma do\u00e7ura elevada e uma acidez baixa. Produz um belo creme. Final de boca suave. <strong>Notas sensoriais<\/strong>: Frutado e floral.<\/p>\n<p style=\"text-align: left;\"><strong><br \/>\nC\u00e1psulas<\/strong><\/p>\n<ul>\n<li style=\"text-align: left;\">C\u00e1psulas inovadoras fabricadas na Su\u00ed\u00e7a a partir de materiais naturais<\/li>\n<li style=\"text-align: left;\">Material renov\u00e1vel de base biol\u00f3gica<\/li>\n<li style=\"text-align: left;\">N\u00e3o-OGM<\/li>\n<li style=\"text-align: left;\">N\u00e3o tens PLA<\/li>\n<li style=\"text-align: left;\">Sem alum\u00ednio<\/li>\n<li style=\"text-align: left;\">N\u00e3o h\u00e1 material f\u00f3ssil de pl\u00e1stico<\/li>\n<li>Jardim dom\u00e9stico compost\u00e1vel<\/li>\n<\/ul>\n<p>Compat\u00edvel com as m\u00e1quinas do sistema Nespresso<\/p>\n<p><strong>Infus\u00e3o de caf\u00e9 na \u00e1gua &#8211; filtra atrav\u00e9s de micro dobras &#8211; resultado \u00f3timo na ch\u00e1vena.<\/strong><\/p>\n<p><strong>Ingredientes<\/strong>:<br \/>\nCaf\u00e9 em c\u00e1psulas. 100% Ar\u00e1bica Org\u00e2nico.<br \/>\nTorrado m\u00e9dio.<br \/>\nCaixa de 10 c\u00e1psulas.<\/p>\n<p style=\"text-align: center;\"><a href=\"?add-to-cart=16659\"><span style=\"color: #800000;\"><strong>Adiciona ao carrinho<\/strong><\/span><\/a><\/p>\n<p style=\"text-align: center;\"><img decoding=\"async\" class=\"alignnone wp-image-15375\" src=\"https:\/\/cafesantahelena.com\/wp-content\/uploads\/2024\/11\/logo-1.png\" alt=\"Logo Caf\u00e9 Santa Helena\" width=\"170\" height=\"170\" srcset=\"https:\/\/cafesantahelena.com\/wp-content\/uploads\/2024\/11\/logo-1.png 300w, https:\/\/cafesantahelena.com\/wp-content\/uploads\/2024\/11\/logo-1-100x100.png 100w, https:\/\/cafesantahelena.com\/wp-content\/uploads\/2024\/11\/logo-1-64x64.png 64w, https:\/\/cafesantahelena.com\/wp-content\/uploads\/2024\/11\/logo-1-150x150.png 150w\" sizes=\"(max-width: 170px) 100vw, 170px\" \/><\/p>\n<p class=\"p1\">\n","protected":false},"excerpt":{"rendered":"<p>IVA incl.<\/p>\n<p>Mais custos de envio no checkout Caf\u00e9 Eco-C\u00e1psulas C\u00e1psulas compost\u00e1veis e biodegrad\u00e1veis feitas de material natural na Su\u00ed\u00e7a Caf\u00e9 org\u00e2nico, especial, 100% Ar\u00e1bica- Caf\u00e9 de microlote com um baixo n\u00edvel de acidez residual e uma do\u00e7ura pronunciada. <strong>Notas sensoriais<\/strong>: frutado e floral<br \/>\nGrau de torrefa\u00e7\u00e3o: Ideal para quem gosta de caf\u00e9 expresso com um delicioso creme. Final de boca suave. Compat\u00edvel com as m\u00e1quinas Nespresso System.<br \/>\nCaixa de 10 c\u00e1psulas<\/p>\n","protected":false},"featured_media":19998,"comment_status":"open","ping_status":"closed","template":"","meta":[],"product_brand":[],"product_cat":[201],"product_tag":[326,361],"class_list":{"0":"post-17338","1":"product","2":"type-product","3":"status-publish","4":"has-post-thumbnail","6":"product_cat-eco-capsulas","7":"product_tag-cafe-em-capsulas-pt","8":"product_tag-cafe-expresso","10":"first","11":"outofstock","12":"featured","13":"shipping-taxable","14":"purchasable","15":"product-type-simple"},"yoast_head":"<!-- This site is optimized with the Yoast SEO plugin v26.4 - https:\/\/yoast.com\/wordpress\/plugins\/seo\/ -->\n<title>C\u00e1psulas de Caf\u00e9 Feminino - Caf\u00e9 Santa Helena<\/title>\n<meta name=\"description\" content=\"C\u00e1psulas de Caf\u00e9 Feminino. Cultivado apenas por mulheres no Sul de Minas Gerais. 100% Ar\u00e1bica Org\u00e2nico, Microlote de Caf\u00e9 Especial. Caixa com 10 c\u00e1psulas.\" \/>\n<meta name=\"robots\" content=\"index, follow, max-snippet:-1, max-image-preview:large, max-video-preview:-1\" \/>\n<link rel=\"canonical\" href=\"https:\/\/cafesantahelena.com\/pt-pt\/products\/capsulas-de-cafe-feminino\/\" \/>\n<meta property=\"og:locale\" content=\"pt_PT\" \/>\n<meta property=\"og:type\" content=\"article\" \/>\n<meta property=\"og:title\" content=\"C\u00e1psulas de Caf\u00e9 Feminino - Caf\u00e9 Santa Helena\" \/>\n<meta property=\"og:description\" content=\"C\u00e1psulas de Caf\u00e9 Feminino. Cultivado apenas por mulheres no Sul de Minas Gerais. 100% Ar\u00e1bica Org\u00e2nico, Microlote de Caf\u00e9 Especial. Caixa com 10 c\u00e1psulas.\" \/>\n<meta property=\"og:url\" content=\"https:\/\/cafesantahelena.com\/pt-pt\/products\/capsulas-de-cafe-feminino\/\" \/>\n<meta property=\"og:site_name\" content=\"Caf\u00e9 Santa Helena\" \/>\n<meta property=\"article:modified_time\" content=\"2025-05-08T19:53:40+00:00\" \/>\n<meta property=\"og:image\" content=\"https:\/\/cafesantahelena.com\/wp-content\/uploads\/2024\/12\/custom-3.png\" \/>\n\t<meta property=\"og:image:width\" content=\"350\" \/>\n\t<meta property=\"og:image:height\" content=\"450\" \/>\n\t<meta property=\"og:image:type\" content=\"image\/png\" \/>\n<meta name=\"twitter:card\" content=\"summary_large_image\" \/>\n<meta name=\"twitter:label1\" content=\"Tempo estimado de leitura\" \/>\n\t<meta name=\"twitter:data1\" content=\"1 minuto\" \/>\n<script type=\"application\/ld+json\" class=\"yoast-schema-graph\">{\"@context\":\"https:\/\/schema.org\",\"@graph\":[{\"@type\":\"WebPage\",\"@id\":\"https:\/\/cafesantahelena.com\/pt-pt\/products\/capsulas-de-cafe-feminino\/\",\"url\":\"https:\/\/cafesantahelena.com\/pt-pt\/products\/capsulas-de-cafe-feminino\/\",\"name\":\"C\u00e1psulas de Caf\u00e9 Feminino - Caf\u00e9 Santa Helena\",\"isPartOf\":{\"@id\":\"https:\/\/cafesantahelena.com\/#website\"},\"primaryImageOfPage\":{\"@id\":\"https:\/\/cafesantahelena.com\/pt-pt\/products\/capsulas-de-cafe-feminino\/#primaryimage\"},\"image\":{\"@id\":\"https:\/\/cafesantahelena.com\/pt-pt\/products\/capsulas-de-cafe-feminino\/#primaryimage\"},\"thumbnailUrl\":\"https:\/\/cafesantahelena.com\/wp-content\/uploads\/2024\/12\/custom-3.png\",\"datePublished\":\"2024-12-31T20:35:22+00:00\",\"dateModified\":\"2025-05-08T19:53:40+00:00\",\"description\":\"C\u00e1psulas de Caf\u00e9 Feminino. Cultivado apenas por mulheres no Sul de Minas Gerais. 100% Ar\u00e1bica Org\u00e2nico, Microlote de Caf\u00e9 Especial. Caixa com 10 c\u00e1psulas.\",\"breadcrumb\":{\"@id\":\"https:\/\/cafesantahelena.com\/pt-pt\/products\/capsulas-de-cafe-feminino\/#breadcrumb\"},\"inLanguage\":\"pt-PT\",\"potentialAction\":[{\"@type\":\"ReadAction\",\"target\":[\"https:\/\/cafesantahelena.com\/pt-pt\/products\/capsulas-de-cafe-feminino\/\"]}]},{\"@type\":\"ImageObject\",\"inLanguage\":\"pt-PT\",\"@id\":\"https:\/\/cafesantahelena.com\/pt-pt\/products\/capsulas-de-cafe-feminino\/#primaryimage\",\"url\":\"https:\/\/cafesantahelena.com\/wp-content\/uploads\/2024\/12\/custom-3.png\",\"contentUrl\":\"https:\/\/cafesantahelena.com\/wp-content\/uploads\/2024\/12\/custom-3.png\",\"width\":350,\"height\":450},{\"@type\":\"BreadcrumbList\",\"@id\":\"https:\/\/cafesantahelena.com\/pt-pt\/products\/capsulas-de-cafe-feminino\/#breadcrumb\",\"itemListElement\":[{\"@type\":\"ListItem\",\"position\":1,\"name\":\"In\u00edcio\",\"item\":\"https:\/\/cafesantahelena.com\/pt-pt\/\"},{\"@type\":\"ListItem\",\"position\":2,\"name\":\"Produtos\",\"item\":\"https:\/\/cafesantahelena.com\/loja\/\"},{\"@type\":\"ListItem\",\"position\":3,\"name\":\"C\u00e1psulas de Caf\u00e9 Feminino\"}]},{\"@type\":\"WebSite\",\"@id\":\"https:\/\/cafesantahelena.com\/#website\",\"url\":\"https:\/\/cafesantahelena.com\/\",\"name\":\"Caf\u00e9 Santa Helena\",\"description\":\"\",\"potentialAction\":[{\"@type\":\"SearchAction\",\"target\":{\"@type\":\"EntryPoint\",\"urlTemplate\":\"https:\/\/cafesantahelena.com\/?s={search_term_string}\"},\"query-input\":{\"@type\":\"PropertyValueSpecification\",\"valueRequired\":true,\"valueName\":\"search_term_string\"}}],\"inLanguage\":\"pt-PT\"}]}<\/script>\n<!-- \/ Yoast SEO plugin. -->","yoast_head_json":{"title":"C\u00e1psulas de Caf\u00e9 Feminino - Caf\u00e9 Santa Helena","description":"C\u00e1psulas de Caf\u00e9 Feminino. Cultivado apenas por mulheres no Sul de Minas Gerais. 100% Ar\u00e1bica Org\u00e2nico, Microlote de Caf\u00e9 Especial. Caixa com 10 c\u00e1psulas.","robots":{"index":"index","follow":"follow","max-snippet":"max-snippet:-1","max-image-preview":"max-image-preview:large","max-video-preview":"max-video-preview:-1"},"canonical":"https:\/\/cafesantahelena.com\/pt-pt\/products\/capsulas-de-cafe-feminino\/","og_locale":"pt_PT","og_type":"article","og_title":"C\u00e1psulas de Caf\u00e9 Feminino - Caf\u00e9 Santa Helena","og_description":"C\u00e1psulas de Caf\u00e9 Feminino. Cultivado apenas por mulheres no Sul de Minas Gerais. 100% Ar\u00e1bica Org\u00e2nico, Microlote de Caf\u00e9 Especial. Caixa com 10 c\u00e1psulas.","og_url":"https:\/\/cafesantahelena.com\/pt-pt\/products\/capsulas-de-cafe-feminino\/","og_site_name":"Caf\u00e9 Santa Helena","article_modified_time":"2025-05-08T19:53:40+00:00","og_image":[{"width":350,"height":450,"url":"https:\/\/cafesantahelena.com\/wp-content\/uploads\/2024\/12\/custom-3.png","type":"image\/png"}],"twitter_card":"summary_large_image","twitter_misc":{"Tempo estimado de leitura":"1 minuto"},"schema":{"@context":"https:\/\/schema.org","@graph":[{"@type":"WebPage","@id":"https:\/\/cafesantahelena.com\/pt-pt\/products\/capsulas-de-cafe-feminino\/","url":"https:\/\/cafesantahelena.com\/pt-pt\/products\/capsulas-de-cafe-feminino\/","name":"C\u00e1psulas de Caf\u00e9 Feminino - Caf\u00e9 Santa Helena","isPartOf":{"@id":"https:\/\/cafesantahelena.com\/#website"},"primaryImageOfPage":{"@id":"https:\/\/cafesantahelena.com\/pt-pt\/products\/capsulas-de-cafe-feminino\/#primaryimage"},"image":{"@id":"https:\/\/cafesantahelena.com\/pt-pt\/products\/capsulas-de-cafe-feminino\/#primaryimage"},"thumbnailUrl":"https:\/\/cafesantahelena.com\/wp-content\/uploads\/2024\/12\/custom-3.png","datePublished":"2024-12-31T20:35:22+00:00","dateModified":"2025-05-08T19:53:40+00:00","description":"C\u00e1psulas de Caf\u00e9 Feminino. Cultivado apenas por mulheres no Sul de Minas Gerais. 100% Ar\u00e1bica Org\u00e2nico, Microlote de Caf\u00e9 Especial. Caixa com 10 c\u00e1psulas.","breadcrumb":{"@id":"https:\/\/cafesantahelena.com\/pt-pt\/products\/capsulas-de-cafe-feminino\/#breadcrumb"},"inLanguage":"pt-PT","potentialAction":[{"@type":"ReadAction","target":["https:\/\/cafesantahelena.com\/pt-pt\/products\/capsulas-de-cafe-feminino\/"]}]},{"@type":"ImageObject","inLanguage":"pt-PT","@id":"https:\/\/cafesantahelena.com\/pt-pt\/products\/capsulas-de-cafe-feminino\/#primaryimage","url":"https:\/\/cafesantahelena.com\/wp-content\/uploads\/2024\/12\/custom-3.png","contentUrl":"https:\/\/cafesantahelena.com\/wp-content\/uploads\/2024\/12\/custom-3.png","width":350,"height":450},{"@type":"BreadcrumbList","@id":"https:\/\/cafesantahelena.com\/pt-pt\/products\/capsulas-de-cafe-feminino\/#breadcrumb","itemListElement":[{"@type":"ListItem","position":1,"name":"In\u00edcio","item":"https:\/\/cafesantahelena.com\/pt-pt\/"},{"@type":"ListItem","position":2,"name":"Produtos","item":"https:\/\/cafesantahelena.com\/loja\/"},{"@type":"ListItem","position":3,"name":"C\u00e1psulas de Caf\u00e9 Feminino"}]},{"@type":"WebSite","@id":"https:\/\/cafesantahelena.com\/#website","url":"https:\/\/cafesantahelena.com\/","name":"Caf\u00e9 Santa Helena","description":"","potentialAction":[{"@type":"SearchAction","target":{"@type":"EntryPoint","urlTemplate":"https:\/\/cafesantahelena.com\/?s={search_term_string}"},"query-input":{"@type":"PropertyValueSpecification","valueRequired":true,"valueName":"search_term_string"}}],"inLanguage":"pt-PT"}]}},"_links":{"self":[{"href":"https:\/\/cafesantahelena.com\/pt-pt\/wp-json\/wp\/v2\/product\/17338","targetHints":{"allow":["GET"]}}],"collection":[{"href":"https:\/\/cafesantahelena.com\/pt-pt\/wp-json\/wp\/v2\/product"}],"about":[{"href":"https:\/\/cafesantahelena.com\/pt-pt\/wp-json\/wp\/v2\/types\/product"}],"replies":[{"embeddable":true,"href":"https:\/\/cafesantahelena.com\/pt-pt\/wp-json\/wp\/v2\/comments?post=17338"}],"wp:featuredmedia":[{"embeddable":true,"href":"https:\/\/cafesantahelena.com\/pt-pt\/wp-json\/wp\/v2\/media\/19998"}],"wp:attachment":[{"href":"https:\/\/cafesantahelena.com\/pt-pt\/wp-json\/wp\/v2\/media?parent=17338"}],"wp:term":[{"taxonomy":"product_brand","embeddable":true,"href":"https:\/\/cafesantahelena.com\/pt-pt\/wp-json\/wp\/v2\/product_brand?post=17338"},{"taxonomy":"product_cat","embeddable":true,"href":"https:\/\/cafesantahelena.com\/pt-pt\/wp-json\/wp\/v2\/product_cat?post=17338"},{"taxonomy":"product_tag","embeddable":true,"href":"https:\/\/cafesantahelena.com\/pt-pt\/wp-json\/wp\/v2\/product_tag?post=17338"}],"curies":[{"name":"wp","href":"https:\/\/api.w.org\/{rel}","templated":true}]}}