{"id":17339,"date":"2024-10-29T14:32:50","date_gmt":"2024-10-29T14:32:50","guid":{"rendered":"https:\/\/cafesantahelena.com\/products\/kit-cafe-e-caneca\/"},"modified":"2025-01-24T21:07:45","modified_gmt":"2025-01-24T21:07:45","slug":"kit-cafe-e-caneca","status":"publish","type":"product","link":"https:\/\/cafesantahelena.com\/pt-pt\/products\/kit-cafe-e-caneca\/","title":{"rendered":"Kit Caf\u00e9 e Caneca"},"content":{"rendered":"<p>Este \u00e9 um belo presente para algu\u00e9m que adora caf\u00e9! Composto por: 1- Bandeja de madeira Caf\u00e9 Santa Helena. Fabricado na Su\u00ed\u00e7a 2- Toalha de l\u00e3 de ovelha fabricada artesanalmente. Fabricado na \u00c1ustria 3- 1x Caneca de barro. Fabricado em Portugal 4- 1 x pacote Caf\u00e9 Santa Helena gr\u00e3os inteiros 250g. Caf\u00e9 Especial, Org\u00e2nico 100% Ar\u00e1bica do Brasil.<\/p>\n<p style=\"text-align: center;\"><a href=\"?add-to-cart=14716\"><span style=\"font-size: 18pt; color: #800000;\"><em><strong>Adicionar ao Carrinho!<\/strong><\/em><\/span><\/a><\/p>\n<p style=\"text-align: center;\"><img decoding=\"async\" class=\"alignnone wp-image-15375\" src=\"https:\/\/cafesantahelena.com\/wp-content\/uploads\/2024\/11\/logo-1.png\" alt=\"Logo Caf\u00e9 Santa Helena\" width=\"169\" height=\"169\" srcset=\"https:\/\/cafesantahelena.com\/wp-content\/uploads\/2024\/11\/logo-1.png 300w, https:\/\/cafesantahelena.com\/wp-content\/uploads\/2024\/11\/logo-1-100x100.png 100w, https:\/\/cafesantahelena.com\/wp-content\/uploads\/2024\/11\/logo-1-64x64.png 64w, https:\/\/cafesantahelena.com\/wp-content\/uploads\/2024\/11\/logo-1-150x150.png 150w\" sizes=\"(max-width: 169px) 100vw, 169px\" \/><\/p>\n","protected":false},"excerpt":{"rendered":"<p>IVA incl.<\/p>\n<p>Custos de envio no checkout<\/p>\n<p>Oferece este lindo kit composto por:<\/p>\n<p>1- tabuleiro de madeira<\/p>\n<p>1-toalha de l\u00e3 de ovelha<\/p>\n<p>1- caneca de barro<\/p>\n<p>1 pacote de caf\u00e9 em gr\u00e3os inteiros 250g.<\/p>\n","protected":false},"featured_media":17115,"comment_status":"open","ping_status":"closed","template":"","meta":[],"product_brand":[],"product_cat":[197],"product_tag":[],"class_list":{"0":"post-17339","1":"product","2":"type-product","3":"status-publish","4":"has-post-thumbnail","6":"product_cat-kits","8":"first","9":"instock","10":"featured","11":"shipping-taxable","12":"purchasable","13":"product-type-simple"},"yoast_head":"<!-- This site is optimized with the Yoast SEO plugin v26.4 - https:\/\/yoast.com\/wordpress\/plugins\/seo\/ -->\n<title>Kit Caf\u00e9 e Caneca - Caf\u00e9 Santa Helena<\/title>\n<meta name=\"description\" content=\"O Kit Caf\u00e9 e Caneca \u00e9 um belo presente para os amantes do caf\u00e9. Bandeja de madeira, caneca de barro, um pacote de caf\u00e9 especial em gr\u00e3os inteiros e toalha de l\u00e3 de ovelha.\" \/>\n<meta name=\"robots\" content=\"index, follow, max-snippet:-1, max-image-preview:large, max-video-preview:-1\" \/>\n<link rel=\"canonical\" href=\"https:\/\/cafesantahelena.com\/pt-pt\/products\/kit-cafe-e-caneca\/\" \/>\n<meta property=\"og:locale\" content=\"pt_PT\" \/>\n<meta property=\"og:type\" content=\"article\" \/>\n<meta property=\"og:title\" content=\"Kit Caf\u00e9 e Caneca - Caf\u00e9 Santa Helena\" \/>\n<meta property=\"og:description\" content=\"O Kit Caf\u00e9 e Caneca \u00e9 um belo presente para os amantes do caf\u00e9. Bandeja de madeira, caneca de barro, um pacote de caf\u00e9 especial em gr\u00e3os inteiros e toalha de l\u00e3 de ovelha.\" \/>\n<meta property=\"og:url\" content=\"https:\/\/cafesantahelena.com\/pt-pt\/products\/kit-cafe-e-caneca\/\" \/>\n<meta property=\"og:site_name\" content=\"Caf\u00e9 Santa Helena\" \/>\n<meta property=\"article:modified_time\" content=\"2025-01-24T21:07:45+00:00\" \/>\n<meta property=\"og:image\" content=\"https:\/\/cafesantahelena.com\/wp-content\/uploads\/2024\/07\/Kit-coffee-and-mug.webp\" \/>\n\t<meta property=\"og:image:width\" content=\"350\" \/>\n\t<meta property=\"og:image:height\" content=\"450\" \/>\n\t<meta property=\"og:image:type\" content=\"image\/webp\" \/>\n<meta name=\"twitter:card\" content=\"summary_large_image\" \/>\n<script type=\"application\/ld+json\" class=\"yoast-schema-graph\">{\"@context\":\"https:\/\/schema.org\",\"@graph\":[{\"@type\":\"WebPage\",\"@id\":\"https:\/\/cafesantahelena.com\/pt-pt\/products\/kit-cafe-e-caneca\/\",\"url\":\"https:\/\/cafesantahelena.com\/pt-pt\/products\/kit-cafe-e-caneca\/\",\"name\":\"Kit Caf\u00e9 e Caneca - Caf\u00e9 Santa Helena\",\"isPartOf\":{\"@id\":\"https:\/\/cafesantahelena.com\/#website\"},\"primaryImageOfPage\":{\"@id\":\"https:\/\/cafesantahelena.com\/pt-pt\/products\/kit-cafe-e-caneca\/#primaryimage\"},\"image\":{\"@id\":\"https:\/\/cafesantahelena.com\/pt-pt\/products\/kit-cafe-e-caneca\/#primaryimage\"},\"thumbnailUrl\":\"https:\/\/cafesantahelena.com\/wp-content\/uploads\/2024\/07\/Kit-coffee-and-mug.webp\",\"datePublished\":\"2024-10-29T14:32:50+00:00\",\"dateModified\":\"2025-01-24T21:07:45+00:00\",\"description\":\"O Kit Caf\u00e9 e Caneca \u00e9 um belo presente para os amantes do caf\u00e9. Bandeja de madeira, caneca de barro, um pacote de caf\u00e9 especial em gr\u00e3os inteiros e toalha de l\u00e3 de ovelha.\",\"breadcrumb\":{\"@id\":\"https:\/\/cafesantahelena.com\/pt-pt\/products\/kit-cafe-e-caneca\/#breadcrumb\"},\"inLanguage\":\"pt-PT\",\"potentialAction\":[{\"@type\":\"ReadAction\",\"target\":[\"https:\/\/cafesantahelena.com\/pt-pt\/products\/kit-cafe-e-caneca\/\"]}]},{\"@type\":\"ImageObject\",\"inLanguage\":\"pt-PT\",\"@id\":\"https:\/\/cafesantahelena.com\/pt-pt\/products\/kit-cafe-e-caneca\/#primaryimage\",\"url\":\"https:\/\/cafesantahelena.com\/wp-content\/uploads\/2024\/07\/Kit-coffee-and-mug.webp\",\"contentUrl\":\"https:\/\/cafesantahelena.com\/wp-content\/uploads\/2024\/07\/Kit-coffee-and-mug.webp\",\"width\":350,\"height\":450,\"caption\":\"Kit Caf\u00e9 e caneca\"},{\"@type\":\"BreadcrumbList\",\"@id\":\"https:\/\/cafesantahelena.com\/pt-pt\/products\/kit-cafe-e-caneca\/#breadcrumb\",\"itemListElement\":[{\"@type\":\"ListItem\",\"position\":1,\"name\":\"In\u00edcio\",\"item\":\"https:\/\/cafesantahelena.com\/pt-pt\/\"},{\"@type\":\"ListItem\",\"position\":2,\"name\":\"Produtos\",\"item\":\"https:\/\/cafesantahelena.com\/loja\/\"},{\"@type\":\"ListItem\",\"position\":3,\"name\":\"Kit Caf\u00e9 e Caneca\"}]},{\"@type\":\"WebSite\",\"@id\":\"https:\/\/cafesantahelena.com\/#website\",\"url\":\"https:\/\/cafesantahelena.com\/\",\"name\":\"Caf\u00e9 Santa Helena\",\"description\":\"\",\"potentialAction\":[{\"@type\":\"SearchAction\",\"target\":{\"@type\":\"EntryPoint\",\"urlTemplate\":\"https:\/\/cafesantahelena.com\/?s={search_term_string}\"},\"query-input\":{\"@type\":\"PropertyValueSpecification\",\"valueRequired\":true,\"valueName\":\"search_term_string\"}}],\"inLanguage\":\"pt-PT\"}]}<\/script>\n<!-- \/ Yoast SEO plugin. -->","yoast_head_json":{"title":"Kit Caf\u00e9 e Caneca - Caf\u00e9 Santa Helena","description":"O Kit Caf\u00e9 e Caneca \u00e9 um belo presente para os amantes do caf\u00e9. Bandeja de madeira, caneca de barro, um pacote de caf\u00e9 especial em gr\u00e3os inteiros e toalha de l\u00e3 de ovelha.","robots":{"index":"index","follow":"follow","max-snippet":"max-snippet:-1","max-image-preview":"max-image-preview:large","max-video-preview":"max-video-preview:-1"},"canonical":"https:\/\/cafesantahelena.com\/pt-pt\/products\/kit-cafe-e-caneca\/","og_locale":"pt_PT","og_type":"article","og_title":"Kit Caf\u00e9 e Caneca - Caf\u00e9 Santa Helena","og_description":"O Kit Caf\u00e9 e Caneca \u00e9 um belo presente para os amantes do caf\u00e9. Bandeja de madeira, caneca de barro, um pacote de caf\u00e9 especial em gr\u00e3os inteiros e toalha de l\u00e3 de ovelha.","og_url":"https:\/\/cafesantahelena.com\/pt-pt\/products\/kit-cafe-e-caneca\/","og_site_name":"Caf\u00e9 Santa Helena","article_modified_time":"2025-01-24T21:07:45+00:00","og_image":[{"width":350,"height":450,"url":"https:\/\/cafesantahelena.com\/wp-content\/uploads\/2024\/07\/Kit-coffee-and-mug.webp","type":"image\/webp"}],"twitter_card":"summary_large_image","schema":{"@context":"https:\/\/schema.org","@graph":[{"@type":"WebPage","@id":"https:\/\/cafesantahelena.com\/pt-pt\/products\/kit-cafe-e-caneca\/","url":"https:\/\/cafesantahelena.com\/pt-pt\/products\/kit-cafe-e-caneca\/","name":"Kit Caf\u00e9 e Caneca - Caf\u00e9 Santa Helena","isPartOf":{"@id":"https:\/\/cafesantahelena.com\/#website"},"primaryImageOfPage":{"@id":"https:\/\/cafesantahelena.com\/pt-pt\/products\/kit-cafe-e-caneca\/#primaryimage"},"image":{"@id":"https:\/\/cafesantahelena.com\/pt-pt\/products\/kit-cafe-e-caneca\/#primaryimage"},"thumbnailUrl":"https:\/\/cafesantahelena.com\/wp-content\/uploads\/2024\/07\/Kit-coffee-and-mug.webp","datePublished":"2024-10-29T14:32:50+00:00","dateModified":"2025-01-24T21:07:45+00:00","description":"O Kit Caf\u00e9 e Caneca \u00e9 um belo presente para os amantes do caf\u00e9. Bandeja de madeira, caneca de barro, um pacote de caf\u00e9 especial em gr\u00e3os inteiros e toalha de l\u00e3 de ovelha.","breadcrumb":{"@id":"https:\/\/cafesantahelena.com\/pt-pt\/products\/kit-cafe-e-caneca\/#breadcrumb"},"inLanguage":"pt-PT","potentialAction":[{"@type":"ReadAction","target":["https:\/\/cafesantahelena.com\/pt-pt\/products\/kit-cafe-e-caneca\/"]}]},{"@type":"ImageObject","inLanguage":"pt-PT","@id":"https:\/\/cafesantahelena.com\/pt-pt\/products\/kit-cafe-e-caneca\/#primaryimage","url":"https:\/\/cafesantahelena.com\/wp-content\/uploads\/2024\/07\/Kit-coffee-and-mug.webp","contentUrl":"https:\/\/cafesantahelena.com\/wp-content\/uploads\/2024\/07\/Kit-coffee-and-mug.webp","width":350,"height":450,"caption":"Kit Caf\u00e9 e caneca"},{"@type":"BreadcrumbList","@id":"https:\/\/cafesantahelena.com\/pt-pt\/products\/kit-cafe-e-caneca\/#breadcrumb","itemListElement":[{"@type":"ListItem","position":1,"name":"In\u00edcio","item":"https:\/\/cafesantahelena.com\/pt-pt\/"},{"@type":"ListItem","position":2,"name":"Produtos","item":"https:\/\/cafesantahelena.com\/loja\/"},{"@type":"ListItem","position":3,"name":"Kit Caf\u00e9 e Caneca"}]},{"@type":"WebSite","@id":"https:\/\/cafesantahelena.com\/#website","url":"https:\/\/cafesantahelena.com\/","name":"Caf\u00e9 Santa Helena","description":"","potentialAction":[{"@type":"SearchAction","target":{"@type":"EntryPoint","urlTemplate":"https:\/\/cafesantahelena.com\/?s={search_term_string}"},"query-input":{"@type":"PropertyValueSpecification","valueRequired":true,"valueName":"search_term_string"}}],"inLanguage":"pt-PT"}]}},"_links":{"self":[{"href":"https:\/\/cafesantahelena.com\/pt-pt\/wp-json\/wp\/v2\/product\/17339","targetHints":{"allow":["GET"]}}],"collection":[{"href":"https:\/\/cafesantahelena.com\/pt-pt\/wp-json\/wp\/v2\/product"}],"about":[{"href":"https:\/\/cafesantahelena.com\/pt-pt\/wp-json\/wp\/v2\/types\/product"}],"replies":[{"embeddable":true,"href":"https:\/\/cafesantahelena.com\/pt-pt\/wp-json\/wp\/v2\/comments?post=17339"}],"wp:featuredmedia":[{"embeddable":true,"href":"https:\/\/cafesantahelena.com\/pt-pt\/wp-json\/wp\/v2\/media\/17115"}],"wp:attachment":[{"href":"https:\/\/cafesantahelena.com\/pt-pt\/wp-json\/wp\/v2\/media?parent=17339"}],"wp:term":[{"taxonomy":"product_brand","embeddable":true,"href":"https:\/\/cafesantahelena.com\/pt-pt\/wp-json\/wp\/v2\/product_brand?post=17339"},{"taxonomy":"product_cat","embeddable":true,"href":"https:\/\/cafesantahelena.com\/pt-pt\/wp-json\/wp\/v2\/product_cat?post=17339"},{"taxonomy":"product_tag","embeddable":true,"href":"https:\/\/cafesantahelena.com\/pt-pt\/wp-json\/wp\/v2\/product_tag?post=17339"}],"curies":[{"name":"wp","href":"https:\/\/api.w.org\/{rel}","templated":true}]}}