{"id":17340,"date":"2024-10-29T15:03:35","date_gmt":"2024-10-29T15:03:35","guid":{"rendered":"https:\/\/cafesantahelena.com\/products\/kit-presente-cafe-feminino\/"},"modified":"2025-01-24T20:52:07","modified_gmt":"2025-01-24T20:52:07","slug":"kit-presente-cafe-feminino","status":"publish","type":"product","link":"https:\/\/cafesantahelena.com\/pt-pt\/products\/kit-presente-cafe-feminino\/","title":{"rendered":"Kit Presente Caf\u00e9 Feminino"},"content":{"rendered":"<p>Este lindo Kit Presente \u00e9 um \u00f3timo presente para algu\u00e9m especial que adora caf\u00e9. \u00c9 composto por: 1- Bandeja de madeira Caf\u00e9 Santa Helena 2- Toalha de l\u00e3 de ovelha feita artesanalmente. Fabricada na \u00c1ustria. 3- Ornamento em l\u00e3 de ovelha. 4- 2 x Caneca de barro Caf\u00e9 Santa Helena. Fabricado em Portugal 5- 1 x Caf\u00e9 Feminino Santa Helena em gr\u00e3os inteiros 500g.<\/p>\n<p style=\"text-align: center;\"><a href=\"?add-to-cart=14727\"><span style=\"color: #800000; font-size: 18pt;\"><em><strong>Adicionar ao Carrinho!<\/strong><\/em><\/span><\/a><\/p>\n<p><img decoding=\"async\" class=\"alignnone wp-image-15375 aligncenter\" src=\"https:\/\/cafesantahelena.com\/wp-content\/uploads\/2024\/11\/logo-1.png\" alt=\"Logo Caf\u00e9 Santa Helena\" width=\"169\" height=\"169\" srcset=\"https:\/\/cafesantahelena.com\/wp-content\/uploads\/2024\/11\/logo-1.png 300w, https:\/\/cafesantahelena.com\/wp-content\/uploads\/2024\/11\/logo-1-100x100.png 100w, https:\/\/cafesantahelena.com\/wp-content\/uploads\/2024\/11\/logo-1-64x64.png 64w, https:\/\/cafesantahelena.com\/wp-content\/uploads\/2024\/11\/logo-1-150x150.png 150w\" sizes=\"(max-width: 169px) 100vw, 169px\" \/><\/p>\n<p>&nbsp;<\/p>\n<p>&nbsp;<\/p>\n","protected":false},"excerpt":{"rendered":"<p>IVA incl.<\/p>\n<p>Custos de envio no checkout<\/p>\n<p>Oferece este Kit original \ud83c\udf81<\/p>\n<p> Tabuleiro de madeira, toalha de l\u00e3 de ovelha, enfeite de l\u00e3 de ovelha, 2 canecas de barro e um pacote de Caf\u00e9 Feminino em gr\u00e3o 500g<\/p>\n","protected":false},"featured_media":17120,"comment_status":"open","ping_status":"closed","template":"","meta":[],"product_brand":[],"product_cat":[197],"product_tag":[],"class_list":{"0":"post-17340","1":"product","2":"type-product","3":"status-publish","4":"has-post-thumbnail","6":"product_cat-kits","8":"first","9":"outofstock","10":"featured","11":"shipping-taxable","12":"purchasable","13":"product-type-simple"},"yoast_head":"<!-- This site is optimized with the Yoast SEO plugin v26.4 - https:\/\/yoast.com\/wordpress\/plugins\/seo\/ -->\n<title>Kit Caf\u00e9 Feminino - Caf\u00e9 Santa Helena<\/title>\n<meta name=\"description\" content=\"O kit caf\u00e9 \u00e9 um conjunto de Caf\u00e9 Feminino pack 500g, 2 canecas de barro, tabuleiro de madeira, toalha de l\u00e3 de ovelha, ornamento em l\u00e3 de ovelha. Para algu\u00e9m especial que adora caf\u00e9\" \/>\n<meta name=\"robots\" content=\"index, follow, max-snippet:-1, max-image-preview:large, max-video-preview:-1\" \/>\n<link rel=\"canonical\" href=\"https:\/\/cafesantahelena.com\/pt-pt\/products\/kit-presente-cafe-feminino\/\" \/>\n<meta property=\"og:locale\" content=\"pt_PT\" \/>\n<meta property=\"og:type\" content=\"article\" \/>\n<meta property=\"og:title\" content=\"Kit Caf\u00e9 Feminino - Caf\u00e9 Santa Helena\" \/>\n<meta property=\"og:description\" content=\"O kit caf\u00e9 \u00e9 um conjunto de Caf\u00e9 Feminino pack 500g, 2 canecas de barro, tabuleiro de madeira, toalha de l\u00e3 de ovelha, ornamento em l\u00e3 de ovelha. Para algu\u00e9m especial que adora caf\u00e9\" \/>\n<meta property=\"og:url\" content=\"https:\/\/cafesantahelena.com\/pt-pt\/products\/kit-presente-cafe-feminino\/\" \/>\n<meta property=\"og:site_name\" content=\"Caf\u00e9 Santa Helena\" \/>\n<meta property=\"article:modified_time\" content=\"2025-01-24T20:52:07+00:00\" \/>\n<meta property=\"og:image\" content=\"https:\/\/cafesantahelena.com\/wp-content\/uploads\/2024\/07\/Kit-cafe-feminino.webp\" \/>\n\t<meta property=\"og:image:width\" content=\"350\" \/>\n\t<meta property=\"og:image:height\" content=\"450\" \/>\n\t<meta property=\"og:image:type\" content=\"image\/webp\" \/>\n<meta name=\"twitter:card\" content=\"summary_large_image\" \/>\n<script type=\"application\/ld+json\" class=\"yoast-schema-graph\">{\"@context\":\"https:\/\/schema.org\",\"@graph\":[{\"@type\":\"WebPage\",\"@id\":\"https:\/\/cafesantahelena.com\/pt-pt\/products\/kit-presente-cafe-feminino\/\",\"url\":\"https:\/\/cafesantahelena.com\/pt-pt\/products\/kit-presente-cafe-feminino\/\",\"name\":\"Kit Caf\u00e9 Feminino - Caf\u00e9 Santa Helena\",\"isPartOf\":{\"@id\":\"https:\/\/cafesantahelena.com\/#website\"},\"primaryImageOfPage\":{\"@id\":\"https:\/\/cafesantahelena.com\/pt-pt\/products\/kit-presente-cafe-feminino\/#primaryimage\"},\"image\":{\"@id\":\"https:\/\/cafesantahelena.com\/pt-pt\/products\/kit-presente-cafe-feminino\/#primaryimage\"},\"thumbnailUrl\":\"https:\/\/cafesantahelena.com\/wp-content\/uploads\/2024\/07\/Kit-cafe-feminino.webp\",\"datePublished\":\"2024-10-29T15:03:35+00:00\",\"dateModified\":\"2025-01-24T20:52:07+00:00\",\"description\":\"O kit caf\u00e9 \u00e9 um conjunto de Caf\u00e9 Feminino pack 500g, 2 canecas de barro, tabuleiro de madeira, toalha de l\u00e3 de ovelha, ornamento em l\u00e3 de ovelha. Para algu\u00e9m especial que adora caf\u00e9\",\"breadcrumb\":{\"@id\":\"https:\/\/cafesantahelena.com\/pt-pt\/products\/kit-presente-cafe-feminino\/#breadcrumb\"},\"inLanguage\":\"pt-PT\",\"potentialAction\":[{\"@type\":\"ReadAction\",\"target\":[\"https:\/\/cafesantahelena.com\/pt-pt\/products\/kit-presente-cafe-feminino\/\"]}]},{\"@type\":\"ImageObject\",\"inLanguage\":\"pt-PT\",\"@id\":\"https:\/\/cafesantahelena.com\/pt-pt\/products\/kit-presente-cafe-feminino\/#primaryimage\",\"url\":\"https:\/\/cafesantahelena.com\/wp-content\/uploads\/2024\/07\/Kit-cafe-feminino.webp\",\"contentUrl\":\"https:\/\/cafesantahelena.com\/wp-content\/uploads\/2024\/07\/Kit-cafe-feminino.webp\",\"width\":350,\"height\":450,\"caption\":\"kit de caf\u00e9\"},{\"@type\":\"BreadcrumbList\",\"@id\":\"https:\/\/cafesantahelena.com\/pt-pt\/products\/kit-presente-cafe-feminino\/#breadcrumb\",\"itemListElement\":[{\"@type\":\"ListItem\",\"position\":1,\"name\":\"In\u00edcio\",\"item\":\"https:\/\/cafesantahelena.com\/pt-pt\/\"},{\"@type\":\"ListItem\",\"position\":2,\"name\":\"Produtos\",\"item\":\"https:\/\/cafesantahelena.com\/loja\/\"},{\"@type\":\"ListItem\",\"position\":3,\"name\":\"Kit Presente Caf\u00e9 Feminino\"}]},{\"@type\":\"WebSite\",\"@id\":\"https:\/\/cafesantahelena.com\/#website\",\"url\":\"https:\/\/cafesantahelena.com\/\",\"name\":\"Caf\u00e9 Santa Helena\",\"description\":\"\",\"potentialAction\":[{\"@type\":\"SearchAction\",\"target\":{\"@type\":\"EntryPoint\",\"urlTemplate\":\"https:\/\/cafesantahelena.com\/?s={search_term_string}\"},\"query-input\":{\"@type\":\"PropertyValueSpecification\",\"valueRequired\":true,\"valueName\":\"search_term_string\"}}],\"inLanguage\":\"pt-PT\"}]}<\/script>\n<!-- \/ Yoast SEO plugin. -->","yoast_head_json":{"title":"Kit Caf\u00e9 Feminino - Caf\u00e9 Santa Helena","description":"O kit caf\u00e9 \u00e9 um conjunto de Caf\u00e9 Feminino pack 500g, 2 canecas de barro, tabuleiro de madeira, toalha de l\u00e3 de ovelha, ornamento em l\u00e3 de ovelha. Para algu\u00e9m especial que adora caf\u00e9","robots":{"index":"index","follow":"follow","max-snippet":"max-snippet:-1","max-image-preview":"max-image-preview:large","max-video-preview":"max-video-preview:-1"},"canonical":"https:\/\/cafesantahelena.com\/pt-pt\/products\/kit-presente-cafe-feminino\/","og_locale":"pt_PT","og_type":"article","og_title":"Kit Caf\u00e9 Feminino - Caf\u00e9 Santa Helena","og_description":"O kit caf\u00e9 \u00e9 um conjunto de Caf\u00e9 Feminino pack 500g, 2 canecas de barro, tabuleiro de madeira, toalha de l\u00e3 de ovelha, ornamento em l\u00e3 de ovelha. Para algu\u00e9m especial que adora caf\u00e9","og_url":"https:\/\/cafesantahelena.com\/pt-pt\/products\/kit-presente-cafe-feminino\/","og_site_name":"Caf\u00e9 Santa Helena","article_modified_time":"2025-01-24T20:52:07+00:00","og_image":[{"width":350,"height":450,"url":"https:\/\/cafesantahelena.com\/wp-content\/uploads\/2024\/07\/Kit-cafe-feminino.webp","type":"image\/webp"}],"twitter_card":"summary_large_image","schema":{"@context":"https:\/\/schema.org","@graph":[{"@type":"WebPage","@id":"https:\/\/cafesantahelena.com\/pt-pt\/products\/kit-presente-cafe-feminino\/","url":"https:\/\/cafesantahelena.com\/pt-pt\/products\/kit-presente-cafe-feminino\/","name":"Kit Caf\u00e9 Feminino - Caf\u00e9 Santa Helena","isPartOf":{"@id":"https:\/\/cafesantahelena.com\/#website"},"primaryImageOfPage":{"@id":"https:\/\/cafesantahelena.com\/pt-pt\/products\/kit-presente-cafe-feminino\/#primaryimage"},"image":{"@id":"https:\/\/cafesantahelena.com\/pt-pt\/products\/kit-presente-cafe-feminino\/#primaryimage"},"thumbnailUrl":"https:\/\/cafesantahelena.com\/wp-content\/uploads\/2024\/07\/Kit-cafe-feminino.webp","datePublished":"2024-10-29T15:03:35+00:00","dateModified":"2025-01-24T20:52:07+00:00","description":"O kit caf\u00e9 \u00e9 um conjunto de Caf\u00e9 Feminino pack 500g, 2 canecas de barro, tabuleiro de madeira, toalha de l\u00e3 de ovelha, ornamento em l\u00e3 de ovelha. Para algu\u00e9m especial que adora caf\u00e9","breadcrumb":{"@id":"https:\/\/cafesantahelena.com\/pt-pt\/products\/kit-presente-cafe-feminino\/#breadcrumb"},"inLanguage":"pt-PT","potentialAction":[{"@type":"ReadAction","target":["https:\/\/cafesantahelena.com\/pt-pt\/products\/kit-presente-cafe-feminino\/"]}]},{"@type":"ImageObject","inLanguage":"pt-PT","@id":"https:\/\/cafesantahelena.com\/pt-pt\/products\/kit-presente-cafe-feminino\/#primaryimage","url":"https:\/\/cafesantahelena.com\/wp-content\/uploads\/2024\/07\/Kit-cafe-feminino.webp","contentUrl":"https:\/\/cafesantahelena.com\/wp-content\/uploads\/2024\/07\/Kit-cafe-feminino.webp","width":350,"height":450,"caption":"kit de caf\u00e9"},{"@type":"BreadcrumbList","@id":"https:\/\/cafesantahelena.com\/pt-pt\/products\/kit-presente-cafe-feminino\/#breadcrumb","itemListElement":[{"@type":"ListItem","position":1,"name":"In\u00edcio","item":"https:\/\/cafesantahelena.com\/pt-pt\/"},{"@type":"ListItem","position":2,"name":"Produtos","item":"https:\/\/cafesantahelena.com\/loja\/"},{"@type":"ListItem","position":3,"name":"Kit Presente Caf\u00e9 Feminino"}]},{"@type":"WebSite","@id":"https:\/\/cafesantahelena.com\/#website","url":"https:\/\/cafesantahelena.com\/","name":"Caf\u00e9 Santa Helena","description":"","potentialAction":[{"@type":"SearchAction","target":{"@type":"EntryPoint","urlTemplate":"https:\/\/cafesantahelena.com\/?s={search_term_string}"},"query-input":{"@type":"PropertyValueSpecification","valueRequired":true,"valueName":"search_term_string"}}],"inLanguage":"pt-PT"}]}},"_links":{"self":[{"href":"https:\/\/cafesantahelena.com\/pt-pt\/wp-json\/wp\/v2\/product\/17340","targetHints":{"allow":["GET"]}}],"collection":[{"href":"https:\/\/cafesantahelena.com\/pt-pt\/wp-json\/wp\/v2\/product"}],"about":[{"href":"https:\/\/cafesantahelena.com\/pt-pt\/wp-json\/wp\/v2\/types\/product"}],"replies":[{"embeddable":true,"href":"https:\/\/cafesantahelena.com\/pt-pt\/wp-json\/wp\/v2\/comments?post=17340"}],"wp:featuredmedia":[{"embeddable":true,"href":"https:\/\/cafesantahelena.com\/pt-pt\/wp-json\/wp\/v2\/media\/17120"}],"wp:attachment":[{"href":"https:\/\/cafesantahelena.com\/pt-pt\/wp-json\/wp\/v2\/media?parent=17340"}],"wp:term":[{"taxonomy":"product_brand","embeddable":true,"href":"https:\/\/cafesantahelena.com\/pt-pt\/wp-json\/wp\/v2\/product_brand?post=17340"},{"taxonomy":"product_cat","embeddable":true,"href":"https:\/\/cafesantahelena.com\/pt-pt\/wp-json\/wp\/v2\/product_cat?post=17340"},{"taxonomy":"product_tag","embeddable":true,"href":"https:\/\/cafesantahelena.com\/pt-pt\/wp-json\/wp\/v2\/product_tag?post=17340"}],"curies":[{"name":"wp","href":"https:\/\/api.w.org\/{rel}","templated":true}]}}