{"id":17342,"date":"2024-10-01T16:47:38","date_gmt":"2024-10-01T16:47:38","guid":{"rendered":"https:\/\/cafesantahelena.com\/products\/kit-capsulas-de-cafe\/"},"modified":"2025-06-07T17:08:42","modified_gmt":"2025-06-07T17:08:42","slug":"kit-capsulas-de-cafe","status":"publish","type":"product","link":"https:\/\/cafesantahelena.com\/pt-pt\/products\/kit-capsulas-de-cafe\/","title":{"rendered":"Kit C\u00e1psulas de caf\u00e9"},"content":{"rendered":"<p><span style=\"font-weight: 400;\">Kit C\u00e1psulas de caf\u00e9<\/span><\/p>\n<p>Um belo kit para quem adora c\u00e1psulas de caf\u00e9!<\/p>\n<p><span style=\"font-weight: 400;\">1 caixa de caf\u00e9 expresso<\/span><\/p>\n<p><span style=\"font-weight: 400;\">1 caixa de caf\u00e9 Lungo<\/span><\/p>\n<p><span style=\"font-weight: 400;\">1 saco de juta Caf\u00e9 Santa Helena<\/span><\/p>\n<p><span style=\"font-weight: 400;\">Composi\u00e7\u00e3o:<\/span><\/p>\n<p><span style=\"font-weight: 400;\">Caf\u00e9 Especial 100% Bio Ar\u00e1bica<\/span><span style=\"font-weight: 400;\"> <\/span><\/p>\n<p><span style=\"font-weight: 400;\">Intensidade: Torrado escuro para o expresso e torrado m\u00e9dio para o lungo<\/span><\/p>\n<p><span style=\"font-weight: 400;\">C\u00e1psulas dom\u00e9sticas compost\u00e1veis e biodegrad\u00e1veis  <\/span><\/p>\n<p><span style=\"font-weight: 400;\">Compat\u00edvel com as m\u00e1quinas Nespresso System<\/span><\/p>\n<h2 style=\"text-align: center;\"><a href=\"?add-to-cart=14396\"><span style=\"color: #800000;\"><strong>Adiciona ao carrinho<\/strong><\/span><\/a><\/h2>\n<p>&nbsp;<\/p>\n<p><img decoding=\"async\" class=\" wp-image-14056 aligncenter\" src=\"https:\/\/cafesantahelena.com\/wp-content\/uploads\/2024\/07\/F16BA1DC-4552-44E6-9CAF-7827F4298B30-300x300-1.png\" alt=\"\" width=\"170\" height=\"170\" srcset=\"https:\/\/cafesantahelena.com\/wp-content\/uploads\/2024\/07\/F16BA1DC-4552-44E6-9CAF-7827F4298B30-300x300-1.png 300w, https:\/\/cafesantahelena.com\/wp-content\/uploads\/2024\/07\/F16BA1DC-4552-44E6-9CAF-7827F4298B30-300x300-1-100x100.png 100w, https:\/\/cafesantahelena.com\/wp-content\/uploads\/2024\/07\/F16BA1DC-4552-44E6-9CAF-7827F4298B30-300x300-1-64x64.png 64w, https:\/\/cafesantahelena.com\/wp-content\/uploads\/2024\/07\/F16BA1DC-4552-44E6-9CAF-7827F4298B30-300x300-1-150x150.png 150w\" sizes=\"(max-width: 170px) 100vw, 170px\" \/><\/p>\n<p>&nbsp;<\/p>\n","protected":false},"excerpt":{"rendered":"<p><span style=\"font-weight: 400;\">IVA incl.<\/span><\/p>\n<p>Custos de envio no checkout<\/p>\n<p>Kit C\u00e1psulas<\/p>\n<p> 1<span style=\"font-weight: 400;\">caixa c\u00e1psulas expresso <\/span><\/p>\n<p>1 caixa c\u00e1psulas lungo<\/p>\n<p> 1<span style=\"font-weight: 400;\">saco de juta Caf\u00e9 Santa Helena <\/span> <\/p>\n","protected":false},"featured_media":14426,"comment_status":"open","ping_status":"closed","template":"","meta":[],"product_brand":[],"product_cat":[197],"product_tag":[211,339],"class_list":{"0":"post-17342","1":"product","2":"type-product","3":"status-publish","4":"has-post-thumbnail","6":"product_cat-kits","7":"product_tag-capsulas-pt","8":"product_tag-kits-pt-pt","10":"first","11":"instock","12":"featured","13":"shipping-taxable","14":"purchasable","15":"product-type-simple"},"yoast_head":"<!-- This site is optimized with the Yoast SEO plugin v26.4 - https:\/\/yoast.com\/wordpress\/plugins\/seo\/ -->\n<title>Kit C\u00e1psulas de Caf\u00e9 - Caf\u00e9 Santa Helena<\/title>\n<meta name=\"description\" content=\"Kit Coffee Capsules \u00e9 um belo presente para os amantes do caf\u00e9. As c\u00e1psulas s\u00e3o feitas de aparas de madeira, compost\u00e1veis em casa e biodegrad\u00e1veis. O caf\u00e9 \u00e9 ...\" \/>\n<meta name=\"robots\" content=\"index, follow, max-snippet:-1, max-image-preview:large, max-video-preview:-1\" \/>\n<link rel=\"canonical\" href=\"https:\/\/cafesantahelena.com\/pt-pt\/products\/kit-capsulas-de-cafe\/\" \/>\n<meta property=\"og:locale\" content=\"pt_PT\" \/>\n<meta property=\"og:type\" content=\"article\" \/>\n<meta property=\"og:title\" content=\"Kit C\u00e1psulas de Caf\u00e9 - Caf\u00e9 Santa Helena\" \/>\n<meta property=\"og:description\" content=\"Kit Coffee Capsules \u00e9 um belo presente para os amantes do caf\u00e9. As c\u00e1psulas s\u00e3o feitas de aparas de madeira, compost\u00e1veis em casa e biodegrad\u00e1veis. O caf\u00e9 \u00e9 ...\" \/>\n<meta property=\"og:url\" content=\"https:\/\/cafesantahelena.com\/pt-pt\/products\/kit-capsulas-de-cafe\/\" \/>\n<meta property=\"og:site_name\" content=\"Caf\u00e9 Santa Helena\" \/>\n<meta property=\"article:modified_time\" content=\"2025-06-07T17:08:42+00:00\" \/>\n<meta property=\"og:image\" content=\"https:\/\/cafesantahelena.com\/wp-content\/uploads\/2024\/10\/Kit-Capsules-and-Bagjpg-e1727812994952.jpg\" \/>\n\t<meta property=\"og:image:width\" content=\"300\" \/>\n\t<meta property=\"og:image:height\" content=\"225\" \/>\n\t<meta property=\"og:image:type\" content=\"image\/jpeg\" \/>\n<meta name=\"twitter:card\" content=\"summary_large_image\" \/>\n<script type=\"application\/ld+json\" class=\"yoast-schema-graph\">{\"@context\":\"https:\/\/schema.org\",\"@graph\":[{\"@type\":\"WebPage\",\"@id\":\"https:\/\/cafesantahelena.com\/pt-pt\/products\/kit-capsulas-de-cafe\/\",\"url\":\"https:\/\/cafesantahelena.com\/pt-pt\/products\/kit-capsulas-de-cafe\/\",\"name\":\"Kit C\u00e1psulas de Caf\u00e9 - Caf\u00e9 Santa Helena\",\"isPartOf\":{\"@id\":\"https:\/\/cafesantahelena.com\/#website\"},\"primaryImageOfPage\":{\"@id\":\"https:\/\/cafesantahelena.com\/pt-pt\/products\/kit-capsulas-de-cafe\/#primaryimage\"},\"image\":{\"@id\":\"https:\/\/cafesantahelena.com\/pt-pt\/products\/kit-capsulas-de-cafe\/#primaryimage\"},\"thumbnailUrl\":\"https:\/\/cafesantahelena.com\/wp-content\/uploads\/2024\/10\/Kit-Capsules-and-Bagjpg-e1727812994952.jpg\",\"datePublished\":\"2024-10-01T16:47:38+00:00\",\"dateModified\":\"2025-06-07T17:08:42+00:00\",\"description\":\"Kit Coffee Capsules \u00e9 um belo presente para os amantes do caf\u00e9. As c\u00e1psulas s\u00e3o feitas de aparas de madeira, compost\u00e1veis em casa e biodegrad\u00e1veis. O caf\u00e9 \u00e9 ...\",\"breadcrumb\":{\"@id\":\"https:\/\/cafesantahelena.com\/pt-pt\/products\/kit-capsulas-de-cafe\/#breadcrumb\"},\"inLanguage\":\"pt-PT\",\"potentialAction\":[{\"@type\":\"ReadAction\",\"target\":[\"https:\/\/cafesantahelena.com\/pt-pt\/products\/kit-capsulas-de-cafe\/\"]}]},{\"@type\":\"ImageObject\",\"inLanguage\":\"pt-PT\",\"@id\":\"https:\/\/cafesantahelena.com\/pt-pt\/products\/kit-capsulas-de-cafe\/#primaryimage\",\"url\":\"https:\/\/cafesantahelena.com\/wp-content\/uploads\/2024\/10\/Kit-Capsules-and-Bagjpg-e1727812994952.jpg\",\"contentUrl\":\"https:\/\/cafesantahelena.com\/wp-content\/uploads\/2024\/10\/Kit-Capsules-and-Bagjpg-e1727812994952.jpg\",\"width\":300,\"height\":225,\"caption\":\"kit caff\u00e8 in capsule\"},{\"@type\":\"BreadcrumbList\",\"@id\":\"https:\/\/cafesantahelena.com\/pt-pt\/products\/kit-capsulas-de-cafe\/#breadcrumb\",\"itemListElement\":[{\"@type\":\"ListItem\",\"position\":1,\"name\":\"In\u00edcio\",\"item\":\"https:\/\/cafesantahelena.com\/pt-pt\/\"},{\"@type\":\"ListItem\",\"position\":2,\"name\":\"Produtos\",\"item\":\"https:\/\/cafesantahelena.com\/loja\/\"},{\"@type\":\"ListItem\",\"position\":3,\"name\":\"Kit C\u00e1psulas de caf\u00e9\"}]},{\"@type\":\"WebSite\",\"@id\":\"https:\/\/cafesantahelena.com\/#website\",\"url\":\"https:\/\/cafesantahelena.com\/\",\"name\":\"Caf\u00e9 Santa Helena\",\"description\":\"\",\"potentialAction\":[{\"@type\":\"SearchAction\",\"target\":{\"@type\":\"EntryPoint\",\"urlTemplate\":\"https:\/\/cafesantahelena.com\/?s={search_term_string}\"},\"query-input\":{\"@type\":\"PropertyValueSpecification\",\"valueRequired\":true,\"valueName\":\"search_term_string\"}}],\"inLanguage\":\"pt-PT\"}]}<\/script>\n<!-- \/ Yoast SEO plugin. -->","yoast_head_json":{"title":"Kit C\u00e1psulas de Caf\u00e9 - Caf\u00e9 Santa Helena","description":"Kit Coffee Capsules \u00e9 um belo presente para os amantes do caf\u00e9. As c\u00e1psulas s\u00e3o feitas de aparas de madeira, compost\u00e1veis em casa e biodegrad\u00e1veis. O caf\u00e9 \u00e9 ...","robots":{"index":"index","follow":"follow","max-snippet":"max-snippet:-1","max-image-preview":"max-image-preview:large","max-video-preview":"max-video-preview:-1"},"canonical":"https:\/\/cafesantahelena.com\/pt-pt\/products\/kit-capsulas-de-cafe\/","og_locale":"pt_PT","og_type":"article","og_title":"Kit C\u00e1psulas de Caf\u00e9 - Caf\u00e9 Santa Helena","og_description":"Kit Coffee Capsules \u00e9 um belo presente para os amantes do caf\u00e9. As c\u00e1psulas s\u00e3o feitas de aparas de madeira, compost\u00e1veis em casa e biodegrad\u00e1veis. O caf\u00e9 \u00e9 ...","og_url":"https:\/\/cafesantahelena.com\/pt-pt\/products\/kit-capsulas-de-cafe\/","og_site_name":"Caf\u00e9 Santa Helena","article_modified_time":"2025-06-07T17:08:42+00:00","og_image":[{"width":300,"height":225,"url":"https:\/\/cafesantahelena.com\/wp-content\/uploads\/2024\/10\/Kit-Capsules-and-Bagjpg-e1727812994952.jpg","type":"image\/jpeg"}],"twitter_card":"summary_large_image","schema":{"@context":"https:\/\/schema.org","@graph":[{"@type":"WebPage","@id":"https:\/\/cafesantahelena.com\/pt-pt\/products\/kit-capsulas-de-cafe\/","url":"https:\/\/cafesantahelena.com\/pt-pt\/products\/kit-capsulas-de-cafe\/","name":"Kit C\u00e1psulas de Caf\u00e9 - Caf\u00e9 Santa Helena","isPartOf":{"@id":"https:\/\/cafesantahelena.com\/#website"},"primaryImageOfPage":{"@id":"https:\/\/cafesantahelena.com\/pt-pt\/products\/kit-capsulas-de-cafe\/#primaryimage"},"image":{"@id":"https:\/\/cafesantahelena.com\/pt-pt\/products\/kit-capsulas-de-cafe\/#primaryimage"},"thumbnailUrl":"https:\/\/cafesantahelena.com\/wp-content\/uploads\/2024\/10\/Kit-Capsules-and-Bagjpg-e1727812994952.jpg","datePublished":"2024-10-01T16:47:38+00:00","dateModified":"2025-06-07T17:08:42+00:00","description":"Kit Coffee Capsules \u00e9 um belo presente para os amantes do caf\u00e9. As c\u00e1psulas s\u00e3o feitas de aparas de madeira, compost\u00e1veis em casa e biodegrad\u00e1veis. O caf\u00e9 \u00e9 ...","breadcrumb":{"@id":"https:\/\/cafesantahelena.com\/pt-pt\/products\/kit-capsulas-de-cafe\/#breadcrumb"},"inLanguage":"pt-PT","potentialAction":[{"@type":"ReadAction","target":["https:\/\/cafesantahelena.com\/pt-pt\/products\/kit-capsulas-de-cafe\/"]}]},{"@type":"ImageObject","inLanguage":"pt-PT","@id":"https:\/\/cafesantahelena.com\/pt-pt\/products\/kit-capsulas-de-cafe\/#primaryimage","url":"https:\/\/cafesantahelena.com\/wp-content\/uploads\/2024\/10\/Kit-Capsules-and-Bagjpg-e1727812994952.jpg","contentUrl":"https:\/\/cafesantahelena.com\/wp-content\/uploads\/2024\/10\/Kit-Capsules-and-Bagjpg-e1727812994952.jpg","width":300,"height":225,"caption":"kit caff\u00e8 in capsule"},{"@type":"BreadcrumbList","@id":"https:\/\/cafesantahelena.com\/pt-pt\/products\/kit-capsulas-de-cafe\/#breadcrumb","itemListElement":[{"@type":"ListItem","position":1,"name":"In\u00edcio","item":"https:\/\/cafesantahelena.com\/pt-pt\/"},{"@type":"ListItem","position":2,"name":"Produtos","item":"https:\/\/cafesantahelena.com\/loja\/"},{"@type":"ListItem","position":3,"name":"Kit C\u00e1psulas de caf\u00e9"}]},{"@type":"WebSite","@id":"https:\/\/cafesantahelena.com\/#website","url":"https:\/\/cafesantahelena.com\/","name":"Caf\u00e9 Santa Helena","description":"","potentialAction":[{"@type":"SearchAction","target":{"@type":"EntryPoint","urlTemplate":"https:\/\/cafesantahelena.com\/?s={search_term_string}"},"query-input":{"@type":"PropertyValueSpecification","valueRequired":true,"valueName":"search_term_string"}}],"inLanguage":"pt-PT"}]}},"_links":{"self":[{"href":"https:\/\/cafesantahelena.com\/pt-pt\/wp-json\/wp\/v2\/product\/17342","targetHints":{"allow":["GET"]}}],"collection":[{"href":"https:\/\/cafesantahelena.com\/pt-pt\/wp-json\/wp\/v2\/product"}],"about":[{"href":"https:\/\/cafesantahelena.com\/pt-pt\/wp-json\/wp\/v2\/types\/product"}],"replies":[{"embeddable":true,"href":"https:\/\/cafesantahelena.com\/pt-pt\/wp-json\/wp\/v2\/comments?post=17342"}],"wp:featuredmedia":[{"embeddable":true,"href":"https:\/\/cafesantahelena.com\/pt-pt\/wp-json\/wp\/v2\/media\/14426"}],"wp:attachment":[{"href":"https:\/\/cafesantahelena.com\/pt-pt\/wp-json\/wp\/v2\/media?parent=17342"}],"wp:term":[{"taxonomy":"product_brand","embeddable":true,"href":"https:\/\/cafesantahelena.com\/pt-pt\/wp-json\/wp\/v2\/product_brand?post=17342"},{"taxonomy":"product_cat","embeddable":true,"href":"https:\/\/cafesantahelena.com\/pt-pt\/wp-json\/wp\/v2\/product_cat?post=17342"},{"taxonomy":"product_tag","embeddable":true,"href":"https:\/\/cafesantahelena.com\/pt-pt\/wp-json\/wp\/v2\/product_tag?post=17342"}],"curies":[{"name":"wp","href":"https:\/\/api.w.org\/{rel}","templated":true}]}}