{"id":17343,"date":"2024-07-22T15:08:57","date_gmt":"2024-07-22T15:08:57","guid":{"rendered":"https:\/\/cafesantahelena.com\/products\/kit-bulletproof\/"},"modified":"2024-07-22T15:08:57","modified_gmt":"2024-07-22T15:08:57","slug":"kit-bulletproof","status":"publish","type":"product","link":"https:\/\/cafesantahelena.com\/pt-pt\/products\/kit-bulletproof\/","title":{"rendered":"Kit Bulletproof"},"content":{"rendered":"<p style=\"text-align: left;\"><span style=\"color: #000000;\"><strong><span style=\"font-size: 14pt;\"><span style=\"font-size: 12pt;\">Caf\u00e9 Bulletproof<\/span><\/span><\/strong><\/span><\/p>\n<p style=\"text-align: left;\"><span style=\"color: #000000;\"><strong><span style=\"font-size: 14pt;\"><span style=\"font-size: 12pt;\">Caf\u00e9 Santa Helena &#8211; Gr\u00e3os inteiros para espresso<\/span><\/span><\/strong><\/span><\/p>\n<p style=\"text-align: left;\"><span style=\"font-size: 12pt; color: #000000;\">Caf\u00e9 especial &#8211; 100% Arabica Org\u00e2nico. Origem \u00danica<\/span><\/p>\n<p style=\"text-align: left;\"><span style=\"font-size: 12pt; color: #000000;\">Torrefa\u00e7\u00e3oo Lenta Artesanal<\/span><\/p>\n<p style=\"text-align: left;\"><span style=\"font-size: 12pt; color: #000000;\">Intensidade Torrado Escuro<\/span><\/p>\n<p><span style=\"color: #000000;\"><strong><span style=\"font-size: 12pt;\">Manteiga Ghee Chr\u00fcterh\u00e4x 180g Bio Swiss<\/span><\/strong><\/span><\/p>\n<p><span style=\"color: #000000;\"><span style=\"font-size: 12pt;\">Manteiga Clariificada de ac\u00f4rdo com a tradii\u00e7\u00e3o Ayurveda!<\/span><\/span><\/p>\n<h2 style=\"text-align: left;\"><span style=\"color: #000000;\"><strong><span style=\"font-size: 14pt;\"><br \/>\nO que \u00e9 o Caf\u00e9 Bulletproof?<\/span><\/strong><\/span><\/h2>\n<p><span style=\"font-size: 12pt; color: #000000;\"><b>Caf\u00e9 e ghee \u00e9 tamb\u00e9m chamado Bulletproof Caf\u00e9 e Caf\u00e9 Keto<\/b>. \u00c9 uma bebida energ\u00e9tica feita com gorduras de qualidade. Para a preparar, misture <b>caf\u00e9 <\/b>cabado de fazer, \u00f3leo MCT ou<b> Manteiga Ghee .<\/b>   <\/span><\/p>\n<p><span style=\"font-size: 14pt; color: #000000;\">A receita do Caf\u00e9 Bulletproof foi criada por Dave Asprey, um empreendedor tecnol\u00f3gico, depois de uma viagem que fez ao Tibete e onde provou um ch\u00e1 com manteiga feita a partir do leite de iaque, um bovino selvagem da regi\u00e3o. Foi criado para o manter saciado, reduzir a fome, promover a clareza mental, aumentar a concentra\u00e7\u00e3o nas suas tarefas, aumentar a queima de gordura e a resist\u00eancia corporal. <\/span><\/p>\n<p><span class=\"ILfuVd\" style=\"font-size: 12pt; color: #000000;\"><span class=\"hgKElc\"><b>Ghee<\/b> ajuda a reduzir a acidez e a inflama\u00e7\u00e3o e o teor de c\u00e1lcio neutraliza os seus efeitos. Tamb\u00e9m cont\u00e9m o bom tipo de gordura &#8211; \u00e1cido but\u00edrico e \u00f3mega 3, que \u00e9 bom para a sa\u00fade intestinal e metabolismo. Comparado com manteiga, <b>ghee<\/b> tende a ter um sabor mais doce e de nozes s<b>abor<\/b>, <b>Ghee \u00e9 uma<\/b> manteigaclarificada, \u00e9 feita fervendo manteiga (de prefer\u00eancia manteiga biol\u00f3gica) at\u00e9 que a \u00e1gua e os s\u00f3lidos do leite se evaporem &#8211; e tem um aspeto, sabor e perfil de nutrientes diferentes da manteiga em barra que tem no frigor\u00edfico.  <\/span><\/span><\/p>\n<p><span style=\"font-size: 12pt; color: #000000;\">O ghee tamb\u00e9m se tornou uma op\u00e7\u00e3o popular entre os intolerantes aos lactic\u00ednios, porque n\u00e3o cont\u00e9m os s\u00f3lidos do leite e as prote\u00ednas da manteiga.<\/span><\/p>\n<p><span style=\"font-size: 12pt; color: #000000;\">O Bulletproof Caf\u00e9 ajuda-o a sentir-se satisfeito, alerta e concentrado, gra\u00e7as a uma combina\u00e7\u00e3o de caf\u00e9 e gorduras de qualidade. Isto significa n\u00edveis de energia constantes. <\/span><\/p>\n<h3><span style=\"color: #000000;\"><strong><span style=\"font-size: 14pt;\">Como \u00e9 que funciona?<\/span><\/strong><\/span><\/h3>\n<p><span style=\"font-size: 12pt; color: #000000;\">O caf\u00e9 n\u00e3o tem apenas um sabor agrad\u00e1vel. Tamb\u00e9m fornece antioxidantes. A cafe\u00edna mant\u00e9m-no alerta e pode tamb\u00e9m aumentar o seu metabolismo e ajud\u00e1-lo a queimar gordura para obter energia. A qualidade do caf\u00e9 que bebe \u00e9 importante: Um mau caf\u00e9 pode faz\u00ea-lo sentir-se mal, enquanto os gr\u00e3os certos podem dar-lhe uma excelente vantagem. Por isso, opte por tomar o seu caf\u00e9 \u00e0 prova de bala com o nosso caf\u00e9 org\u00e2nico, 100% Ar\u00e1bica da fazenda Santa Helena, no Brasil .    <\/span><\/p>\n<p><span style=\"font-size: 12pt; color: #000000;\">Pode fazer caf\u00e9 e ghee com caf\u00e9 de gr\u00e3os inteiros numa m\u00e1quina de caf\u00e9 expresso ou com caf\u00e9 mo\u00eddo para <b>moka, filtro ou similar. Voc\u00ea tamb\u00e9m pode preparar usando o caf\u00e9 em capsulas<\/b><\/span><\/p>\n<p>A s\u00e9rio, ao ouvir isto em primeira m\u00e3o, parece estranho misturar manteiga ghee com caf\u00e9, n\u00e3o \u00e9? Mas saiba que isso tem o poder de fazer com que voc\u00ea se sinta saciado por mais tempo. O mais legal \u00e9 que voc\u00ea mesmo pode fazer a mistura em casa.<\/p>\n<p class=\"p1\">Voc\u00ea precisa de 200ml de caf\u00ea coado ou espresso e 1 uma colher de ghee ghee.<\/p>\n<p class=\"p1\"><strong>O modo de preparo \u00e9 muito simples: bata todos os ingredientes por 40 segundos e \u00e9 s\u00f3 consumir.<\/strong><\/p>\n<h3 style=\"text-align: center;\"><span style=\"color: #800000;\"><strong><span style=\"font-size: 18pt;\">Voc\u00ea gostaria de experimentar o Bulletproof?<\/span><\/strong><\/span><\/h3>\n<h3 style=\"text-align: center;\"><\/h3>\n<h3 style=\"text-align: center;\"><a href=\"?add-to-cart=365\"><span style=\"font-size: 24pt; color: #ff0000;\"><em><strong><span style=\"color: #800000;\">Adiciona ao carrinho!<\/span><\/strong><\/em><\/span><\/a><\/h3>\n<p><a href=\"https:\/\/cafesantahelena.com\/wp-content\/uploads\/2021\/11\/logo-preta-2.jpg\"><img decoding=\"async\" class=\" wp-image-15375 aligncenter\" src=\"https:\/\/cafesantahelena.com\/wp-content\/uploads\/2024\/11\/logo-1.png\" alt=\"\" width=\"171\" height=\"171\" srcset=\"https:\/\/cafesantahelena.com\/wp-content\/uploads\/2024\/11\/logo-1.png 300w, https:\/\/cafesantahelena.com\/wp-content\/uploads\/2024\/11\/logo-1-100x100.png 100w, https:\/\/cafesantahelena.com\/wp-content\/uploads\/2024\/11\/logo-1-64x64.png 64w, https:\/\/cafesantahelena.com\/wp-content\/uploads\/2024\/11\/logo-1-150x150.png 150w\" sizes=\"(max-width: 171px) 100vw, 171px\" \/><\/a><\/p>\n<p>&nbsp;<\/p>\n","protected":false},"excerpt":{"rendered":"<p>IVA incl.<\/p>\n<p>custos de frete ao checkout<\/p>\n<p>Bulletproof<\/p>\n<p>1-Caf\u00e9 Santa Helena em gr\u00e3os<\/p>\n<p>Pacote 250g<\/p>\n<p>2-Manteiiga Ghee Chr\u00fcterh\u00e4x Bio Swiss 180g<\/p>\n<p>Produzida org\u00e2nica de acordo com tradi\u00e7\u00e3o Ayurveda!<\/p>\n<p>&nbsp;<\/p>\n","protected":false},"featured_media":17135,"comment_status":"open","ping_status":"closed","template":"","meta":[],"product_brand":[],"product_cat":[197,198],"product_tag":[207,215,335],"class_list":{"0":"post-17343","1":"product","2":"type-product","3":"status-publish","4":"has-post-thumbnail","6":"product_cat-kits","7":"product_cat-outros","8":"product_tag-bulletproof-pt","9":"product_tag-cafe-pt","10":"product_tag-ghee-pt-pt","12":"first","13":"instock","14":"featured","15":"shipping-taxable","16":"purchasable","17":"product-type-simple"},"yoast_head":"<!-- This site is optimized with the Yoast SEO plugin v26.4 - https:\/\/yoast.com\/wordpress\/plugins\/seo\/ -->\n<title>Caf\u00e9 Bulletproof - Caf\u00e9 Santa Helena<\/title>\n<meta name=\"description\" content=\"O caf\u00e9 Bulletproof \u00e9 tamb\u00e9m designado por Caf\u00e9 Keto.\u00c9 uma bebida energizante feita com gorduras de qualidade. Mistura-se caf\u00e9 e ghee.\" \/>\n<meta name=\"robots\" content=\"index, follow, max-snippet:-1, max-image-preview:large, max-video-preview:-1\" \/>\n<link rel=\"canonical\" href=\"https:\/\/cafesantahelena.com\/pt-pt\/products\/kit-bulletproof\/\" \/>\n<meta property=\"og:locale\" content=\"pt_PT\" \/>\n<meta property=\"og:type\" content=\"article\" \/>\n<meta property=\"og:title\" content=\"Caf\u00e9 Bulletproof - Caf\u00e9 Santa Helena\" \/>\n<meta property=\"og:description\" content=\"O caf\u00e9 Bulletproof \u00e9 tamb\u00e9m designado por Caf\u00e9 Keto.\u00c9 uma bebida energizante feita com gorduras de qualidade. Mistura-se caf\u00e9 e ghee.\" \/>\n<meta property=\"og:url\" content=\"https:\/\/cafesantahelena.com\/pt-pt\/products\/kit-bulletproof\/\" \/>\n<meta property=\"og:site_name\" content=\"Caf\u00e9 Santa Helena\" \/>\n<meta property=\"og:image\" content=\"https:\/\/cafesantahelena.com\/wp-content\/uploads\/2024\/07\/Bulletproof.webp\" \/>\n\t<meta property=\"og:image:width\" content=\"350\" \/>\n\t<meta property=\"og:image:height\" content=\"450\" \/>\n\t<meta property=\"og:image:type\" content=\"image\/webp\" \/>\n<meta name=\"twitter:card\" content=\"summary_large_image\" \/>\n<meta name=\"twitter:label1\" content=\"Tempo estimado de leitura\" \/>\n\t<meta name=\"twitter:data1\" content=\"3 minutos\" \/>\n<script type=\"application\/ld+json\" class=\"yoast-schema-graph\">{\"@context\":\"https:\/\/schema.org\",\"@graph\":[{\"@type\":\"WebPage\",\"@id\":\"https:\/\/cafesantahelena.com\/pt-pt\/products\/kit-bulletproof\/\",\"url\":\"https:\/\/cafesantahelena.com\/pt-pt\/products\/kit-bulletproof\/\",\"name\":\"Caf\u00e9 Bulletproof - Caf\u00e9 Santa Helena\",\"isPartOf\":{\"@id\":\"https:\/\/cafesantahelena.com\/#website\"},\"primaryImageOfPage\":{\"@id\":\"https:\/\/cafesantahelena.com\/pt-pt\/products\/kit-bulletproof\/#primaryimage\"},\"image\":{\"@id\":\"https:\/\/cafesantahelena.com\/pt-pt\/products\/kit-bulletproof\/#primaryimage\"},\"thumbnailUrl\":\"https:\/\/cafesantahelena.com\/wp-content\/uploads\/2024\/07\/Bulletproof.webp\",\"datePublished\":\"2024-07-22T15:08:57+00:00\",\"description\":\"O caf\u00e9 Bulletproof \u00e9 tamb\u00e9m designado por Caf\u00e9 Keto.\u00c9 uma bebida energizante feita com gorduras de qualidade. Mistura-se caf\u00e9 e ghee.\",\"breadcrumb\":{\"@id\":\"https:\/\/cafesantahelena.com\/pt-pt\/products\/kit-bulletproof\/#breadcrumb\"},\"inLanguage\":\"pt-PT\",\"potentialAction\":[{\"@type\":\"ReadAction\",\"target\":[\"https:\/\/cafesantahelena.com\/pt-pt\/products\/kit-bulletproof\/\"]}]},{\"@type\":\"ImageObject\",\"inLanguage\":\"pt-PT\",\"@id\":\"https:\/\/cafesantahelena.com\/pt-pt\/products\/kit-bulletproof\/#primaryimage\",\"url\":\"https:\/\/cafesantahelena.com\/wp-content\/uploads\/2024\/07\/Bulletproof.webp\",\"contentUrl\":\"https:\/\/cafesantahelena.com\/wp-content\/uploads\/2024\/07\/Bulletproof.webp\",\"width\":350,\"height\":450,\"caption\":\"caf\u00e9 bulletproof\"},{\"@type\":\"BreadcrumbList\",\"@id\":\"https:\/\/cafesantahelena.com\/pt-pt\/products\/kit-bulletproof\/#breadcrumb\",\"itemListElement\":[{\"@type\":\"ListItem\",\"position\":1,\"name\":\"In\u00edcio\",\"item\":\"https:\/\/cafesantahelena.com\/pt-pt\/\"},{\"@type\":\"ListItem\",\"position\":2,\"name\":\"Produtos\",\"item\":\"https:\/\/cafesantahelena.com\/loja\/\"},{\"@type\":\"ListItem\",\"position\":3,\"name\":\"Kit Bulletproof\"}]},{\"@type\":\"WebSite\",\"@id\":\"https:\/\/cafesantahelena.com\/#website\",\"url\":\"https:\/\/cafesantahelena.com\/\",\"name\":\"Caf\u00e9 Santa Helena\",\"description\":\"\",\"potentialAction\":[{\"@type\":\"SearchAction\",\"target\":{\"@type\":\"EntryPoint\",\"urlTemplate\":\"https:\/\/cafesantahelena.com\/?s={search_term_string}\"},\"query-input\":{\"@type\":\"PropertyValueSpecification\",\"valueRequired\":true,\"valueName\":\"search_term_string\"}}],\"inLanguage\":\"pt-PT\"}]}<\/script>\n<!-- \/ Yoast SEO plugin. -->","yoast_head_json":{"title":"Caf\u00e9 Bulletproof - Caf\u00e9 Santa Helena","description":"O caf\u00e9 Bulletproof \u00e9 tamb\u00e9m designado por Caf\u00e9 Keto.\u00c9 uma bebida energizante feita com gorduras de qualidade. Mistura-se caf\u00e9 e ghee.","robots":{"index":"index","follow":"follow","max-snippet":"max-snippet:-1","max-image-preview":"max-image-preview:large","max-video-preview":"max-video-preview:-1"},"canonical":"https:\/\/cafesantahelena.com\/pt-pt\/products\/kit-bulletproof\/","og_locale":"pt_PT","og_type":"article","og_title":"Caf\u00e9 Bulletproof - Caf\u00e9 Santa Helena","og_description":"O caf\u00e9 Bulletproof \u00e9 tamb\u00e9m designado por Caf\u00e9 Keto.\u00c9 uma bebida energizante feita com gorduras de qualidade. Mistura-se caf\u00e9 e ghee.","og_url":"https:\/\/cafesantahelena.com\/pt-pt\/products\/kit-bulletproof\/","og_site_name":"Caf\u00e9 Santa Helena","og_image":[{"width":350,"height":450,"url":"https:\/\/cafesantahelena.com\/wp-content\/uploads\/2024\/07\/Bulletproof.webp","type":"image\/webp"}],"twitter_card":"summary_large_image","twitter_misc":{"Tempo estimado de leitura":"3 minutos"},"schema":{"@context":"https:\/\/schema.org","@graph":[{"@type":"WebPage","@id":"https:\/\/cafesantahelena.com\/pt-pt\/products\/kit-bulletproof\/","url":"https:\/\/cafesantahelena.com\/pt-pt\/products\/kit-bulletproof\/","name":"Caf\u00e9 Bulletproof - Caf\u00e9 Santa Helena","isPartOf":{"@id":"https:\/\/cafesantahelena.com\/#website"},"primaryImageOfPage":{"@id":"https:\/\/cafesantahelena.com\/pt-pt\/products\/kit-bulletproof\/#primaryimage"},"image":{"@id":"https:\/\/cafesantahelena.com\/pt-pt\/products\/kit-bulletproof\/#primaryimage"},"thumbnailUrl":"https:\/\/cafesantahelena.com\/wp-content\/uploads\/2024\/07\/Bulletproof.webp","datePublished":"2024-07-22T15:08:57+00:00","description":"O caf\u00e9 Bulletproof \u00e9 tamb\u00e9m designado por Caf\u00e9 Keto.\u00c9 uma bebida energizante feita com gorduras de qualidade. Mistura-se caf\u00e9 e ghee.","breadcrumb":{"@id":"https:\/\/cafesantahelena.com\/pt-pt\/products\/kit-bulletproof\/#breadcrumb"},"inLanguage":"pt-PT","potentialAction":[{"@type":"ReadAction","target":["https:\/\/cafesantahelena.com\/pt-pt\/products\/kit-bulletproof\/"]}]},{"@type":"ImageObject","inLanguage":"pt-PT","@id":"https:\/\/cafesantahelena.com\/pt-pt\/products\/kit-bulletproof\/#primaryimage","url":"https:\/\/cafesantahelena.com\/wp-content\/uploads\/2024\/07\/Bulletproof.webp","contentUrl":"https:\/\/cafesantahelena.com\/wp-content\/uploads\/2024\/07\/Bulletproof.webp","width":350,"height":450,"caption":"caf\u00e9 bulletproof"},{"@type":"BreadcrumbList","@id":"https:\/\/cafesantahelena.com\/pt-pt\/products\/kit-bulletproof\/#breadcrumb","itemListElement":[{"@type":"ListItem","position":1,"name":"In\u00edcio","item":"https:\/\/cafesantahelena.com\/pt-pt\/"},{"@type":"ListItem","position":2,"name":"Produtos","item":"https:\/\/cafesantahelena.com\/loja\/"},{"@type":"ListItem","position":3,"name":"Kit Bulletproof"}]},{"@type":"WebSite","@id":"https:\/\/cafesantahelena.com\/#website","url":"https:\/\/cafesantahelena.com\/","name":"Caf\u00e9 Santa Helena","description":"","potentialAction":[{"@type":"SearchAction","target":{"@type":"EntryPoint","urlTemplate":"https:\/\/cafesantahelena.com\/?s={search_term_string}"},"query-input":{"@type":"PropertyValueSpecification","valueRequired":true,"valueName":"search_term_string"}}],"inLanguage":"pt-PT"}]}},"_links":{"self":[{"href":"https:\/\/cafesantahelena.com\/pt-pt\/wp-json\/wp\/v2\/product\/17343","targetHints":{"allow":["GET"]}}],"collection":[{"href":"https:\/\/cafesantahelena.com\/pt-pt\/wp-json\/wp\/v2\/product"}],"about":[{"href":"https:\/\/cafesantahelena.com\/pt-pt\/wp-json\/wp\/v2\/types\/product"}],"replies":[{"embeddable":true,"href":"https:\/\/cafesantahelena.com\/pt-pt\/wp-json\/wp\/v2\/comments?post=17343"}],"wp:featuredmedia":[{"embeddable":true,"href":"https:\/\/cafesantahelena.com\/pt-pt\/wp-json\/wp\/v2\/media\/17135"}],"wp:attachment":[{"href":"https:\/\/cafesantahelena.com\/pt-pt\/wp-json\/wp\/v2\/media?parent=17343"}],"wp:term":[{"taxonomy":"product_brand","embeddable":true,"href":"https:\/\/cafesantahelena.com\/pt-pt\/wp-json\/wp\/v2\/product_brand?post=17343"},{"taxonomy":"product_cat","embeddable":true,"href":"https:\/\/cafesantahelena.com\/pt-pt\/wp-json\/wp\/v2\/product_cat?post=17343"},{"taxonomy":"product_tag","embeddable":true,"href":"https:\/\/cafesantahelena.com\/pt-pt\/wp-json\/wp\/v2\/product_tag?post=17343"}],"curies":[{"name":"wp","href":"https:\/\/api.w.org\/{rel}","templated":true}]}}