{"id":17345,"date":"2024-07-22T15:08:57","date_gmt":"2024-07-22T15:08:57","guid":{"rendered":"https:\/\/cafesantahelena.com\/products\/cafe-especial-moido-250g\/"},"modified":"2025-01-25T18:10:26","modified_gmt":"2025-01-25T18:10:26","slug":"cafe-especial-moido-250g","status":"publish","type":"product","link":"https:\/\/cafesantahelena.com\/pt-pt\/products\/cafe-especial-moido-250g\/","title":{"rendered":"Caf\u00e9 Especial Mo\u00eddo 250g"},"content":{"rendered":"<h2 style=\"text-align: left;\"><span style=\"font-size: 12pt; color: #000000;\"><strong>Caf\u00e9 Especial Mo\u00eddo<\/strong><\/span><\/h2>\n<p style=\"text-align: left;\"><span style=\"font-size: 12pt; color: #000000;\"><strong>Caf\u00e9 Especial 85 pontos SCA- 100% Arabica, Org\u00e2nico, \u00fanica Origem<\/strong><\/span><\/p>\n<p class=\"p1\"><span style=\"color: #000000;\"><strong><span class=\"s1\" style=\"font-size: 12pt;\">Torrefa\u00e7\u00e3o lenta artesanal em um torrador \u00e0 lenha<\/span><\/strong><\/span><\/p>\n<p>&nbsp;<\/p>\n<p><span style=\"color: #800000;\"><strong style=\"text-align: center; font-size: 14pt;\">Caracteristicas do Caf\u00e9<\/strong><span style=\"text-align: center; font-size: 14pt;\">:<\/span><\/span><\/p>\n<p><span style=\"color: #000000;\"><strong style=\"font-size: 12pt;\">Variedade Botanica: <\/strong>Arabica (Catuai Vermelho)<\/span><\/p>\n<p><span style=\"font-size: 12pt; color: #000000;\"><strong>Proveni\u00eancia : <\/strong>Brazil<\/span><\/p>\n<p><span style=\"font-size: 12pt; color: #000000;\"><strong>Colheita :<\/strong> Manual<\/span><\/p>\n<p><span style=\"font-size: 12pt; color: #000000;\"><strong>Secagem :<\/strong> Ao Sol<\/span><\/p>\n<p><span style=\"font-size: 12pt; color: #000000;\"><strong>Torrefa\u00e7\u00e3o:<\/strong> Lenta Artesanal em um torrador \u00e0 lenha<\/span><\/p>\n<p><strong>Intensidade:<\/strong>Torrado m\u00e9dio<\/p>\n<p>For those who prefer a softer coffee, preserving the natural flavor of the coffee, the roast is medium.<\/p>\n<p style=\"text-align: left;\"><span style=\"color: #000000;\"><b style=\"\">Ingredientes:<\/b> caf\u00e9 especial mo\u00eddo100% Arabica. Embalagem 250g <\/span><br \/>\n<span style=\"color: #000000;\"><span style=\"font-size: 12pt;\">Caf\u00e9s mo\u00eddo especialmente para <\/span><b style=\"font-size: 12pt;\">Moka, filtro <\/b><span style=\"font-size: 12pt;\">ou similar.<\/span><\/span><\/p>\n<p style=\"text-align: center;\"><strong style=\"color: #800000; font-size: 12pt; text-align: center;\">Acima de tudo um caf\u00e9 \u00e9 divers\u00e3o<\/strong><span style=\"color: #800000; font-size: 12pt; text-align: center;\">!<\/span><\/p>\n<p style=\"text-align: center;\"><span style=\"color: #000000;\"><strong><span style=\"font-size: 12pt;\">\u00c9 um prazer que desperta todos os sentidos: bonito de ver, agrad\u00e1vel de cheirar e certamente delicioso de saborear&#8230;<\/span><\/strong><\/span><\/p>\n<h3><\/h3>\n<h3 style=\"text-align: center;\"><span style=\"color: #800000;\"><em><strong><span style=\"font-size: 18pt;\">Se voc\u00ea ama caf\u00e9 experimente!<\/span><\/strong><\/em><\/span><\/h3>\n<h3 style=\"text-align: center;\"><a href=\"?add-to-cart=362\"><span style=\"color: #800000;\"><em><strong><span style=\"font-size: 24pt;\">Adicionar ao carrinho!<\/span><\/strong><\/em><\/span><\/a><\/h3>\n<p><img decoding=\"async\" class=\"alignnone wp-image-15375 aligncenter\" src=\"https:\/\/cafesantahelena.com\/wp-content\/uploads\/2024\/11\/logo-1.png\" alt=\"Logo Caf\u00e9 Santa Helena\" width=\"171\" height=\"171\" srcset=\"https:\/\/cafesantahelena.com\/wp-content\/uploads\/2024\/11\/logo-1.png 300w, https:\/\/cafesantahelena.com\/wp-content\/uploads\/2024\/11\/logo-1-100x100.png 100w, https:\/\/cafesantahelena.com\/wp-content\/uploads\/2024\/11\/logo-1-64x64.png 64w, https:\/\/cafesantahelena.com\/wp-content\/uploads\/2024\/11\/logo-1-150x150.png 150w\" sizes=\"(max-width: 171px) 100vw, 171px\" \/><\/p>\n<p>&nbsp;<\/p>\n<h3 style=\"text-align: center;\"><span style=\"font-size: 24pt; color: #800000;\"><em><strong>Voc\u00ea pode talvez gostar<\/strong><\/em><\/span><\/h3>\n<p style=\"text-align: center;\"><a href=\"https:\/\/cafesantahelena.com\/products\/electrical-kettle-brewista\/\"><img fetchpriority=\"high\" decoding=\"async\" class=\"alignnone size-medium wp-image-14596\" src=\"https:\/\/cafesantahelena.com\/wp-content\/uploads\/2024\/07\/image13-233x300.jpeg\" alt=\"Chaleira El\u00e9trica\" width=\"233\" height=\"300\"><\/a><\/p>\n<p>&nbsp;<\/p>\n","protected":false},"excerpt":{"rendered":"<p>IVA incl.<\/p>\n<p>Custos de envio no checkout Caf\u00e9 Especial 100% Arabica, Org\u00e2nico, \u00danica Origem do Brasil<\/p>\n<p><b>Torrefa\u00e7\u00e3o Lenta Artesanal<\/b><\/p>\n<p>O caf\u00e9 tem um sabor doce com notas de caramelo, chocolate, mel e frutas. Mo\u00eddo especialmente para Moka, filtro ou similar.<\/p>\n<p>Grau de Torra: M\u00e9dio<\/p>\n<p><img decoding=\"async\" class=\"alignnone wp-image-14157\" src=\"https:\/\/cafesantahelena.com\/wp-content\/uploads\/2024\/07\/025D99D1-34D9-41E3-9975-494901AC3E57-300x33-2.png\" alt=\"\" width=\"218\" height=\"24\" srcset=\"https:\/\/cafesantahelena.com\/wp-content\/uploads\/2024\/07\/025D99D1-34D9-41E3-9975-494901AC3E57-300x33-2.png 300w, https:\/\/cafesantahelena.com\/wp-content\/uploads\/2024\/07\/025D99D1-34D9-41E3-9975-494901AC3E57-300x33-2-64x7.png 64w\" sizes=\"(max-width: 218px) 100vw, 218px\" \/><\/p>\n<p>Embalagem 250g<\/p>\n","protected":false},"featured_media":17225,"comment_status":"open","ping_status":"closed","template":"","meta":[],"product_brand":[],"product_cat":[195,202],"product_tag":[375,317,219],"class_list":{"0":"post-17345","1":"product","2":"type-product","3":"status-publish","4":"has-post-thumbnail","6":"product_cat-cafe","7":"product_cat-cafe-moido-pt","8":"product_tag-cafe-especial","9":"product_tag-cafe-organico-pt","10":"product_tag-coffee-ground-pt-pt","12":"first","13":"instock","14":"featured","15":"shipping-taxable","16":"purchasable","17":"product-type-simple"},"yoast_head":"<!-- This site is optimized with the Yoast SEO plugin v26.4 - https:\/\/yoast.com\/wordpress\/plugins\/seo\/ -->\n<title>Caf\u00e9 Especial Mo\u00eddo 250g-Caf\u00e9 Santa Helena<\/title>\n<meta name=\"description\" content=\"Caf\u00e9 Especial Mo\u00eddo.100% Arabica, Org\u00e2nico de Origem \u00danica do Brasil. Embalagem 250g. Torrefa\u00e7\u00e3o lenta artesanal em um torrador \u00e0 lenha Grau de Torra M\u00e9dia.\" \/>\n<meta name=\"robots\" content=\"index, follow, max-snippet:-1, max-image-preview:large, max-video-preview:-1\" \/>\n<link rel=\"canonical\" href=\"https:\/\/cafesantahelena.com\/pt-pt\/products\/cafe-especial-moido-250g\/\" \/>\n<meta property=\"og:locale\" content=\"pt_PT\" \/>\n<meta property=\"og:type\" content=\"article\" \/>\n<meta property=\"og:title\" content=\"Caf\u00e9 Especial Mo\u00eddo 250g-Caf\u00e9 Santa Helena\" \/>\n<meta property=\"og:description\" content=\"Caf\u00e9 Especial Mo\u00eddo.100% Arabica, Org\u00e2nico de Origem \u00danica do Brasil. Embalagem 250g. Torrefa\u00e7\u00e3o lenta artesanal em um torrador \u00e0 lenha Grau de Torra M\u00e9dia.\" \/>\n<meta property=\"og:url\" content=\"https:\/\/cafesantahelena.com\/pt-pt\/products\/cafe-especial-moido-250g\/\" \/>\n<meta property=\"og:site_name\" content=\"Caf\u00e9 Santa Helena\" \/>\n<meta property=\"article:modified_time\" content=\"2025-01-25T18:10:26+00:00\" \/>\n<meta property=\"og:image\" content=\"https:\/\/cafesantahelena.com\/wp-content\/uploads\/2024\/07\/Specialty-coffee-ground.webp\" \/>\n\t<meta property=\"og:image:width\" content=\"350\" \/>\n\t<meta property=\"og:image:height\" content=\"450\" \/>\n\t<meta property=\"og:image:type\" content=\"image\/webp\" \/>\n<meta name=\"twitter:card\" content=\"summary_large_image\" \/>\n<meta name=\"twitter:label1\" content=\"Tempo estimado de leitura\" \/>\n\t<meta name=\"twitter:data1\" content=\"1 minuto\" \/>\n<script type=\"application\/ld+json\" class=\"yoast-schema-graph\">{\"@context\":\"https:\/\/schema.org\",\"@graph\":[{\"@type\":\"WebPage\",\"@id\":\"https:\/\/cafesantahelena.com\/pt-pt\/products\/cafe-especial-moido-250g\/\",\"url\":\"https:\/\/cafesantahelena.com\/pt-pt\/products\/cafe-especial-moido-250g\/\",\"name\":\"Caf\u00e9 Especial Mo\u00eddo 250g-Caf\u00e9 Santa Helena\",\"isPartOf\":{\"@id\":\"https:\/\/cafesantahelena.com\/#website\"},\"primaryImageOfPage\":{\"@id\":\"https:\/\/cafesantahelena.com\/pt-pt\/products\/cafe-especial-moido-250g\/#primaryimage\"},\"image\":{\"@id\":\"https:\/\/cafesantahelena.com\/pt-pt\/products\/cafe-especial-moido-250g\/#primaryimage\"},\"thumbnailUrl\":\"https:\/\/cafesantahelena.com\/wp-content\/uploads\/2024\/07\/Specialty-coffee-ground.webp\",\"datePublished\":\"2024-07-22T15:08:57+00:00\",\"dateModified\":\"2025-01-25T18:10:26+00:00\",\"description\":\"Caf\u00e9 Especial Mo\u00eddo.100% Arabica, Org\u00e2nico de Origem \u00danica do Brasil. Embalagem 250g. Torrefa\u00e7\u00e3o lenta artesanal em um torrador \u00e0 lenha Grau de Torra M\u00e9dia.\",\"breadcrumb\":{\"@id\":\"https:\/\/cafesantahelena.com\/pt-pt\/products\/cafe-especial-moido-250g\/#breadcrumb\"},\"inLanguage\":\"pt-PT\",\"potentialAction\":[{\"@type\":\"ReadAction\",\"target\":[\"https:\/\/cafesantahelena.com\/pt-pt\/products\/cafe-especial-moido-250g\/\"]}]},{\"@type\":\"ImageObject\",\"inLanguage\":\"pt-PT\",\"@id\":\"https:\/\/cafesantahelena.com\/pt-pt\/products\/cafe-especial-moido-250g\/#primaryimage\",\"url\":\"https:\/\/cafesantahelena.com\/wp-content\/uploads\/2024\/07\/Specialty-coffee-ground.webp\",\"contentUrl\":\"https:\/\/cafesantahelena.com\/wp-content\/uploads\/2024\/07\/Specialty-coffee-ground.webp\",\"width\":350,\"height\":450,\"caption\":\"caf\u00e9 especial mo\u00eddo\"},{\"@type\":\"BreadcrumbList\",\"@id\":\"https:\/\/cafesantahelena.com\/pt-pt\/products\/cafe-especial-moido-250g\/#breadcrumb\",\"itemListElement\":[{\"@type\":\"ListItem\",\"position\":1,\"name\":\"In\u00edcio\",\"item\":\"https:\/\/cafesantahelena.com\/pt-pt\/\"},{\"@type\":\"ListItem\",\"position\":2,\"name\":\"Produtos\",\"item\":\"https:\/\/cafesantahelena.com\/loja\/\"},{\"@type\":\"ListItem\",\"position\":3,\"name\":\"Caf\u00e9 Especial Mo\u00eddo 250g\"}]},{\"@type\":\"WebSite\",\"@id\":\"https:\/\/cafesantahelena.com\/#website\",\"url\":\"https:\/\/cafesantahelena.com\/\",\"name\":\"Caf\u00e9 Santa Helena\",\"description\":\"\",\"potentialAction\":[{\"@type\":\"SearchAction\",\"target\":{\"@type\":\"EntryPoint\",\"urlTemplate\":\"https:\/\/cafesantahelena.com\/?s={search_term_string}\"},\"query-input\":{\"@type\":\"PropertyValueSpecification\",\"valueRequired\":true,\"valueName\":\"search_term_string\"}}],\"inLanguage\":\"pt-PT\"}]}<\/script>\n<!-- \/ Yoast SEO plugin. -->","yoast_head_json":{"title":"Caf\u00e9 Especial Mo\u00eddo 250g-Caf\u00e9 Santa Helena","description":"Caf\u00e9 Especial Mo\u00eddo.100% Arabica, Org\u00e2nico de Origem \u00danica do Brasil. Embalagem 250g. Torrefa\u00e7\u00e3o lenta artesanal em um torrador \u00e0 lenha Grau de Torra M\u00e9dia.","robots":{"index":"index","follow":"follow","max-snippet":"max-snippet:-1","max-image-preview":"max-image-preview:large","max-video-preview":"max-video-preview:-1"},"canonical":"https:\/\/cafesantahelena.com\/pt-pt\/products\/cafe-especial-moido-250g\/","og_locale":"pt_PT","og_type":"article","og_title":"Caf\u00e9 Especial Mo\u00eddo 250g-Caf\u00e9 Santa Helena","og_description":"Caf\u00e9 Especial Mo\u00eddo.100% Arabica, Org\u00e2nico de Origem \u00danica do Brasil. Embalagem 250g. Torrefa\u00e7\u00e3o lenta artesanal em um torrador \u00e0 lenha Grau de Torra M\u00e9dia.","og_url":"https:\/\/cafesantahelena.com\/pt-pt\/products\/cafe-especial-moido-250g\/","og_site_name":"Caf\u00e9 Santa Helena","article_modified_time":"2025-01-25T18:10:26+00:00","og_image":[{"width":350,"height":450,"url":"https:\/\/cafesantahelena.com\/wp-content\/uploads\/2024\/07\/Specialty-coffee-ground.webp","type":"image\/webp"}],"twitter_card":"summary_large_image","twitter_misc":{"Tempo estimado de leitura":"1 minuto"},"schema":{"@context":"https:\/\/schema.org","@graph":[{"@type":"WebPage","@id":"https:\/\/cafesantahelena.com\/pt-pt\/products\/cafe-especial-moido-250g\/","url":"https:\/\/cafesantahelena.com\/pt-pt\/products\/cafe-especial-moido-250g\/","name":"Caf\u00e9 Especial Mo\u00eddo 250g-Caf\u00e9 Santa Helena","isPartOf":{"@id":"https:\/\/cafesantahelena.com\/#website"},"primaryImageOfPage":{"@id":"https:\/\/cafesantahelena.com\/pt-pt\/products\/cafe-especial-moido-250g\/#primaryimage"},"image":{"@id":"https:\/\/cafesantahelena.com\/pt-pt\/products\/cafe-especial-moido-250g\/#primaryimage"},"thumbnailUrl":"https:\/\/cafesantahelena.com\/wp-content\/uploads\/2024\/07\/Specialty-coffee-ground.webp","datePublished":"2024-07-22T15:08:57+00:00","dateModified":"2025-01-25T18:10:26+00:00","description":"Caf\u00e9 Especial Mo\u00eddo.100% Arabica, Org\u00e2nico de Origem \u00danica do Brasil. Embalagem 250g. Torrefa\u00e7\u00e3o lenta artesanal em um torrador \u00e0 lenha Grau de Torra M\u00e9dia.","breadcrumb":{"@id":"https:\/\/cafesantahelena.com\/pt-pt\/products\/cafe-especial-moido-250g\/#breadcrumb"},"inLanguage":"pt-PT","potentialAction":[{"@type":"ReadAction","target":["https:\/\/cafesantahelena.com\/pt-pt\/products\/cafe-especial-moido-250g\/"]}]},{"@type":"ImageObject","inLanguage":"pt-PT","@id":"https:\/\/cafesantahelena.com\/pt-pt\/products\/cafe-especial-moido-250g\/#primaryimage","url":"https:\/\/cafesantahelena.com\/wp-content\/uploads\/2024\/07\/Specialty-coffee-ground.webp","contentUrl":"https:\/\/cafesantahelena.com\/wp-content\/uploads\/2024\/07\/Specialty-coffee-ground.webp","width":350,"height":450,"caption":"caf\u00e9 especial mo\u00eddo"},{"@type":"BreadcrumbList","@id":"https:\/\/cafesantahelena.com\/pt-pt\/products\/cafe-especial-moido-250g\/#breadcrumb","itemListElement":[{"@type":"ListItem","position":1,"name":"In\u00edcio","item":"https:\/\/cafesantahelena.com\/pt-pt\/"},{"@type":"ListItem","position":2,"name":"Produtos","item":"https:\/\/cafesantahelena.com\/loja\/"},{"@type":"ListItem","position":3,"name":"Caf\u00e9 Especial Mo\u00eddo 250g"}]},{"@type":"WebSite","@id":"https:\/\/cafesantahelena.com\/#website","url":"https:\/\/cafesantahelena.com\/","name":"Caf\u00e9 Santa Helena","description":"","potentialAction":[{"@type":"SearchAction","target":{"@type":"EntryPoint","urlTemplate":"https:\/\/cafesantahelena.com\/?s={search_term_string}"},"query-input":{"@type":"PropertyValueSpecification","valueRequired":true,"valueName":"search_term_string"}}],"inLanguage":"pt-PT"}]}},"_links":{"self":[{"href":"https:\/\/cafesantahelena.com\/pt-pt\/wp-json\/wp\/v2\/product\/17345","targetHints":{"allow":["GET"]}}],"collection":[{"href":"https:\/\/cafesantahelena.com\/pt-pt\/wp-json\/wp\/v2\/product"}],"about":[{"href":"https:\/\/cafesantahelena.com\/pt-pt\/wp-json\/wp\/v2\/types\/product"}],"replies":[{"embeddable":true,"href":"https:\/\/cafesantahelena.com\/pt-pt\/wp-json\/wp\/v2\/comments?post=17345"}],"wp:featuredmedia":[{"embeddable":true,"href":"https:\/\/cafesantahelena.com\/pt-pt\/wp-json\/wp\/v2\/media\/17225"}],"wp:attachment":[{"href":"https:\/\/cafesantahelena.com\/pt-pt\/wp-json\/wp\/v2\/media?parent=17345"}],"wp:term":[{"taxonomy":"product_brand","embeddable":true,"href":"https:\/\/cafesantahelena.com\/pt-pt\/wp-json\/wp\/v2\/product_brand?post=17345"},{"taxonomy":"product_cat","embeddable":true,"href":"https:\/\/cafesantahelena.com\/pt-pt\/wp-json\/wp\/v2\/product_cat?post=17345"},{"taxonomy":"product_tag","embeddable":true,"href":"https:\/\/cafesantahelena.com\/pt-pt\/wp-json\/wp\/v2\/product_tag?post=17345"}],"curies":[{"name":"wp","href":"https:\/\/api.w.org\/{rel}","templated":true}]}}