{"id":17346,"date":"2024-07-22T15:08:57","date_gmt":"2024-07-22T15:08:57","guid":{"rendered":"https:\/\/cafesantahelena.com\/products\/cafe-organico-moido-500g\/"},"modified":"2024-07-22T15:08:57","modified_gmt":"2024-07-22T15:08:57","slug":"cafe-organico-moido-500g","status":"publish","type":"product","link":"https:\/\/cafesantahelena.com\/pt-pt\/products\/cafe-organico-moido-500g\/","title":{"rendered":"Caf\u00e9 Organico Mo\u00eddo 500g"},"content":{"rendered":"<h2><span style=\"color: #000000;\"><strong>Caf\u00e9 Organico Mo\u00eddo<\/strong><\/span><\/h2>\n<p><span style=\"color: #000000;\"><strong>Mo\u00eddo especialmente para Moka, filtro ou similar.<\/strong><\/span><\/p>\n<p><span style=\"color: #000000;\"><b>Caf\u00e9 Especial<\/b><\/span><\/p>\n<p><span style=\"color: #000000;\"><strong>100% Arabica, Organico de Origem \u00danica do Brasil<\/strong><\/span><\/p>\n<p><span style=\"color: #000000;\"><b>Torrefa\u00e7\u00e3o lenta artesanal em torrador \u00e0 lemha<\/b><\/span><\/p>\n<p><span style=\"font-size: 12pt;\"><span style=\"color: #000000;\">\u00c9 certificado <b>Org\u00e2nico<\/b> pela AAO (Associa\u00e7\u00e3o de Agricultura Org\u00e2nica), pela Certifica\u00e7\u00e3o Org\u00e2nica Internacional USDA, <strong>Fairtrade <\/strong>e <strong>BIO INSPECTA <\/strong>na Su\u00ed\u00e7a.<\/span><\/span><\/p>\n<p><img decoding=\"async\" class=\"alignnone size-full wp-image-14096\" src=\"https:\/\/cafesantahelena.com\/wp-content\/uploads\/2024\/07\/DA7819F7-177F-4E28-A0D0-2B99487CAE75-300x52-2.jpeg\" alt=\"\" width=\"300\" height=\"52\" srcset=\"https:\/\/cafesantahelena.com\/wp-content\/uploads\/2024\/07\/DA7819F7-177F-4E28-A0D0-2B99487CAE75-300x52-2.jpeg 300w, https:\/\/cafesantahelena.com\/wp-content\/uploads\/2024\/07\/DA7819F7-177F-4E28-A0D0-2B99487CAE75-300x52-2-64x11.jpeg 64w\" sizes=\"(max-width: 300px) 100vw, 300px\" \/><\/p>\n<p><span style=\"color: #ff0000; font-size: 14pt;\"><strong><br \/>\n<span style=\"color: #800000;\">As carater\u00edsticas do caf\u00e9<\/span><\/strong><span style=\"color: #800000;\">:<\/span><\/span><\/p>\n<p class=\"p2\"><span style=\"font-size: 12pt; color: #000000;\"><strong><span class=\"s1\">Variedade bot\u00e2nica: Ar\u00e1bica (Catuai Vermelho)<\/span><\/strong><\/span><\/p>\n<p class=\"p2\"><span style=\"font-size: 12pt; color: #000000;\"><strong><span class=\"s1\">Proveni\u00eancia: Brasil<\/span><\/strong><\/span><\/p>\n<p class=\"p2\"><span style=\"font-size: 12pt; color: #000000;\"><strong><span class=\"s1\">Colheita: \u00c0 m\u00e3o<\/span><\/strong><\/span><\/p>\n<p class=\"p2\"><span style=\"font-size: 12pt; color: #000000;\"><strong><span class=\"s1\">Secagem: Ao sol<\/span><\/strong><\/span><\/p>\n<p class=\"p2\"><span style=\"font-size: 12pt; color: #000000;\"><strong><span class=\"s1\">Torrefa\u00e7\u00e3o: Lenta Artesanal em torrador \u00e0 lenha <\/span><\/strong><\/span><\/p>\n<p><span style=\"font-size: 12pt; color: #000000;\"><b>Grau de Torra: Media<\/b><\/span><\/p>\n<p><span style=\"color: #000000;\"><b>Ingredientes:<\/b> 100% Arabica. Mo\u00eddo para filtro, Moka ou similar. Embalagem 500g.   <\/span><\/p>\n<p><span style=\"font-size: 12pt; color: #000000;\">Para aqueles que preferem um caf\u00e9 suave, preservando o sabor natural do caf\u00e9.<\/span><\/p>\n<p style=\"text-align: center;\"><strong style=\"color: #800000; font-size: 14pt;\">Acima de tudo um caf\u00e9 \u00e9 divers\u00e3o<\/strong><span style=\"color: #800000; font-size: 14pt;\">!<\/span><\/p>\n<p style=\"text-align: center;\"><span style=\"font-size: 12pt; color: #000000;\">\u00c9 um prazer que desperta todos os sentidos: belo de ver, prazeiroso de inalar e delicioso de saborear.<\/span><\/p>\n<h3 style=\"text-align: center;\"><span style=\"color: #800000;\"><em><strong><span style=\"font-size: 18pt;\">Se voc\u00ea ama caf\u00e9 experimente!<\/span><\/strong><\/em><\/span><\/h3>\n<h3 style=\"text-align: center;\"><a href=\"?add-to-cart=359\"><span style=\"color: #800000;\"><em><strong><span style=\"font-size: 24pt;\">Adicionar ao carrinho!<\/span><\/strong><\/em><\/span><\/a><\/h3>\n<p><img decoding=\"async\" class=\" wp-image-15375 aligncenter\" src=\"https:\/\/cafesantahelena.com\/wp-content\/uploads\/2024\/11\/logo-1.png\" alt=\"\" width=\"170\" height=\"170\" srcset=\"https:\/\/cafesantahelena.com\/wp-content\/uploads\/2024\/11\/logo-1.png 300w, https:\/\/cafesantahelena.com\/wp-content\/uploads\/2024\/11\/logo-1-100x100.png 100w, https:\/\/cafesantahelena.com\/wp-content\/uploads\/2024\/11\/logo-1-64x64.png 64w, https:\/\/cafesantahelena.com\/wp-content\/uploads\/2024\/11\/logo-1-150x150.png 150w\" sizes=\"(max-width: 170px) 100vw, 170px\" \/><\/p>\n<h3 style=\"text-align: center;\"><\/h3>\n<p style=\"text-align: center;\">\n<p>&nbsp;<\/p>\n","protected":false},"excerpt":{"rendered":"<p><span style=\"font-size: 12pt;\">IVA incl.<\/span><\/p>\n<p><span style=\"font-size: 12pt;\">Custos de envio no checkout<\/span><\/p>\n<p><span style=\"font-size: 12pt;\">Caf\u00e9 Especial<\/span><\/p>\n<p><span style=\"font-size: 12pt;\">100% Ar\u00e1bica, organico, origem \u00fanica do Brasil<\/span><\/p>\n<p><span style=\"font-size: 12pt;\"><strong>Torrefa\u00e7\u00e3o Lenta Artesanal<\/strong><\/span><\/p>\n<p><span style=\"font-size: 12pt;\">Caf\u00e9, com uma real superior qualidade. Notas Sensoriais de caramelo, chocolate,, mel e frutas. <\/span><\/p>\n<p><span style=\"font-size: 12pt;\">Intensidade: Torrado m\u00e9dio<\/span><\/p>\n<p>3 of 5<\/p>\n<p><img decoding=\"async\" class=\"alignnone wp-image-14157\" src=\"https:\/\/cafesantahelena.com\/wp-content\/uploads\/2024\/07\/025D99D1-34D9-41E3-9975-494901AC3E57-300x33-2.png\" alt=\"\" width=\"245\" height=\"27\" srcset=\"https:\/\/cafesantahelena.com\/wp-content\/uploads\/2024\/07\/025D99D1-34D9-41E3-9975-494901AC3E57-300x33-2.png 300w, https:\/\/cafesantahelena.com\/wp-content\/uploads\/2024\/07\/025D99D1-34D9-41E3-9975-494901AC3E57-300x33-2-64x7.png 64w\" sizes=\"(max-width: 245px) 100vw, 245px\" \/><\/p>\n<p><span style=\"font-size: 12pt;\">Specialmente mo\u00eddo para Moka, Filtro ou similar<\/span><\/p>\n<p><span style=\"font-size: 12pt;\">Embalagem 500g<\/span><\/p>\n","protected":false},"featured_media":17130,"comment_status":"closed","ping_status":"closed","template":"","meta":[],"product_brand":[],"product_cat":[195,202],"product_tag":[317,219],"class_list":{"0":"post-17346","1":"product","2":"type-product","3":"status-publish","4":"has-post-thumbnail","6":"product_cat-cafe","7":"product_cat-cafe-moido-pt","8":"product_tag-cafe-organico-pt","9":"product_tag-coffee-ground-pt-pt","11":"first","12":"instock","13":"featured","14":"shipping-taxable","15":"purchasable","16":"product-type-simple"},"yoast_head":"<!-- This site is optimized with the Yoast SEO plugin v26.4 - https:\/\/yoast.com\/wordpress\/plugins\/seo\/ -->\n<title>Caf\u00e9 Organico Mo\u00eddo- Caf\u00e9 Santa Helena<\/title>\n<meta name=\"description\" content=\"Caf\u00e9 Organico mo\u00eddo especialmente para Moka, filtro ou similar. Intensidade media 100% Arabica do Brasil. Torrefa\u00e7\u00e3o Lenta Artesanal. Embalagem 500g.\" \/>\n<meta name=\"robots\" content=\"index, follow, max-snippet:-1, max-image-preview:large, max-video-preview:-1\" \/>\n<link rel=\"canonical\" href=\"https:\/\/cafesantahelena.com\/pt-pt\/products\/cafe-organico-moido-500g\/\" \/>\n<meta property=\"og:locale\" content=\"pt_PT\" \/>\n<meta property=\"og:type\" content=\"article\" \/>\n<meta property=\"og:title\" content=\"Caf\u00e9 Organico Mo\u00eddo- Caf\u00e9 Santa Helena\" \/>\n<meta property=\"og:description\" content=\"Caf\u00e9 Organico mo\u00eddo especialmente para Moka, filtro ou similar. Intensidade media 100% Arabica do Brasil. Torrefa\u00e7\u00e3o Lenta Artesanal. Embalagem 500g.\" \/>\n<meta property=\"og:url\" content=\"https:\/\/cafesantahelena.com\/pt-pt\/products\/cafe-organico-moido-500g\/\" \/>\n<meta property=\"og:site_name\" content=\"Caf\u00e9 Santa Helena\" \/>\n<meta property=\"og:image\" content=\"https:\/\/cafesantahelena.com\/wp-content\/uploads\/2024\/07\/Organic-coffee-ground-2.webp\" \/>\n\t<meta property=\"og:image:width\" content=\"350\" \/>\n\t<meta property=\"og:image:height\" content=\"450\" \/>\n\t<meta property=\"og:image:type\" content=\"image\/webp\" \/>\n<meta name=\"twitter:card\" content=\"summary_large_image\" \/>\n<meta name=\"twitter:label1\" content=\"Tempo estimado de leitura\" \/>\n\t<meta name=\"twitter:data1\" content=\"1 minuto\" \/>\n<script type=\"application\/ld+json\" class=\"yoast-schema-graph\">{\"@context\":\"https:\/\/schema.org\",\"@graph\":[{\"@type\":\"WebPage\",\"@id\":\"https:\/\/cafesantahelena.com\/pt-pt\/products\/cafe-organico-moido-500g\/\",\"url\":\"https:\/\/cafesantahelena.com\/pt-pt\/products\/cafe-organico-moido-500g\/\",\"name\":\"Caf\u00e9 Organico Mo\u00eddo- Caf\u00e9 Santa Helena\",\"isPartOf\":{\"@id\":\"https:\/\/cafesantahelena.com\/#website\"},\"primaryImageOfPage\":{\"@id\":\"https:\/\/cafesantahelena.com\/pt-pt\/products\/cafe-organico-moido-500g\/#primaryimage\"},\"image\":{\"@id\":\"https:\/\/cafesantahelena.com\/pt-pt\/products\/cafe-organico-moido-500g\/#primaryimage\"},\"thumbnailUrl\":\"https:\/\/cafesantahelena.com\/wp-content\/uploads\/2024\/07\/Organic-coffee-ground-2.webp\",\"datePublished\":\"2024-07-22T15:08:57+00:00\",\"description\":\"Caf\u00e9 Organico mo\u00eddo especialmente para Moka, filtro ou similar. Intensidade media 100% Arabica do Brasil. Torrefa\u00e7\u00e3o Lenta Artesanal. Embalagem 500g.\",\"breadcrumb\":{\"@id\":\"https:\/\/cafesantahelena.com\/pt-pt\/products\/cafe-organico-moido-500g\/#breadcrumb\"},\"inLanguage\":\"pt-PT\",\"potentialAction\":[{\"@type\":\"ReadAction\",\"target\":[\"https:\/\/cafesantahelena.com\/pt-pt\/products\/cafe-organico-moido-500g\/\"]}]},{\"@type\":\"ImageObject\",\"inLanguage\":\"pt-PT\",\"@id\":\"https:\/\/cafesantahelena.com\/pt-pt\/products\/cafe-organico-moido-500g\/#primaryimage\",\"url\":\"https:\/\/cafesantahelena.com\/wp-content\/uploads\/2024\/07\/Organic-coffee-ground-2.webp\",\"contentUrl\":\"https:\/\/cafesantahelena.com\/wp-content\/uploads\/2024\/07\/Organic-coffee-ground-2.webp\",\"width\":350,\"height\":450,\"caption\":\"Caf\u00e9 Organico mo\u00eddo\"},{\"@type\":\"BreadcrumbList\",\"@id\":\"https:\/\/cafesantahelena.com\/pt-pt\/products\/cafe-organico-moido-500g\/#breadcrumb\",\"itemListElement\":[{\"@type\":\"ListItem\",\"position\":1,\"name\":\"In\u00edcio\",\"item\":\"https:\/\/cafesantahelena.com\/pt-pt\/\"},{\"@type\":\"ListItem\",\"position\":2,\"name\":\"Produtos\",\"item\":\"https:\/\/cafesantahelena.com\/loja\/\"},{\"@type\":\"ListItem\",\"position\":3,\"name\":\"Caf\u00e9 Organico Mo\u00eddo 500g\"}]},{\"@type\":\"WebSite\",\"@id\":\"https:\/\/cafesantahelena.com\/#website\",\"url\":\"https:\/\/cafesantahelena.com\/\",\"name\":\"Caf\u00e9 Santa Helena\",\"description\":\"\",\"potentialAction\":[{\"@type\":\"SearchAction\",\"target\":{\"@type\":\"EntryPoint\",\"urlTemplate\":\"https:\/\/cafesantahelena.com\/?s={search_term_string}\"},\"query-input\":{\"@type\":\"PropertyValueSpecification\",\"valueRequired\":true,\"valueName\":\"search_term_string\"}}],\"inLanguage\":\"pt-PT\"}]}<\/script>\n<!-- \/ Yoast SEO plugin. -->","yoast_head_json":{"title":"Caf\u00e9 Organico Mo\u00eddo- Caf\u00e9 Santa Helena","description":"Caf\u00e9 Organico mo\u00eddo especialmente para Moka, filtro ou similar. Intensidade media 100% Arabica do Brasil. Torrefa\u00e7\u00e3o Lenta Artesanal. Embalagem 500g.","robots":{"index":"index","follow":"follow","max-snippet":"max-snippet:-1","max-image-preview":"max-image-preview:large","max-video-preview":"max-video-preview:-1"},"canonical":"https:\/\/cafesantahelena.com\/pt-pt\/products\/cafe-organico-moido-500g\/","og_locale":"pt_PT","og_type":"article","og_title":"Caf\u00e9 Organico Mo\u00eddo- Caf\u00e9 Santa Helena","og_description":"Caf\u00e9 Organico mo\u00eddo especialmente para Moka, filtro ou similar. Intensidade media 100% Arabica do Brasil. Torrefa\u00e7\u00e3o Lenta Artesanal. Embalagem 500g.","og_url":"https:\/\/cafesantahelena.com\/pt-pt\/products\/cafe-organico-moido-500g\/","og_site_name":"Caf\u00e9 Santa Helena","og_image":[{"width":350,"height":450,"url":"https:\/\/cafesantahelena.com\/wp-content\/uploads\/2024\/07\/Organic-coffee-ground-2.webp","type":"image\/webp"}],"twitter_card":"summary_large_image","twitter_misc":{"Tempo estimado de leitura":"1 minuto"},"schema":{"@context":"https:\/\/schema.org","@graph":[{"@type":"WebPage","@id":"https:\/\/cafesantahelena.com\/pt-pt\/products\/cafe-organico-moido-500g\/","url":"https:\/\/cafesantahelena.com\/pt-pt\/products\/cafe-organico-moido-500g\/","name":"Caf\u00e9 Organico Mo\u00eddo- Caf\u00e9 Santa Helena","isPartOf":{"@id":"https:\/\/cafesantahelena.com\/#website"},"primaryImageOfPage":{"@id":"https:\/\/cafesantahelena.com\/pt-pt\/products\/cafe-organico-moido-500g\/#primaryimage"},"image":{"@id":"https:\/\/cafesantahelena.com\/pt-pt\/products\/cafe-organico-moido-500g\/#primaryimage"},"thumbnailUrl":"https:\/\/cafesantahelena.com\/wp-content\/uploads\/2024\/07\/Organic-coffee-ground-2.webp","datePublished":"2024-07-22T15:08:57+00:00","description":"Caf\u00e9 Organico mo\u00eddo especialmente para Moka, filtro ou similar. Intensidade media 100% Arabica do Brasil. Torrefa\u00e7\u00e3o Lenta Artesanal. Embalagem 500g.","breadcrumb":{"@id":"https:\/\/cafesantahelena.com\/pt-pt\/products\/cafe-organico-moido-500g\/#breadcrumb"},"inLanguage":"pt-PT","potentialAction":[{"@type":"ReadAction","target":["https:\/\/cafesantahelena.com\/pt-pt\/products\/cafe-organico-moido-500g\/"]}]},{"@type":"ImageObject","inLanguage":"pt-PT","@id":"https:\/\/cafesantahelena.com\/pt-pt\/products\/cafe-organico-moido-500g\/#primaryimage","url":"https:\/\/cafesantahelena.com\/wp-content\/uploads\/2024\/07\/Organic-coffee-ground-2.webp","contentUrl":"https:\/\/cafesantahelena.com\/wp-content\/uploads\/2024\/07\/Organic-coffee-ground-2.webp","width":350,"height":450,"caption":"Caf\u00e9 Organico mo\u00eddo"},{"@type":"BreadcrumbList","@id":"https:\/\/cafesantahelena.com\/pt-pt\/products\/cafe-organico-moido-500g\/#breadcrumb","itemListElement":[{"@type":"ListItem","position":1,"name":"In\u00edcio","item":"https:\/\/cafesantahelena.com\/pt-pt\/"},{"@type":"ListItem","position":2,"name":"Produtos","item":"https:\/\/cafesantahelena.com\/loja\/"},{"@type":"ListItem","position":3,"name":"Caf\u00e9 Organico Mo\u00eddo 500g"}]},{"@type":"WebSite","@id":"https:\/\/cafesantahelena.com\/#website","url":"https:\/\/cafesantahelena.com\/","name":"Caf\u00e9 Santa Helena","description":"","potentialAction":[{"@type":"SearchAction","target":{"@type":"EntryPoint","urlTemplate":"https:\/\/cafesantahelena.com\/?s={search_term_string}"},"query-input":{"@type":"PropertyValueSpecification","valueRequired":true,"valueName":"search_term_string"}}],"inLanguage":"pt-PT"}]}},"_links":{"self":[{"href":"https:\/\/cafesantahelena.com\/pt-pt\/wp-json\/wp\/v2\/product\/17346","targetHints":{"allow":["GET"]}}],"collection":[{"href":"https:\/\/cafesantahelena.com\/pt-pt\/wp-json\/wp\/v2\/product"}],"about":[{"href":"https:\/\/cafesantahelena.com\/pt-pt\/wp-json\/wp\/v2\/types\/product"}],"replies":[{"embeddable":true,"href":"https:\/\/cafesantahelena.com\/pt-pt\/wp-json\/wp\/v2\/comments?post=17346"}],"wp:featuredmedia":[{"embeddable":true,"href":"https:\/\/cafesantahelena.com\/pt-pt\/wp-json\/wp\/v2\/media\/17130"}],"wp:attachment":[{"href":"https:\/\/cafesantahelena.com\/pt-pt\/wp-json\/wp\/v2\/media?parent=17346"}],"wp:term":[{"taxonomy":"product_brand","embeddable":true,"href":"https:\/\/cafesantahelena.com\/pt-pt\/wp-json\/wp\/v2\/product_brand?post=17346"},{"taxonomy":"product_cat","embeddable":true,"href":"https:\/\/cafesantahelena.com\/pt-pt\/wp-json\/wp\/v2\/product_cat?post=17346"},{"taxonomy":"product_tag","embeddable":true,"href":"https:\/\/cafesantahelena.com\/pt-pt\/wp-json\/wp\/v2\/product_tag?post=17346"}],"curies":[{"name":"wp","href":"https:\/\/api.w.org\/{rel}","templated":true}]}}