{"id":17380,"date":"2024-06-22T15:08:57","date_gmt":"2024-06-22T15:08:57","guid":{"rendered":"https:\/\/cafesantahelena.com\/products\/cha-de-cafe-verde\/"},"modified":"2025-01-24T17:03:41","modified_gmt":"2025-01-24T17:03:41","slug":"cha-de-cafe-verde","status":"publish","type":"product","link":"https:\/\/cafesantahelena.com\/pt-pt\/products\/cha-de-cafe-verde\/","title":{"rendered":"Ch\u00e1 de Caf\u00e9 Verde"},"content":{"rendered":"<h2 style=\"text-align: left;\"><span style=\"color: #000000;\">O que \u00e9 Caf\u00e9 Verde?<\/span><\/h2>\n<p style=\"text-align: left;\"><img decoding=\"async\" class=\" wp-image-14182 alignleft\" src=\"https:\/\/cafesantahelena.com\/wp-content\/uploads\/2024\/06\/99FE1F14-0E97-47CC-8F91-CA9C4E84A91C-267x300-1.jpeg\" alt=\"Caf\u00e9 Verde\" width=\"176\" height=\"198\" srcset=\"https:\/\/cafesantahelena.com\/wp-content\/uploads\/2024\/06\/99FE1F14-0E97-47CC-8F91-CA9C4E84A91C-267x300-1.jpeg 267w, https:\/\/cafesantahelena.com\/wp-content\/uploads\/2024\/06\/99FE1F14-0E97-47CC-8F91-CA9C4E84A91C-267x300-1-64x72.jpeg 64w\" sizes=\"(max-width: 176px) 100vw, 176px\" \/><\/p>\n<p>&nbsp;<\/p>\n<p>&nbsp;<\/p>\n<p>&nbsp;<\/p>\n<p>&nbsp;<\/p>\n<p>&nbsp;<\/p>\n<p>&nbsp;<\/p>\n<p style=\"text-align: left;\"><span style=\"font-size: 12pt; color: #000000;\">Os gr\u00e3os de caf\u00e9 verde n\u00e3o passam pelo processo de torrefa\u00e7\u00e3o. Assim, tem 3 a 5 vezes mais antioxidantes do que a vers\u00e3o tradicional do caf\u00e9, sendo mais \u201cpuro\u201d e muito ben\u00e9fico para a nossa sa\u00fade.<br \/>\nCont\u00e9m especialmente \u00e1cido clorog\u00e9nico (um fitoqu\u00edmico) que aumenta o metabolismo. <\/span><\/p>\n<p><span style=\"font-size: 12pt; color: #000000;\">Ajuda a reduzir a gordura corporal e tem o dobro da cafe\u00edna em compara\u00e7\u00e3o com o caf\u00e9 torrado tradicional.<\/span><\/p>\n<h3 style=\"text-align: left;\"><span style=\"color: #000000;\"><strong><span style=\"font-size: 14pt;\">Beneficios do Caf\u00e9 Verde<\/span><\/strong><\/span><\/h3>\n<p><span style=\"font-size: 12pt; color: #000000;\">Os benef\u00edcios atribuidos ao caf\u00e9 cru s\u00e3o devidos as substancias que ele contem: <strong>acido clorog\u00eanico e cafeina<\/strong>. Desta forma, podem ser destacadas as suas principais vantagens: <\/span><\/p>\n<p><span style=\"font-size: 12pt; color: #000000;\"><strong>Preven\u00e7\u00e3o da hypertens\u00e3o<\/strong>: Os gr\u00e3os de caf\u00e9 crus t\u00eam uma elevada concentra\u00e7\u00e3o de \u00e1cidos fen\u00f3licos, especialmente polifen\u00f3is, como o \u00e1cido clorog\u00e9nico, que tem efeitos hipotensores.<br \/>\n<strong style=\"font-size: 12pt;\"><br \/>\nPerda de Peso:<\/strong><span style=\"font-size: 12pt;\"> Estudos indicam que o caf\u00e9 ajuda na perda de peso, atuando na mobiliza\u00e7\u00e3o e on e queima de gordura, assim como diminuindo o armazenamento de gordura nas c\u00e9lulas.<\/span><br \/>\n<\/span><\/p>\n<p><span style=\"font-size: 12pt; color: #000000;\"><strong>Aliado na atividade fis\u00edca:<\/strong> Por conter boas doses de cafe\u00edna, o caf\u00e9 cru em gr\u00e3o pode ser um bom aliado para quem pratica atividade f\u00edsica, com um excelente efeito termog\u00e9nico.<\/span><\/p>\n<p><span style=\"font-size: 12pt; color: #000000;\"><strong>Estabiliza\u00e7\u00e3o do a\u00e7ucar no sangue:<\/strong> Estudos recentes mostram tamb\u00e9m que este tipo de caf\u00e9 contribui para estabilizar os n\u00edveis de a\u00e7\u00facar no sangue, demonstrando uma redu\u00e7\u00e3o de 32% nos n\u00edveis de a\u00e7\u00facar no sangue ap\u00f3s uma refei\u00e7\u00e3o, utilizando 400 mg de extrato de caf\u00e9 verde num consumo di\u00e1rio.<\/span><\/p>\n<p><span style=\"font-size: 12pt; color: #000000;\"><strong>Preven\u00e7\u00e3o de doen\u00e7as:<\/strong> Os \u00e1cidos clorog\u00e9nicos, presentes no caf\u00e9, apresentam propriedades anti-inflamat\u00f3rias, anticancer\u00edgenas, antimutag\u00e9nicas e antioxidantes. Desta forma, o produto pode atuar na preven\u00e7\u00e3o de diferentes tipos de doen\u00e7as. <\/span><\/p>\n<p>&nbsp;<\/p>\n<p style=\"text-align: left;\"><span style=\"font-size: 14pt; color: #000000;\"><strong>Como consumir o caf\u00e9 cru como ch\u00e1?<\/strong><\/span><\/p>\n<p>&nbsp;<\/p>\n<p style=\"text-align: center;\"><img decoding=\"async\" class=\" wp-image-14177 alignleft\" src=\"https:\/\/cafesantahelena.com\/wp-content\/uploads\/2024\/06\/01050EF5-8528-491D-979D-8D7AD3DC7CE7-210x300-1.jpeg\" alt=\"ch\u00e1 de cafe verde\" width=\"124\" height=\"177\" srcset=\"https:\/\/cafesantahelena.com\/wp-content\/uploads\/2024\/06\/01050EF5-8528-491D-979D-8D7AD3DC7CE7-210x300-1.jpeg 210w, https:\/\/cafesantahelena.com\/wp-content\/uploads\/2024\/06\/01050EF5-8528-491D-979D-8D7AD3DC7CE7-210x300-1-64x91.jpeg 64w\" sizes=\"(max-width: 124px) 100vw, 124px\" \/><\/p>\n<p>&nbsp;<\/p>\n<p>&nbsp;<\/p>\n<p>&nbsp;<\/p>\n<p>&nbsp;<\/p>\n<p>&nbsp;<\/p>\n<p><span style=\"color: #000000;\"><strong><span style=\"font-size: 14pt;\">Caf\u00e9 cru mo\u00eddo<\/span><\/strong><\/span><\/p>\n<ul>\n<li><span style=\"color: #000000;\">Despeje 300ml de \u00e1gua para ferver<\/span><\/li>\n<li><span style=\"color: #000000;\">Adicione 15g de caf\u00e9 verde mo\u00eddo em uma French Press ou similar.<\/span><\/li>\n<li><span style=\"color: #000000;\">Deite a \u00e1gua a ferver e deixe repousar durante 5 minutos.<\/span><\/li>\n<li><span style=\"color: #000000;\">Coloque em uma x\u00edcara e saboreie!<\/span><\/li>\n<\/ul>\n<p><span style=\"font-size: 12pt; color: #000000;\">Para variar os seus prazeres, pode adicionar algumas folhas de hortel\u00e3 ou um pouco de gengibre durante a sua infus\u00e3o. <\/span><\/p>\n<p><span style=\"font-size: 12pt; color: #000000;\">Se gostar de um pouco de do\u00e7ura, pode adicionar uma colher de mel. Bom apetite! <\/span><\/p>\n<p><span style=\"font-size: 12pt; color: #000000;\">Gostou desta receita? Ent\u00e3o, n\u00e3o hesite. Experimente este poderoso ch\u00e1!   <\/span><\/p>\n<p style=\"text-align: center;\"><a href=\"?add-to-cart=366\"><span style=\"color: #800000;\"><em><span style=\"font-size: 24pt;\"><strong> Adicionar ao carrinho!<\/strong><\/span><\/em><\/span><\/a><\/p>\n<p style=\"text-align: center;\"><img decoding=\"async\" class=\"alignnone wp-image-15375\" src=\"https:\/\/cafesantahelena.com\/wp-content\/uploads\/2024\/11\/logo-1.png\" alt=\"\" width=\"170\" height=\"170\" srcset=\"https:\/\/cafesantahelena.com\/wp-content\/uploads\/2024\/11\/logo-1.png 300w, https:\/\/cafesantahelena.com\/wp-content\/uploads\/2024\/11\/logo-1-100x100.png 100w, https:\/\/cafesantahelena.com\/wp-content\/uploads\/2024\/11\/logo-1-64x64.png 64w, https:\/\/cafesantahelena.com\/wp-content\/uploads\/2024\/11\/logo-1-150x150.png 150w\" sizes=\"(max-width: 170px) 100vw, 170px\" \/><\/p>\n<p>&nbsp;<\/p>\n","protected":false},"excerpt":{"rendered":"<p><span style=\"font-size: 12pt;\">IVA incl. <\/span><\/p>\n<p><span style=\"font-size: 12pt;\">Custos de envio no checkout<\/span><\/p>\n<p><span style=\"font-size: 12pt;\">Caf\u00e9 Verde Mo\u00eddo para infus\u00f5es<\/span><\/p>\n<p><span style=\"font-size: 12pt;\">Caf\u00e9 Epecial &#8211;<\/span><span style=\"font-size: 12pt;\">100% Arabica <\/span> <\/p>\n<p><span style=\"font-size: 12pt;\">Organico e Fairtrade da Fazenda Santa Helena no Brasil.<\/span><\/p>\n<p><span style=\"font-size: 12pt;\">O ch\u00e1 de caf\u00e9 verde \u00e9 um poderoso antioxidante com um elevado teor de cafe\u00edna e \u00e1cido clorog\u00eanico. \u00c9 ideal antes do treino <\/span>. <span style=\"font-size: 12pt;\">Para perder peso!<\/span><\/p>\n<p><span style=\"font-size: 12pt;\">Embalagem 250g<\/span><\/p>\n","protected":false},"featured_media":17125,"comment_status":"closed","ping_status":"closed","template":"","meta":[],"product_brand":[],"product_cat":[200],"product_tag":[312,343],"class_list":{"0":"post-17380","1":"product","2":"type-product","3":"status-publish","4":"has-post-thumbnail","6":"product_cat-chas","7":"product_tag-cafe-verde-pt","8":"product_tag-cha-pt","10":"first","11":"outofstock","12":"featured","13":"shipping-taxable","14":"purchasable","15":"product-type-simple"},"yoast_head":"<!-- This site is optimized with the Yoast SEO plugin v26.4 - https:\/\/yoast.com\/wordpress\/plugins\/seo\/ -->\n<title>Ch\u00e1 de Caf\u00e9 Verde-Caf\u00e9 Santa Helena<\/title>\n<meta name=\"description\" content=\"O ch\u00e1 de caf\u00e9 verde n\u00e3o passa pelo processo de torrefa\u00e7\u00e3o. Est\u00e1 cru e \u00e9 utilizado para infus\u00f5es. Caf\u00e9 Especial 100% Bio Ar\u00e1bica, origem \u00fanica do Brasil.\" \/>\n<meta name=\"robots\" content=\"index, follow, max-snippet:-1, max-image-preview:large, max-video-preview:-1\" \/>\n<link rel=\"canonical\" href=\"https:\/\/cafesantahelena.com\/pt-pt\/products\/cha-de-cafe-verde\/\" \/>\n<meta property=\"og:locale\" content=\"pt_PT\" \/>\n<meta property=\"og:type\" content=\"article\" \/>\n<meta property=\"og:title\" content=\"Ch\u00e1 de Caf\u00e9 Verde-Caf\u00e9 Santa Helena\" \/>\n<meta property=\"og:description\" content=\"O ch\u00e1 de caf\u00e9 verde n\u00e3o passa pelo processo de torrefa\u00e7\u00e3o. Est\u00e1 cru e \u00e9 utilizado para infus\u00f5es. Caf\u00e9 Especial 100% Bio Ar\u00e1bica, origem \u00fanica do Brasil.\" \/>\n<meta property=\"og:url\" content=\"https:\/\/cafesantahelena.com\/pt-pt\/products\/cha-de-cafe-verde\/\" \/>\n<meta property=\"og:site_name\" content=\"Caf\u00e9 Santa Helena\" \/>\n<meta property=\"article:modified_time\" content=\"2025-01-24T17:03:41+00:00\" \/>\n<meta property=\"og:image\" content=\"https:\/\/cafesantahelena.com\/wp-content\/uploads\/2024\/07\/Green-coffee-tea.webp\" \/>\n\t<meta property=\"og:image:width\" content=\"350\" \/>\n\t<meta property=\"og:image:height\" content=\"450\" \/>\n\t<meta property=\"og:image:type\" content=\"image\/webp\" \/>\n<meta name=\"twitter:card\" content=\"summary_large_image\" \/>\n<meta name=\"twitter:label1\" content=\"Tempo estimado de leitura\" \/>\n\t<meta name=\"twitter:data1\" content=\"2 minutos\" \/>\n<script type=\"application\/ld+json\" class=\"yoast-schema-graph\">{\"@context\":\"https:\/\/schema.org\",\"@graph\":[{\"@type\":\"WebPage\",\"@id\":\"https:\/\/cafesantahelena.com\/pt-pt\/products\/cha-de-cafe-verde\/\",\"url\":\"https:\/\/cafesantahelena.com\/pt-pt\/products\/cha-de-cafe-verde\/\",\"name\":\"Ch\u00e1 de Caf\u00e9 Verde-Caf\u00e9 Santa Helena\",\"isPartOf\":{\"@id\":\"https:\/\/cafesantahelena.com\/#website\"},\"primaryImageOfPage\":{\"@id\":\"https:\/\/cafesantahelena.com\/pt-pt\/products\/cha-de-cafe-verde\/#primaryimage\"},\"image\":{\"@id\":\"https:\/\/cafesantahelena.com\/pt-pt\/products\/cha-de-cafe-verde\/#primaryimage\"},\"thumbnailUrl\":\"https:\/\/cafesantahelena.com\/wp-content\/uploads\/2024\/07\/Green-coffee-tea.webp\",\"datePublished\":\"2024-06-22T15:08:57+00:00\",\"dateModified\":\"2025-01-24T17:03:41+00:00\",\"description\":\"O ch\u00e1 de caf\u00e9 verde n\u00e3o passa pelo processo de torrefa\u00e7\u00e3o. Est\u00e1 cru e \u00e9 utilizado para infus\u00f5es. Caf\u00e9 Especial 100% Bio Ar\u00e1bica, origem \u00fanica do Brasil.\",\"breadcrumb\":{\"@id\":\"https:\/\/cafesantahelena.com\/pt-pt\/products\/cha-de-cafe-verde\/#breadcrumb\"},\"inLanguage\":\"pt-PT\",\"potentialAction\":[{\"@type\":\"ReadAction\",\"target\":[\"https:\/\/cafesantahelena.com\/pt-pt\/products\/cha-de-cafe-verde\/\"]}]},{\"@type\":\"ImageObject\",\"inLanguage\":\"pt-PT\",\"@id\":\"https:\/\/cafesantahelena.com\/pt-pt\/products\/cha-de-cafe-verde\/#primaryimage\",\"url\":\"https:\/\/cafesantahelena.com\/wp-content\/uploads\/2024\/07\/Green-coffee-tea.webp\",\"contentUrl\":\"https:\/\/cafesantahelena.com\/wp-content\/uploads\/2024\/07\/Green-coffee-tea.webp\",\"width\":350,\"height\":450,\"caption\":\"ch\u00e1 de caf\u00e9 verde\"},{\"@type\":\"BreadcrumbList\",\"@id\":\"https:\/\/cafesantahelena.com\/pt-pt\/products\/cha-de-cafe-verde\/#breadcrumb\",\"itemListElement\":[{\"@type\":\"ListItem\",\"position\":1,\"name\":\"In\u00edcio\",\"item\":\"https:\/\/cafesantahelena.com\/pt-pt\/\"},{\"@type\":\"ListItem\",\"position\":2,\"name\":\"Produtos\",\"item\":\"https:\/\/cafesantahelena.com\/loja\/\"},{\"@type\":\"ListItem\",\"position\":3,\"name\":\"Ch\u00e1 de Caf\u00e9 Verde\"}]},{\"@type\":\"WebSite\",\"@id\":\"https:\/\/cafesantahelena.com\/#website\",\"url\":\"https:\/\/cafesantahelena.com\/\",\"name\":\"Caf\u00e9 Santa Helena\",\"description\":\"\",\"potentialAction\":[{\"@type\":\"SearchAction\",\"target\":{\"@type\":\"EntryPoint\",\"urlTemplate\":\"https:\/\/cafesantahelena.com\/?s={search_term_string}\"},\"query-input\":{\"@type\":\"PropertyValueSpecification\",\"valueRequired\":true,\"valueName\":\"search_term_string\"}}],\"inLanguage\":\"pt-PT\"}]}<\/script>\n<!-- \/ Yoast SEO plugin. -->","yoast_head_json":{"title":"Ch\u00e1 de Caf\u00e9 Verde-Caf\u00e9 Santa Helena","description":"O ch\u00e1 de caf\u00e9 verde n\u00e3o passa pelo processo de torrefa\u00e7\u00e3o. Est\u00e1 cru e \u00e9 utilizado para infus\u00f5es. Caf\u00e9 Especial 100% Bio Ar\u00e1bica, origem \u00fanica do Brasil.","robots":{"index":"index","follow":"follow","max-snippet":"max-snippet:-1","max-image-preview":"max-image-preview:large","max-video-preview":"max-video-preview:-1"},"canonical":"https:\/\/cafesantahelena.com\/pt-pt\/products\/cha-de-cafe-verde\/","og_locale":"pt_PT","og_type":"article","og_title":"Ch\u00e1 de Caf\u00e9 Verde-Caf\u00e9 Santa Helena","og_description":"O ch\u00e1 de caf\u00e9 verde n\u00e3o passa pelo processo de torrefa\u00e7\u00e3o. Est\u00e1 cru e \u00e9 utilizado para infus\u00f5es. Caf\u00e9 Especial 100% Bio Ar\u00e1bica, origem \u00fanica do Brasil.","og_url":"https:\/\/cafesantahelena.com\/pt-pt\/products\/cha-de-cafe-verde\/","og_site_name":"Caf\u00e9 Santa Helena","article_modified_time":"2025-01-24T17:03:41+00:00","og_image":[{"width":350,"height":450,"url":"https:\/\/cafesantahelena.com\/wp-content\/uploads\/2024\/07\/Green-coffee-tea.webp","type":"image\/webp"}],"twitter_card":"summary_large_image","twitter_misc":{"Tempo estimado de leitura":"2 minutos"},"schema":{"@context":"https:\/\/schema.org","@graph":[{"@type":"WebPage","@id":"https:\/\/cafesantahelena.com\/pt-pt\/products\/cha-de-cafe-verde\/","url":"https:\/\/cafesantahelena.com\/pt-pt\/products\/cha-de-cafe-verde\/","name":"Ch\u00e1 de Caf\u00e9 Verde-Caf\u00e9 Santa Helena","isPartOf":{"@id":"https:\/\/cafesantahelena.com\/#website"},"primaryImageOfPage":{"@id":"https:\/\/cafesantahelena.com\/pt-pt\/products\/cha-de-cafe-verde\/#primaryimage"},"image":{"@id":"https:\/\/cafesantahelena.com\/pt-pt\/products\/cha-de-cafe-verde\/#primaryimage"},"thumbnailUrl":"https:\/\/cafesantahelena.com\/wp-content\/uploads\/2024\/07\/Green-coffee-tea.webp","datePublished":"2024-06-22T15:08:57+00:00","dateModified":"2025-01-24T17:03:41+00:00","description":"O ch\u00e1 de caf\u00e9 verde n\u00e3o passa pelo processo de torrefa\u00e7\u00e3o. Est\u00e1 cru e \u00e9 utilizado para infus\u00f5es. Caf\u00e9 Especial 100% Bio Ar\u00e1bica, origem \u00fanica do Brasil.","breadcrumb":{"@id":"https:\/\/cafesantahelena.com\/pt-pt\/products\/cha-de-cafe-verde\/#breadcrumb"},"inLanguage":"pt-PT","potentialAction":[{"@type":"ReadAction","target":["https:\/\/cafesantahelena.com\/pt-pt\/products\/cha-de-cafe-verde\/"]}]},{"@type":"ImageObject","inLanguage":"pt-PT","@id":"https:\/\/cafesantahelena.com\/pt-pt\/products\/cha-de-cafe-verde\/#primaryimage","url":"https:\/\/cafesantahelena.com\/wp-content\/uploads\/2024\/07\/Green-coffee-tea.webp","contentUrl":"https:\/\/cafesantahelena.com\/wp-content\/uploads\/2024\/07\/Green-coffee-tea.webp","width":350,"height":450,"caption":"ch\u00e1 de caf\u00e9 verde"},{"@type":"BreadcrumbList","@id":"https:\/\/cafesantahelena.com\/pt-pt\/products\/cha-de-cafe-verde\/#breadcrumb","itemListElement":[{"@type":"ListItem","position":1,"name":"In\u00edcio","item":"https:\/\/cafesantahelena.com\/pt-pt\/"},{"@type":"ListItem","position":2,"name":"Produtos","item":"https:\/\/cafesantahelena.com\/loja\/"},{"@type":"ListItem","position":3,"name":"Ch\u00e1 de Caf\u00e9 Verde"}]},{"@type":"WebSite","@id":"https:\/\/cafesantahelena.com\/#website","url":"https:\/\/cafesantahelena.com\/","name":"Caf\u00e9 Santa Helena","description":"","potentialAction":[{"@type":"SearchAction","target":{"@type":"EntryPoint","urlTemplate":"https:\/\/cafesantahelena.com\/?s={search_term_string}"},"query-input":{"@type":"PropertyValueSpecification","valueRequired":true,"valueName":"search_term_string"}}],"inLanguage":"pt-PT"}]}},"_links":{"self":[{"href":"https:\/\/cafesantahelena.com\/pt-pt\/wp-json\/wp\/v2\/product\/17380","targetHints":{"allow":["GET"]}}],"collection":[{"href":"https:\/\/cafesantahelena.com\/pt-pt\/wp-json\/wp\/v2\/product"}],"about":[{"href":"https:\/\/cafesantahelena.com\/pt-pt\/wp-json\/wp\/v2\/types\/product"}],"replies":[{"embeddable":true,"href":"https:\/\/cafesantahelena.com\/pt-pt\/wp-json\/wp\/v2\/comments?post=17380"}],"wp:featuredmedia":[{"embeddable":true,"href":"https:\/\/cafesantahelena.com\/pt-pt\/wp-json\/wp\/v2\/media\/17125"}],"wp:attachment":[{"href":"https:\/\/cafesantahelena.com\/pt-pt\/wp-json\/wp\/v2\/media?parent=17380"}],"wp:term":[{"taxonomy":"product_brand","embeddable":true,"href":"https:\/\/cafesantahelena.com\/pt-pt\/wp-json\/wp\/v2\/product_brand?post=17380"},{"taxonomy":"product_cat","embeddable":true,"href":"https:\/\/cafesantahelena.com\/pt-pt\/wp-json\/wp\/v2\/product_cat?post=17380"},{"taxonomy":"product_tag","embeddable":true,"href":"https:\/\/cafesantahelena.com\/pt-pt\/wp-json\/wp\/v2\/product_tag?post=17380"}],"curies":[{"name":"wp","href":"https:\/\/api.w.org\/{rel}","templated":true}]}}