{"id":18264,"date":"2024-07-22T15:08:57","date_gmt":"2024-07-22T15:08:57","guid":{"rendered":"https:\/\/cafesantahelena.com\/products\/cafe-especial-organico-graos\/"},"modified":"2024-07-22T15:08:57","modified_gmt":"2024-07-22T15:08:57","slug":"cafe-especial-organico-graos","status":"publish","type":"product","link":"https:\/\/cafesantahelena.com\/pt-pt\/products\/cafe-especial-organico-graos\/","title":{"rendered":"Caf\u00e9 Especial Org\u00e2nico Gr\u00e3os"},"content":{"rendered":"<p>Caf\u00e9 Especial Org\u00e2nico em gr\u00e3os<br \/>\n100% Ar\u00e1bica, Org\u00e2nico, Origem \u00danica<\/p>\n<p>Torrefa\u00e7\u00e3o lenta artesanal<\/p>\n<p>O nosso caf\u00e9 vem do Brasil em gr\u00e3os crus e vai diretamente para Engadine, nas montanhas da Su\u00ed\u00e7a.<br \/>\nA\u00ed \u00e9 torrado num torrador \u00e0 lenha, respeitando a tradi\u00e7\u00e3o ancestral.<br \/>\nN\u00e3o \u00e9 submetido a nenhum processo qu\u00edmico, mec\u00e2nico ou de mistura.<\/p>\n<p><span style=\"color: #000000;\"><strong>Produc\u00e3o:<\/strong><\/span><\/p>\n<p class=\"p1\"><span style=\"font-size: 12pt; color: #000000;\"><span class=\"s1\">Variedade Bot\u00e2nica: <\/span><span class=\"s1\">Ar\u00e1bica (Catuai Vermelho)<\/span><\/span><\/p>\n<p class=\"p1\"><span style=\"font-size: 12pt; color: #000000;\"><span class=\"s1\">Proveniencia<\/span><span class=\"s1\">: <\/span><span class=\"s1\">Brasil (Sul de Minas)<\/span><\/span><\/p>\n<p class=\"p1\"><span style=\"font-size: 12pt; color: #000000;\"><span class=\"s1\">Colheita: Manual<\/span><\/span><\/p>\n<p class=\"p1\"><span style=\"font-size: 12pt; color: #000000;\"><span class=\"s1\">Secagem: ao Sol<\/span><\/span><\/p>\n<p class=\"p1\"><span style=\"font-size: 12pt; color: #000000;\"><span class=\"s1\">Torrefa\u00e7\u00e3o: Lenta Artesanal em um torrador \u00e0 lenha<\/span><\/span><span style=\"font-size: 12pt; color: #000000;\">: <\/span> <\/p>\n<p class=\"p1\"><span style=\"font-size: 12pt; color: #000000;\">Grau de Torrefa\u00e7\u00e3o: torrado escuro<\/span><\/p>\n<p>Para aqueles que gostam de um sabor mais forte e pronunciado, as torras escuras s\u00e3o a melhor op\u00e7\u00e3o, pois real\u00e7am o sabor..<\/p>\n<p>\u00c9 ideal para preparar um espresso italiano cl\u00e1ssico e encorpado com um belo creme.<\/p>\n<p style=\"text-align: center;\"><span style=\"color: #000000;\"><strong>Acima de tudo, o caf\u00e9 \u00e9 divertido!<\/strong><\/span><\/p>\n<p>\u00c9 um prazer que desperta todos os sentidos: bonito de ver, subtil de cheirar, suave de saborear e certamente delicioso de saborear.<\/p>\n<p>Se voc\u00ea \u00e9 um amante de caf\u00e9, experimente o Caf\u00e9 Santa Helena<\/p>\n<h3 style=\"text-align: center;\"><span style=\"color: #800000;\"><a style=\"color: #800000;\" href=\"?add-to-cart=361\"><span style=\"font-size: 24pt;\"><em><strong>Adiciona ao carrinho<\/strong><\/em><\/span><\/a><\/span><\/h3>\n<p><img decoding=\"async\" class=\" wp-image-15375 aligncenter\" src=\"https:\/\/cafesantahelena.com\/wp-content\/uploads\/2024\/11\/logo-1.png\" alt=\"\" width=\"170\" height=\"170\" srcset=\"https:\/\/cafesantahelena.com\/wp-content\/uploads\/2024\/11\/logo-1.png 300w, https:\/\/cafesantahelena.com\/wp-content\/uploads\/2024\/11\/logo-1-100x100.png 100w, https:\/\/cafesantahelena.com\/wp-content\/uploads\/2024\/11\/logo-1-64x64.png 64w, https:\/\/cafesantahelena.com\/wp-content\/uploads\/2024\/11\/logo-1-150x150.png 150w\" sizes=\"(max-width: 170px) 100vw, 170px\" \/><\/p>\n<p>&nbsp;<\/p>\n","protected":false},"excerpt":{"rendered":"<p style=\"text-align: left;\">IVA incl.<\/p>\n<p>Custos de envio no checkout<\/p>\n<p>Caf\u00e9 Especial em gr\u00e3os<\/p>\n<p>Caf\u00e9 Especial<\/p>\n<p>100% Ar\u00e1bica, \u00danica Origem do Brasil<\/p>\n<p>Torrefa\u00e7\u00e3o Lenta Artesanal<\/p>\n<p><strong>Grau de torra iintenso<\/strong><\/p>\n<p><b>4 de 5<\/b><\/p>\n<p><img decoding=\"async\" class=\"alignnone wp-image-14166\" src=\"https:\/\/cafesantahelena.com\/wp-content\/uploads\/2024\/07\/B3DDE4ED-DC26-45F4-9E02-44607276617E-300x33-1.png\" alt=\"\" width=\"209\" height=\"23\" srcset=\"https:\/\/cafesantahelena.com\/wp-content\/uploads\/2024\/07\/B3DDE4ED-DC26-45F4-9E02-44607276617E-300x33-1.png 300w, https:\/\/cafesantahelena.com\/wp-content\/uploads\/2024\/07\/B3DDE4ED-DC26-45F4-9E02-44607276617E-300x33-1-64x7.png 64w\" sizes=\"(max-width: 209px) 100vw, 209px\" \/><\/p>\n<p><span style=\"font-size: 12pt;\">Para quem gosta <\/span><span style=\"font-size: 12pt;\">de um sabor mais forte e acentuado com uma crema saborosa.<\/span><br \/>\n<span style=\"font-size: 12pt;\">Caf\u00e9 fino, com uma verdadeira qualidade superior.<\/span><br \/>\n<span style=\"font-size: 12pt;\">Do\u00e7ura acentuada com notas de caramelo, chocolate, mel, notas de nozes e frutos.<br \/><\/span><br \/>\n<strong><br \/>\nEmbalagem 250g<\/strong><\/p>\n","protected":false},"featured_media":17010,"comment_status":"open","ping_status":"closed","template":"","meta":[],"product_brand":[],"product_cat":[195,203],"product_tag":[388,317,332],"class_list":{"0":"post-18264","1":"product","2":"type-product","3":"status-publish","4":"has-post-thumbnail","6":"product_cat-cafe","7":"product_cat-cafe-em-graos-pt","8":"product_tag-cafe-em-graos-pt-pt-2","9":"product_tag-cafe-organico-pt","10":"product_tag-espresso-pt-pt","12":"first","13":"instock","14":"featured","15":"shipping-taxable","16":"purchasable","17":"product-type-simple"},"yoast_head":"<!-- This site is optimized with the Yoast SEO plugin v26.4 - https:\/\/yoast.com\/wordpress\/plugins\/seo\/ -->\n<title>Caf\u00e9 Especial Org\u00e2nico em Gr\u00e3os - Caf\u00e9 Santa Helena<\/title>\n<meta name=\"description\" content=\"Caf\u00e9 Especial Org\u00e2nico em Gr\u00e3os. 100% Arabica, Org\u00e2nico, \u00danica Origem do Brasil Torrefa\u00e7\u00e3o Lenta Artesanal \u00e0 lenha. Grau de torra forte. 250g\" \/>\n<meta name=\"robots\" content=\"index, follow, max-snippet:-1, max-image-preview:large, max-video-preview:-1\" \/>\n<link rel=\"canonical\" href=\"https:\/\/cafesantahelena.com\/pt-pt\/products\/cafe-especial-organico-graos\/\" \/>\n<meta property=\"og:locale\" content=\"pt_PT\" \/>\n<meta property=\"og:type\" content=\"article\" \/>\n<meta property=\"og:title\" content=\"Caf\u00e9 Especial Org\u00e2nico em Gr\u00e3os - Caf\u00e9 Santa Helena\" \/>\n<meta property=\"og:description\" content=\"Caf\u00e9 Especial Org\u00e2nico em Gr\u00e3os. 100% Arabica, Org\u00e2nico, \u00danica Origem do Brasil Torrefa\u00e7\u00e3o Lenta Artesanal \u00e0 lenha. Grau de torra forte. 250g\" \/>\n<meta property=\"og:url\" content=\"https:\/\/cafesantahelena.com\/pt-pt\/products\/cafe-especial-organico-graos\/\" \/>\n<meta property=\"og:site_name\" content=\"Caf\u00e9 Santa Helena\" \/>\n<meta property=\"og:image\" content=\"https:\/\/cafesantahelena.com\/wp-content\/uploads\/2024\/07\/Whole-beans-specialty-coffee-.webp\" \/>\n\t<meta property=\"og:image:width\" content=\"350\" \/>\n\t<meta property=\"og:image:height\" content=\"450\" \/>\n\t<meta property=\"og:image:type\" content=\"image\/webp\" \/>\n<meta name=\"twitter:card\" content=\"summary_large_image\" \/>\n<meta name=\"twitter:label1\" content=\"Tempo estimado de leitura\" \/>\n\t<meta name=\"twitter:data1\" content=\"1 minuto\" \/>\n<script type=\"application\/ld+json\" class=\"yoast-schema-graph\">{\"@context\":\"https:\/\/schema.org\",\"@graph\":[{\"@type\":\"WebPage\",\"@id\":\"https:\/\/cafesantahelena.com\/pt-pt\/products\/cafe-especial-organico-graos\/\",\"url\":\"https:\/\/cafesantahelena.com\/pt-pt\/products\/cafe-especial-organico-graos\/\",\"name\":\"Caf\u00e9 Especial Org\u00e2nico em Gr\u00e3os - Caf\u00e9 Santa Helena\",\"isPartOf\":{\"@id\":\"https:\/\/cafesantahelena.com\/#website\"},\"primaryImageOfPage\":{\"@id\":\"https:\/\/cafesantahelena.com\/pt-pt\/products\/cafe-especial-organico-graos\/#primaryimage\"},\"image\":{\"@id\":\"https:\/\/cafesantahelena.com\/pt-pt\/products\/cafe-especial-organico-graos\/#primaryimage\"},\"thumbnailUrl\":\"https:\/\/cafesantahelena.com\/wp-content\/uploads\/2024\/07\/Whole-beans-specialty-coffee-.webp\",\"datePublished\":\"2024-07-22T15:08:57+00:00\",\"description\":\"Caf\u00e9 Especial Org\u00e2nico em Gr\u00e3os. 100% Arabica, Org\u00e2nico, \u00danica Origem do Brasil Torrefa\u00e7\u00e3o Lenta Artesanal \u00e0 lenha. Grau de torra forte. 250g\",\"breadcrumb\":{\"@id\":\"https:\/\/cafesantahelena.com\/pt-pt\/products\/cafe-especial-organico-graos\/#breadcrumb\"},\"inLanguage\":\"pt-PT\",\"potentialAction\":[{\"@type\":\"ReadAction\",\"target\":[\"https:\/\/cafesantahelena.com\/pt-pt\/products\/cafe-especial-organico-graos\/\"]}]},{\"@type\":\"ImageObject\",\"inLanguage\":\"pt-PT\",\"@id\":\"https:\/\/cafesantahelena.com\/pt-pt\/products\/cafe-especial-organico-graos\/#primaryimage\",\"url\":\"https:\/\/cafesantahelena.com\/wp-content\/uploads\/2024\/07\/Whole-beans-specialty-coffee-.webp\",\"contentUrl\":\"https:\/\/cafesantahelena.com\/wp-content\/uploads\/2024\/07\/Whole-beans-specialty-coffee-.webp\",\"width\":350,\"height\":450,\"caption\":\"caf\u00e9 especial org\u00e2nico\"},{\"@type\":\"BreadcrumbList\",\"@id\":\"https:\/\/cafesantahelena.com\/pt-pt\/products\/cafe-especial-organico-graos\/#breadcrumb\",\"itemListElement\":[{\"@type\":\"ListItem\",\"position\":1,\"name\":\"In\u00edcio\",\"item\":\"https:\/\/cafesantahelena.com\/pt-pt\/\"},{\"@type\":\"ListItem\",\"position\":2,\"name\":\"Produtos\",\"item\":\"https:\/\/cafesantahelena.com\/loja\/\"},{\"@type\":\"ListItem\",\"position\":3,\"name\":\"Caf\u00e9 Especial Org\u00e2nico Gr\u00e3os\"}]},{\"@type\":\"WebSite\",\"@id\":\"https:\/\/cafesantahelena.com\/#website\",\"url\":\"https:\/\/cafesantahelena.com\/\",\"name\":\"Caf\u00e9 Santa Helena\",\"description\":\"\",\"potentialAction\":[{\"@type\":\"SearchAction\",\"target\":{\"@type\":\"EntryPoint\",\"urlTemplate\":\"https:\/\/cafesantahelena.com\/?s={search_term_string}\"},\"query-input\":{\"@type\":\"PropertyValueSpecification\",\"valueRequired\":true,\"valueName\":\"search_term_string\"}}],\"inLanguage\":\"pt-PT\"}]}<\/script>\n<!-- \/ Yoast SEO plugin. -->","yoast_head_json":{"title":"Caf\u00e9 Especial Org\u00e2nico em Gr\u00e3os - Caf\u00e9 Santa Helena","description":"Caf\u00e9 Especial Org\u00e2nico em Gr\u00e3os. 100% Arabica, Org\u00e2nico, \u00danica Origem do Brasil Torrefa\u00e7\u00e3o Lenta Artesanal \u00e0 lenha. Grau de torra forte. 250g","robots":{"index":"index","follow":"follow","max-snippet":"max-snippet:-1","max-image-preview":"max-image-preview:large","max-video-preview":"max-video-preview:-1"},"canonical":"https:\/\/cafesantahelena.com\/pt-pt\/products\/cafe-especial-organico-graos\/","og_locale":"pt_PT","og_type":"article","og_title":"Caf\u00e9 Especial Org\u00e2nico em Gr\u00e3os - Caf\u00e9 Santa Helena","og_description":"Caf\u00e9 Especial Org\u00e2nico em Gr\u00e3os. 100% Arabica, Org\u00e2nico, \u00danica Origem do Brasil Torrefa\u00e7\u00e3o Lenta Artesanal \u00e0 lenha. Grau de torra forte. 250g","og_url":"https:\/\/cafesantahelena.com\/pt-pt\/products\/cafe-especial-organico-graos\/","og_site_name":"Caf\u00e9 Santa Helena","og_image":[{"width":350,"height":450,"url":"https:\/\/cafesantahelena.com\/wp-content\/uploads\/2024\/07\/Whole-beans-specialty-coffee-.webp","type":"image\/webp"}],"twitter_card":"summary_large_image","twitter_misc":{"Tempo estimado de leitura":"1 minuto"},"schema":{"@context":"https:\/\/schema.org","@graph":[{"@type":"WebPage","@id":"https:\/\/cafesantahelena.com\/pt-pt\/products\/cafe-especial-organico-graos\/","url":"https:\/\/cafesantahelena.com\/pt-pt\/products\/cafe-especial-organico-graos\/","name":"Caf\u00e9 Especial Org\u00e2nico em Gr\u00e3os - Caf\u00e9 Santa Helena","isPartOf":{"@id":"https:\/\/cafesantahelena.com\/#website"},"primaryImageOfPage":{"@id":"https:\/\/cafesantahelena.com\/pt-pt\/products\/cafe-especial-organico-graos\/#primaryimage"},"image":{"@id":"https:\/\/cafesantahelena.com\/pt-pt\/products\/cafe-especial-organico-graos\/#primaryimage"},"thumbnailUrl":"https:\/\/cafesantahelena.com\/wp-content\/uploads\/2024\/07\/Whole-beans-specialty-coffee-.webp","datePublished":"2024-07-22T15:08:57+00:00","description":"Caf\u00e9 Especial Org\u00e2nico em Gr\u00e3os. 100% Arabica, Org\u00e2nico, \u00danica Origem do Brasil Torrefa\u00e7\u00e3o Lenta Artesanal \u00e0 lenha. Grau de torra forte. 250g","breadcrumb":{"@id":"https:\/\/cafesantahelena.com\/pt-pt\/products\/cafe-especial-organico-graos\/#breadcrumb"},"inLanguage":"pt-PT","potentialAction":[{"@type":"ReadAction","target":["https:\/\/cafesantahelena.com\/pt-pt\/products\/cafe-especial-organico-graos\/"]}]},{"@type":"ImageObject","inLanguage":"pt-PT","@id":"https:\/\/cafesantahelena.com\/pt-pt\/products\/cafe-especial-organico-graos\/#primaryimage","url":"https:\/\/cafesantahelena.com\/wp-content\/uploads\/2024\/07\/Whole-beans-specialty-coffee-.webp","contentUrl":"https:\/\/cafesantahelena.com\/wp-content\/uploads\/2024\/07\/Whole-beans-specialty-coffee-.webp","width":350,"height":450,"caption":"caf\u00e9 especial org\u00e2nico"},{"@type":"BreadcrumbList","@id":"https:\/\/cafesantahelena.com\/pt-pt\/products\/cafe-especial-organico-graos\/#breadcrumb","itemListElement":[{"@type":"ListItem","position":1,"name":"In\u00edcio","item":"https:\/\/cafesantahelena.com\/pt-pt\/"},{"@type":"ListItem","position":2,"name":"Produtos","item":"https:\/\/cafesantahelena.com\/loja\/"},{"@type":"ListItem","position":3,"name":"Caf\u00e9 Especial Org\u00e2nico Gr\u00e3os"}]},{"@type":"WebSite","@id":"https:\/\/cafesantahelena.com\/#website","url":"https:\/\/cafesantahelena.com\/","name":"Caf\u00e9 Santa Helena","description":"","potentialAction":[{"@type":"SearchAction","target":{"@type":"EntryPoint","urlTemplate":"https:\/\/cafesantahelena.com\/?s={search_term_string}"},"query-input":{"@type":"PropertyValueSpecification","valueRequired":true,"valueName":"search_term_string"}}],"inLanguage":"pt-PT"}]}},"_links":{"self":[{"href":"https:\/\/cafesantahelena.com\/pt-pt\/wp-json\/wp\/v2\/product\/18264","targetHints":{"allow":["GET"]}}],"collection":[{"href":"https:\/\/cafesantahelena.com\/pt-pt\/wp-json\/wp\/v2\/product"}],"about":[{"href":"https:\/\/cafesantahelena.com\/pt-pt\/wp-json\/wp\/v2\/types\/product"}],"replies":[{"embeddable":true,"href":"https:\/\/cafesantahelena.com\/pt-pt\/wp-json\/wp\/v2\/comments?post=18264"}],"wp:featuredmedia":[{"embeddable":true,"href":"https:\/\/cafesantahelena.com\/pt-pt\/wp-json\/wp\/v2\/media\/17010"}],"wp:attachment":[{"href":"https:\/\/cafesantahelena.com\/pt-pt\/wp-json\/wp\/v2\/media?parent=18264"}],"wp:term":[{"taxonomy":"product_brand","embeddable":true,"href":"https:\/\/cafesantahelena.com\/pt-pt\/wp-json\/wp\/v2\/product_brand?post=18264"},{"taxonomy":"product_cat","embeddable":true,"href":"https:\/\/cafesantahelena.com\/pt-pt\/wp-json\/wp\/v2\/product_cat?post=18264"},{"taxonomy":"product_tag","embeddable":true,"href":"https:\/\/cafesantahelena.com\/pt-pt\/wp-json\/wp\/v2\/product_tag?post=18264"}],"curies":[{"name":"wp","href":"https:\/\/api.w.org\/{rel}","templated":true}]}}